{"id":102313,"date":"2026-03-20T12:46:10","date_gmt":"2026-03-20T12:46:10","guid":{"rendered":"https:\/\/soydeaqui.ddns.net\/pachuca\/index.php\/producto\/dvr-4-canales-turbohd-2-canales-ip-5-megapixel-lite-3k-lite-audio-bidireccional-acusense-lite-1-bahia-de-disco-duro-h-265-salida-en-full-hd\/"},"modified":"2026-03-20T12:46:13","modified_gmt":"2026-03-20T12:46:13","slug":"dvr-4-canales-turbohd-2-canales-ip-5-megapixel-lite-3k-lite-audio-bidireccional-acusense-lite-1-bahia-de-disco-duro-h-265-salida-en-full-hd","status":"publish","type":"product","link":"https:\/\/soydeaqui.ddns.net\/pachuca\/index.php\/producto\/dvr-4-canales-turbohd-2-canales-ip-5-megapixel-lite-3k-lite-audio-bidireccional-acusense-lite-1-bahia-de-disco-duro-h-265-salida-en-full-hd\/","title":{"rendered":"DVR 4 Canales TurboHD + 2 Canales IP \/ 5 Megapixel Lite &#8211; 3K Lite \/ Audio Bidireccional \/ ACUSENSE Lite \/ 1 Bah\u00eda de Disco Duro \/ H.265+ \/ Salida en Full HD"},"content":{"rendered":"<div style=\"width: 100%; max-width: 1200px; margin: 0 auto; font-family: sans-serif; line-height: 1.6; color: inherit; background-color: transparent;\"><!-- Videos HIKVISION --> <\/p>\n<div style=\"display: flex; flex-wrap: wrap; gap: 20px; justify-content: center; align-items: center; margin-bottom: 30px;\">\n<div style=\"flex: 1 1 300px; min-width: 280px;\"><video style=\"width: 100%; height: auto; border: 1px solid rgba(150&comma;150&comma;150&comma;0.3); border-radius: 8px;\" muted=\"\" controls=\"controls\" width=\"300\" height=\"150\"><source src=\"https:\/\/ftp3.syscom.mx\/usuarios\/nicolas.jimenez\/Turbo8\/Turbo8%20animacion.mp4\" type=\"video\/mp4\" \/><\/video><\/div>\n<div style=\"flex: 1 1 300px; min-width: 280px;\"><video style=\"width: 100%; height: auto; border: 1px solid rgba(150&comma;150&comma;150&comma;0.3); border-radius: 8px;\" muted=\"\" controls=\"controls\" width=\"300\" height=\"150\"><source src=\"https:\/\/ftp3.syscom.mx\/usuarios\/nicolas.jimenez\/Turbo8\/Turbo%20HD%208.0-Audio%20bidireccional%20TVI%20Doblaje.mp4\" type=\"video\/mp4\" \/><\/video><\/div>\n<\/p><\/div>\n<p> <!-- APP HILOOK --> <\/p>\n<div style=\"width: 100%; margin-bottom: 30px;\">\n<div style=\"text-align: center; padding: 20px 0;\"><img decoding=\"async\" style=\"max-height: 6rem; width: auto; border: none;\" src=\"https:\/\/ftp3.syscom.mx\/usuarios\/fotos\/logotipos\/hilook_by_hikvision.png\" alt=\"Logo\" \/> <\/p>\n<h1 style=\"font-size: 28px; margin: 15px 0; color: inherit;\">Controla y monitorea tus dispositivos de seguridad<\/h1>\n<p style=\"font-size: 16px; margin: 0; color: inherit;\">Descarga la app oficial y aprovecha al m&aacute;ximo tu producto inteligente<\/p>\n<\/p><\/div>\n<\/p><\/div>\n<p> <!-- Beneficios principales --> <\/p>\n<div style=\"margin-bottom: 30px;\">\n<h2 style=\"font-size: 24px; text-align: center; margin-bottom: 25px; color: inherit; border-bottom: 2px solid currentColor; padding-bottom: 10px;\">Beneficios principales<\/h2>\n<div style=\"display: flex; flex-wrap: wrap; gap: 20px; justify-content: center;\">\n<div style=\"flex: 1 1 220px; min-width: 200px; border: 1px solid rgba(150&comma;150&comma;150&comma;0.3); border-radius: 8px; overflow: hidden; background-color: rgba(255&comma;255&comma;255&comma;0.05);\">\n<div style=\"padding: 15px; border-bottom: 1px solid rgba(150&comma;150&comma;150&comma;0.2); font-weight: bold; font-size: 16px; color: inherit;\">Control remoto<\/div>\n<div style=\"padding: 15px; font-size: 14px; color: inherit;\">Controla tus dispositivos desde cualquier lugar<\/div>\n<\/p><\/div>\n<div style=\"flex: 1 1 220px; min-width: 200px; border: 1px solid rgba(150&comma;150&comma;150&comma;0.3); border-radius: 8px; overflow: hidden; background-color: rgba(255&comma;255&comma;255&comma;0.05);\">\n<div style=\"padding: 15px; border-bottom: 1px solid rgba(150&comma;150&comma;150&comma;0.2); font-weight: bold; font-size: 16px; color: inherit;\">Monitoreo en tiempo real<\/div>\n<div style=\"padding: 15px; font-size: 14px; color: inherit;\">Visualiza tus dispositivos al instante<\/div>\n<\/p><\/div>\n<div style=\"flex: 1 1 220px; min-width: 200px; border: 1px solid rgba(150&comma;150&comma;150&comma;0.3); border-radius: 8px; overflow: hidden; background-color: rgba(255&comma;255&comma;255&comma;0.05);\">\n<div style=\"padding: 15px; border-bottom: 1px solid rgba(150&comma;150&comma;150&comma;0.2); font-weight: bold; font-size: 16px; color: inherit;\">Notificaciones<\/div>\n<div style=\"padding: 15px; font-size: 14px; color: inherit;\">Recibe notificaciones y alertas de los eventos que registra tu dispositivo.<\/div>\n<\/p><\/div>\n<div style=\"flex: 1 1 220px; min-width: 200px; border: 1px solid rgba(150&comma;150&comma;150&comma;0.3); border-radius: 8px; overflow: hidden; background-color: rgba(255&comma;255&comma;255&comma;0.05);\">\n<div style=\"padding: 15px; border-bottom: 1px solid rgba(150&comma;150&comma;150&comma;0.2); font-weight: bold; font-size: 16px; color: inherit;\">Interfaz de usuario sencilla<\/div>\n<div style=\"padding: 15px; font-size: 14px; color: inherit;\">Amigable para usuarios finales<\/div>\n<\/p><\/div>\n<\/p><\/div>\n<\/p><\/div>\n<p> <!-- Galer\u00eda de im\u00e1genes --> <\/p>\n<div style=\"margin-bottom: 30px;\">\n<div style=\"display: grid; grid-template-columns: repeat(auto-fit&comma; minmax(250px&comma; 1fr)); gap: 20px;\"><img decoding=\"async\" style=\"width: 100%; height: auto; border: 1px solid rgba(150&comma;150&comma;150&comma;0.3); border-radius: 8px;\" src=\"https:\/\/ftp3.syscom.mx\/usuarios\/ftp\/single_page\/hilook\/interfaz.jpg\" alt=\"Imagen 1\" \/> <img decoding=\"async\" style=\"width: 100%; height: auto; border: 1px solid rgba(150&comma;150&comma;150&comma;0.3); border-radius: 8px;\" src=\"https:\/\/ftp3.syscom.mx\/usuarios\/ftp\/single_page\/hilook\/grabaciones.jpg\" alt=\"Imagen 2\" \/> <img decoding=\"async\" style=\"width: 100%; height: auto; border: 1px solid rgba(150&comma;150&comma;150&comma;0.3); border-radius: 8px;\" src=\"https:\/\/ftp3.syscom.mx\/usuarios\/ftp\/single_page\/hilook\/directo.jpg\" alt=\"Imagen 3\" \/> <img decoding=\"async\" style=\"width: 100%; height: auto; border: 1px solid rgba(150&comma;150&comma;150&comma;0.3); border-radius: 8px;\" src=\"https:\/\/ftp3.syscom.mx\/usuarios\/ftp\/single_page\/hilook\/notificaciones2.jpg\" alt=\"Imagen 4\" \/><\/div>\n<\/p><\/div>\n<p> <!-- Videos de YouTube --> <\/p>\n<div style=\"margin-bottom: 30px;\">\n<div style=\"display: grid; grid-template-columns: repeat(auto-fit&comma; minmax(300px&comma; 1fr)); gap: 20px;\">\n<div style=\"position: relative; padding-bottom: 56.25%; height: 0; overflow: hidden;\"> <\/div>\n<div style=\"position: relative; padding-bottom: 56.25%; height: 0; overflow: hidden;\"> <\/div>\n<div style=\"position: relative; padding-bottom: 56.25%; height: 0; overflow: hidden;\"> <\/div>\n<div style=\"position: relative; padding-bottom: 56.25%; height: 0; overflow: hidden;\"> <\/div>\n<\/p><\/div>\n<\/p><\/div>\n<p> <!-- Caracter\u00edsticas Principales --> <\/p>\n<div style=\"margin-bottom: 30px;\">\n<div style=\"border: 1px solid rgba(150&comma;150&comma;150&comma;0.3); border-radius: 8px; overflow: hidden;\">\n<div style=\"padding: 15px; background-color: #0091ff; color: inherit; font-weight: bold; font-size: 16px;\">Caracter&iacute;sticas Principales:<\/div>\n<div style=\"padding: 15px; color: inherit;\">\n<ul style=\"padding-left: 20px; margin: 0; font-size: 14px; list-style-type: disc; color: inherit;\">\n<li style=\"margin-bottom: 5px;\">Soporta audio bidireccional por coaxitron en todos los canales (UTP o coaxial).<\/li>\n<li style=\"margin-bottom: 5px;\">Soporta AcuSense Lite en todos los canales (Detecci&oacute;n de movimiento con filtro de humanos \/ vehiculos)<\/li>\n<li style=\"margin-bottom: 5px;\">Soporta 4 canales TURBOHD + 2 canales IP = 6 canales en total.<\/li>\n<li style=\"margin-bottom: 5px;\">DVR pentah&iacute;brido: HD-TVI \/ HD-CVI \/ Analogico \/ IP \/ AHD.<\/li>\n<li style=\"margin-bottom: 5px;\">Compatible con Hik-Connect P2P.<\/li>\n<li style=\"margin-bottom: 5px;\">1 entrada y 1 salida de audio (bocina y microfono externo).<\/li>\n<li style=\"margin-bottom: 5px;\">Soporta 1 HDD de hasta 10 TB (no incluido).<\/li>\n<li style=\"margin-bottom: 5px;\">Compresi&oacute;n: H.265+ \/ H.265 \/ H.264.<\/li>\n<li style=\"margin-bottom: 5px;\"><strong>Salida de video sumultaneo en HDMI y VGA.<\/strong><\/li>\n<\/ul><\/div>\n<\/p><\/div>\n<\/p><\/div>\n<p> <!-- Caracter\u00edsticas F\u00edsicas y El\u00e9ctricas --> <\/p>\n<div style=\"margin-bottom: 30px;\">\n<div style=\"border: 1px solid rgba(150&comma;150&comma;150&comma;0.3); border-radius: 8px; overflow: hidden;\">\n<div style=\"padding: 15px; background-color: #0091ff; color: inherit; font-weight: bold; font-size: 16px;\">Caracter&iacute;sticas F&iacute;sicas y El&eacute;ctricas:<\/div>\n<div style=\"padding: 15px; color: inherit;\">\n<ul style=\"padding-left: 20px; margin: 0; font-size: 14px; list-style-type: disc; color: inherit;\">\n<li style=\"margin-bottom: 5px;\">Alimentaci&oacute;n: 12 Vcc (fuente incluida).<\/li>\n<li style=\"margin-bottom: 5px;\">Consumo sin HDD: 8 watts.<\/li>\n<li style=\"margin-bottom: 5px;\">Temperatura de operaci&oacute;n: -10 &ordm;C hasta 55 &ordm;C.<\/li>\n<li style=\"margin-bottom: 5px;\">Dimensiones: 260 x 222 x 45 mm (W &times; D &times; H)<\/li>\n<li style=\"margin-bottom: 5px;\">Peso: 0.8 Kg sin HDD.<\/li>\n<li style=\"margin-bottom: 5px;\">No compatible con control remoto<\/li>\n<\/ul><\/div>\n<\/p><\/div>\n<\/p><\/div>\n<p> <!-- Resoluci\u00f3n --> <\/p>\n<div style=\"margin-bottom: 30px;\">\n<div style=\"border: 1px solid rgba(150&comma;150&comma;150&comma;0.3); border-radius: 8px; overflow: hidden;\">\n<div style=\"padding: 15px; background-color: #0091ff; color: inherit; font-weight: bold; font-size: 16px;\">Resoluci&oacute;n:<\/div>\n<div style=\"padding: 15px; color: inherit;\">\n<ul style=\"padding-left: 20px; margin: 0; font-size: 14px; list-style-type: disc; color: inherit;\">\n<li style=\"margin-bottom: 5px;\">TVI (TURBOHD): 3K\/ 5MP.<\/li>\n<li style=\"margin-bottom: 5px;\">CVI: 2 MP.<\/li>\n<li style=\"margin-bottom: 5px;\">AHD: 2 MP.<\/li>\n<li style=\"margin-bottom: 5px;\">CVBS (anal&oacute;gico): 1200 TVL.<\/li>\n<li style=\"margin-bottom: 5px;\">IP: 2 MP<\/li>\n<\/ul><\/div>\n<\/p><\/div>\n<\/p><\/div>\n<p> <!-- Caracter\u00edsticas Destacadas --> <\/p>\n<div style=\"margin-bottom: 30px;\">\n<div style=\"border: 1px solid rgba(150&comma;150&comma;150&comma;0.3); border-radius: 8px; overflow: hidden;\">\n<div style=\"padding: 15px; background-color: #0091ff; color: inherit; font-weight: bold; font-size: 16px;\">Caracter&iacute;sticas Destacadas:<\/div>\n<div style=\"padding: 15px; color: inherit;\">\n<ul style=\"padding-left: 20px; margin: 0; font-size: 14px; list-style-type: disc; color: inherit;\">\n<li style=\"margin-bottom: 5px;\">Soporta audio de dos vias por coaxitron (UTP o coaxial). Compatible con modelo de c&aacute;maras TURBOHD que soporten audio de dos v&iacute;as. Podemos tener una comunicaci&oacute;n desde la App Hik-Connect bidireccional hacia la c&aacute;mara.<\/li>\n<li style=\"margin-bottom: 5px;\">Soporta en todos los canales con tecnolog&iacute;a ACUSENSE Lite&comma; permite filtrar por detecci&oacute;n de movimiento humanos o vehiculos para activar un evento o grabaci&oacute;n&comma; esto nos permite descartar falsas alarmas (grabaciones) cuando exista un movimiento de hojas o movimiento de algun animal&comma; vuelve mas eficiente la grabaci&oacute;n cuando realmente si sea necesario.<\/li>\n<li style=\"margin-bottom: 5px;\">Soporta apagar canales TURBOHD y poder conventir el DVR en un equipo NVR completo&comma; por cada canal TURBOHD que se apague se puede generar un canal IP adicional. Podemos tener hasta 5 canales IP en total.<\/li>\n<\/ul><\/div>\n<\/p><\/div>\n<\/p><\/div>\n<p> <!-- Imagen final --> <\/p>\n<div style=\"margin-bottom: 30px;\"><img decoding=\"async\" style=\"width: 100%; height: auto; border: 1px solid rgba(150&comma;150&comma;150&comma;0.3); border-radius: 8px;\" src=\"https:\/\/ftp3.syscom.mx\/usuarios\/yvalenzuela\/Hilook\/hiklook.jpg\" alt=\"\" \/><\/div>\n<\/p><\/div>\n","protected":false},"excerpt":{"rendered":"<p>DVR 4 Canales TurboHD + 2 Canales IP \/ 5 Megapixel Lite &#8211; 3K Lite \/ Audio Bidireccional \/ ACUSENSE Lite \/ 1 Bah\u00eda de Disco Duro \/ H.265+ \/ Salida en Full HD<\/p>\n","protected":false},"featured_media":102312,"comment_status":"open","ping_status":"closed","template":"","meta":[],"product_brand":[],"product_cat":[2254],"product_tag":[2255,715,2256],"class_list":{"0":"post-102313","1":"product","2":"type-product","3":"status-publish","4":"has-post-thumbnail","6":"product_cat-videograbadoras-analogicas-turbohd-tvi-ahd-cvi","7":"product_tag-camaras-y-dvrs-hd-turbohd-ahd-hd-tvi","8":"product_tag-hilook-by-hikvision","9":"product_tag-videograbadoras-analogicas-turbohd-tvi-ahd-cvi","11":"first","12":"instock","13":"sale","14":"shipping-taxable","15":"purchasable","16":"product-type-simple"},"_links":{"self":[{"href":"https:\/\/soydeaqui.ddns.net\/pachuca\/index.php\/wp-json\/wp\/v2\/product\/102313","targetHints":{"allow":["GET"]}}],"collection":[{"href":"https:\/\/soydeaqui.ddns.net\/pachuca\/index.php\/wp-json\/wp\/v2\/product"}],"about":[{"href":"https:\/\/soydeaqui.ddns.net\/pachuca\/index.php\/wp-json\/wp\/v2\/types\/product"}],"replies":[{"embeddable":true,"href":"https:\/\/soydeaqui.ddns.net\/pachuca\/index.php\/wp-json\/wp\/v2\/comments?post=102313"}],"wp:featuredmedia":[{"embeddable":true,"href":"https:\/\/soydeaqui.ddns.net\/pachuca\/index.php\/wp-json\/wp\/v2\/media\/102312"}],"wp:attachment":[{"href":"https:\/\/soydeaqui.ddns.net\/pachuca\/index.php\/wp-json\/wp\/v2\/media?parent=102313"}],"wp:term":[{"taxonomy":"product_brand","embeddable":true,"href":"https:\/\/soydeaqui.ddns.net\/pachuca\/index.php\/wp-json\/wp\/v2\/product_brand?post=102313"},{"taxonomy":"product_cat","embeddable":true,"href":"https:\/\/soydeaqui.ddns.net\/pachuca\/index.php\/wp-json\/wp\/v2\/product_cat?post=102313"},{"taxonomy":"product_tag","embeddable":true,"href":"https:\/\/soydeaqui.ddns.net\/pachuca\/index.php\/wp-json\/wp\/v2\/product_tag?post=102313"}],"curies":[{"name":"wp","href":"https:\/\/api.w.org\/{rel}","templated":true}]}}