{"id":102291,"date":"2026-03-20T12:45:08","date_gmt":"2026-03-20T12:45:08","guid":{"rendered":"https:\/\/soydeaqui.ddns.net\/pachuca\/index.php\/producto\/camera-junction-box-caja-de-conexiones-antimanipulacion-en-color-blanco-para-camaras-unifi-protect-bullet-dome-y-turret\/"},"modified":"2026-03-20T12:45:25","modified_gmt":"2026-03-20T12:45:25","slug":"camera-junction-box-caja-de-conexiones-antimanipulacion-en-color-blanco-para-camaras-unifi-protect-bullet-dome-y-turret","status":"publish","type":"product","link":"https:\/\/soydeaqui.ddns.net\/pachuca\/index.php\/producto\/camera-junction-box-caja-de-conexiones-antimanipulacion-en-color-blanco-para-camaras-unifi-protect-bullet-dome-y-turret\/","title":{"rendered":"Camera Junction Box \u2013 Caja de Conexiones Antimanipulaci\u00f3n en Color Blanco para C\u00e1maras UniFi Protect Bullet, Dome y Turret"},"content":{"rendered":"<div style='width: 100%; max-width: 1200px; margin: 0 auto; font-family: sans-serif; line-height: 1.6; color: inherit; background-color: transparent;'> <!-- Hero Section --> <\/p>\n<div style='display: flex; flex-wrap: wrap; gap: 30px; align-items: center; border: 1px solid rgba(150&comma;150&comma;150&comma;0.3); border-radius: 12px; padding: 20px; margin-bottom: 30px;'>\n<div style='flex: 1 1 320px; min-width: 280px;'> <video style='width: 100%; height: auto; border: 1px solid rgba(150&comma;150&comma;150&comma;0.3); border-radius: 8px; display: block;' autoplay muted loop playsinline preload='metadata' poster='https:\/\/ftp3.syscom.mx\/usuarios\/adiaz\/Ubiquiti\/Imagenes\/Accesorios\/Camaras\/UACC-Camera-JB\/fallbackw.png'><source src='https:\/\/ftp3.syscom.mx\/usuarios\/adiaz\/Ubiquiti\/Imagenes\/Accesorios\/Camaras\/UACC-Camera-JB\/loopw.mp4' type='video\/mp4'><img src='https:\/\/ftp3.syscom.mx\/usuarios\/adiaz\/Ubiquiti\/Imagenes\/Accesorios\/Camaras\/UACC-Camera-JB\/fallbackw.png' alt='Ubiquiti UACC-Camera-JB-W' style='width: 100%; height: auto; border: 1px solid rgba(150&comma;150&comma;150&comma;0.3); border-radius: 8px;'><\/video> <\/div>\n<div style='flex: 1 1 360px; min-width: 280px;'>\n<h2 style='font-size: 24px; margin: 0 0 10px; color: inherit;'>Camera Junction Box<\/h2>\n<div style='margin: 0 0 15px; font-weight: 600; color: inherit;'>Modelo: <span style='font-weight: 700;'>UACC-Camera-JB-W<\/span><\/div>\n<p style='margin: 0; color: inherit;'>Caja de conexiones <strong>antimanipulaci\u00f3n<\/strong> para c\u00e1maras compactas UniFi <strong>Bullet<\/strong>&comma; <strong>Dome<\/strong> y <strong>Turret<\/strong>&comma; dise\u00f1ada para mejorar la durabilidad del montaje&comma; la est\u00e9tica y la facilidad de mantenimiento.<\/p>\n<\/p><\/div>\n<\/p><\/div>\n<p> <!-- Especificaciones --> <\/p>\n<div style='text-align: center; margin: 40px 0 20px;'> <span style='font-size: 20px; font-weight: 700; color: inherit;'>Especificaciones<\/span> <\/div>\n<p> <!-- Cards de especificaciones --> <\/p>\n<div style='display: flex; flex-wrap: wrap; gap: 20px; margin-bottom: 30px;'> <!-- Card: F\u00edsicas y el\u00e9ctricas --> <\/p>\n<div style='flex: 1 1 250px; border: 1px solid rgba(150&comma;150&comma;150&comma;0.4); border-radius: 8px; overflow: hidden; display: flex; flex-direction: column;'>\n<div style='padding: 15px; border-bottom: 1px solid rgba(150&comma;150&comma;150&comma;0.2); font-weight: bold; font-size: 18px; color: inherit;'>Caracter\u00edsticas f\u00edsicas y el\u00e9ctricas<\/div>\n<div style='padding: 15px; color: inherit;'>\n<ul style='padding-left: 20px; margin: 0; font-size: 14px; list-style-type: disc;'>\n<li style='margin-bottom: 5px;'><strong>Dimensiones:<\/strong> \u00d8140.4 \u00d7 59.7 mm (\u00d85.5 \u00d7 2.4&#8242;)<\/li>\n<li style='margin-bottom: 5px;'><strong>Di\u00e1metro de montaje en poste:<\/strong> 1.5\u20132&#8242; (38\u201350 mm)<\/li>\n<li style='margin-bottom: 5px;'><strong>Peso:<\/strong> <em>Caja de conexiones<\/em> 470 g (16.6 oz) | <em>Soporte de montaje<\/em> 66 g (2.3 oz) | <em>Anillo decorativo<\/em> 17 g (0.6 oz) | <em>Soporte para poste<\/em> 62 g (2.2 oz)<\/li>\n<li style='margin-bottom: 5px;'><strong>Material de la carcasa:<\/strong> aleaci\u00f3n de aluminio y policarbonato<\/li>\n<li style='margin-bottom: 5px;'><strong>Salidas roscadas:<\/strong> G3\/4&#8242;<\/li>\n<\/ul><\/div>\n<\/p><\/div>\n<p> <!-- Card: Compatibilidad --> <\/p>\n<div style='flex: 1 1 250px; border: 1px solid rgba(150&comma;150&comma;150&comma;0.4); border-radius: 8px; overflow: hidden; display: flex; flex-direction: column;'>\n<div style='padding: 15px; border-bottom: 1px solid rgba(150&comma;150&comma;150&comma;0.2); font-weight: bold; font-size: 18px; color: inherit;'>Compatibilidad<\/div>\n<div style='padding: 15px; color: inherit;'>\n<ul style='padding-left: 20px; margin: 0; font-size: 14px; list-style-type: disc;'>\n<li style='margin-bottom: 5px;'>UVC-AI-Bullet<\/li>\n<li style='margin-bottom: 5px;'>UVC-AI-PRO<\/li>\n<li style='margin-bottom: 5px;'>UVC-AI-DSLR<\/li>\n<li style='margin-bottom: 5px;'>UVC-AI-Dome<\/li>\n<li style='margin-bottom: 5px;'>UVC-AI-Turret<\/li>\n<li style='margin-bottom: 5px;'>UVC-G6-Bullet<\/li>\n<li style='margin-bottom: 5px;'>UVC-G6-Turret<\/li>\n<li style='margin-bottom: 5px;'>UVC-G6-Pro-Turret<\/li>\n<li style='margin-bottom: 5px;'>UVC-G6-Dome<\/li>\n<li style='margin-bottom: 5px;'>UVC-G6-Pro-Dome<\/li>\n<li style='margin-bottom: 5px;'>UVC-G6-180<\/li>\n<li style='margin-bottom: 5px;'>UVC-G5-Dome<\/li>\n<li style='margin-bottom: 5px;'>UVC-G5-Dome-Ultra<\/li>\n<li style='margin-bottom: 5px;'>UVC-G5-Turret-Ultra<\/li>\n<li style='margin-bottom: 5px;'>UVC-G5-Pro<\/li>\n<li style='margin-bottom: 5px;'>UVC-G5-Bullet<\/li>\n<li style='margin-bottom: 5px;'>UVC-G4-Pro<\/li>\n<li style='margin-bottom: 5px;'>UVC-G4-Bullet<\/li>\n<li style='margin-bottom: 5px;'>UVC-G4-Dome<\/li>\n<li style='margin-bottom: 5px;'>UVC-G3-Pro<\/li>\n<li style='margin-bottom: 5px;'>UVC-G3-Bullet<\/li>\n<\/ul><\/div>\n<\/p><\/div>\n<\/p><\/div>\n<p> <!-- Contenido del paquete --> <\/p>\n<div style='border: 1px solid rgba(150&comma;150&comma;150&comma;0.4); border-radius: 8px; overflow: hidden; margin: 30px 0;'>\n<div style='padding: 15px; border-bottom: 1px solid rgba(150&comma;150&comma;150&comma;0.2); font-weight: bold; font-size: 18px; color: inherit;'>Contenido del paquete<\/div>\n<div style='padding: 20px; text-align: center;'> <img style='width: 100%; height: auto; border: 1px solid rgba(150&comma;150&comma;150&comma;0.3); border-radius: 8px;' src='https:\/\/ftp3.syscom.mx\/usuarios\/adiaz\/Ubiquiti\/Imagenes\/Accesorios\/Camaras\/UACC-Camera-JB\/contenidow.png' alt='Contenido del paquete UACC-Camera-JB-W'> <\/div>\n<\/p><\/div>\n<\/p><\/div>\n","protected":false},"excerpt":{"rendered":"<p>Camera Junction Box \u2013 Caja de Conexiones Antimanipulaci\u00f3n en Color Blanco para C\u00e1maras UniFi Protect Bullet, Dome y Turret<\/p>\n","protected":false},"featured_media":102290,"comment_status":"open","ping_status":"closed","template":"","meta":[],"product_brand":[],"product_cat":[416],"product_tag":[417,418,166],"class_list":{"0":"post-102291","1":"product","2":"type-product","3":"status-publish","4":"has-post-thumbnail","6":"product_cat-montajes-y-brackets-para-camaras","7":"product_tag-accesorios-generales","8":"product_tag-montajes-y-brackets-para-camaras","9":"product_tag-ubiquiti","11":"first","12":"outofstock","13":"sale","14":"shipping-taxable","15":"purchasable","16":"product-type-simple"},"_links":{"self":[{"href":"https:\/\/soydeaqui.ddns.net\/pachuca\/index.php\/wp-json\/wp\/v2\/product\/102291","targetHints":{"allow":["GET"]}}],"collection":[{"href":"https:\/\/soydeaqui.ddns.net\/pachuca\/index.php\/wp-json\/wp\/v2\/product"}],"about":[{"href":"https:\/\/soydeaqui.ddns.net\/pachuca\/index.php\/wp-json\/wp\/v2\/types\/product"}],"replies":[{"embeddable":true,"href":"https:\/\/soydeaqui.ddns.net\/pachuca\/index.php\/wp-json\/wp\/v2\/comments?post=102291"}],"wp:featuredmedia":[{"embeddable":true,"href":"https:\/\/soydeaqui.ddns.net\/pachuca\/index.php\/wp-json\/wp\/v2\/media\/102290"}],"wp:attachment":[{"href":"https:\/\/soydeaqui.ddns.net\/pachuca\/index.php\/wp-json\/wp\/v2\/media?parent=102291"}],"wp:term":[{"taxonomy":"product_brand","embeddable":true,"href":"https:\/\/soydeaqui.ddns.net\/pachuca\/index.php\/wp-json\/wp\/v2\/product_brand?post=102291"},{"taxonomy":"product_cat","embeddable":true,"href":"https:\/\/soydeaqui.ddns.net\/pachuca\/index.php\/wp-json\/wp\/v2\/product_cat?post=102291"},{"taxonomy":"product_tag","embeddable":true,"href":"https:\/\/soydeaqui.ddns.net\/pachuca\/index.php\/wp-json\/wp\/v2\/product_tag?post=102291"}],"curies":[{"name":"wp","href":"https:\/\/api.w.org\/{rel}","templated":true}]}}