{"id":102253,"date":"2026-03-20T12:43:12","date_gmt":"2026-03-20T12:43:12","guid":{"rendered":"https:\/\/soydeaqui.ddns.net\/pachuca\/index.php\/producto\/unifi-protect-g6-180-camara-poe-dual-sensor-de-16-mp-para-interior-exterior-con-motor-de-ia-multi-tops-y-cobertura-panoramica-de-180\/"},"modified":"2026-03-20T12:43:29","modified_gmt":"2026-03-20T12:43:29","slug":"unifi-protect-g6-180-camara-poe-dual-sensor-de-16-mp-para-interior-exterior-con-motor-de-ia-multi-tops-y-cobertura-panoramica-de-180","status":"publish","type":"product","link":"https:\/\/soydeaqui.ddns.net\/pachuca\/index.php\/producto\/unifi-protect-g6-180-camara-poe-dual-sensor-de-16-mp-para-interior-exterior-con-motor-de-ia-multi-tops-y-cobertura-panoramica-de-180\/","title":{"rendered":"UniFi Protect G6 180 \u2013 C\u00e1mara PoE+ Dual Sensor de 16 MP para Interior\/Exterior con Motor de IA Multi-TOPS y Cobertura Panor\u00e1mica de 180\u00b0"},"content":{"rendered":"<div style='width: 100%; max-width: 1200px; margin: 0 auto; font-family: sans-serif; line-height: 1.6; color: inherit; background-color: transparent;'> <!-- Hero Section --> <\/p>\n<div style='display: flex; flex-wrap: wrap; gap: 30px; align-items: center; border: 1px solid rgba(150&comma;150&comma;150&comma;0.3); border-radius: 12px; padding: 20px; margin-bottom: 30px;'>\n<div style='flex: 1 1 320px; min-width: 280px;'> <!-- Video con fallback a imagen --> <\/p>\n<div style='position: relative; width: 100%;'> <video style='width: 100%; height: auto; border: 1px solid rgba(150&comma;150&comma;150&comma;0.3); border-radius: 12px; display: block; background: transparent;' autoplay muted loop playsinline preload='metadata'><source src='https:\/\/ftp3.syscom.mx\/usuarios\/adiaz\/Ubiquiti\/Imagenes\/UVCG6180\/loop.mp4' type='video\/mp4'><!-- Fallback por si no carga el video --> <img src='https:\/\/ftp3.syscom.mx\/usuarios\/adiaz\/Ubiquiti\/Imagenes\/UVCG6180\/vista1.png' alt='Ubiquiti UVC-G6-180' style='width: 100%; height: auto; border: 1px solid rgba(150&comma;150&comma;150&comma;0.3); border-radius: 12px; display: block; background: transparent;'><\/video> <\/div>\n<\/p><\/div>\n<div style='flex: 1 1 360px; min-width: 280px;'>\n<h2 style='font-size: 22px; margin: 0 0 10px; color: inherit;'>G6 180<\/h2>\n<div style='margin: 0 0 15px; font-weight: 600; opacity: 0.8; color: inherit;'>Modelo: <span style='font-weight: 700; opacity: 1;'>UVC-G6-180-B<\/span><\/div>\n<p style='margin: 0; color: inherit;'>C\u00e1mara para exterior con cobertura <strong style='color: inherit;'>180\u00b0<\/strong> y <strong style='color: inherit;'>resoluci\u00f3n Dual 4K<\/strong>&comma; con <strong style='color: inherit;'>audio bidireccional<\/strong>&comma; <strong style='color: inherit;'>IA<\/strong> (detecciones inteligentes&comma; reconocimiento facial y de matr\u00edculas)&comma; y alimentaci\u00f3n <strong style='color: inherit;'>PoE+<\/strong>.<\/p>\n<\/p><\/div>\n<\/p><\/div>\n<p> <!-- T\u00edtulo Especificaciones --> <\/p>\n<div style='text-align: center; margin: 40px 0 20px;'> <span style='font-size: 1.5rem; font-weight: 700; color: inherit; display: inline-block; border-bottom: 2px solid currentColor; padding-bottom: 5px;'>Especificaciones<\/span> <\/div>\n<p> <!-- Grid de tarjetas --> <\/p>\n<div style='display: flex; flex-wrap: wrap; gap: 20px; margin-bottom: 30px;'> <!-- Card: Caracter\u00edsticas principales --> <\/p>\n<div style='flex: 1 1 280px; min-width: 260px;'>\n<div style='border: 1px solid rgba(150&comma;150&comma;150&comma;0.3); border-radius: 8px; overflow: hidden;'>\n<div style='padding: 15px; border-bottom: 1px solid rgba(150&comma;150&comma;150&comma;0.2); font-weight: bold; font-size: 16px; color: inherit;'>Caracter\u00edsticas principales<\/div>\n<ul style='padding: 0 15px 15px; margin: 0; list-style: none; color: inherit; font-size: 14px;'>\n<li style='margin: 8px 0; padding: 8px 0; border-top: 1px solid rgba(150&comma;150&comma;150&comma;0.2);'><strong style='color: inherit;'>Resoluci\u00f3n<\/strong>: Dual 4K (panor\u00e1mica 180\u00b0)<\/li>\n<li style='margin: 8px 0; padding: 8px 0; border-top: 1px solid rgba(150&comma;150&comma;150&comma;0.2);'><strong style='color: inherit;'>Campo de visi\u00f3n<\/strong>: H <strong style='color: inherit;'>180\u00b0<\/strong>&comma; V <strong style='color: inherit;'>56.7\u00b0<\/strong><\/li>\n<li style='margin: 8px 0; padding: 8px 0; border-top: 1px solid rgba(150&comma;150&comma;150&comma;0.2);'><strong style='color: inherit;'>Audio<\/strong>: bidireccional<\/li>\n<li style='margin: 8px 0; padding: 8px 0; border-top: 1px solid rgba(150&comma;150&comma;150&comma;0.2);'><strong style='color: inherit;'>Detecciones inteligentes<\/strong>: personas&comma; veh\u00edculos y animales<\/li>\n<li style='margin: 8px 0; padding: 8px 0; border-top: 1px solid rgba(150&comma;150&comma;150&comma;0.2);'><strong style='color: inherit;'>Reconocimiento<\/strong>: facial y matr\u00edculas<\/li>\n<li style='margin: 8px 0; padding: 8px 0; border-top: 1px solid rgba(150&comma;150&comma;150&comma;0.2);'><strong style='color: inherit;'>Protecci\u00f3n<\/strong>: IP66 \/ IK04<\/li>\n<li style='margin: 8px 0; padding: 8px 0; border-top: 1px solid rgba(150&comma;150&comma;150&comma;0.2);'><strong style='color: inherit;'>Visi\u00f3n nocturna IR<\/strong>: hasta <strong style='color: inherit;'>20 m<\/strong><\/li>\n<\/ul><\/div>\n<\/p><\/div>\n<p> <!-- Card: F\u00edsicas y el\u00e9ctricas --> <\/p>\n<div style='flex: 1 1 280px; min-width: 260px;'>\n<div style='border: 1px solid rgba(150&comma;150&comma;150&comma;0.3); border-radius: 8px; overflow: hidden;'>\n<div style='padding: 15px; border-bottom: 1px solid rgba(150&comma;150&comma;150&comma;0.2); font-weight: bold; font-size: 16px; color: inherit;'>Caracter\u00edsticas f\u00edsicas y el\u00e9ctricas<\/div>\n<ul style='padding: 0 15px 15px; margin: 0; list-style: none; color: inherit; font-size: 14px;'>\n<li style='margin: 8px 0; padding: 8px 0; border-top: 1px solid rgba(150&comma;150&comma;150&comma;0.2);'><strong style='color: inherit;'>Dimensiones<\/strong>: 136 \u00d7 64 \u00d7 92 mm<\/li>\n<li style='margin: 8px 0; padding: 8px 0; border-top: 1px solid rgba(150&comma;150&comma;150&comma;0.2);'><strong style='color: inherit;'>Peso<\/strong>: 839 g<\/li>\n<li style='margin: 8px 0; padding: 8px 0; border-top: 1px solid rgba(150&comma;150&comma;150&comma;0.2);'><strong style='color: inherit;'>Material del gabinete<\/strong>: aleaci\u00f3n de aluminio&comma; policarbonato<\/li>\n<li style='margin: 8px 0; padding: 8px 0; border-top: 1px solid rgba(150&comma;150&comma;150&comma;0.2);'><strong style='color: inherit;'>Interfaz de red<\/strong>: puerto RJ45 <strong style='color: inherit;'>10\/100 MbE<\/strong><\/li>\n<li style='margin: 8px 0; padding: 8px 0; border-top: 1px solid rgba(150&comma;150&comma;150&comma;0.2);'><strong style='color: inherit;'>Alimentaci\u00f3n<\/strong>: <strong style='color: inherit;'>PoE+<\/strong> (37\u201357 Vcc)<\/li>\n<li style='margin: 8px 0; padding: 8px 0; border-top: 1px solid rgba(150&comma;150&comma;150&comma;0.2);'><strong style='color: inherit;'>Consumo m\u00e1ximo<\/strong>: 15 W<\/li>\n<li style='margin: 8px 0; padding: 8px 0; border-top: 1px solid rgba(150&comma;150&comma;150&comma;0.2);'><strong style='color: inherit;'>Temperatura de operaci\u00f3n<\/strong>: -20 a 50 \u00b0C<\/li>\n<li style='margin: 8px 0; padding: 8px 0; border-top: 1px solid rgba(150&comma;150&comma;150&comma;0.2);'><strong style='color: inherit;'>Humedad de operaci\u00f3n<\/strong>: 0\u201390% sin condensaci\u00f3n<\/li>\n<\/ul><\/div>\n<\/p><\/div>\n<p> <!-- Card: Video \/ \u00d3ptica y funciones --> <\/p>\n<div style='flex: 1 1 280px; min-width: 260px;'>\n<div style='border: 1px solid rgba(150&comma;150&comma;150&comma;0.3); border-radius: 8px; overflow: hidden;'>\n<div style='padding: 15px; border-bottom: 1px solid rgba(150&comma;150&comma;150&comma;0.2); font-weight: bold; font-size: 16px; color: inherit;'>Video y \u00f3ptica<\/div>\n<ul style='padding: 0 15px 15px; margin: 0; list-style: none; color: inherit; font-size: 14px;'>\n<li style='margin: 8px 0; padding: 8px 0; border-top: 1px solid rgba(150&comma;150&comma;150&comma;0.2);'><strong style='color: inherit;'>Resoluci\u00f3n m\u00e1xima<\/strong>: 16MP (7680 \u00d7 2160&comma; 3.5:1)<\/li>\n<li style='margin: 8px 0; padding: 8px 0; border-top: 1px solid rgba(150&comma;150&comma;150&comma;0.2);'><strong style='color: inherit;'>FPS m\u00e1ximo<\/strong>: 20 FPS<\/li>\n<li style='margin: 8px 0; padding: 8px 0; border-top: 1px solid rgba(150&comma;150&comma;150&comma;0.2);'><strong style='color: inherit;'>Sensor<\/strong>: Dual 1\/1.8&#8242; 8MP<\/li>\n<li style='margin: 8px 0; padding: 8px 0; border-top: 1px solid rgba(150&comma;150&comma;150&comma;0.2);'><strong style='color: inherit;'>Lente<\/strong>: (2) distancia focal fija<\/li>\n<li style='margin: 8px 0; padding: 8px 0; border-top: 1px solid rgba(150&comma;150&comma;150&comma;0.2);'><strong style='color: inherit;'>Modo nocturno<\/strong>: IR LED integrado + filtro IR-cut<\/li>\n<li style='margin: 8px 0; padding: 8px 0; border-top: 1px solid rgba(150&comma;150&comma;150&comma;0.2);'><strong style='color: inherit;'>Almacenamiento<\/strong>: ranura para tarjeta <strong style='color: inherit;'>microSD<\/strong><\/li>\n<li style='margin: 8px 0; padding: 8px 0; border-top: 1px solid rgba(150&comma;150&comma;150&comma;0.2);'><strong style='color: inherit;'>Procesador<\/strong>: Quad-core Arm\u00ae Cortex\u00ae-A53<\/li>\n<\/ul><\/div>\n<\/p><\/div>\n<p> <!-- Card: Montaje y cumplimiento --> <\/p>\n<div style='flex: 1 1 280px; min-width: 260px;'>\n<div style='border: 1px solid rgba(150&comma;150&comma;150&comma;0.3); border-radius: 8px; overflow: hidden;'>\n<div style='padding: 15px; border-bottom: 1px solid rgba(150&comma;150&comma;150&comma;0.2); font-weight: bold; font-size: 16px; color: inherit;'>Montaje y cumplimiento<\/div>\n<ul style='padding: 0 15px 15px; margin: 0; list-style: none; color: inherit; font-size: 14px;'>\n<li style='margin: 8px 0; padding: 8px 0; border-top: 1px solid rgba(150&comma;150&comma;150&comma;0.2);'><strong style='color: inherit;'>Montaje incluido<\/strong>: techo&comma; poste&comma; cu\u00f1a&comma; adaptador de paneo<\/li>\n<li style='margin: 8px 0; padding: 8px 0; border-top: 1px solid rgba(150&comma;150&comma;150&comma;0.2);'><strong style='color: inherit;'>Opcional<\/strong>: caja de conexi\u00f3n&comma; brazo&comma; montaje dual&comma; placa para caja el\u00e9ctrica<\/li>\n<li style='margin: 8px 0; padding: 8px 0; border-top: 1px solid rgba(150&comma;150&comma;150&comma;0.2);'><strong style='color: inherit;'>Cumplimiento<\/strong>: NDAA<\/li>\n<li style='margin: 8px 0; padding: 8px 0; border-top: 1px solid rgba(150&comma;150&comma;150&comma;0.2);'><strong style='color: inherit;'>Certificaciones<\/strong>: CE&comma; FCC&comma; IC<\/li>\n<\/ul><\/div>\n<\/p><\/div>\n<\/p><\/div>\n<p> <!-- Galer\u00eda inferior --> <\/p>\n<div style='border: 1px solid rgba(150&comma;150&comma;150&comma;0.3); border-radius: 8px; padding: 20px; margin-bottom: 30px; text-align: center;'>\n<h3 style='font-size: 18px; margin: 0 0 20px; font-weight: 600; color: inherit;'>Vista del producto<\/h3>\n<div style='display: flex; flex-wrap: wrap; justify-content: center; gap: 20px;'> <img src='https:\/\/ftp3.syscom.mx\/usuarios\/adiaz\/Ubiquiti\/Imagenes\/UVCG6180\/vista2.png' alt='UVC-G6-180 vista 1' style='width: 100%; max-width: 480px; height: auto; border: 1px solid rgba(150&comma;150&comma;150&comma;0.3); border-radius: 8px;'> <img src='https:\/\/ftp3.syscom.mx\/usuarios\/adiaz\/Ubiquiti\/Imagenes\/UVCG6180\/vista1.png' alt='UVC-G6-180 vista 2' style='width: 100%; max-width: 480px; height: auto; border: 1px solid rgba(150&comma;150&comma;150&comma;0.3); border-radius: 8px;'> <\/div>\n<\/p><\/div>\n<p> <!-- Contenido del paquete --> <\/p>\n<div style='border: 1px solid rgba(150&comma;150&comma;150&comma;0.3); border-radius: 8px; padding: 20px; margin-bottom: 30px; text-align: center;'>\n<h3 style='font-size: 18px; margin: 0 0 20px; font-weight: 600; color: inherit;'>Contenido del Paquete<\/h3>\n<p> <img src='https:\/\/ftp3.syscom.mx\/usuarios\/adiaz\/Ubiquiti\/Imagenes\/UVCG6180\/contenido.png' alt='Contenido del paquete UVC-G6-180' style='width: 100%; max-width: 600px; height: auto; border: 1px solid rgba(150&comma;150&comma;150&comma;0.3); border-radius: 8px;'> <\/div>\n<\/p><\/div>\n","protected":false},"excerpt":{"rendered":"<p>UniFi Protect G6 180 \u2013 C\u00e1mara PoE+ Dual Sensor de 16 MP para Interior\/Exterior con Motor de IA Multi-TOPS y Cobertura Panor\u00e1mica de 180\u00b0<\/p>\n","protected":false},"featured_media":102252,"comment_status":"open","ping_status":"closed","template":"","meta":[],"product_brand":[],"product_cat":[2056],"product_tag":[122,2057,166],"class_list":{"0":"post-102253","1":"product","2":"type-product","3":"status-publish","4":"has-post-thumbnail","6":"product_cat-domo-eyeball-turret","7":"product_tag-camaras-ip-y-nvrs","8":"product_tag-domo-eyeball-turret","9":"product_tag-ubiquiti","11":"first","12":"outofstock","13":"sale","14":"shipping-taxable","15":"purchasable","16":"product-type-simple"},"_links":{"self":[{"href":"https:\/\/soydeaqui.ddns.net\/pachuca\/index.php\/wp-json\/wp\/v2\/product\/102253","targetHints":{"allow":["GET"]}}],"collection":[{"href":"https:\/\/soydeaqui.ddns.net\/pachuca\/index.php\/wp-json\/wp\/v2\/product"}],"about":[{"href":"https:\/\/soydeaqui.ddns.net\/pachuca\/index.php\/wp-json\/wp\/v2\/types\/product"}],"replies":[{"embeddable":true,"href":"https:\/\/soydeaqui.ddns.net\/pachuca\/index.php\/wp-json\/wp\/v2\/comments?post=102253"}],"wp:featuredmedia":[{"embeddable":true,"href":"https:\/\/soydeaqui.ddns.net\/pachuca\/index.php\/wp-json\/wp\/v2\/media\/102252"}],"wp:attachment":[{"href":"https:\/\/soydeaqui.ddns.net\/pachuca\/index.php\/wp-json\/wp\/v2\/media?parent=102253"}],"wp:term":[{"taxonomy":"product_brand","embeddable":true,"href":"https:\/\/soydeaqui.ddns.net\/pachuca\/index.php\/wp-json\/wp\/v2\/product_brand?post=102253"},{"taxonomy":"product_cat","embeddable":true,"href":"https:\/\/soydeaqui.ddns.net\/pachuca\/index.php\/wp-json\/wp\/v2\/product_cat?post=102253"},{"taxonomy":"product_tag","embeddable":true,"href":"https:\/\/soydeaqui.ddns.net\/pachuca\/index.php\/wp-json\/wp\/v2\/product_tag?post=102253"}],"curies":[{"name":"wp","href":"https:\/\/api.w.org\/{rel}","templated":true}]}}