{"id":102224,"date":"2026-03-20T12:41:39","date_gmt":"2026-03-20T12:41:39","guid":{"rendered":"https:\/\/soydeaqui.ddns.net\/pachuca\/index.php\/producto\/camara-de-control-de-trafico-con-radar-y-fusion-de-video-20mp-reconocimiento-de-matriculas-deteccion-de-infracciones-alcance-150m-4-carriles\/"},"modified":"2026-03-20T12:41:41","modified_gmt":"2026-03-20T12:41:41","slug":"camara-de-control-de-trafico-con-radar-y-fusion-de-video-20mp-reconocimiento-de-matriculas-deteccion-de-infracciones-alcance-150m-4-carriles","status":"publish","type":"product","link":"https:\/\/soydeaqui.ddns.net\/pachuca\/index.php\/producto\/camara-de-control-de-trafico-con-radar-y-fusion-de-video-20mp-reconocimiento-de-matriculas-deteccion-de-infracciones-alcance-150m-4-carriles\/","title":{"rendered":"C\u00e1mara de Control de Tr\u00e1fico con Radar y Fusi\u00f3n de Video \/ 20MP \/ Reconocimiento de Matr\u00edculas \/ Detecci\u00f3n de Infracciones \/ Alcance 150m \/ 4 Carriles"},"content":{"rendered":"<div style=\"width: 100%; max-width: 1200px; margin: 0 auto; font-family: sans-serif; line-height: 1.6; color: inherit; background-color: transparent;\"><!-- Banner de inicio --><\/p>\n<div style=\"text-align: center; margin: 20px 0;\"><img decoding=\"async\" style=\"width: 45%; height: auto; border: 1px solid rgba(150&comma; 150&comma; 150&comma; 0.3); border-radius: 8px;\" src=\"https:\/\/ftp3.syscom.mx\/usuarios\/jsosa\/HIKVISION\/imagenes\/logo\/hikvision%20see%20far.png\" alt=\"Banner inicio\" class=\"fr-fic fr-dii\"><\/div>\n<p><!-- Videos ANPR --><\/p>\n<div style=\"position: relative; padding-bottom: 56.25%; height: 0; overflow: hidden; margin: 30px 0;\"><span class=\"fr-video fr-deletable fr-fvc fr-dvi fr-draggable\" contenteditable=\"false\"><video style=\"position: absolute; top: 0px; left: 0px; width: 100%; height: 100%; border: none; border-radius: 8px; overflow: hidden;\" controls=\"\" class=\"fr-fvc fr-dvb fr-draggable\"><source src=\"https:\/\/ftp3.syscom.mx\/usuarios\/smendoza\/smendozaro\/FDownloader.net-1772051580152892-%281080p%29.mp4\" type=\"video\/mp4\">&nbsp;Tu navegador no soporta el elemento de video.<\/video><\/span><\/div>\n<p><!-- Caracter\u00edsticas --><\/p>\n<div style=\"display: flex; flex-wrap: wrap; gap: 30px; margin: 30px 0;\"><!-- Caracter\u00edsticas Generales --><\/p>\n<div style=\"flex: 1 1 300px; min-width: 280px;\">\n<div style=\"border: 1px solid rgba(150&comma; 150&comma; 150&comma; 0.4); border-radius: 8px; overflow: hidden; display: flex; flex-direction: column;\">\n<div style=\"padding: 15px; border-bottom: 1px solid rgba(150&comma; 150&comma; 150&comma; 0.2); font-weight: bold; font-size: 18px; color: inherit; background: #df001e; border-bottom: 1px solid #a80000; color: white;\">Caracter&iacute;sticas Generales<\/div>\n<div style=\"padding: 15px; color: inherit;\">\n<ul style=\"padding-left: 20px; margin: 0; font-size: 14px; list-style-type: disc;\">\n<li style=\"margin-bottom: 5px;\">C&aacute;mara 20 MP (1.1&#39; GMOS) con rendimiento excelente en baja luz<\/li>\n<li style=\"margin-bottom: 5px;\">Detecci&oacute;n de velocidad con radar integrado de 24 GHz<\/li>\n<li style=\"margin-bottom: 5px;\">Reconocimiento de matr&iacute;culas (LPR) avanzado<\/li>\n<li style=\"margin-bottom: 5px;\">Alcance de detecci&oacute;n del radar hasta 40 metros<\/li>\n<li style=\"margin-bottom: 5px;\">Cobertura de hasta 3 carriles simult&aacute;neos<\/li>\n<\/ul>\n<\/div>\n<\/div>\n<\/div>\n<p><!-- Caracter\u00edsticas F\u00edsicas y El\u00e9ctricas --><\/p>\n<div style=\"flex: 1 1 300px; min-width: 280px;\">\n<div style=\"border: 1px solid rgba(150&comma; 150&comma; 150&comma; 0.4); border-radius: 8px; overflow: hidden; display: flex; flex-direction: column;\">\n<div style=\"padding: 15px; border-bottom: 1px solid rgba(150&comma; 150&comma; 150&comma; 0.2); font-weight: bold; font-size: 18px; color: inherit; background: #df001e; border-bottom: 1px solid #a80000; color: white;\">Caracter&iacute;sticas F&iacute;sicas y El&eacute;ctricas<\/div>\n<div style=\"padding: 15px; color: inherit;\">\n<ul style=\"padding-left: 20px; margin: 0; font-size: 14px; list-style-type: disc;\">\n<li style=\"margin-bottom: 5px;\">Consumo \/ alimentaci&oacute;n: 36 V CD &plusmn; 20%&comma; 2 A&comma; max. 70 W<\/li>\n<li style=\"margin-bottom: 5px;\">Temperatura de funcionamiento: De -30 &deg;C a 70 &deg;C (de -22 &deg;F a 158 &deg;F). Humedad 95% o menos (sin condensaci&oacute;n).<\/li>\n<li style=\"margin-bottom: 5px;\">Material: Aleaci&oacute;n de aluminio<\/li>\n<li style=\"margin-bottom: 5px;\">Montaje de poste vertical&comma; modelo: DS -1275ZJ\/HWB<\/li>\n<li style=\"margin-bottom: 5px;\">Montaje de pared&comma; modelo: DS -1701ZJ\/HWB<\/li>\n<\/ul>\n<\/div>\n<\/div>\n<\/div>\n<\/div>\n<p><!-- Caracter\u00edsticas destacadas --><\/p>\n<div style=\"margin: 30px 0;\">\n<div style=\"border: 1px solid rgba(150&comma; 150&comma; 150&comma; 0.4); border-radius: 8px; overflow: hidden; display: flex; flex-direction: column;\">\n<div style=\"padding: 15px; border-bottom: 1px solid rgba(150&comma; 150&comma; 150&comma; 0.2); font-weight: bold; font-size: 18px; color: inherit; background: #df001e; border-bottom: 1px solid #a80000; color: white;\">Caracter&iacute;sticas destacadas<\/div>\n<div style=\"padding: 15px; color: inherit;\">\n<ul style=\"padding-left: 20px; margin: 0 0 15px; font-size: 14px; list-style-type: square;\">\n<li style=\"margin-bottom: 5px;\">Integraci&oacute;n completa que incluye c&aacute;mara&comma; radar y luz suplementaria<\/li>\n<li style=\"margin-bottom: 5px;\">Dise&ntilde;ada para un rendimiento excepcional en condiciones de poca luz (Color: 0.001 Lux @ F1.4&comma; AGC ON)<\/li>\n<li style=\"margin-bottom: 5px;\">Detecci&oacute;n de velocidades (10 a 320 km\/h) y reconocimiento de placas vehiculares<\/li>\n<li style=\"margin-bottom: 5px;\">Identificaci&oacute;n de caracter&iacute;sticas de veh&iacute;culos (tipo&comma; color&comma; fabricante&comma; color de placa)<\/li>\n<\/ul>\n<p style=\"margin: 15px 0 5px; font-weight: bold;\">Detecci&oacute;n de comportamientos de infracci&oacute;n:<\/p>\n<ul style=\"padding-left: 20px; margin: 0; font-size: 14px; list-style-type: square;\">\n<li style=\"margin-bottom: 5px;\">Conducir sobre la l&iacute;nea del carril (solo modo luz estrobosc&oacute;pica)<\/li>\n<li style=\"margin-bottom: 5px;\">Cambio de carril ilegal (solo modo luz estrobosc&oacute;pica)<\/li>\n<li style=\"margin-bottom: 5px;\">Detecci&oacute;n de manejo en sentido contrario<\/li>\n<li style=\"margin-bottom: 5px;\">Uso del cintur&oacute;n de seguridad (con luz de flash)<\/li>\n<li style=\"margin-bottom: 5px;\">Uso del celular (con luz de flash)<\/li>\n<li style=\"margin-bottom: 5px;\">Ocupaci&oacute;n de carril de emergencia<\/li>\n<\/ul>\n<\/div>\n<\/div>\n<\/div>\n<p><!-- Escenario de aplicaci\u00f3n --><\/p>\n<div style=\"margin: 30px 0;\">\n<h2 style=\"text-align: center; font-size: 20px; margin-bottom: 15px; color: inherit;\">Escenario de aplicaci&oacute;n<\/h2>\n<div style=\"display: flex; flex-wrap: wrap; gap: 20px; justify-content: center;\"><img decoding=\"async\" style=\"width: 100%; max-width: 800px; height: auto; border: 1px solid rgba(150&comma; 150&comma; 150&comma; 0.3); border-radius: 8px;\" src=\"https:\/\/ftp3.syscom.mx\/usuarios\/smendoza\/smendozaro\/puntos%20de%20control\/infracciones.png\" alt=\"Escenario de aplicaci\u00f3n 1\" class=\"fr-fil fr-dib\">&nbsp;<img decoding=\"async\" style=\"width: 100%; max-width: 800px; height: auto; border: 1px solid rgba(150&comma; 150&comma; 150&comma; 0.3); border-radius: 8px;\" src=\"https:\/\/ftp3.syscom.mx\/usuarios\/emendoza\/elesbanmch\/HIKVISON\/IDSTCV907HIR%20EJEMPLO\" alt=\"Escenario de aplicaci\u00f3n 2\" class=\"fr-fil fr-dib\"><\/div>\n<\/div>\n<p><!-- Banner final --><\/p>\n<div style=\"margin: 30px 0;\"><img decoding=\"async\" style=\"width: 100%; height: auto; border: 1px solid rgba(150&comma; 150&comma; 150&comma; 0.3); border-radius: 8px;\" src=\"https:\/\/ftp3.syscom.mx\/usuarios\/jsosa\/HIKVISION\/imagenes\/banners\/solution%20complete.png\" alt=\"Banner final\" class=\"fr-fic fr-dii\"><\/div>\n<\/div>\n","protected":false},"excerpt":{"rendered":"<p>C\u00e1mara de Control de Tr\u00e1fico con Radar y Fusi\u00f3n de Video \/ 20MP \/ Reconocimiento de Matr\u00edculas \/ Detecci\u00f3n de Infracciones \/ Alcance 150m \/ 4 Carriles<\/p>\n","protected":false},"featured_media":102223,"comment_status":"open","ping_status":"closed","template":"","meta":[],"product_brand":[],"product_cat":[2323],"product_tag":[122,54,2324],"class_list":{"0":"post-102224","1":"product","2":"type-product","3":"status-publish","4":"has-post-thumbnail","6":"product_cat-lente-motorizado","7":"product_tag-camaras-ip-y-nvrs","8":"product_tag-hikvision","9":"product_tag-lente-motorizado","11":"first","12":"outofstock","13":"sale","14":"shipping-taxable","15":"purchasable","16":"product-type-simple"},"_links":{"self":[{"href":"https:\/\/soydeaqui.ddns.net\/pachuca\/index.php\/wp-json\/wp\/v2\/product\/102224","targetHints":{"allow":["GET"]}}],"collection":[{"href":"https:\/\/soydeaqui.ddns.net\/pachuca\/index.php\/wp-json\/wp\/v2\/product"}],"about":[{"href":"https:\/\/soydeaqui.ddns.net\/pachuca\/index.php\/wp-json\/wp\/v2\/types\/product"}],"replies":[{"embeddable":true,"href":"https:\/\/soydeaqui.ddns.net\/pachuca\/index.php\/wp-json\/wp\/v2\/comments?post=102224"}],"wp:featuredmedia":[{"embeddable":true,"href":"https:\/\/soydeaqui.ddns.net\/pachuca\/index.php\/wp-json\/wp\/v2\/media\/102223"}],"wp:attachment":[{"href":"https:\/\/soydeaqui.ddns.net\/pachuca\/index.php\/wp-json\/wp\/v2\/media?parent=102224"}],"wp:term":[{"taxonomy":"product_brand","embeddable":true,"href":"https:\/\/soydeaqui.ddns.net\/pachuca\/index.php\/wp-json\/wp\/v2\/product_brand?post=102224"},{"taxonomy":"product_cat","embeddable":true,"href":"https:\/\/soydeaqui.ddns.net\/pachuca\/index.php\/wp-json\/wp\/v2\/product_cat?post=102224"},{"taxonomy":"product_tag","embeddable":true,"href":"https:\/\/soydeaqui.ddns.net\/pachuca\/index.php\/wp-json\/wp\/v2\/product_tag?post=102224"}],"curies":[{"name":"wp","href":"https:\/\/api.w.org\/{rel}","templated":true}]}}