{"id":102180,"date":"2026-03-20T12:39:28","date_gmt":"2026-03-20T12:39:28","guid":{"rendered":"https:\/\/soydeaqui.ddns.net\/pachuca\/index.php\/producto\/camara-dba-para-grabadores-hikvision-2-megapixel-1080p-sensor-cmos-1-2-8-ir-940nm-2mts-lente-6-mm-52-ip5x-audio-integrado-conector-m12\/"},"modified":"2026-03-20T12:39:30","modified_gmt":"2026-03-20T12:39:30","slug":"camara-dba-para-grabadores-hikvision-2-megapixel-1080p-sensor-cmos-1-2-8-ir-940nm-2mts-lente-6-mm-52-ip5x-audio-integrado-conector-m12","status":"publish","type":"product","link":"https:\/\/soydeaqui.ddns.net\/pachuca\/index.php\/producto\/camara-dba-para-grabadores-hikvision-2-megapixel-1080p-sensor-cmos-1-2-8-ir-940nm-2mts-lente-6-mm-52-ip5x-audio-integrado-conector-m12\/","title":{"rendered":"C\u00e1mara DBA para grabadores Hikvision \/ 2 Megapixel (1080p) \/ Sensor CMOS 1\/2.8&#8243; \/ IR 940nm 2mts \/ Lente 6 mm 52\u00b0 \/ IP5X \/ Audio Integrado \/ Conector M12"},"content":{"rendered":"<div style='width: 100%; max-width: 1200px; margin: 0 auto; font-family: sans-serif; line-height: 1.6; color: inherit; background-color: transparent;'>\n<p style='text-align: center;'><img style='width: 100%; max-width: 540px; height: auto; border: 1px solid rgba(150&comma;150&comma;150&comma;0.3); border-radius: 8px;' src='https:\/\/ftp3.syscom.mx\/usuarios\/jsosa\/HIKVISION\/imagenes\/logo\/hikvision%20see%20far.png' alt='Logo Hikvision'><\/p>\n<p>La c\u00e1mara DSM AE-VC2521T de Hikvision es una soluci\u00f3n de videovigilancia profesional dise\u00f1ada espec\u00edficamente para aplicaciones de tr\u00e1fico inteligente. Con sensor CMOS de 2 megapixels y resoluci\u00f3n 1080p&comma; ofrece im\u00e1genes claras y detalladas con capacidad de visi\u00f3n nocturna mediante iluminadores IR de 940 nm. Su dise\u00f1o compacto y robusto con protecci\u00f3n IP5X garantiza rendimiento confiable en condiciones ambientales exigentes.<\/p>\n<div style='display: flex; flex-wrap: wrap; gap: 30px; margin: 30px 0;'>\n<div style='flex: 1 1 300px; min-width: 280px; border: 1px solid rgba(150&comma;150&comma;150&comma;0.3); border-radius: 8px; padding: 15px;'>\n<h3 style='font-size: 22px; border-bottom: 2px solid currentColor; padding-bottom: 5px; margin-top: 0; color: inherit; opacity: 0.8;'>Caracter\u00edsticas principales<\/h3>\n<ul style='padding-left: 20px; font-size: 15px; color: inherit; list-style-type: disc;'>\n<li style='margin-bottom: 5px;'><span style='font-family: sans-serif;'>C\u00e1mara m\u00f3vil Full HD 1080P (2 MP).<\/span><\/li>\n<li style='margin-bottom: 5px;'><span style='font-family: sans-serif;'>Sensor CMOS progresivo 1\/2.8&#8242;.<\/span><\/li>\n<li style='margin-bottom: 5px;'><span style='font-family: sans-serif;'>Iluminaci\u00f3n m\u00ednima: 0 Lux con IR activado.<\/span><\/li>\n<li style='margin-bottom: 5px;'><span style='font-family: sans-serif;'>Iluminador infrarrojo de 940 nm con alcance de hasta 2 m.<\/span><\/li>\n<li style='margin-bottom: 5px;'><span style='font-family: sans-serif;'>Lente fija de 6 mm (52\u00b0 horizontal \/ 29\u00b0 vertical).<\/span><\/li>\n<li style='margin-bottom: 5px;'><span style='font-family: sans-serif;'>Conector tipo aviaci\u00f3n de 4 pines (video&comma; audio&comma; power y tierra)&comma; <strong>compatible solo con mDVR Hikvision<\/strong>.<\/span><\/li>\n<li style='margin-bottom: 5px;'><span style='font-family: sans-serif;'>Alimentaci\u00f3n: DC 9 Vcc a 16 Vcc (suministrada por el DVR).<\/span><\/li>\n<li style='margin-bottom: 5px;'><span style='font-family: sans-serif;'>Micr\u00f3fono integrado para grabaci\u00f3n de audio.<\/span><\/li>\n<li style='margin-bottom: 5px;'><span style='font-family: sans-serif;'>Dise\u00f1o compacto y antivibraci\u00f3n para transporte.<\/span><\/li>\n<li style='margin-bottom: 5px;'><span style='font-family: sans-serif;'>Protecci\u00f3n IP5X contra polvo.<\/span><\/li>\n<li style='margin-bottom: 5px;'><span style='font-family: sans-serif;'>Temperatura de operaci\u00f3n extrema: -40 \u00b0C a +75 \u00b0C.<\/span><\/li>\n<li style='margin-bottom: 5px;'><span style='font-family: sans-serif;'>Peso aproximado: 128 g.<\/span><\/li>\n<\/ul><\/div>\n<div style='flex: 1 1 300px; min-width: 280px; border: 1px solid rgba(150&comma;150&comma;150&comma;0.3); border-radius: 8px; padding: 15px;'>\n<h3 style='font-size: 22px; border-bottom: 2px solid currentColor; padding-bottom: 5px; margin-top: 0; color: inherit; opacity: 0.8;'>Compatibilidad<\/h3>\n<ul style='padding-left: 20px; font-size: 15px; color: inherit; list-style-type: disc;'>\n<li style='margin-bottom: 5px;'><span style='font-family: sans-serif;'>Serie AE-MD5000<\/span><\/li>\n<li style='margin-bottom: 5px;'><span style='font-family: sans-serif;'>DS-MP5604<\/span><\/li>\n<li style='margin-bottom: 5px;'><span style='font-family: sans-serif;'>Dashcam AE-DI5052-G40PRO (con el cable AE-MC0108-0.3)<\/span><\/li>\n<li style='margin-bottom: 5px;'><span style='font-family: sans-serif;'>mDVR Hikvision con entrada HDTVI y conector de aviaci\u00f3n de 4 pines<\/span><\/li>\n<\/ul><\/div>\n<\/p><\/div>\n<hr style='border: 0; border-top: 1px solid rgba(150&comma;150&comma;150&comma;0.3); margin: 30px 0;'>\n<div style='margin: 30px 0;'> <img style='width: 100%; height: auto; border: 1px solid rgba(150&comma;150&comma;150&comma;0.3); border-radius: 8px;' src='https:\/\/ftp3.syscom.mx\/usuarios\/jsosa\/HIKVISION\/imagenes\/banners\/solution%20complete.png' alt='Soluci\u00f3n completa Hikvision'> <\/div>\n<\/p><\/div>\n","protected":false},"excerpt":{"rendered":"<p>C\u00e1mara DBA para grabadores Hikvision \/ 2 Megapixel (1080p) \/ Sensor CMOS 1\/2.8&#8243; \/ IR 940nm 2mts \/ Lente 6 mm 52\u00b0 \/ IP5X \/ Audio Integrado \/ Conector M12<\/p>\n","protected":false},"featured_media":102179,"comment_status":"open","ping_status":"closed","template":"","meta":[],"product_brand":[],"product_cat":[2272,1406],"product_tag":[2273,1409,54,1345],"class_list":{"0":"post-102180","1":"product","2":"type-product","3":"status-publish","4":"has-post-thumbnail","6":"product_cat-camaras-moviles","7":"product_cat-videograbadoras-moviles-videovigilancia","8":"product_tag-camaras-moviles","9":"product_tag-dash-cams-y-body-cams","10":"product_tag-hikvision","11":"product_tag-videograbadoras-moviles","13":"first","14":"outofstock","15":"sale","16":"shipping-taxable","17":"purchasable","18":"product-type-simple"},"_links":{"self":[{"href":"https:\/\/soydeaqui.ddns.net\/pachuca\/index.php\/wp-json\/wp\/v2\/product\/102180","targetHints":{"allow":["GET"]}}],"collection":[{"href":"https:\/\/soydeaqui.ddns.net\/pachuca\/index.php\/wp-json\/wp\/v2\/product"}],"about":[{"href":"https:\/\/soydeaqui.ddns.net\/pachuca\/index.php\/wp-json\/wp\/v2\/types\/product"}],"replies":[{"embeddable":true,"href":"https:\/\/soydeaqui.ddns.net\/pachuca\/index.php\/wp-json\/wp\/v2\/comments?post=102180"}],"wp:featuredmedia":[{"embeddable":true,"href":"https:\/\/soydeaqui.ddns.net\/pachuca\/index.php\/wp-json\/wp\/v2\/media\/102179"}],"wp:attachment":[{"href":"https:\/\/soydeaqui.ddns.net\/pachuca\/index.php\/wp-json\/wp\/v2\/media?parent=102180"}],"wp:term":[{"taxonomy":"product_brand","embeddable":true,"href":"https:\/\/soydeaqui.ddns.net\/pachuca\/index.php\/wp-json\/wp\/v2\/product_brand?post=102180"},{"taxonomy":"product_cat","embeddable":true,"href":"https:\/\/soydeaqui.ddns.net\/pachuca\/index.php\/wp-json\/wp\/v2\/product_cat?post=102180"},{"taxonomy":"product_tag","embeddable":true,"href":"https:\/\/soydeaqui.ddns.net\/pachuca\/index.php\/wp-json\/wp\/v2\/product_tag?post=102180"}],"curies":[{"name":"wp","href":"https:\/\/api.w.org\/{rel}","templated":true}]}}