{"id":102178,"date":"2026-03-20T12:39:23","date_gmt":"2026-03-20T12:39:23","guid":{"rendered":"https:\/\/soydeaqui.ddns.net\/pachuca\/index.php\/producto\/body-camera-portatil-grabacion-a-2k-pantalla-2-4-lcd-ip68-h-265-64-gb-de-almacenamiento-gps-wifi-3g-y-4g-fotos-de-hasta-40-megapixel-microfono-integrado\/"},"modified":"2026-03-20T12:39:25","modified_gmt":"2026-03-20T12:39:25","slug":"body-camera-portatil-grabacion-a-2k-pantalla-2-4-lcd-ip68-h-265-64-gb-de-almacenamiento-gps-wifi-3g-y-4g-fotos-de-hasta-40-megapixel-microfono-integrado","status":"publish","type":"product","link":"https:\/\/soydeaqui.ddns.net\/pachuca\/index.php\/producto\/body-camera-portatil-grabacion-a-2k-pantalla-2-4-lcd-ip68-h-265-64-gb-de-almacenamiento-gps-wifi-3g-y-4g-fotos-de-hasta-40-megapixel-microfono-integrado\/","title":{"rendered":"Body Camera Port\u00e1til \/ Grabaci\u00f3n a 2K \/ Pantalla 2.4&#8243; LCD \/ IP68 \/ H.265 \/ 64 GB de Almacenamiento \/ GPS \/ WIFI \/ 3G y 4G \/ Fotos de Hasta 40 Megapixel \/ Micr\u00f3fono Integrado"},"content":{"rendered":"<div style='width: 100%; max-width: 1200px; margin: 0 auto; font-family: sans-serif; line-height: 1.6; color: inherit; background-color: transparent;'>\n<div style='text-align: center; margin: 30px 0;'> <img style='width: 100%; max-width: 527.844px; height: auto; border: 1px solid rgba(150&comma;150&comma;150&comma;0.3); border-radius: 8px;' src='https:\/\/ftp3.syscom.mx\/usuarios\/jsosa\/HIKVISION\/imagenes\/logo\/hikvision%20see%20far.png' alt='Logo Hikvision'> <\/div>\n<div style='display: flex; flex-wrap: wrap; gap: 30px; margin-bottom: 30px;'>\n<div style='flex: 1 1 300px; min-width: 280px;'>\n<h3 style='font-size: 22px; border-bottom: 2px solid currentColor; padding-bottom: 5px; margin-top: 0; color: inherit; opacity: 0.8;'>Caracter\u00edsticas principales<\/h3>\n<ul style='padding-left: 20px; font-size: 15px; color: inherit;'>\n<li style='margin-bottom: 5px;'><strong>Compresi\u00f3n:<\/strong> H.264 \/ H.265<\/li>\n<li style='margin-bottom: 5px;'><strong>Resoluci\u00f3n de v\u00eddeo:<\/strong> 2K hasta 2688*1512P @30F<\/li>\n<li style='margin-bottom: 5px;'><strong>\u00c1ngulo de apertura:<\/strong> 132\u00ba horizontal<\/li>\n<li style='margin-bottom: 5px;'><strong>Dise\u00f1o:<\/strong> Bater\u00eda reemplazable<\/li>\n<li style='margin-bottom: 5px;'><strong>Tecnolog\u00eda:<\/strong> Reducci\u00f3n de ruido y eco<\/li>\n<li style='margin-bottom: 5px;'><strong>M\u00f3dulo GPS:<\/strong> S\u00ed<\/li>\n<li style='margin-bottom: 5px;'><strong>WiFi:<\/strong> 802.11 a\/b\/g\/n\/ac<\/li>\n<li style='margin-bottom: 5px;'><strong>Bluetooth:<\/strong> BT4.0<\/li>\n<li style='margin-bottom: 5px;'><strong>M\u00f3dulo 3G y 4G:<\/strong> S\u00ed (requiere SIM de datos para transmisi\u00f3n remota y licencias)<\/li>\n<li style='margin-bottom: 5px;'><strong>Almacenamiento interno:<\/strong> 32 GB (no extra\u00edble)<\/li>\n<li style='margin-bottom: 5px;'><strong>Fotograf\u00edas:<\/strong> Hasta 40 Megapixel<\/li>\n<li style='margin-bottom: 5px;'><strong>Micr\u00f3fono:<\/strong> Integrado<\/li>\n<li style='margin-bottom: 5px;'><strong>Rango de IR:<\/strong> 10m<\/li>\n<li style='margin-bottom: 5px;'><strong>Bot\u00f3n SOS:<\/strong> Para alertas a la plataforma HCP<\/li>\n<li style='margin-bottom: 5px;'><strong>Bot\u00f3n PTT:<\/strong> Para comunicaci\u00f3n bidireccional con la plataforma HCP<\/li>\n<li style='margin-bottom: 5px;'><strong>Sistema operativo:<\/strong> Android 9.0<\/li>\n<\/ul><\/div>\n<div style='flex: 1 1 300px; min-width: 280px;'>\n<h3 style='font-size: 22px; border-bottom: 2px solid currentColor; padding-bottom: 5px; margin-top: 0; color: inherit; opacity: 0.8;'>Caracter\u00edsticas F\u00edsicas y El\u00e9ctricas<\/h3>\n<ul style='padding-left: 20px; font-size: 15px; color: inherit;'>\n<li style='margin-bottom: 5px;'><strong>Pantalla:<\/strong> 2.4 pulgadas TFT LCD&comma; 320*240<\/li>\n<li style='margin-bottom: 5px;'><strong>Protecci\u00f3n:<\/strong> IP68 para exterior<\/li>\n<li style='margin-bottom: 5px;'><strong>Dimensiones:<\/strong> 92.8 * 59.7 * 28.5 mm<\/li>\n<li style='margin-bottom: 5px;'><strong>Peso:<\/strong> 194.5g<\/li>\n<li style='margin-bottom: 5px;'><strong>Interfaz:<\/strong> USB-C para extracci\u00f3n de eventos<\/li>\n<li style='margin-bottom: 5px;'><strong>Alimentaci\u00f3n:<\/strong> Por medio de interfaz USB-C<\/li>\n<li style='margin-bottom: 5px;'><strong>Bater\u00eda:<\/strong> 3300 mAh (hasta 12 horas de grabaci\u00f3n en 720p)<\/li>\n<li style='margin-bottom: 5px;'><strong>Accesorio:<\/strong> Clip curvo de sujeci\u00f3n para solapa<\/li>\n<li style='margin-bottom: 5px;'><strong>Certificaci\u00f3n:<\/strong> MIL-STD-810G<\/li>\n<li style='margin-bottom: 5px;'><strong>Resistencia:<\/strong> IP68 y ca\u00eddas hasta 2 metros<\/li>\n<li style='margin-bottom: 5px;'><strong>Alimentaci\u00f3n:<\/strong> 5VDC&comma; 2.0A Max. 10W<\/li>\n<li style='margin-bottom: 5px;'><strong>Garant\u00eda:<\/strong> 5 a\u00f1os<\/li>\n<\/ul><\/div>\n<\/p><\/div>\n<div style='display: flex; flex-wrap: wrap; gap: 20px; margin-bottom: 30px;'>\n<div style='flex: 1 1 100%; border: 1px solid rgba(150&comma; 150&comma; 150&comma; 0.4); border-radius: 8px; overflow: hidden;'>\n<div style='padding: 15px; border-bottom: 1px solid rgba(150&comma; 150&comma; 150&comma; 0.2); font-weight: bold; font-size: 18px; color: inherit;'>Consideraciones para transmisi\u00f3n y centralizaci\u00f3n remota<\/div>\n<div style='padding: 15px; color: inherit;'>\n<ul style='padding-left: 20px; margin: 0; font-size: 14px; list-style-type: disc;'>\n<li style='margin-bottom: 10px;'> <strong style='color: inherit;'>HC-P-VSS-B\/0C<\/strong>: <a href='https:\/\/www.syscom.mx\/principal\/searchcont?route=HC-P-VSS-B\/0C-HIKVISION-188079&#038;autodetect=hcp' style='color: #005cb9; text-decoration: none; font-weight: 600;'>Licencia Base<\/a> para el software HikCentral Professional <\/li>\n<li style='margin-bottom: 10px;'> <strong style='color: inherit;'>HC-P-BWC\/1C<\/strong>: <a href='https:\/\/www.syscom.mx\/principal\/searchcont?route=HC-P-BWC\/1C-HIKVISION-224585&#038;autodetect=HCPBWC\/1C' style='color: #005cb9; text-decoration: none; font-weight: 600;'>Licencia<\/a> que a\u00f1ade un canal adicional a la base (una por cada c\u00e1mara) <\/li>\n<\/ul>\n<p style='margin-top: 20px; margin-bottom: 10px; font-weight: bold;'>Infraestructura de red requerida:<\/p>\n<ul style='padding-left: 20px; margin: 0; font-size: 14px; list-style-type: disc;'>\n<li style='margin-bottom: 10px;'>Servidor dedicado para software Hik-Central Profesional (m\u00ednimo Core i5 y 8 GB RAM)<\/li>\n<li style='margin-bottom: 10px;'>IP p\u00fablica fija y ancho de banda adecuado seg\u00fan n\u00famero de dispositivos a centralizar<\/li>\n<\/ul>\n<p style='margin-top: 20px; font-weight: bold;'>Estaci\u00f3n de descarga de informaci\u00f3n y carga de la bater\u00eda: <strong>DSMDS001\/2T\/8(B)(MCW409)<\/strong><\/p>\n<p style='margin-top: 10px;'>La body camera est\u00e1 dise\u00f1ada principalmente para seguridad y cumplimiento de la ley&comma; permitiendo grabar v\u00eddeo y audio. Su tama\u00f1o peque\u00f1o&comma; peso ligero&comma; facilidad de transporte y operaci\u00f3n la convierten en una herramienta ideal para estas aplicaciones.<\/p>\n<\/p><\/div>\n<\/p><\/div>\n<\/p><\/div>\n<hr style='border: 0; border-top: 1px solid rgba(150&comma; 150&comma; 150&comma; 0.3); margin: 30px 0;'>\n<div style='text-align: center; margin: 30px 0;'> <img style='width: 100%; height: auto; border: 1px solid rgba(150&comma;150&comma;150&comma;0.3); border-radius: 8px;' src='https:\/\/ftp3.syscom.mx\/usuarios\/jsosa\/HIKVISION\/imagenes\/banners\/solution%20complete.png' alt='Soluci\u00f3n completa'> <\/div>\n<\/p><\/div>\n","protected":false},"excerpt":{"rendered":"<p>Body Camera Port\u00e1til \/ Grabaci\u00f3n a 2K \/ Pantalla 2.4&#8243; LCD \/ IP68 \/ H.265 \/ 64 GB de Almacenamiento \/ GPS \/ WIFI \/ 3G y 4G \/ Fotos de Hasta 40 Megapixel \/ Micr\u00f3fono Integrado<\/p>\n","protected":false},"featured_media":102177,"comment_status":"open","ping_status":"closed","template":"","meta":[],"product_brand":[],"product_cat":[2266,1406],"product_tag":[2267,1409,54,1345],"class_list":{"0":"post-102178","1":"product","2":"type-product","3":"status-publish","4":"has-post-thumbnail","6":"product_cat-body-cams-portatiles","7":"product_cat-videograbadoras-moviles-videovigilancia","8":"product_tag-body-cams-portatiles","9":"product_tag-dash-cams-y-body-cams","10":"product_tag-hikvision","11":"product_tag-videograbadoras-moviles","13":"first","14":"outofstock","15":"sale","16":"shipping-taxable","17":"purchasable","18":"product-type-simple"},"_links":{"self":[{"href":"https:\/\/soydeaqui.ddns.net\/pachuca\/index.php\/wp-json\/wp\/v2\/product\/102178","targetHints":{"allow":["GET"]}}],"collection":[{"href":"https:\/\/soydeaqui.ddns.net\/pachuca\/index.php\/wp-json\/wp\/v2\/product"}],"about":[{"href":"https:\/\/soydeaqui.ddns.net\/pachuca\/index.php\/wp-json\/wp\/v2\/types\/product"}],"replies":[{"embeddable":true,"href":"https:\/\/soydeaqui.ddns.net\/pachuca\/index.php\/wp-json\/wp\/v2\/comments?post=102178"}],"wp:featuredmedia":[{"embeddable":true,"href":"https:\/\/soydeaqui.ddns.net\/pachuca\/index.php\/wp-json\/wp\/v2\/media\/102177"}],"wp:attachment":[{"href":"https:\/\/soydeaqui.ddns.net\/pachuca\/index.php\/wp-json\/wp\/v2\/media?parent=102178"}],"wp:term":[{"taxonomy":"product_brand","embeddable":true,"href":"https:\/\/soydeaqui.ddns.net\/pachuca\/index.php\/wp-json\/wp\/v2\/product_brand?post=102178"},{"taxonomy":"product_cat","embeddable":true,"href":"https:\/\/soydeaqui.ddns.net\/pachuca\/index.php\/wp-json\/wp\/v2\/product_cat?post=102178"},{"taxonomy":"product_tag","embeddable":true,"href":"https:\/\/soydeaqui.ddns.net\/pachuca\/index.php\/wp-json\/wp\/v2\/product_tag?post=102178"}],"curies":[{"name":"wp","href":"https:\/\/api.w.org\/{rel}","templated":true}]}}