{"id":102170,"date":"2026-03-20T12:38:58","date_gmt":"2026-03-20T12:38:58","guid":{"rendered":"https:\/\/soydeaqui.ddns.net\/pachuca\/index.php\/producto\/camara-ip-wi-fi-para-hogar-2-megapixel-audio-doble-via-vision-nocturna-notificacion-push-acepta-memoria-micro-sd-de-para-grabacion\/"},"modified":"2026-03-20T12:38:59","modified_gmt":"2026-03-20T12:38:59","slug":"camara-ip-wi-fi-para-hogar-2-megapixel-audio-doble-via-vision-nocturna-notificacion-push-acepta-memoria-micro-sd-de-para-grabacion","status":"publish","type":"product","link":"https:\/\/soydeaqui.ddns.net\/pachuca\/index.php\/producto\/camara-ip-wi-fi-para-hogar-2-megapixel-audio-doble-via-vision-nocturna-notificacion-push-acepta-memoria-micro-sd-de-para-grabacion\/","title":{"rendered":"C\u00e1mara IP Wi-Fi para hogar, 2 megapixel, audio doble v\u00eda, visi\u00f3n nocturna, notificaci\u00f3n Push, acepta memoria Micro SD de para grabaci\u00f3n."},"content":{"rendered":"<div style='width: 100%; max-width: 1200px; margin: 0 auto; font-family: sans-serif; line-height: 1.6; color: inherit; background-color: transparent;'>\n<p style='text-align: center; margin: 0; padding: 20px 0;'><a href='#link' target='_blank' rel='noopener' style='display: inline-block; width: 100%; max-width: 800px;'> <img style='width: 100%; height: auto; border: 1px solid rgba(150&comma;150&comma;150&comma;0.3); border-radius: 8px;' src='https:\/\/ftp3.syscom.mx\/usuarios\/rcovarrubias\/TPLINK\/TP-LINK\/bannerTPLINK%20PAG.png' alt='Banner del producto'> <\/a><\/p>\n<p> <!-- Secci\u00f3n de Columnas --> <\/p>\n<div style='display: flex; flex-wrap: wrap; gap: 30px; margin: 30px 0;'> <!-- Columna 1 - Caracter\u00edsticas principales --> <\/p>\n<div style='flex: 1 1 300px; min-width: 280px;'>\n<h3 style='font-size: 22px; border-bottom: 2px solid currentColor; padding-bottom: 5px; margin-top: 0; color: inherit; opacity: 0.8;'>Caracter\u00edsticas principales:<\/h3>\n<ul style='padding-left: 20px; font-size: 15px; color: inherit;'>\n<li style='margin-bottom: 5px;'>Disparador de entrada: Detecci\u00f3n de movimiento.<\/li>\n<li style='margin-bottom: 5px;'>Notificaci\u00f3n de salida: Notificaci\u00f3n Push.<\/li>\n<li style='margin-bottom: 5px;'>Soporta 4 streams de video simult\u00e1neos.<\/li>\n<li style='margin-bottom: 5px;'>Al mismo tiempo pudiera soportar 4 usuarios simult\u00e1neos.<\/li>\n<li style='margin-bottom: 5px;'>Codec H.264.<\/li>\n<li style='margin-bottom: 5px;'>Resoluci\u00f3n 1080p Full HD.<\/li>\n<li style='margin-bottom: 5px;'>Rango de vista 360\u00b0 horizontal&comma; 114\u00b0 vertical.<\/li>\n<li style='margin-bottom: 5px;'>Audio en 2 v\u00edas.<\/li>\n<li style='margin-bottom: 5px;'>Frecuencia 2.4GHz.<\/li>\n<li style='margin-bottom: 5px;'>Soporta memoria MicroSD de 128 GB para grabaci\u00f3n local (no incluye memoria).<\/li>\n<li style='margin-bottom: 5px;'>Visi\u00f3n nocturna hasta 10 metros.<\/li>\n<li style='margin-bottom: 5px;'>Lente focal de 4mm.<\/li>\n<\/ul><\/div>\n<p> <!-- Columna 2 - Caracter\u00edsticas F\u00edsicas y El\u00e9ctricas --> <\/p>\n<div style='flex: 1 1 300px; min-width: 280px;'>\n<h3 style='font-size: 22px; border-bottom: 2px solid currentColor; padding-bottom: 5px; margin-top: 0; color: inherit; opacity: 0.8;'>Caracter\u00edsticas F\u00edsicas y El\u00e9ctricas:<\/h3>\n<ul style='padding-left: 20px; font-size: 15px; color: inherit;'>\n<li style='margin-bottom: 5px;'>Entrada del adaptador 100-240V AC&comma; 50\/60 Hz.<\/li>\n<li style='margin-bottom: 5px;'>Salida del adaptador 9.0V\/0.6A.<\/li>\n<li style='margin-bottom: 5px;'>Bot\u00f3n de reset.<\/li>\n<li style='margin-bottom: 5px;'>Indicador LED.<\/li>\n<li style='margin-bottom: 5px;'>Micr\u00f3fono y altavoz integrado.<\/li>\n<li style='margin-bottom: 5px;'>Temperatura de operaci\u00f3n: 0\u00ba ~ 40\u00ba C.<\/li>\n<li style='margin-bottom: 5px;'>Dimensiones: 86.6 \u00d7 85 \u00d7 117.7 mm.<\/li>\n<\/ul><\/div>\n<p> <!-- Columna 3 - Incluye Paquete --> <\/p>\n<div style='flex: 1 1 300px; min-width: 280px;'>\n<h3 style='font-size: 22px; border-bottom: 2px solid currentColor; padding-bottom: 5px; margin-top: 0; color: inherit; opacity: 0.8;'>Incluye Paquete<\/h3>\n<ul style='padding-left: 20px; font-size: 15px; color: inherit;'>\n<li style='margin-bottom: 5px;'>Tapo Pan\/Tilt Home Security Wi-Fi Camera<\/li>\n<li style='margin-bottom: 5px;'>Adaptador de corriente.<\/li>\n<li style='margin-bottom: 5px;'>Gu\u00eda de instalaci\u00f3n r\u00e1pida.<\/li>\n<li style='margin-bottom: 5px;'>Tornillos de montaje.<\/li>\n<li style='margin-bottom: 5px;'>Placa de montaje.<\/li>\n<li style='margin-bottom: 5px;'>Base de la c\u00e1mara.<\/li>\n<\/ul><\/div>\n<\/p><\/div>\n<p> <!-- Galer\u00eda de Im\u00e1genes --> <\/p>\n<div style='display: flex; flex-direction: column; gap: 20px; margin: 30px 0;'>\n<div style='text-align: center;'> <img style='width: 100%; height: auto; border: 1px solid rgba(150&comma;150&comma;150&comma;0.3); border-radius: 8px;' src='https:\/\/ftp3.syscom.mx\/usuarios\/esanchez\/TPLINK\/TAPOC200\/Captura%20de%20pantalla%202019-12-20%20a%20la%28s%29%2018.32.28.png' alt='Captura de pantalla 1'> <\/div>\n<div style='text-align: center;'> <img style='width: 100%; height: auto; border: 1px solid rgba(150&comma;150&comma;150&comma;0.3); border-radius: 8px;' src='https:\/\/ftp3.syscom.mx\/usuarios\/esanchez\/TPLINK\/TAPOC200\/Captura%20de%20pantalla%202019-12-21%20a%20la%28s%29%2010.36.20.png' alt='Captura de pantalla 2'> <\/div>\n<div style='text-align: center;'> <img style='width: 100%; height: auto; border: 1px solid rgba(150&comma;150&comma;150&comma;0.3); border-radius: 8px;' src='https:\/\/ftp3.syscom.mx\/usuarios\/esanchez\/TPLINK\/TAPOC200\/Captura%20de%20pantalla%202019-12-20%20a%20la%28s%29%2018.32.58.png' alt='Captura de pantalla 3'> <\/div>\n<\/p><\/div>\n<\/p><\/div>\n","protected":false},"excerpt":{"rendered":"<p>C\u00e1mara IP Wi-Fi para hogar, 2 megapixel, audio doble v\u00eda, visi\u00f3n nocturna, notificaci\u00f3n Push, acepta memoria Micro SD de para grabaci\u00f3n.<\/p>\n","protected":false},"featured_media":32,"comment_status":"open","ping_status":"closed","template":"","meta":[],"product_brand":[],"product_cat":[1224],"product_tag":[122,2045,1225],"class_list":{"0":"post-102170","1":"product","2":"type-product","3":"status-publish","4":"has-post-thumbnail","6":"product_cat-ptz","7":"product_tag-camaras-ip-y-nvrs","8":"product_tag-mercusys","9":"product_tag-ptz","11":"first","12":"instock","13":"sale","14":"shipping-taxable","15":"purchasable","16":"product-type-simple"},"_links":{"self":[{"href":"https:\/\/soydeaqui.ddns.net\/pachuca\/index.php\/wp-json\/wp\/v2\/product\/102170","targetHints":{"allow":["GET"]}}],"collection":[{"href":"https:\/\/soydeaqui.ddns.net\/pachuca\/index.php\/wp-json\/wp\/v2\/product"}],"about":[{"href":"https:\/\/soydeaqui.ddns.net\/pachuca\/index.php\/wp-json\/wp\/v2\/types\/product"}],"replies":[{"embeddable":true,"href":"https:\/\/soydeaqui.ddns.net\/pachuca\/index.php\/wp-json\/wp\/v2\/comments?post=102170"}],"wp:featuredmedia":[{"embeddable":true,"href":"https:\/\/soydeaqui.ddns.net\/pachuca\/index.php\/wp-json\/wp\/v2\/media\/32"}],"wp:attachment":[{"href":"https:\/\/soydeaqui.ddns.net\/pachuca\/index.php\/wp-json\/wp\/v2\/media?parent=102170"}],"wp:term":[{"taxonomy":"product_brand","embeddable":true,"href":"https:\/\/soydeaqui.ddns.net\/pachuca\/index.php\/wp-json\/wp\/v2\/product_brand?post=102170"},{"taxonomy":"product_cat","embeddable":true,"href":"https:\/\/soydeaqui.ddns.net\/pachuca\/index.php\/wp-json\/wp\/v2\/product_cat?post=102170"},{"taxonomy":"product_tag","embeddable":true,"href":"https:\/\/soydeaqui.ddns.net\/pachuca\/index.php\/wp-json\/wp\/v2\/product_tag?post=102170"}],"curies":[{"name":"wp","href":"https:\/\/api.w.org\/{rel}","templated":true}]}}