{"id":102156,"date":"2026-03-20T12:38:11","date_gmt":"2026-03-20T12:38:11","guid":{"rendered":"https:\/\/soydeaqui.ddns.net\/pachuca\/index.php\/producto\/plataforma-dji-modify-fligship-licencia-de-1-ano-para-1-dispositivo\/"},"modified":"2026-03-20T12:38:16","modified_gmt":"2026-03-20T12:38:16","slug":"plataforma-dji-modify-fligship-licencia-de-1-ano-para-1-dispositivo","status":"publish","type":"product","link":"https:\/\/soydeaqui.ddns.net\/pachuca\/index.php\/producto\/plataforma-dji-modify-fligship-licencia-de-1-ano-para-1-dispositivo\/","title":{"rendered":"Plataforma DJI Modify Fligship Licencia de 1 A\u00f1o para 1 Dispositivo"},"content":{"rendered":"<div style='width: 100%; max-width: 1200px; margin: 0 auto; font-family: sans-serif; line-height: 1.6; color: inherit; background-color: transparent;'>\n<div style='display: flex; flex-wrap: wrap; gap: 30px; margin-bottom: 30px;'>\n<div style='flex: 1 1 300px; min-width: 280px;'>\n<h3 style='font-size: 22px; border-bottom: 2px solid currentColor; padding-bottom: 5px; margin-top: 0; color: inherit; opacity: 0.8;'>Caracter\u00edsticas principales<\/h3>\n<ul style='padding-left: 20px; font-size: 15px; color: inherit;'>\n<li style='margin-bottom: 5px;'>Licencia de Modify Fligship 1 A\u00f1o para 1 Dispositivo<\/li>\n<li style='margin-bottom: 5px;'>Versi\u00f3n Insignia<\/li>\n<li style='margin-bottom: 5px;'>Edici\u00f3n de Malla 3D<\/li>\n<li style='margin-bottom: 5px;'>Edici\u00f3n de Nube de Puntos<\/li>\n<li style='margin-bottom: 5px;'>Generaci\u00f3n de resultados del Terreno<\/li>\n<li style='margin-bottom: 5px;'>Online<\/li>\n<li style='margin-bottom: 5px;'>Solo licencia de software<\/li>\n<\/ul>\n<p style='font-size: 14px; color: inherit; opacity: 0.8; margin-top: 20px;'>Notas: Solicitar a Ingenier\u00eda cualquier duda de compatibilidad. No hay cambio o devoluci\u00f3n en licencias.<\/p>\n<\/p><\/div>\n<\/p><\/div>\n<div style='width: 100%; margin: 30px 0;'>\n<p style='text-align: center; font-size: 16px; font-weight: bold; color: inherit;'> DJI Modify es el primer software inteligente de edici\u00f3n de modelos 3D de DJI. Cuenta con una interfaz intuitiva y optimizada que facilita la edici\u00f3n de modelos de forma eficiente. Permite suavizar r\u00e1pidamente las nubes de puntos&comma; reducir el ruido y realizar un muestreo y una clasificaci\u00f3n con ajuste de categor\u00edas de nube de puntos con un solo clic y generaci\u00f3n autom\u00e1tica de resultados del terreno. <\/p>\n<\/p><\/div>\n<div style='display: flex; flex-wrap: wrap; gap: 20px; justify-content: center; margin: 30px 0;'> <img style='width: 100%; max-width: 800px; height: auto; border: 1px solid rgba(150&comma;150&comma;150&comma;0.3); border-radius: 8px;' src='https:\/\/ftp3.syscom.mx\/usuarios\/ialdama\/DJI\/modify-1.png' alt='Modifiy-1'> <img style='width: 100%; max-width: 800px; height: auto; border: 1px solid rgba(150&comma;150&comma;150&comma;0.3); border-radius: 8px;' src='https:\/\/ftp3.syscom.mx\/usuarios\/ialdama\/DJI\/MODIFY-2.png' alt='MODIFY-2'> <img style='width: 100%; max-width: 800px; height: auto; border: 1px solid rgba(150&comma;150&comma;150&comma;0.3); border-radius: 8px;' src='https:\/\/ftp3.syscom.mx\/usuarios\/ialdama\/DJI\/MODIFY-3.png' alt='MODIFY-3'> <img style='width: 100%; max-width: 800px; height: auto; border: 1px solid rgba(150&comma;150&comma;150&comma;0.3); border-radius: 8px;' src='https:\/\/ftp3.syscom.mx\/usuarios\/ialdama\/DJI\/MODIFY-4.png' alt='MODFY-4'> <img style='width: 100%; max-width: 800px; height: auto; border: 1px solid rgba(150&comma;150&comma;150&comma;0.3); border-radius: 8px;' src='https:\/\/ftp3.syscom.mx\/usuarios\/ialdama\/DJI\/MODIFY-5.png' alt='MODIFY-5'> <\/div>\n<hr style='border: 0; border-top: 1px solid rgba(150&comma; 150&comma; 150&comma; 0.3); margin: 30px 0;'>\n<div style='width: 100%; margin: 30px 0;'>\n<p style='text-align: center; font-weight: bold; font-size: 16px; color: inherit;'> Interacci\u00f3n optimizada: <\/p>\n<p style='color: inherit; font-size: 14px; margin-bottom: 15px;'> Sin necesidad de configuraciones complejas&comma; DJI Modify permite la importaci\u00f3n y exportaci\u00f3n r\u00e1pida de archivos de modelo y la edici\u00f3n por lotes de varios modelos&comma; lo que reduce significativamente la carga de trabajo de edici\u00f3n. <\/p>\n<p style='color: inherit; font-size: 14px; margin-bottom: 15px;'> Reparaci\u00f3n eficiente de modelos: DJI Modify admite diversas funciones de edici\u00f3n&comma; como la eliminaci\u00f3n de piezas flotantes&comma; el aplanamiento de superficies&comma; la reparaci\u00f3n de texturas&comma; el relleno de agujeros y la reparaci\u00f3n de la superficie del agua&comma; lo que proporciona modelos bien editados con alta eficiencia. <\/p>\n<p style='color: inherit; font-size: 14px; margin-bottom: 15px;'> Entrega r\u00e1pida: DJI Modify permite exportar archivos de modelo en diversos formatos compatibles con DJI Terra o software de terceros&comma; como ply&comma; obj y b3dm. Los modelos procesados se pueden compartir r\u00e1pidamente en la nube. <\/p>\n<p style='color: inherit; font-size: 14px;'> Modos de autorizaci\u00f3n: Se admite la autorizaci\u00f3n en l\u00ednea. <\/p>\n<\/p><\/div>\n<\/p><\/div>\n","protected":false},"excerpt":{"rendered":"<p>Plataforma DJI Modify Fligship Licencia de 1 A\u00f1o para 1 Dispositivo<\/p>\n","protected":false},"featured_media":102155,"comment_status":"open","ping_status":"closed","template":"","meta":[],"product_brand":[],"product_cat":[2223,2225],"product_tag":[2228,2226,2227],"class_list":{"0":"post-102156","1":"product","2":"type-product","3":"status-publish","4":"has-post-thumbnail","6":"product_cat-drones","7":"product_cat-drones-robots-e-industrial","8":"product_tag-dji","9":"product_tag-drones","10":"product_tag-robots-e-industrial","12":"first","13":"outofstock","14":"sale","15":"shipping-taxable","16":"purchasable","17":"product-type-simple"},"_links":{"self":[{"href":"https:\/\/soydeaqui.ddns.net\/pachuca\/index.php\/wp-json\/wp\/v2\/product\/102156","targetHints":{"allow":["GET"]}}],"collection":[{"href":"https:\/\/soydeaqui.ddns.net\/pachuca\/index.php\/wp-json\/wp\/v2\/product"}],"about":[{"href":"https:\/\/soydeaqui.ddns.net\/pachuca\/index.php\/wp-json\/wp\/v2\/types\/product"}],"replies":[{"embeddable":true,"href":"https:\/\/soydeaqui.ddns.net\/pachuca\/index.php\/wp-json\/wp\/v2\/comments?post=102156"}],"wp:featuredmedia":[{"embeddable":true,"href":"https:\/\/soydeaqui.ddns.net\/pachuca\/index.php\/wp-json\/wp\/v2\/media\/102155"}],"wp:attachment":[{"href":"https:\/\/soydeaqui.ddns.net\/pachuca\/index.php\/wp-json\/wp\/v2\/media?parent=102156"}],"wp:term":[{"taxonomy":"product_brand","embeddable":true,"href":"https:\/\/soydeaqui.ddns.net\/pachuca\/index.php\/wp-json\/wp\/v2\/product_brand?post=102156"},{"taxonomy":"product_cat","embeddable":true,"href":"https:\/\/soydeaqui.ddns.net\/pachuca\/index.php\/wp-json\/wp\/v2\/product_cat?post=102156"},{"taxonomy":"product_tag","embeddable":true,"href":"https:\/\/soydeaqui.ddns.net\/pachuca\/index.php\/wp-json\/wp\/v2\/product_tag?post=102156"}],"curies":[{"name":"wp","href":"https:\/\/api.w.org\/{rel}","templated":true}]}}