{"id":102144,"date":"2026-03-20T12:37:34","date_gmt":"2026-03-20T12:37:34","guid":{"rendered":"https:\/\/soydeaqui.ddns.net\/pachuca\/index.php\/producto\/foco-gimbal-120w-maximo-13400-lumenes-4-grupos-opticos-750g-peso-iluminacion-150m-compatible-con-m300-m350-m400\/"},"modified":"2026-03-20T12:37:42","modified_gmt":"2026-03-20T12:37:42","slug":"foco-gimbal-120w-maximo-13400-lumenes-4-grupos-opticos-750g-peso-iluminacion-150m-compatible-con-m300-m350-m400","status":"publish","type":"product","link":"https:\/\/soydeaqui.ddns.net\/pachuca\/index.php\/producto\/foco-gimbal-120w-maximo-13400-lumenes-4-grupos-opticos-750g-peso-iluminacion-150m-compatible-con-m300-m350-m400\/","title":{"rendered":"Foco Gimbal, 120W M\u00e1ximo, 13400 L\u00famenes, 4 Grupos \u00d3pticos, 750g Peso, Iluminaci\u00f3n 150m, Compatible con M300\/M350\/M400"},"content":{"rendered":"<div style=\"width: 100%; max-width: 1200px; margin: 0 auto; font-family: sans-serif; line-height: 1.6; color: inherit; background-color: transparent;\">\n<div style=\"margin-bottom: 30px;\">\n<div style=\"box-sizing: border-box; color: #414141; font-family: sans-serif; font-size: 14px; font-style: normal; font-variant-ligatures: normal; font-variant-caps: normal; font-weight: 400; letter-spacing: normal; orphans: 2; text-align: left; text-indent: 0px; text-transform: none; widows: 2; word-spacing: 0px; -webkit-text-stroke-width: 0px; white-space: normal; background-color: #ffffff; text-decoration-thickness: initial; text-decoration-style: initial; text-decoration-color: initial; margin-bottom: 30px;\" data-pasted=\"true\">\n<h2 style=\"box-sizing: border-box; margin-top: 0px; margin-bottom: 10px; font-weight: normal; line-height: 2; color: inherit; font-size: 28px;\"><span style=\"font-size: 18px;\">El GL60 Plus Gimbal Searchlight es un foco profesional para drones que incorpora tecnolog&iacute;a &oacute;ptica avanzada con 4 grupos de componentes de imagen &oacute;ptica&comma; cada grupo compuesto por 4 lentes que emiten un haz de luz preciso con un &aacute;ngulo de solo 15 grados. Con una potencia m&aacute;xima de 120W y un flujo luminoso de 13400 l&uacute;menes&comma; ofrece una iluminaci&oacute;n central de 24 lux a 100 metros y cubre un &aacute;rea efectiva de 1225 metros cuadrados a 150 metros de altura. Dise&ntilde;ado con un peso ultra ligero de 750 gramos y interfaz DJI SkyPort V2.0&comma; es compatible con drones DJI M300\/350RTK y otras series&comma; ideal para operaciones nocturnas de aplicaci&oacute;n de ley&comma; bomberos&comma; b&uacute;squeda y rescate&comma; patrullaje de l&iacute;neas el&eacute;ctricas y otras operaciones empresariales nocturnas<\/span>.<\/h2>\n<\/p><\/div>\n<div style=\"box-sizing: border-box; color: #414141; font-family: sans-serif; font-size: 14px; font-style: normal; font-variant-ligatures: normal; font-variant-caps: normal; font-weight: 400; letter-spacing: normal; orphans: 2; text-align: left; text-indent: 0px; text-transform: none; widows: 2; word-spacing: 0px; -webkit-text-stroke-width: 0px; white-space: normal; background-color: #ffffff; text-decoration-thickness: initial; text-decoration-style: initial; text-decoration-color: initial; display: flex; flex-wrap: wrap; gap: 30px; margin-bottom: 30px;\">\n<div style=\"box-sizing: border-box; flex: 1 1 300px; min-width: 280px;\">\n<h3 style=\"box-sizing: border-box; margin-top: 0px; margin-bottom: 0.5rem; font-weight: 500; line-height: 1.2; color: inherit; font-size: 22px; border-bottom: 2px solid currentcolor; padding-bottom: 5px; opacity: 0.8;\"><span style=\"box-sizing: border-box; font-size: 24px;\">Caracter&iacute;sticas Generales<\/span><\/h3>\n<\/p><\/div>\n<\/p><\/div>\n<\/p><\/div>\n<div style=\"display: flex; flex-wrap: wrap; gap: 30px; margin-bottom: 30px;\">\n<div style=\"flex: 1 1 300px; min-width: 280px;\">\n<ul style=\"padding-left: 20px; font-size: 15px; color: inherit;\">\n<li style=\"margin-bottom: 5px;\"><strong>Tecnolog&iacute;a &Oacute;ptica:<\/strong> 4 grupos de componentes de imagen &oacute;ptica con 4 lentes cada uno<\/li>\n<li style=\"margin-bottom: 5px;\"><strong>&Aacute;ngulo Luminoso:<\/strong> 15 grados<\/li>\n<li style=\"margin-bottom: 5px;\"><strong>Potencia M&aacute;xima:<\/strong> 120W<\/li>\n<li style=\"margin-bottom: 5px;\"><strong>Flujo Luminoso:<\/strong> 13400 l&uacute;menes &plusmn;3%<\/li>\n<li style=\"margin-bottom: 5px;\"><strong>Eficacia Luminosa:<\/strong> 111.67 lm\/W (120W)&comma; 133.33 lm\/W (60W)<\/li>\n<li style=\"margin-bottom: 5px;\"><strong>Peso:<\/strong> 750 gramos<\/li>\n<li style=\"margin-bottom: 5px;\"><strong>Dimensiones:<\/strong> 126*131*167mm<\/li>\n<li style=\"margin-bottom: 5px;\"><strong>Interfaz El&eacute;ctrica:<\/strong> DJI SkyPort V2.0<\/li>\n<li style=\"margin-bottom: 5px;\"><strong>Compatibilidad:<\/strong> DJI M300\/350RTK y otras series<\/li>\n<li style=\"margin-bottom: 5px;\"><strong>Dise&ntilde;o:<\/strong> Sin reflector&comma; cuerpo totalmente sellado<\/li>\n<li style=\"margin-bottom: 5px;\"><strong>Modos de Funci&oacute;n:<\/strong> Encendido normal&comma; Flash intenso<\/li>\n<li style=\"margin-bottom: 5px;\"><strong>Control:<\/strong> Ajuste lineal de luz&comma; Ajuste de &aacute;ngulo del gimbal&comma; Seguimiento autom&aacute;tico<\/li>\n<\/ul><\/div>\n<\/p><\/div>\n<div style=\"display: flex; flex-wrap: wrap; gap: 20px; margin-bottom: 30px;\">\n<div style=\"flex: 1 1 250px; border: 1px solid rgba(150&comma; 150&comma; 150&comma; 0.4); border-radius: 8px; overflow: hidden; display: flex; flex-direction: column;\">\n<div style=\"padding: 15px; border-bottom: 1px solid rgba(150&comma; 150&comma; 150&comma; 0.2); font-weight: bold; font-size: 18px; color: inherit;\"><span style=\"font-size: 24px;\">Desempe&ntilde;o de Iluminaci&oacute;n<\/span><\/div>\n<div style=\"padding: 15px; color: inherit;\">\n<ul style=\"padding-left: 20px; margin: 0; font-size: 14px; list-style-type: disc;\">\n<li style=\"margin-bottom: 5px;\"><strong>120W &#8211; 50m:<\/strong> Di&aacute;metro spot 13.2m&comma; &Aacute;rea 136m&sup2;&comma; Iluminaci&oacute;n 85Lux<\/li>\n<li style=\"margin-bottom: 5px;\"><strong>120W &#8211; 100m:<\/strong> Di&aacute;metro spot 26.4m&comma; &Aacute;rea 544m&sup2;&comma; Iluminaci&oacute;n 24Lux<\/li>\n<li style=\"margin-bottom: 5px;\"><strong>120W &#8211; 150m:<\/strong> Di&aacute;metro spot 39.5m&comma; &Aacute;rea 1225m&sup2;&comma; Iluminaci&oacute;n 11Lux<\/li>\n<li style=\"margin-bottom: 5px;\"><strong>60W &#8211; 50m:<\/strong> Di&aacute;metro spot 13.2m&comma; &Aacute;rea 136m&sup2;&comma; Iluminaci&oacute;n 45Lux<\/li>\n<li style=\"margin-bottom: 5px;\"><strong>60W &#8211; 100m:<\/strong> Di&aacute;metro spot 26.4m&comma; &Aacute;rea 544m&sup2;&comma; Iluminaci&oacute;n 12Lux<\/li>\n<li style=\"margin-bottom: 5px;\"><strong>60W &#8211; 150m:<\/strong> Di&aacute;metro spot 39.5m&comma; &Aacute;rea 1225m&sup2;&comma; Iluminaci&oacute;n 6Lux<\/li>\n<li style=\"margin-bottom: 5px;\"><strong>Distancia Iluminaci&oacute;n:<\/strong> Hasta 150 metros<\/li>\n<li style=\"margin-bottom: 5px;\"><strong>&Aacute;rea Efectiva:<\/strong> Hasta 1225 metros cuadrados<\/li>\n<\/ul><\/div>\n<\/p><\/div>\n<div style=\"flex: 1 1 250px; border: 1px solid rgba(150&comma; 150&comma; 150&comma; 0.4); border-radius: 8px; overflow: hidden; display: flex; flex-direction: column;\">\n<div style=\"padding: 15px; border-bottom: 1px solid rgba(150&comma; 150&comma; 150&comma; 0.2); font-weight: bold; font-size: 18px; color: inherit;\"><span style=\"font-size: 24px;\">Gimbal y Movimiento<\/span><\/div>\n<div style=\"padding: 15px; color: inherit;\">\n<ul style=\"padding-left: 20px; margin: 0; font-size: 14px; list-style-type: disc;\">\n<li style=\"margin-bottom: 5px;\"><strong>Pitch:<\/strong> -99&deg;~+23&deg; (Rango de dise&ntilde;o)&comma; -100&deg;~+24&deg; (Rango de rotaci&oacute;n)<\/li>\n<li style=\"margin-bottom: 5px;\"><strong>Horizontal:<\/strong> &plusmn;99&deg; (Rango de dise&ntilde;o)&comma; &plusmn;100&deg; (Rango de rotaci&oacute;n)<\/li>\n<li style=\"margin-bottom: 5px;\"><strong>Roll:<\/strong> -90&deg;\uff5e+60&deg;<\/li>\n<li style=\"margin-bottom: 5px;\"><strong>FOV:<\/strong> 15&deg;<\/li>\n<li style=\"margin-bottom: 5px;\"><strong>Funciones:<\/strong> Ajuste de &aacute;ngulo del gimbal&comma; Seguimiento autom&aacute;tico<\/li>\n<\/ul><\/div>\n<\/p><\/div>\n<div style=\"flex: 1 1 250px; border: 1px solid rgba(150&comma; 150&comma; 150&comma; 0.4); border-radius: 8px; overflow: hidden; display: flex; flex-direction: column;\">\n<div style=\"padding: 15px; border-bottom: 1px solid rgba(150&comma; 150&comma; 150&comma; 0.2); font-weight: bold; font-size: 18px; color: inherit;\"><span style=\"font-size: 24px;\">El&eacute;ctricas y Ambientales<\/span><\/div>\n<div style=\"padding: 15px; color: inherit;\">\n<ul style=\"padding-left: 20px; margin: 0; font-size: 14px; list-style-type: disc;\">\n<li style=\"margin-bottom: 5px;\"><strong>Voltaje Alimentaci&oacute;n:<\/strong> PSDK 17V + OSDK 24V<\/li>\n<li style=\"margin-bottom: 5px;\"><strong>Potencia Total:<\/strong> 128W (120W LED)&comma; 68W (60W LED)<\/li>\n<li style=\"margin-bottom: 5px;\"><strong>Potencia LED:<\/strong> 120W m&aacute;ximo&comma; 60W m&iacute;nimo<\/li>\n<li style=\"margin-bottom: 5px;\"><strong>Temperatura Operaci&oacute;n:<\/strong> -20&deg;C ~ +50&deg;C<\/li>\n<li style=\"margin-bottom: 5px;\"><strong>Peso:<\/strong> 750 gramos<\/li>\n<li style=\"margin-bottom: 5px;\"><strong>Dimensiones:<\/strong> 126*131*167mm<\/li>\n<li style=\"margin-bottom: 5px;\"><strong>Interfaz:<\/strong> DJI SkyPort V2.0<\/li>\n<\/ul><\/div>\n<\/p><\/div>\n<div style=\"flex: 1 1 250px; border: 1px solid rgba(150&comma; 150&comma; 150&comma; 0.4); border-radius: 8px; overflow: hidden; display: flex; flex-direction: column;\">\n<div style=\"padding: 15px; border-bottom: 1px solid rgba(150&comma; 150&comma; 150&comma; 0.2); font-weight: bold; font-size: 18px; color: inherit;\"><span style=\"font-size: 24px;\">Ventajas del Producto<\/span><\/div>\n<div style=\"padding: 15px; color: inherit;\">\n<ul style=\"padding-left: 20px; margin: 0; font-size: 14px; list-style-type: disc;\">\n<li style=\"margin-bottom: 5px;\">Dise&ntilde;o sin reflector &#8211; Sin sub-spot de luz<\/li>\n<li style=\"margin-bottom: 5px;\">Reducci&oacute;n de p&eacute;rdida de brillo efectivo<\/li>\n<li style=\"margin-bottom: 5px;\">Modo strobo de luz fuerte<\/li>\n<li style=\"margin-bottom: 5px;\">Indicaci&oacute;n silenciosa de repulsi&oacute;n y orientaci&oacute;n<\/li>\n<li style=\"margin-bottom: 5px;\">Fuente de luz LED de alta potencia<\/li>\n<li style=\"margin-bottom: 5px;\">Ajuste lineal de luz<\/li>\n<li style=\"margin-bottom: 5px;\">No sobreexpone licencias de placas<\/li>\n<li style=\"margin-bottom: 5px;\">Tecnolog&iacute;a de imagen &oacute;ptica con 4 conjuntos de lentes<\/li>\n<li style=\"margin-bottom: 5px;\">Cuerpo totalmente sellado<\/li>\n<li style=\"margin-bottom: 5px;\">Peso ultra ligero de 0.7kg<\/li>\n<li style=\"margin-bottom: 5px;\">Uso flexible y mayor tiempo de hover<\/li>\n<\/ul><\/div>\n<\/p><\/div>\n<\/p><\/div>\n<div style=\"display: flex; flex-wrap: wrap; gap: 20px; margin-bottom: 30px; color: inherit;\">\n<div style=\"flex: 1 1 200px;\">\n<h4 style=\"font-size: 16px; font-weight: bold; text-transform: uppercase; opacity: 0.8; color: inherit;\"><span style=\"font-size: 18px;\">Aplicaciones<\/span><\/h4>\n<ul style=\"list-style: none; padding: 0; font-size: 14px;\">\n<li style=\"margin-bottom: 8px; font-size: 18px;\">Aplicaci&oacute;n de ley<\/li>\n<li style=\"margin-bottom: 8px; font-size: 18px;\">Bomberos<\/li>\n<li style=\"margin-bottom: 8px; font-size: 18px;\">B&uacute;squeda y rescate<\/li>\n<li style=\"margin-bottom: 8px; font-size: 18px;\">Patrullaje de l&iacute;neas el&eacute;ctricas<\/li>\n<li style=\"margin-bottom: 8px; font-size: 18px;\">Operaciones empresariales nocturnas<\/li>\n<li style=\"margin-bottom: 8px; font-size: 18px;\">&nbsp;<\/li>\n<li style=\"margin-bottom: 8px; font-size: 18px;\"><strong style=\"font-size: medium;\">Spotlight ultrabrillante 120 Watts<\/strong><\/li>\n<\/ul><\/div>\n<div style=\"margin-bottom: 30px;\"> <\/div>\n<\/p><\/div>\n<\/p><\/div>\n","protected":false},"excerpt":{"rendered":"<p>Foco Gimbal, 120W M\u00e1ximo, 13400 L\u00famenes, 4 Grupos \u00d3pticos, 750g Peso, Iluminaci\u00f3n 150m, Compatible con M300\/M350\/M400<\/p>\n","protected":false},"featured_media":102143,"comment_status":"open","ping_status":"closed","template":"","meta":[],"product_brand":[],"product_cat":[2223,2225],"product_tag":[2345,2226,2227],"class_list":{"0":"post-102144","1":"product","2":"type-product","3":"status-publish","4":"has-post-thumbnail","6":"product_cat-drones","7":"product_cat-drones-robots-e-industrial","8":"product_tag-czi","9":"product_tag-drones","10":"product_tag-robots-e-industrial","12":"first","13":"outofstock","14":"sale","15":"shipping-taxable","16":"purchasable","17":"product-type-simple"},"_links":{"self":[{"href":"https:\/\/soydeaqui.ddns.net\/pachuca\/index.php\/wp-json\/wp\/v2\/product\/102144","targetHints":{"allow":["GET"]}}],"collection":[{"href":"https:\/\/soydeaqui.ddns.net\/pachuca\/index.php\/wp-json\/wp\/v2\/product"}],"about":[{"href":"https:\/\/soydeaqui.ddns.net\/pachuca\/index.php\/wp-json\/wp\/v2\/types\/product"}],"replies":[{"embeddable":true,"href":"https:\/\/soydeaqui.ddns.net\/pachuca\/index.php\/wp-json\/wp\/v2\/comments?post=102144"}],"wp:featuredmedia":[{"embeddable":true,"href":"https:\/\/soydeaqui.ddns.net\/pachuca\/index.php\/wp-json\/wp\/v2\/media\/102143"}],"wp:attachment":[{"href":"https:\/\/soydeaqui.ddns.net\/pachuca\/index.php\/wp-json\/wp\/v2\/media?parent=102144"}],"wp:term":[{"taxonomy":"product_brand","embeddable":true,"href":"https:\/\/soydeaqui.ddns.net\/pachuca\/index.php\/wp-json\/wp\/v2\/product_brand?post=102144"},{"taxonomy":"product_cat","embeddable":true,"href":"https:\/\/soydeaqui.ddns.net\/pachuca\/index.php\/wp-json\/wp\/v2\/product_cat?post=102144"},{"taxonomy":"product_tag","embeddable":true,"href":"https:\/\/soydeaqui.ddns.net\/pachuca\/index.php\/wp-json\/wp\/v2\/product_tag?post=102144"}],"curies":[{"name":"wp","href":"https:\/\/api.w.org\/{rel}","templated":true}]}}