{"id":101985,"date":"2026-03-20T12:29:00","date_gmt":"2026-03-20T12:29:00","guid":{"rendered":"https:\/\/soydeaqui.ddns.net\/pachuca\/index.php\/producto\/camara-ip-4-megapixel-2k-lente-3-18-mm-wi-fi-30-mts-ir-exterior-ip66-audio-bidireccional-micro-sd-hasta-256-gb-compatible-con-google-y-alexa\/"},"modified":"2026-03-20T12:29:01","modified_gmt":"2026-03-20T12:29:01","slug":"camara-ip-4-megapixel-2k-lente-3-18-mm-wi-fi-30-mts-ir-exterior-ip66-audio-bidireccional-micro-sd-hasta-256-gb-compatible-con-google-y-alexa","status":"publish","type":"product","link":"https:\/\/soydeaqui.ddns.net\/pachuca\/index.php\/producto\/camara-ip-4-megapixel-2k-lente-3-18-mm-wi-fi-30-mts-ir-exterior-ip66-audio-bidireccional-micro-sd-hasta-256-gb-compatible-con-google-y-alexa\/","title":{"rendered":"C\u00e1mara IP 4 Megapixel (2K) \/ Lente 3.18 mm \/ Wi-Fi \/ 30 mts IR \/ Exterior IP66 \/ Audio Bidireccional \/ Micro SD  hasta 256 GB \/ Compatible con Google y Alexa"},"content":{"rendered":"<div style=\"width: 100%; max-width: 1200px; margin: 0 auto; font-family: sans-serif; line-height: 1.6; color: inherit; background-color: transparent;\"><!-- Secci\u00f3n de imagen + descripci\u00f3n (2 columnas) --> <\/p>\n<div style=\"display: flex; flex-wrap: wrap; gap: 30px; margin-bottom: 30px;\"><!-- Columna de imagen --> <\/p>\n<div style=\"flex: 1 1 300px; min-width: 280px;\">\n<div style=\"display: flex; justify-content: center;\"><img decoding=\"async\" style=\"width: 100%; height: auto; border: 1px solid rgba(150&comma;150&comma;150&comma;0.3); border-radius: 8px;\" src=\"https:\/\/ftp3.syscom.mx\/usuarios\/fotos\/TAPOC320WS\/208812-5.jpg\" alt=\"C&aacute;mara WiFi para Exterior Tapo C320WS\" \/><\/div>\n<\/p><\/div>\n<p> <!-- Columna de descripci\u00f3n --> <\/p>\n<div style=\"flex: 1 1 300px; min-width: 280px;\">\n<h2 style=\"font-size: 22px; margin: 0 0 15px; padding: 0; color: inherit; border-bottom: 2px solid currentColor; padding-bottom: 5px; opacity: 0.8;\">C&aacute;mara WiFi para Exterior Tapo C320WS<\/h2>\n<ul style=\"padding-left: 20px; margin: 0 0 20px; font-size: 15px; color: inherit;\">\n<li style=\"margin-bottom: 8px;\"><strong>2K QHD:<\/strong> Graba cada imagen en una definici&oacute;n n&iacute;tida de 2560&#215;1440.<\/li>\n<li style=\"margin-bottom: 8px;\"><strong>Red cableada o inal&aacute;mbrica:<\/strong> Conecta tu c&aacute;mara a la red mediante Ethernet o Wi-Fi para una instalaci&oacute;n m&aacute;s flexible.<\/li>\n<li style=\"margin-bottom: 8px;\"><strong>Visi&oacute;n nocturna a todo color:<\/strong> Te ofrece video a color incluso durante la noche.<\/li>\n<li style=\"margin-bottom: 8px;\"><strong>Visi&oacute;n nocturna con luz estelar:<\/strong> El sensor de luz estelar de alta sensibilidad captura im&aacute;genes de mayor calidad incluso en condiciones de poca luz.<\/li>\n<li style=\"margin-bottom: 8px;\"><strong>Detecci&oacute;n de movimiento y notificaciones:<\/strong> Te notifica cuando la c&aacute;mara detecta movimiento.<\/li>\n<li style=\"margin-bottom: 8px;\"><strong>Alarma de sonido y luz:<\/strong> Activa efectos de luz y sonido para ahuyentar a visitantes no deseados.<\/li>\n<li style=\"margin-bottom: 8px;\"><strong>Audio bidireccional:<\/strong> Permite la comunicaci&oacute;n mediante un micr&oacute;fono y altavoz integrados.<\/li>\n<li style=\"margin-bottom: 8px;\"><strong>Almacenamiento seguro:<\/strong> Guarda localmente hasta 256 GB de video en 2K QHD en una tarjeta microSD&comma; ofreciendo un acceso conveniente a tus grabaciones.<\/li>\n<li style=\"margin-bottom: 8px;\"><strong>Control por voz:<\/strong> Libera tus manos con el control por voz. Funciona con el Asistente de Google y Amazon Alexa (El Asistente de Google y Amazon Alexa no est&aacute;n disponibles en todos los idiomas y pa&iacute;ses).<\/li>\n<\/ul><\/div>\n<\/p><\/div>\n<p> <!-- Secci\u00f3n de especificaciones --> <\/p>\n<div style=\"display: flex; flex-wrap: wrap; gap: 20px; margin-bottom: 30px;\"><!-- Caracter\u00edsticas principales --> <\/p>\n<div style=\"flex: 1 1 250px; border: 1px solid rgba(150&comma; 150&comma; 150&comma; 0.4); border-radius: 8px; overflow: hidden; display: flex; flex-direction: column;\">\n<div style=\"padding: 15px; border-bottom: 1px solid rgba(150&comma; 150&comma; 150&comma; 0.2); font-weight: bold; font-size: 18px; color: inherit;\">Caracter&iacute;sticas principales:<\/div>\n<div style=\"padding: 15px; color: inherit;\">\n<ul style=\"padding-left: 20px; margin: 0; font-size: 14px; list-style-type: disc;\">\n<li style=\"margin-bottom: 5px;\"><strong>Resoluci&oacute;n:<\/strong> 4MP (2560&times;1440)<\/li>\n<li style=\"margin-bottom: 5px;\"><strong>Notificaci&oacute;n de salidad a trav&eacute;s de la aplicaci&oacute;n.<\/strong><\/li>\n<li style=\"margin-bottom: 5px;\"><strong>Lente focal:<\/strong> 3.89mm<\/li>\n<li style=\"margin-bottom: 5px;\"><strong>Visi&oacute;n nocturna:<\/strong> hasta 30m<\/li>\n<li style=\"margin-bottom: 5px;\"><strong>Detecci&oacute;n de movimiento<\/strong><\/li>\n<li style=\"margin-bottom: 5px;\"><strong>Notificaciones push<\/strong><\/li>\n<li style=\"margin-bottom: 5px;\"><strong>Audio bidireccional<\/strong><\/li>\n<li style=\"margin-bottom: 5px;\"><strong>Codec de video:<\/strong> H.264<\/li>\n<li style=\"margin-bottom: 5px;\"><strong>Almacenamiento:<\/strong> MicroSD hasta 256GB para grabaci&oacute;n local (no incluye memoria).<\/li>\n<li style=\"margin-bottom: 5px;\"><strong>Protecci&oacute;n IP66<\/strong><\/li>\n<\/ul><\/div>\n<\/p><\/div>\n<p> <!-- Caracter\u00edsticas F\u00edsicas y El\u00e9ctricas --> <\/p>\n<div style=\"flex: 1 1 250px; border: 1px solid rgba(150&comma; 150&comma; 150&comma; 0.4); border-radius: 8px; overflow: hidden; display: flex; flex-direction: column;\">\n<div style=\"padding: 15px; border-bottom: 1px solid rgba(150&comma; 150&comma; 150&comma; 0.2); font-weight: bold; font-size: 18px; color: inherit;\">Caracter&iacute;sticas F&iacute;sicas y El&eacute;ctricas:<\/div>\n<div style=\"padding: 15px; color: inherit;\">\n<ul style=\"padding-left: 20px; margin: 0; font-size: 14px; list-style-type: disc;\">\n<li style=\"margin-bottom: 5px;\"><strong>WiFi:<\/strong> 2.4GHz 802.11b\/g\/n<\/li>\n<li style=\"margin-bottom: 5px;\"><strong>Ethernet:<\/strong> 10\/100Mbps<\/li>\n<li style=\"margin-bottom: 5px;\"><strong>Entrada adaptador:<\/strong> 100-240V AC&comma; 50\/60Hz<\/li>\n<li style=\"margin-bottom: 5px;\"><strong>Salida adaptador:<\/strong> 9V\/0.6A<\/li>\n<li style=\"margin-bottom: 5px;\"><strong>Indicador LED:<\/strong> luz blanca<\/li>\n<li style=\"margin-bottom: 5px;\"><strong>Bot&oacute;n:<\/strong> Reset<\/li>\n<li style=\"margin-bottom: 5px;\"><strong>Microfono y altavoz integrado.<\/strong><\/li>\n<li style=\"margin-bottom: 5px;\"><strong>Temperatura operaci&oacute;n:<\/strong> -20&deg;C a 45&deg;C<\/li>\n<li style=\"margin-bottom: 5px;\"><strong>Dimensiones:<\/strong> 142.3 &times; 103.4 &times; 64.3 mm<\/li>\n<\/ul><\/div>\n<\/p><\/div>\n<p> <!-- Contenido del paquete y compatibilidad --> <\/p>\n<div style=\"flex: 1 1 250px; border: 1px solid rgba(150&comma; 150&comma; 150&comma; 0.4); border-radius: 8px; overflow: hidden; display: flex; flex-direction: column;\">\n<div style=\"padding: 15px; border-bottom: 1px solid rgba(150&comma; 150&comma; 150&comma; 0.2); font-weight: bold; font-size: 18px; color: inherit;\">Contenido del Paquete:<\/div>\n<div style=\"padding: 15px; color: inherit;\">\n<ul style=\"padding-left: 20px; margin: 0 0 20px 0; font-size: 14px; list-style-type: disc;\">\n<li style=\"margin-bottom: 5px;\">1 C&aacute;mara Tapo C320WS<\/li>\n<li style=\"margin-bottom: 5px;\">1 Adaptador de corriente<\/li>\n<li style=\"margin-bottom: 5px;\">1 Montaje de anclaje y tornillos<\/li>\n<li style=\"margin-bottom: 5px;\">1 Sello a prueba de agua<\/li>\n<li style=\"margin-bottom: 5px;\">1 Gu&iacute;a de instalaci&oacute;n r&aacute;pida<\/li>\n<\/ul>\n<div style=\"margin-top: 20px; padding-top: 15px; border-top: 1px solid rgba(150&comma; 150&comma; 150&comma; 0.3);\">\n<h3 style=\"font-size: 18px; margin: 0 0 10px; color: inherit;\">Compatibilidad:<\/h3>\n<ul style=\"padding-left: 20px; margin: 0; font-size: 14px; list-style-type: disc;\">\n<li style=\"margin-bottom: 5px;\">App Tapo (iOS\/Android)<\/li>\n<li style=\"margin-bottom: 5px;\">Amazon Alexa<\/li>\n<li style=\"margin-bottom: 5px;\">Google Assistant<\/li>\n<\/ul><\/div>\n<\/p><\/div>\n<\/p><\/div>\n<\/p><\/div>\n<p> <!-- Galer\u00eda de im\u00e1genes --> <\/p>\n<div style=\"display: grid; grid-template-columns: repeat(auto-fill&comma; minmax(280px&comma; 1fr)); gap: 20px; margin-bottom: 30px;\">\n<div style=\"text-align: center;\"><img decoding=\"async\" style=\"width: 100%; height: auto; border: 1px solid rgba(150&comma;150&comma;150&comma;0.3); border-radius: 8px;\" src=\"https:\/\/ftp3.syscom.mx\/usuarios\/fotos\/TAPOC320WS\/208812-image_(46).png\" alt=\"Vista frontal c&aacute;mara Tapo C320WS\" \/><\/div>\n<div style=\"text-align: center;\"><img decoding=\"async\" style=\"width: 100%; height: auto; border: 1px solid rgba(150&comma;150&comma;150&comma;0.3); border-radius: 8px;\" src=\"https:\/\/ftp3.syscom.mx\/usuarios\/fotos\/TAPOC320WS\/208812-image_(47).png\" alt=\"Vista lateral c&aacute;mara Tapo C320WS\" \/><\/div>\n<div style=\"text-align: center;\"><img decoding=\"async\" style=\"width: 100%; height: auto; border: 1px solid rgba(150&comma;150&comma;150&comma;0.3); border-radius: 8px;\" src=\"https:\/\/ftp3.syscom.mx\/usuarios\/fotos\/TAPOC320WS\/208812-image_(48).png\" alt=\"Ejemplo visi&oacute;n diurna\" \/><\/div>\n<div style=\"text-align: center;\"><img decoding=\"async\" style=\"width: 100%; height: auto; border: 1px solid rgba(150&comma;150&comma;150&comma;0.3); border-radius: 8px;\" src=\"https:\/\/ftp3.syscom.mx\/usuarios\/fotos\/TAPOC320WS\/208812-image_(49).png\" alt=\"Ejemplo visi&oacute;n nocturna\" \/><\/div>\n<\/p><\/div>\n<\/p><\/div>\n","protected":false},"excerpt":{"rendered":"<p>C\u00e1mara IP 4 Megapixel (2K) \/ Lente 3.18 mm \/ Wi-Fi \/ 30 mts IR \/ Exterior IP66 \/ Audio Bidireccional \/ Micro SD  hasta 256 GB \/ Compatible con Google y Alexa<\/p>\n","protected":false},"featured_media":32,"comment_status":"open","ping_status":"closed","template":"","meta":[],"product_brand":[],"product_cat":[121],"product_tag":[122,71,123],"class_list":{"0":"post-101985","1":"product","2":"type-product","3":"status-publish","4":"has-post-thumbnail","6":"product_cat-wifi-4g-inalambricas","7":"product_tag-camaras-ip-y-nvrs","8":"product_tag-tp-link","9":"product_tag-wifi-4g-inalambricas","11":"first","12":"outofstock","13":"sale","14":"shipping-taxable","15":"purchasable","16":"product-type-simple"},"_links":{"self":[{"href":"https:\/\/soydeaqui.ddns.net\/pachuca\/index.php\/wp-json\/wp\/v2\/product\/101985","targetHints":{"allow":["GET"]}}],"collection":[{"href":"https:\/\/soydeaqui.ddns.net\/pachuca\/index.php\/wp-json\/wp\/v2\/product"}],"about":[{"href":"https:\/\/soydeaqui.ddns.net\/pachuca\/index.php\/wp-json\/wp\/v2\/types\/product"}],"replies":[{"embeddable":true,"href":"https:\/\/soydeaqui.ddns.net\/pachuca\/index.php\/wp-json\/wp\/v2\/comments?post=101985"}],"wp:featuredmedia":[{"embeddable":true,"href":"https:\/\/soydeaqui.ddns.net\/pachuca\/index.php\/wp-json\/wp\/v2\/media\/32"}],"wp:attachment":[{"href":"https:\/\/soydeaqui.ddns.net\/pachuca\/index.php\/wp-json\/wp\/v2\/media?parent=101985"}],"wp:term":[{"taxonomy":"product_brand","embeddable":true,"href":"https:\/\/soydeaqui.ddns.net\/pachuca\/index.php\/wp-json\/wp\/v2\/product_brand?post=101985"},{"taxonomy":"product_cat","embeddable":true,"href":"https:\/\/soydeaqui.ddns.net\/pachuca\/index.php\/wp-json\/wp\/v2\/product_cat?post=101985"},{"taxonomy":"product_tag","embeddable":true,"href":"https:\/\/soydeaqui.ddns.net\/pachuca\/index.php\/wp-json\/wp\/v2\/product_tag?post=101985"}],"curies":[{"name":"wp","href":"https:\/\/api.w.org\/{rel}","templated":true}]}}