{"id":101837,"date":"2026-03-20T12:20:52","date_gmt":"2026-03-20T12:20:52","guid":{"rendered":"https:\/\/soydeaqui.ddns.net\/pachuca\/index.php\/producto\/unifi-g6-pro-360-camara-panoramica-12-mp-poe-resistente-a-la-intemperie-y-antivandalica-con-cobertura-de-360-zoom-giro-e-inclinacion-digitales-y-vision-infrarroja-inteligente\/"},"modified":"2026-03-20T12:21:06","modified_gmt":"2026-03-20T12:21:06","slug":"unifi-g6-pro-360-camara-panoramica-12-mp-poe-resistente-a-la-intemperie-y-antivandalica-con-cobertura-de-360-zoom-giro-e-inclinacion-digitales-y-vision-infrarroja-inteligente","status":"publish","type":"product","link":"https:\/\/soydeaqui.ddns.net\/pachuca\/index.php\/producto\/unifi-g6-pro-360-camara-panoramica-12-mp-poe-resistente-a-la-intemperie-y-antivandalica-con-cobertura-de-360-zoom-giro-e-inclinacion-digitales-y-vision-infrarroja-inteligente\/","title":{"rendered":"UniFi G6 Pro 360 \u2013 C\u00e1mara Panor\u00e1mica 12 MP PoE, Resistente a la Intemperie y Antivand\u00e1lica con Cobertura de 360\u00b0, Zoom, Giro e Inclinaci\u00f3n Digitales, y Visi\u00f3n Infrarroja Inteligente"},"content":{"rendered":"<div style='width: 100%; max-width: 1200px; margin: 0 auto; font-family: sans-serif; line-height: 1.6; color: inherit; background-color: transparent;'> <!-- Secci\u00f3n principal con video y texto --> <\/p>\n<div style='display: flex; flex-wrap: wrap; gap: 30px; align-items: center; border: 1px solid rgba(150&comma;150&comma;150&comma;0.3); border-radius: 8px; padding: 20px; margin-bottom: 30px; background-color: transparent;'>\n<div style='flex: 1 1 300px; min-width: 280px;'> <!-- Video principal --> <\/p>\n<div style='position: relative; padding-bottom: 56.25%; height: 0; overflow: hidden; border: 1px solid rgba(150&comma;150&comma;150&comma;0.3); border-radius: 8px;'> <video style='position: absolute; top: 0; left: 0; width: 100%; height: 100%;' autoplay muted loop playsinline><source src='https:\/\/ftp3.syscom.mx\/usuarios\/adiaz\/Ubiquiti\/Imagenes\/G6360\/g6pro360.mp4' type='video\/mp4'><!-- Fallback image if video doesn't load --> <img style='width: 100%; height: auto; border: 1px solid rgba(150&comma;150&comma;150&comma;0.3); border-radius: 8px;' src='https:\/\/ftp3.syscom.mx\/usuarios\/adiaz\/Ubiquiti\/Imagenes\/G6360\/fallback.png' alt='Ubiquiti UCG-Fiber'><\/video> <\/div>\n<\/p><\/div>\n<div style='flex: 1 1 360px; min-width: 280px;'>\n<h2 style='font-size: 22px; margin-top: 0; margin-bottom: 10px; color: inherit;'>G6 Pro 360<\/h2>\n<div style='margin-bottom: 15px; color: inherit; font-weight: bold; opacity: 0.8;'>Modelo: <span style='font-weight: bold; opacity: 1;'>UVC-G6-Pro-360-B<\/span><\/div>\n<p style='margin: 0; color: inherit;'>C\u00e1mara PoE de 12 MP resistente a la intemperie y al vandalismo con cobertura panor\u00e1mica de 360\u00b0&comma; funcionalidad de giro&comma; inclinaci\u00f3n y zoom digitales y funcionalidad IR inteligente.<\/p>\n<\/p><\/div>\n<\/p><\/div>\n<p> <!-- Secci\u00f3n de especificaciones --> <\/p>\n<div style='text-align: center; margin: 40px 0 20px;'>\n<h3 style='font-size: 22px; margin: 0; color: inherit;'>Especificaciones<\/h3>\n<\/p><\/div>\n<p> <!-- Grid de tarjetas de especificaciones --> <\/p>\n<div style='display: flex; flex-wrap: wrap; gap: 20px; margin-bottom: 30px;'> <!-- Card: Caracter\u00edsticas principales --> <\/p>\n<div style='flex: 1 1 250px; border: 1px solid rgba(150&comma;150&comma;150&comma;0.4); border-radius: 8px; overflow: hidden; display: flex; flex-direction: column; background-color: transparent;'>\n<div style='padding: 15px; border-bottom: 1px solid rgba(150&comma;150&comma;150&comma;0.2); font-weight: bold; font-size: 18px; color: inherit;'>Caracter\u00edsticas principales<\/div>\n<div style='padding: 15px; color: inherit;'>\n<ul style='padding-left: 20px; margin: 0; font-size: 14px; list-style-type: disc; color: inherit;'>\n<li style='margin-bottom: 8px;'>Sensor panor\u00e1mico de 1\/1&comma;6\u201d&comma; 12 MP y lente tipo Fisheye<\/li>\n<li style='margin-bottom: 8px;'>Captura de imagen completa de 360 grados<\/li>\n<li style='margin-bottom: 8px;'>IR inteligente con cuatro zonas controlables<\/li>\n<li style='margin-bottom: 8px;'>Ranura de expansi\u00f3n para tarjeta microSD<\/li>\n<\/ul><\/div>\n<\/p><\/div>\n<p> <!-- Card: Caracter\u00edsticas f\u00edsicas y el\u00e9ctricas --> <\/p>\n<div style='flex: 1 1 250px; border: 1px solid rgba(150&comma;150&comma;150&comma;0.4); border-radius: 8px; overflow: hidden; display: flex; flex-direction: column; background-color: transparent;'>\n<div style='padding: 15px; border-bottom: 1px solid rgba(150&comma;150&comma;150&comma;0.2); font-weight: bold; font-size: 18px; color: inherit;'>Caracter\u00edsticas f\u00edsicas y el\u00e9ctricas<\/div>\n<div style='padding: 15px; color: inherit;'>\n<ul style='padding-left: 20px; margin: 0; font-size: 14px; list-style-type: disc; color: inherit;'>\n<li style='margin-bottom: 8px;'><strong>Dimensiones<\/strong>: \u00d8147 x 65.5 (\u00d85.8 x 2.6&#8242;)<\/li>\n<li style='margin-bottom: 8px;'><strong>Peso<\/strong>: 610 g (1.3 lb)<\/li>\n<li style='margin-bottom: 8px;'><strong>Procesador<\/strong>: Quad-core Arm\u00ae Cortex\u00ae-A53<\/li>\n<li style='margin-bottom: 8px;'><strong>Material de la carcasa<\/strong>: Aleaci\u00f3n de aluminio y policarbonato<\/li>\n<li style='margin-bottom: 8px;'><strong>Alimentaci\u00f3n<\/strong>: PoE+ 37-57 Vcc 7.14W<\/li>\n<li style='margin-bottom: 8px;'><strong>Temperatura de operaci\u00f3n<\/strong>: -30 a 50 \u00b0C (-22 a 122 \u00b0F)<\/li>\n<li style='margin-bottom: 8px;'><strong>Humedad de operaci\u00f3n<\/strong>: 0\u201390% sin condensaci\u00f3n<\/li>\n<\/ul><\/div>\n<\/p><\/div>\n<p> <!-- Card: Rendimiento --> <\/p>\n<div style='flex: 1 1 250px; border: 1px solid rgba(150&comma;150&comma;150&comma;0.4); border-radius: 8px; overflow: hidden; display: flex; flex-direction: column; background-color: transparent;'>\n<div style='padding: 15px; border-bottom: 1px solid rgba(150&comma;150&comma;150&comma;0.2); font-weight: bold; font-size: 18px; color: inherit;'>Rendimiento<\/div>\n<div style='padding: 15px; color: inherit;'>\n<ul style='padding-left: 20px; margin: 0; font-size: 14px; list-style-type: disc; color: inherit;'>\n<li style='margin-bottom: 8px;'><strong>Visi\u00f3n Nocturna con IR inteligente<\/strong>: Hasta 15 m (50 ft) con 4 zonas controlables<\/li>\n<li style='margin-bottom: 8px;'>Detecciones inteligentes (personas&comma; veh\u00edculos&comma; animales)<\/li>\n<li style='margin-bottom: 8px;'><strong>Resoluci\u00f3n<\/strong>: 12MP (3504 x 3504 (1:1))<\/li>\n<li style='margin-bottom: 8px;'><strong>Interfaz de Red<\/strong>: (1) Puerto 10\/100 MbE RJ45<\/li>\n<\/ul><\/div>\n<\/p><\/div>\n<\/p><\/div>\n<p> <!-- Secci\u00f3n de contenido del paquete --> <\/p>\n<div style='border: 1px solid rgba(150&comma;150&comma;150&comma;0.4); border-radius: 8px; overflow: hidden; padding: 20px; margin-top: 30px; text-align: center; background-color: transparent;'>\n<h3 style='font-size: 18px; margin: 0 0 15px; color: inherit;'>Contenido del Paquete<\/h3>\n<p> <img style='width: 100%; height: auto; border: 1px solid rgba(150&comma;150&comma;150&comma;0.3); border-radius: 8px;' src='https:\/\/ftp3.syscom.mx\/usuarios\/adiaz\/Ubiquiti\/Imagenes\/G6360\/contenido.png' alt='Contenido del paquete UP-Siren-PoE'> <\/div>\n<\/p><\/div>\n","protected":false},"excerpt":{"rendered":"<p>UniFi G6 Pro 360 \u2013 C\u00e1mara Panor\u00e1mica 12 MP PoE, Resistente a la Intemperie y Antivand\u00e1lica con Cobertura de 360\u00b0, Zoom, Giro e Inclinaci\u00f3n Digitales, y Visi\u00f3n Infrarroja Inteligente<\/p>\n","protected":false},"featured_media":101836,"comment_status":"open","ping_status":"closed","template":"","meta":[],"product_brand":[],"product_cat":[2056],"product_tag":[122,2057,166],"class_list":{"0":"post-101837","1":"product","2":"type-product","3":"status-publish","4":"has-post-thumbnail","6":"product_cat-domo-eyeball-turret","7":"product_tag-camaras-ip-y-nvrs","8":"product_tag-domo-eyeball-turret","9":"product_tag-ubiquiti","11":"first","12":"instock","13":"sale","14":"shipping-taxable","15":"purchasable","16":"product-type-simple"},"_links":{"self":[{"href":"https:\/\/soydeaqui.ddns.net\/pachuca\/index.php\/wp-json\/wp\/v2\/product\/101837","targetHints":{"allow":["GET"]}}],"collection":[{"href":"https:\/\/soydeaqui.ddns.net\/pachuca\/index.php\/wp-json\/wp\/v2\/product"}],"about":[{"href":"https:\/\/soydeaqui.ddns.net\/pachuca\/index.php\/wp-json\/wp\/v2\/types\/product"}],"replies":[{"embeddable":true,"href":"https:\/\/soydeaqui.ddns.net\/pachuca\/index.php\/wp-json\/wp\/v2\/comments?post=101837"}],"wp:featuredmedia":[{"embeddable":true,"href":"https:\/\/soydeaqui.ddns.net\/pachuca\/index.php\/wp-json\/wp\/v2\/media\/101836"}],"wp:attachment":[{"href":"https:\/\/soydeaqui.ddns.net\/pachuca\/index.php\/wp-json\/wp\/v2\/media?parent=101837"}],"wp:term":[{"taxonomy":"product_brand","embeddable":true,"href":"https:\/\/soydeaqui.ddns.net\/pachuca\/index.php\/wp-json\/wp\/v2\/product_brand?post=101837"},{"taxonomy":"product_cat","embeddable":true,"href":"https:\/\/soydeaqui.ddns.net\/pachuca\/index.php\/wp-json\/wp\/v2\/product_cat?post=101837"},{"taxonomy":"product_tag","embeddable":true,"href":"https:\/\/soydeaqui.ddns.net\/pachuca\/index.php\/wp-json\/wp\/v2\/product_tag?post=101837"}],"curies":[{"name":"wp","href":"https:\/\/api.w.org\/{rel}","templated":true}]}}