{"id":101831,"date":"2026-03-20T12:20:32","date_gmt":"2026-03-20T12:20:32","guid":{"rendered":"https:\/\/soydeaqui.ddns.net\/pachuca\/index.php\/producto\/camara-unifi-g5-ptz-resolucion-2k-4mpx-control-de-giro-e-inclinacion-zoom-optico-2x-vision-noctura-ir-20-m-apta-para-exterior-poe-color-negro\/"},"modified":"2026-03-20T12:20:47","modified_gmt":"2026-03-20T12:20:47","slug":"camara-unifi-g5-ptz-resolucion-2k-4mpx-control-de-giro-e-inclinacion-zoom-optico-2x-vision-noctura-ir-20-m-apta-para-exterior-poe-color-negro","status":"publish","type":"product","link":"https:\/\/soydeaqui.ddns.net\/pachuca\/index.php\/producto\/camara-unifi-g5-ptz-resolucion-2k-4mpx-control-de-giro-e-inclinacion-zoom-optico-2x-vision-noctura-ir-20-m-apta-para-exterior-poe-color-negro\/","title":{"rendered":"Camara UniFi G5 PTZ Resoluci\u00f3n 2K (4MPX), Control de Giro e Inclinaci\u00f3n, Zoom \u00d3ptico 2X, Visi\u00f3n Noctura IR 20 m, Apta para Exterior, PoE+, Color Negro"},"content":{"rendered":"<div style='width: 100%; max-width: 1200px; margin: 0 auto; font-family: sans-serif; line-height: 1.6; color: inherit; background-color: transparent;'> <!-- Hero Section --> <\/p>\n<div style='display: flex; flex-wrap: wrap; gap: 30px; align-items: center; border: 1px solid rgba(150&comma;150&comma;150&comma;0.3); border-radius: 12px; padding: 20px; margin-bottom: 30px;'>\n<div style='flex: 1 1 320px; min-width: 280px;'> <!-- Video --> <\/p>\n<div style='position: relative; padding-bottom: 56.25%; height: 0; overflow: hidden; margin-bottom: 10px;'> <video style='position: absolute; top: 0; left: 0; width: 100%; height: 100%; border: 1px solid rgba(150&comma;150&comma;150&comma;0.3); border-radius: 12px;' autoplay muted loop playsinline preload='metadata'><source src='https:\/\/ftp3.syscom.mx\/usuarios\/adiaz\/Ubiquiti\/Imagenes\/UVCG5PTZ\/loop.mp4' type='video\/mp4'><!-- Fallback --> <img style='width: 100%; height: auto; border: 1px solid rgba(150&comma;150&comma;150&comma;0.3); border-radius: 12px; display: none;' src='https:\/\/ftp3.syscom.mx\/usuarios\/adiaz\/Ubiquiti\/Imagenes\/UVCG5PTZ\/fallback.png' alt='Ubiquiti UVC-G5-PTZ'><\/video> <\/div>\n<\/p><\/div>\n<div style='flex: 1 1 360px; min-width: 280px;'>\n<h2 style='font-size: 24px; margin-top: 0; margin-bottom: 10px; color: inherit; opacity: 0.9;'>UniFi G5 PTZ<\/h2>\n<div style='margin-bottom: 15px; font-weight: 600; color: inherit; opacity: 0.8;'>Modelo: <span style='font-weight: 700; opacity: 1;'>UVC-G5-PTZ<\/span><\/div>\n<p style='margin: 0; color: inherit;'>C\u00e1mara PTZ para exterior con <strong>4MP<\/strong>&comma; <strong>iluminaci\u00f3n IR y LED blanco<\/strong>&comma; y alimentaci\u00f3n <strong>PoE+<\/strong>&comma; con opciones de montaje en pared o poste.<\/p>\n<\/p><\/div>\n<\/p><\/div>\n<p> <!-- Especificaciones Title --> <\/p>\n<div style='text-align: center; margin: 40px 0 20px;'> <span style='font-size: 22px; font-weight: 700; color: inherit; border-bottom: 2px solid currentColor; padding-bottom: 5px;'>Especificaciones<\/span> <\/div>\n<p> <!-- Features Grid --> <\/p>\n<div style='display: flex; flex-wrap: wrap; gap: 20px; margin-bottom: 40px;'> <!-- Card: Caracter\u00edsticas principales --> <\/p>\n<div style='flex: 1 1 280px; min-width: 260px;'>\n<div style='border: 1px solid rgba(150&comma;150&comma;150&comma;0.3); border-radius: 8px; overflow: hidden; display: flex; flex-direction: column; height: 100%;'>\n<div style='padding: 15px; border-bottom: 1px solid rgba(150&comma;150&comma;150&comma;0.2); font-weight: bold; font-size: 18px; color: inherit;'>Caracter\u00edsticas principales<\/div>\n<ul style='padding: 15px; margin: 0; list-style: none; font-size: 14px; color: inherit; flex: 1;'>\n<li style='margin-bottom: 8px; padding-bottom: 8px; border-bottom: 1px solid rgba(150&comma;150&comma;150&comma;0.2);'>Resoluci\u00f3n de video <strong>4MP (2688 x 1512)<\/strong> a <strong>30 FPS<\/strong><\/li>\n<li style='margin-bottom: 8px; padding-bottom: 8px; border-bottom: 1px solid rgba(150&comma;150&comma;150&comma;0.2);'>Modo nocturno con <strong>IR integrado<\/strong> y <strong>LED blanco<\/strong> (filtro IR cut)<\/li>\n<li style='margin-bottom: 8px; padding-bottom: 8px; border-bottom: 1px solid rgba(150&comma;150&comma;150&comma;0.2);'><strong>Alimentaci\u00f3n PoE+<\/strong> (37\u201357 Vcc)<\/li>\n<li style='margin-bottom: 8px; padding-bottom: 8px; border-bottom: 1px solid rgba(150&comma;150&comma;150&comma;0.2);'><strong>Montaje incluido<\/strong>: pared y poste<\/li>\n<li style='margin-bottom: 8px; padding-bottom: 0; border-bottom: none;'><strong>Protecci\u00f3n<\/strong>: IP66 \/ IK04<\/li>\n<\/ul><\/div>\n<\/p><\/div>\n<p> <!-- Card: F\u00edsicas y el\u00e9ctricas --> <\/p>\n<div style='flex: 1 1 280px; min-width: 260px;'>\n<div style='border: 1px solid rgba(150&comma;150&comma;150&comma;0.3); border-radius: 8px; overflow: hidden; display: flex; flex-direction: column; height: 100%;'>\n<div style='padding: 15px; border-bottom: 1px solid rgba(150&comma;150&comma;150&comma;0.2); font-weight: bold; font-size: 18px; color: inherit;'>Caracter\u00edsticas f\u00edsicas y el\u00e9ctricas<\/div>\n<ul style='padding: 15px; margin: 0; list-style: none; font-size: 14px; color: inherit; flex: 1;'>\n<li style='margin-bottom: 8px; padding-bottom: 8px; border-bottom: 1px solid rgba(150&comma;150&comma;150&comma;0.2);'><strong>Dimensiones<\/strong>: sin montaje <strong>\u00d890 x 152.5 mm<\/strong>; con montaje <strong>90 x 94 x 179.5 mm<\/strong><\/li>\n<li style='margin-bottom: 8px; padding-bottom: 8px; border-bottom: 1px solid rgba(150&comma;150&comma;150&comma;0.2);'><strong>Peso<\/strong>: sin montaje <strong>580 g<\/strong>; con montaje <strong>650 g<\/strong><\/li>\n<li style='margin-bottom: 8px; padding-bottom: 8px; border-bottom: 1px solid rgba(150&comma;150&comma;150&comma;0.2);'><strong>Material del gabinete<\/strong>: aleaci\u00f3n de aluminio&comma; policarbonato<\/li>\n<li style='margin-bottom: 8px; padding-bottom: 8px; border-bottom: 1px solid rgba(150&comma;150&comma;150&comma;0.2);'><strong>Interfaz de red<\/strong>: puerto <strong>RJ45 10\/100 MbE<\/strong><\/li>\n<li style='margin-bottom: 8px; padding-bottom: 8px; border-bottom: 1px solid rgba(150&comma;150&comma;150&comma;0.2);'><strong>Consumo m\u00e1ximo<\/strong>: <strong>14 W<\/strong><\/li>\n<li style='margin-bottom: 8px; padding-bottom: 8px; border-bottom: 1px solid rgba(150&comma;150&comma;150&comma;0.2);'><strong>Temperatura de operaci\u00f3n<\/strong>: <strong>-30 a 45 \u00b0C<\/strong><\/li>\n<li style='margin-bottom: 8px; padding-bottom: 0; border-bottom: none;'><strong>Humedad de operaci\u00f3n<\/strong>: <strong>0\u201390%<\/strong> sin condensaci\u00f3n<\/li>\n<\/ul><\/div>\n<\/p><\/div>\n<p> <!-- Card: Rendimiento \/ \u00d3ptica --> <\/p>\n<div style='flex: 1 1 280px; min-width: 260px;'>\n<div style='border: 1px solid rgba(150&comma;150&comma;150&comma;0.3); border-radius: 8px; overflow: hidden; display: flex; flex-direction: column; height: 100%;'>\n<div style='padding: 15px; border-bottom: 1px solid rgba(150&comma;150&comma;150&comma;0.2); font-weight: bold; font-size: 18px; color: inherit;'>Rendimiento<\/div>\n<ul style='padding: 15px; margin: 0; list-style: none; font-size: 14px; color: inherit; flex: 1;'>\n<li style='margin-bottom: 8px; padding-bottom: 8px; border-bottom: 1px solid rgba(150&comma;150&comma;150&comma;0.2);'><strong>Sensor<\/strong>: <strong>5MP<\/strong> CMOS <strong>1\/2.7&#8242;<\/strong><\/li>\n<li style='margin-bottom: 8px; padding-bottom: 8px; border-bottom: 1px solid rgba(150&comma;150&comma;150&comma;0.2);'><strong>Lente<\/strong>: <strong>3.42\u20136.85 mm<\/strong>; <strong>\u0192\/1.85\u2013\u0192\/2.4<\/strong><\/li>\n<li style='margin-bottom: 8px; padding-bottom: 8px; border-bottom: 1px solid rgba(150&comma;150&comma;150&comma;0.2);'><strong>\u00c1ngulo de visi\u00f3n (16:9)<\/strong>: Wide H <strong>99.7\u00b0<\/strong> \/ V <strong>51.9\u00b0<\/strong> \/ D <strong>121\u00b0<\/strong>; Tele H <strong>45.5\u00b0<\/strong> \/ V <strong>25.4\u00b0<\/strong> \/ D <strong>52.4\u00b0<\/strong><\/li>\n<li style='margin-bottom: 8px; padding-bottom: 8px; border-bottom: 1px solid rgba(150&comma;150&comma;150&comma;0.2);'><strong>Visi\u00f3n nocturna IR<\/strong>: hasta <strong>20 m<\/strong> (65 ft)<\/li>\n<li style='margin-bottom: 8px; padding-bottom: 8px; border-bottom: 1px solid rgba(150&comma;150&comma;150&comma;0.2);'><strong>Reflector (Floodlight)<\/strong>: <strong>400 lm<\/strong><\/li>\n<li style='margin-bottom: 8px; padding-bottom: 0; border-bottom: none;'><strong>Micr\u00f3fono<\/strong>: s\u00ed (se puede deshabilitar)<\/li>\n<\/ul><\/div>\n<\/p><\/div>\n<\/p><\/div>\n<p> <!-- Product Gallery --> <\/p>\n<div style='border: 1px solid rgba(150&comma;150&comma;150&comma;0.3); border-radius: 8px; padding: 20px; margin-bottom: 30px;'>\n<h3 style='font-size: 20px; margin: 0 0 20px; color: inherit; border-bottom: 2px solid currentColor; padding-bottom: 5px; opacity: 0.8;'>Vista del producto<\/h3>\n<div style='display: flex; flex-wrap: wrap; gap: 20px; justify-content: center;'> <img style='width: 100%; max-width: 480px; height: auto; border: 1px solid rgba(150&comma;150&comma;150&comma;0.3); border-radius: 8px;' src='https:\/\/ftp3.syscom.mx\/usuarios\/adiaz\/Ubiquiti\/Imagenes\/UVCG5PTZ\/vista1b.png' alt='UVC-G5-PTZ-B vista 1'> <img style='width: 100%; max-width: 480px; height: auto; border: 1px solid rgba(150&comma;150&comma;150&comma;0.3); border-radius: 8px;' src='https:\/\/ftp3.syscom.mx\/usuarios\/adiaz\/Ubiquiti\/Imagenes\/UVCG5PTZ\/vista2b.png' alt='UVC-G5-PTZ-B vista 2'> <\/div>\n<\/p><\/div>\n<p> <!-- Package Content --> <\/p>\n<div style='border: 1px solid rgba(150&comma;150&comma;150&comma;0.3); border-radius: 8px; padding: 20px;'>\n<h3 style='font-size: 20px; margin: 0 0 20px; color: inherit; border-bottom: 2px solid currentColor; padding-bottom: 5px; opacity: 0.8;'>Contenido del Paquete<\/h3>\n<p> <img style='width: 100%; max-width: 600px; height: auto; border: 1px solid rgba(150&comma;150&comma;150&comma;0.3); border-radius: 8px; margin: 0 auto; display: block;' src='https:\/\/ftp3.syscom.mx\/usuarios\/adiaz\/Ubiquiti\/Imagenes\/UVCG5PTZ\/contenido.png' alt='Contenido del paquete UVC-G5-PTZ'> <\/div>\n<\/p><\/div>\n","protected":false},"excerpt":{"rendered":"<p>Camara UniFi G5 PTZ Resoluci\u00f3n 2K (4MPX), Control de Giro e Inclinaci\u00f3n, Zoom \u00d3ptico 2X, Visi\u00f3n Noctura IR 20 m, Apta para Exterior, PoE+, Color Negro<\/p>\n","protected":false},"featured_media":101830,"comment_status":"open","ping_status":"closed","template":"","meta":[],"product_brand":[],"product_cat":[1224],"product_tag":[122,1225,166],"class_list":{"0":"post-101831","1":"product","2":"type-product","3":"status-publish","4":"has-post-thumbnail","6":"product_cat-ptz","7":"product_tag-camaras-ip-y-nvrs","8":"product_tag-ptz","9":"product_tag-ubiquiti","11":"first","12":"instock","13":"sale","14":"shipping-taxable","15":"purchasable","16":"product-type-simple"},"_links":{"self":[{"href":"https:\/\/soydeaqui.ddns.net\/pachuca\/index.php\/wp-json\/wp\/v2\/product\/101831","targetHints":{"allow":["GET"]}}],"collection":[{"href":"https:\/\/soydeaqui.ddns.net\/pachuca\/index.php\/wp-json\/wp\/v2\/product"}],"about":[{"href":"https:\/\/soydeaqui.ddns.net\/pachuca\/index.php\/wp-json\/wp\/v2\/types\/product"}],"replies":[{"embeddable":true,"href":"https:\/\/soydeaqui.ddns.net\/pachuca\/index.php\/wp-json\/wp\/v2\/comments?post=101831"}],"wp:featuredmedia":[{"embeddable":true,"href":"https:\/\/soydeaqui.ddns.net\/pachuca\/index.php\/wp-json\/wp\/v2\/media\/101830"}],"wp:attachment":[{"href":"https:\/\/soydeaqui.ddns.net\/pachuca\/index.php\/wp-json\/wp\/v2\/media?parent=101831"}],"wp:term":[{"taxonomy":"product_brand","embeddable":true,"href":"https:\/\/soydeaqui.ddns.net\/pachuca\/index.php\/wp-json\/wp\/v2\/product_brand?post=101831"},{"taxonomy":"product_cat","embeddable":true,"href":"https:\/\/soydeaqui.ddns.net\/pachuca\/index.php\/wp-json\/wp\/v2\/product_cat?post=101831"},{"taxonomy":"product_tag","embeddable":true,"href":"https:\/\/soydeaqui.ddns.net\/pachuca\/index.php\/wp-json\/wp\/v2\/product_tag?post=101831"}],"curies":[{"name":"wp","href":"https:\/\/api.w.org\/{rel}","templated":true}]}}