{"id":101817,"date":"2026-03-20T12:19:50","date_gmt":"2026-03-20T12:19:50","guid":{"rendered":"https:\/\/soydeaqui.ddns.net\/pachuca\/index.php\/producto\/acuseek-nvr-12-megapixel-4k-16-canales-ip-8-bahias-de-disco-duro-2-tarjetas-de-red-soporta-raid-hdmi-en-4k-soporta-pos-reconocimiento-facial-bases-de-datos-hasta-100000-fotograf\/"},"modified":"2026-03-20T12:19:52","modified_gmt":"2026-03-20T12:19:52","slug":"acuseek-nvr-12-megapixel-4k-16-canales-ip-8-bahias-de-disco-duro-2-tarjetas-de-red-soporta-raid-hdmi-en-4k-soporta-pos-reconocimiento-facial-bases-de-datos-hasta-100000-fotograf","status":"publish","type":"product","link":"https:\/\/soydeaqui.ddns.net\/pachuca\/index.php\/producto\/acuseek-nvr-12-megapixel-4k-16-canales-ip-8-bahias-de-disco-duro-2-tarjetas-de-red-soporta-raid-hdmi-en-4k-soporta-pos-reconocimiento-facial-bases-de-datos-hasta-100000-fotograf\/","title":{"rendered":"[AcuSeek] NVR 12 Megapixel (4K) \/ 16 Canales IP \/ 8 Bah\u00edas de Disco Duro \/ 2 Tarjetas de Red \/ Soporta RAID \/ HDMI en 4K \/ Soporta POS \/ Reconocimiento Facial \/ Bases de Datos \/ Hasta 100,000 Fotograf\u00edas \/ AcuSearch"},"content":{"rendered":"<div style='width: 100%; max-width: 1200px; margin: 0 auto; font-family: sans-serif; line-height: 1.6; color: inherit; background-color: transparent;'> <!-- Banner inicial --> <\/p>\n<div style='text-align: center; margin: 30px 0;'> <img style='width: 45%; height: auto; border: 1px solid rgba(150&comma;150&comma;150&comma;0.3); border-radius: 8px;' src='https:\/\/ftp3.syscom.mx\/usuarios\/jsosa\/HIKVISION\/imagenes\/logo\/hikvision%20see%20far.png' alt='Logo Hikvision'> <\/div>\n<p> <!-- Video principal --> <\/p>\n<div style='position: relative; padding-bottom: 56.25%; height: 0; overflow: hidden; margin: 30px 0;'> <video style='position: absolute; top: 0; left: 0; width: 100%; height: 100%; border: 1px solid rgba(150&comma;150&comma;150&comma;0.3); border-radius: 8px;' autoplay muted controls><source src='https:\/\/ftp3.syscom.mx\/usuarios\/fcarrillo\/Hikvision\/videos\/AcuSeeklanding.mp4' type='video\/mp4'><\/video> <\/div>\n<p> <!-- T\u00edtulo --> <\/p>\n<div style='text-align: center; margin: 40px 0;'>\n<h1 style='font-size: 28px; color: #232a6f; font-weight: bold; margin: 0;'>Especif\u00edcaciones<\/h1>\n<\/p><\/div>\n<p> <!-- Secci\u00f3n de caracter\u00edsticas principales y f\u00edsicas --> <\/p>\n<div style='display: flex; flex-wrap: wrap; gap: 30px; margin: 30px 0;'> <!-- Caracter\u00edsticas Principales --> <\/p>\n<div style='flex: 1 1 300px; min-width: 280px; border: 1px solid rgba(150&comma;150&comma;150&comma;0.4); border-radius: 8px; overflow: hidden;'>\n<div style='padding: 15px; background: #df001e; border-bottom: 1px solid rgba(150&comma;150&comma;150&comma;0.2); color: #ffffff; font-weight: bold; font-size: 18px;'> Caracter\u00edsticas Principales: <\/div>\n<div style='padding: 15px;'>\n<ul style='padding-left: 20px; font-size: 14px; list-style-type: disc; color: inherit;'>\n<li style='margin-bottom: 5px;'><strong>Compresi\u00f3n de video:<\/strong> H.265+ \/ H.265 \/ H.264+ \/ H.264<\/li>\n<li style='margin-bottom: 5px;'><strong>Soporta mouse USB:<\/strong> S\u00ed (incluido)<\/li>\n<li style='margin-bottom: 5px;'><strong>Soporta HDD:<\/strong> 8 HDD de hasta 20 TB (no incluidos)<\/li>\n<li style='margin-bottom: 5px;'><strong>Soporta Hot Swap:<\/strong> Con arreglo RAID 0&comma;1&comma;5&comma;6&comma;10<\/li>\n<li style='margin-bottom: 5px;'><strong>Acceso remoto:<\/strong> Android&comma; iPhone&comma; iPad (Hik-Connect)<\/li>\n<li style='margin-bottom: 5px;'><strong>Software cliente:<\/strong> IVMS-4200 (gratuito)<\/li>\n<li style='margin-bottom: 5px;'><strong>Soporta ONVIF:<\/strong> S\u00ed&comma; m\u00faltiples marcas<\/li>\n<\/ul><\/div>\n<\/p><\/div>\n<p> <!-- Caracter\u00edsticas F\u00edsicas y El\u00e9ctricas --> <\/p>\n<div style='flex: 1 1 300px; min-width: 280px; border: 1px solid rgba(150&comma;150&comma;150&comma;0.4); border-radius: 8px; overflow: hidden;'>\n<div style='padding: 15px; background: #df001e; border-bottom: 1px solid rgba(150&comma;150&comma;150&comma;0.2); color: #ffffff; font-weight: bold; font-size: 18px;'> Caracter\u00edsticas F\u00edsicas y El\u00e9ctricas: <\/div>\n<div style='padding: 15px;'>\n<ul style='padding-left: 20px; font-size: 14px; list-style-type: disc; color: inherit;'>\n<li style='margin-bottom: 5px;'><strong>Dimensiones:<\/strong> 442 \u00d7 498 \u00d7 146 mm (2 U Rack)<\/li>\n<li style='margin-bottom: 5px;'><strong>Alimentaci\u00f3n:<\/strong> 100 a 240Vca \/ 50 W<\/li>\n<li style='margin-bottom: 5px;'><strong>Temperatura de operaci\u00f3n:<\/strong> -10\u00b0C a 55\u00b0C<\/li>\n<li style='margin-bottom: 5px;'><strong>Peso:<\/strong> 10 Kg sin HDD<\/li>\n<\/ul><\/div>\n<\/p><\/div>\n<\/p><\/div>\n<p> <!-- Secci\u00f3n de interfaces y funciones --> <\/p>\n<div style='display: flex; flex-wrap: wrap; gap: 30px; margin: 30px 0;'> <!-- Interfaces Entradas y Salidas --> <\/p>\n<div style='flex: 1 1 300px; min-width: 280px; border: 1px solid rgba(150&comma;150&comma;150&comma;0.4); border-radius: 8px; overflow: hidden;'>\n<div style='padding: 15px; background: #df001e; border-bottom: 1px solid rgba(150&comma;150&comma;150&comma;0.2); color: #ffffff; font-weight: bold; font-size: 18px;'> Interfaces Entradas y Salidas: <\/div>\n<div style='padding: 15px;'>\n<ul style='padding-left: 20px; font-size: 14px; list-style-type: disc; color: inherit;'>\n<li style='margin-bottom: 5px;'><strong>Salida simult\u00e1nea:<\/strong> HDMI 1 y VGA 1<\/li>\n<li style='margin-bottom: 5px;'><strong>Salida simult\u00e1nea:<\/strong> HDMI 2 y VGA 2<\/li>\n<li style='margin-bottom: 5px;'><strong>Resoluci\u00f3n HDMI 1:<\/strong> 8K \/ 4K \/ 1080p \/ 720p<\/li>\n<li style='margin-bottom: 5px;'><strong>Resoluci\u00f3n HDMI 2:<\/strong> 4k \/ 1080p \/ 720p<\/li>\n<li style='margin-bottom: 5px;'><strong>Resoluci\u00f3n VGA 1:<\/strong> 1080p \/ 720p<\/li>\n<li style='margin-bottom: 5px;'><strong>Resoluci\u00f3n VGA 2:<\/strong> 1080p \/ 720p<\/li>\n<li style='margin-bottom: 5px;'><strong>Entrada de Audio:<\/strong> 1<\/li>\n<li style='margin-bottom: 5px;'><strong>Salida de Audio:<\/strong> 2<\/li>\n<li style='margin-bottom: 5px;'><strong>Entrada de Alarma:<\/strong> 16<\/li>\n<li style='margin-bottom: 5px;'><strong>Salida de Alarma:<\/strong> 9<\/li>\n<li style='margin-bottom: 5px;'><strong>Soporta audio bidireccional:<\/strong> S\u00ed<\/li>\n<\/ul><\/div>\n<\/p><\/div>\n<p> <!-- Funci\u00f3n de Grabaci\u00f3n y Visualizaci\u00f3n --> <\/p>\n<div style='flex: 1 1 300px; min-width: 280px; border: 1px solid rgba(150&comma;150&comma;150&comma;0.4); border-radius: 8px; overflow: hidden;'>\n<div style='padding: 15px; background: #df001e; border-bottom: 1px solid rgba(150&comma;150&comma;150&comma;0.2); color: #ffffff; font-weight: bold; font-size: 18px;'> Funci\u00f3n de Grabaci\u00f3n y Visualizaci\u00f3n: <\/div>\n<div style='padding: 15px;'>\n<ul style='padding-left: 20px; font-size: 14px; list-style-type: disc; color: inherit;'>\n<li style='margin-bottom: 5px;'><strong>Detecci\u00f3n de movimiento:<\/strong> Multizona<\/li>\n<li style='margin-bottom: 5px;'><strong>Zoom digital:<\/strong> En visualizaci\u00f3n y grabaci\u00f3n<\/li>\n<li style='margin-bottom: 5px;'><strong>Dual stream:<\/strong> Main stream y sub stream<\/li>\n<li style='margin-bottom: 5px;'><strong>Reproducci\u00f3n:<\/strong> Avance r\u00e1pido&comma; lento&comma; cuadro a cuadro<\/li>\n<li style='margin-bottom: 5px;'><strong>Soporta S.M.A.R.T.:<\/strong> S\u00ed<\/li>\n<li style='margin-bottom: 5px;'><strong>Tipos de grabaci\u00f3n:<\/strong> Tiempo real&comma; manual&comma; videosensor&comma; videosensor y alarma&comma; videosensor o alarma<\/li>\n<li style='margin-bottom: 5px;'><strong>Grabaci\u00f3n c\u00edclica:<\/strong> S\u00ed&comma; con sobreescritura<\/li>\n<\/ul><\/div>\n<\/p><\/div>\n<\/p><\/div>\n<p> <!-- Secci\u00f3n de capacidad y red --> <\/p>\n<div style='display: flex; flex-wrap: wrap; gap: 30px; margin: 30px 0;'> <!-- Capacidad de Procesamiento y Funciones de red --> <\/p>\n<div style='flex: 1 1 300px; min-width: 280px; border: 1px solid rgba(150&comma;150&comma;150&comma;0.4); border-radius: 8px; overflow: hidden;'>\n<div style='padding: 15px; background: #df001e; border-bottom: 1px solid rgba(150&comma;150&comma;150&comma;0.2); color: #ffffff; font-weight: bold; font-size: 18px;'> Capacidad de Procesamiento y Funciones de red: <\/div>\n<div style='padding: 15px;'>\n<ul style='padding-left: 20px; font-size: 14px; list-style-type: disc; color: inherit;'>\n<li style='margin-bottom: 5px;'><strong>Throughput entrada:<\/strong> 256Mbps<\/li>\n<li style='margin-bottom: 5px;'><strong>Throughput salida:<\/strong> 256 Mbps<\/li>\n<li style='margin-bottom: 5px;'><strong>Puertos LAN:<\/strong> 2 Puertos 10\/100\/1000 Mbps<\/li>\n<li style='margin-bottom: 5px;'><strong>Funciones de tarjetas de red:<\/strong> Balanceo de carga y multi-direcci\u00f3n<\/li>\n<li style='margin-bottom: 5px;'><strong>Configuraci\u00f3n:<\/strong> Local y remota de par\u00e1metros<\/li>\n<li style='margin-bottom: 5px;'><strong>Descarga de archivos:<\/strong> Por red de los grabados en la NVR<\/li>\n<li style='margin-bottom: 5px;'><strong>Descarga de bit\u00e1cora:<\/strong> De alarmas del NVR en forma remota<\/li>\n<\/ul><\/div>\n<\/p><\/div>\n<p> <!-- Resoluci\u00f3n de Grabaci\u00f3n por Canal --> <\/p>\n<div style='flex: 1 1 300px; min-width: 280px; border: 1px solid rgba(150&comma;150&comma;150&comma;0.4); border-radius: 8px; overflow: hidden;'>\n<div style='padding: 15px; background: #df001e; border-bottom: 1px solid rgba(150&comma;150&comma;150&comma;0.2); color: #ffffff; font-weight: bold; font-size: 18px;'> Resoluci\u00f3n de Grabaci\u00f3n por Canal (Recomendado con H.265): <\/div>\n<div style='padding: 15px;'>\n<ul style='padding-left: 20px; font-size: 14px; list-style-type: disc; color: inherit;'>\n<li style='margin-bottom: 5px;'>2 canales @ 32 MP (30 fps)<\/li>\n<li style='margin-bottom: 5px;'>2 canales @ 24 MP (30 fps)<\/li>\n<li style='margin-bottom: 5px;'>4 canales @ 62 MP (20 fps)<\/li>\n<li style='margin-bottom: 5px;'>8 canales @ 8 MP (25 fps)<\/li>\n<li style='margin-bottom: 5px;'>16 canales @ 4 MP (30 fps)<\/li>\n<li style='margin-bottom: 5px;'><strong>Reproducci\u00f3n s\u00edncrona:<\/strong> 16 Canales<\/li>\n<\/ul><\/div>\n<\/p><\/div>\n<\/p><\/div>\n<p> <!-- Caracter\u00edsticas destacadas --> <\/p>\n<div style='border: 1px solid rgba(150&comma;150&comma;150&comma;0.4); border-radius: 8px; overflow: hidden; margin: 30px 0;'>\n<div style='padding: 15px; background: #df001e; border-bottom: 1px solid rgba(150&comma;150&comma;150&comma;0.2); color: #ffffff; font-weight: bold; font-size: 18px;'> Caracter\u00edsticas destacadas: <\/div>\n<div style='padding: 15px;'> <!-- AcuSearch --> <\/p>\n<div style='margin-bottom: 20px;'>\n<h3 style='font-size: 16px; font-weight: bold; color: inherit; margin: 10px 0;'>AcuSearch:<\/h3>\n<ul style='padding-left: 20px; font-size: 14px; list-style-type: disc; color: inherit;'>\n<li style='margin-bottom: 5px;'>Si las c\u00e1maras admiten la tecnolog\u00eda Hikvision AcuSense y tienen habilitada la funci\u00f3n AcuSearch&comma; el NVR admite AcuSearch en todos los canales y puede procesar hasta 600&comma;000 objetivos al d\u00eda<\/li>\n<\/ul><\/div>\n<p> <!-- AcuSeek --> <\/p>\n<div style='margin-bottom: 20px;'>\n<h3 style='font-size: 16px; font-weight: bold; color: inherit; margin: 10px 0;'>AcuSeek:<\/h3>\n<ul style='padding-left: 20px; font-size: 14px; list-style-type: disc; color: inherit;'>\n<li style='margin-bottom: 5px;'>Si las c\u00e1maras admiten la tecnolog\u00eda Hikvision AcuSense y tienen habilitada la funci\u00f3n AcuSearch&comma; el NVR admite AcuSeek en todos los canales y puede procesar hasta 600&comma;000 objetivos al d\u00eda<\/li>\n<\/ul><\/div>\n<p> <!-- Reconocimiento Facial --> <\/p>\n<div style='margin-bottom: 20px;'>\n<h3 style='font-size: 16px; font-weight: bold; color: inherit; margin: 10px 0;'>Reconocimiento Facial:<\/h3>\n<ul style='padding-left: 20px; font-size: 14px; list-style-type: disc; color: inherit;'>\n<li style='margin-bottom: 5px;'>Hasta 32 librer\u00edas con un m\u00e1ximo de 100&comma;000 rostros en total<\/li>\n<li style='margin-bottom: 5px;'>Cada fotograf\u00eda debe de pesar m\u00e1ximo 512 kb<\/li>\n<li style='margin-bottom: 5px;'>Cuando la c\u00e1mara detecta un rostro y coincidente con la base de datos&comma; se puede: activar la grabaci\u00f3n&comma; notificar al software remoto (iVMS-4200)&comma; enviar un email&comma; activar una salida de alarma&comma; etc.<\/li>\n<li style='margin-bottom: 5px;'>Soporta 16 canales de video con reconocimiento facial&comma; podemos usar c\u00e1maras: IDS-2CD7<\/li>\n<li style='margin-bottom: 5px;'>Soporta 16 canales de video con detecci\u00f3n facial&comma; podemos usar c\u00e1maras: DS-2CD3XXG2 \/ DS-2CD3XX7G2 (que soporte captura facial)<\/li>\n<\/ul><\/div>\n<p> <!-- ANPR (Lectura de Placas) --> <\/p>\n<div style='margin-bottom: 20px;'>\n<h3 style='font-size: 16px; font-weight: bold; color: inherit; margin: 10px 0;'>ANPR (Lectura de Placas):<\/h3>\n<ul style='padding-left: 20px; font-size: 14px; list-style-type: disc; color: inherit;'>\n<li style='margin-bottom: 5px;'>Usando c\u00e1maras con anal\u00edtica de ANPR podemos tener lectura de placas (base de datos) en todos sus canales y podemos tener tambien diferentes caracter\u00edsticas del autom\u00f3vil como tipo del veh\u00edculo&comma; color&comma; tama\u00f1o&comma; etc&#8230;<\/li>\n<\/ul><\/div>\n<\/p><\/div>\n<\/p><\/div>\n<p> <!-- Tabla de Funcionalidades --> <\/p>\n<div style='margin: 30px 0;'>\n<div style='overflow-x: auto;'>\n<table style='width: 100%; border-collapse: collapse; border: 1px solid rgba(150&comma;150&comma;150&comma;0.3);'>\n<thead>\n<tr>\n<th style='padding: 12px; border: 1px solid rgba(150&comma;150&comma;150&comma;0.3); background-color: #df001e; color: #ffffff; text-align: center;'>Funci\u00f3n Especial<\/th>\n<th style='padding: 12px; border: 1px solid rgba(150&comma;150&comma;150&comma;0.3); background-color: #df001e; color: #ffffff; text-align: center;'>An\u00e1lisis Inteligente<\/th>\n<th style='padding: 12px; border: 1px solid rgba(150&comma;150&comma;150&comma;0.3); background-color: #df001e; color: #ffffff; text-align: center;'>Requiere C\u00e1mara IP<\/th>\n<\/tr>\n<\/thead>\n<tbody>\n<tr>\n<td style='padding: 12px; border: 1px solid rgba(150&comma;150&comma;150&comma;0.3); background-color: #f8f8f8;'><strong>Intelligent Analytics<\/strong><\/td>\n<td style='padding: 12px; border: 1px solid rgba(150&comma;150&comma;150&comma;0.3);'>Facial Recognition&comma; AcuSearch&comma; AcuSeek<\/td>\n<td style='padding: 12px; border: 1px solid rgba(150&comma;150&comma;150&comma;0.3);'>Perimeter Protection&comma; Video Structuralization&comma; Motion Detection 2.0&comma; ANPR&comma; People Counting<\/td>\n<\/tr>\n<tr>\n<td style='padding: 12px; border: 1px solid rgba(150&comma;150&comma;150&comma;0.3); background-color: #f8f8f8;'><strong>Facial Recognition<\/strong><\/td>\n<td style='padding: 12px; border: 1px solid rgba(150&comma;150&comma;150&comma;0.3);'>Reconocimiento Facial y captura facial<\/td>\n<td style='padding: 12px; border: 1px solid rgba(150&comma;150&comma;150&comma;0.3);'>Requiere usar c\u00e1maras con Reconocimiento facial y Detecci\u00f3n facial<\/td>\n<\/tr>\n<tr>\n<td style='padding: 12px; border: 1px solid rgba(150&comma;150&comma;150&comma;0.3); background-color: #f8f8f8;'><strong>AcuSearch<\/strong><\/td>\n<td style='padding: 12px; border: 1px solid rgba(150&comma;150&comma;150&comma;0.3);'>Procesa hasta 600&comma;000 objetivos\/d\u00eda en todos los canales<\/td>\n<td style='padding: 12px; border: 1px solid rgba(150&comma;150&comma;150&comma;0.3);'>Requiere c\u00e1maras con tecnolog\u00eda AcuSense y funci\u00f3n AcuSearch habilitada<\/td>\n<\/tr>\n<tr>\n<td style='padding: 12px; border: 1px solid rgba(150&comma;150&comma;150&comma;0.3); background-color: #f8f8f8;'><strong>AcuSeek<\/strong><\/td>\n<td style='padding: 12px; border: 1px solid rgba(150&comma;150&comma;150&comma;0.3);'>Procesa hasta 600&comma;000 objetivos\/d\u00eda en todos los canales<\/td>\n<td style='padding: 12px; border: 1px solid rgba(150&comma;150&comma;150&comma;0.3);'>Requiere c\u00e1maras con tecnolog\u00eda AcuSense y funci\u00f3n AcuSearch habilitada<\/td>\n<\/tr>\n<tr>\n<td style='padding: 12px; border: 1px solid rgba(150&comma;150&comma;150&comma;0.3); background-color: #f8f8f8;'><strong>ANPR (Lectura de Placas)<\/strong><\/td>\n<td style='padding: 12px; border: 1px solid rgba(150&comma;150&comma;150&comma;0.3); text-align: left;'>En todos sus canales<\/td>\n<td style='padding: 12px; border: 1px solid rgba(150&comma;150&comma;150&comma;0.3);'>Lectura de placas&comma; color&comma; tipo&comma; marca y tipo de veh\u00edculo en todos los canales<\/td>\n<\/tr>\n<\/tbody>\n<\/table><\/div>\n<\/p><\/div>\n<p> <!-- Videos adicionales --> <\/p>\n<div style='display: flex; flex-wrap: wrap; gap: 30px; margin: 30px 0;'>\n<div style='flex: 1 1 48%; min-width: 300px;'>\n<h3 style='text-align: center; font-size: 18px; font-weight: bold; margin: 15px 0; color: inherit;'>AcuSeek NVR HIKVISION<\/h3>\n<div style='position: relative; padding-bottom: 56.25%; height: 0; overflow: hidden; margin-bottom: 15px;'> <video style='position: absolute; top: 0; left: 0; width: 100%; height: 100%; border: 1px solid rgba(150&comma;150&comma;150&comma;0.3); border-radius: 8px;' autoplay muted controls><source src='https:\/\/ftp3.syscom.mx\/usuarios\/iruiz\/Ugreen\/Video\/Acuseek.mp4' type='video\/mp4'><\/video> <\/div>\n<\/p><\/div>\n<div style='flex: 1 1 48%; min-width: 300px;'>\n<h3 style='text-align: center; font-size: 18px; font-weight: bold; margin: 15px 0; color: inherit;'>Smart Search + Acusense<\/h3>\n<div style='position: relative; padding-bottom: 56.25%; height: 0; overflow: hidden; margin-bottom: 15px;'> <video style='position: absolute; top: 0; left: 0; width: 100%; height: 100%; border: 1px solid rgba(150&comma;150&comma;150&comma;0.3); border-radius: 8px;' autoplay muted controls><source src='https:\/\/ftp3.syscom.mx\/usuarios\/iruiz\/Ugreen\/Video\/Searchtext.mp4' type='video\/mp4'><\/video> <\/div>\n<\/p><\/div>\n<div style='flex: 1 1 48%; min-width: 300px;'>\n<h3 style='text-align: center; font-size: 18px; font-weight: bold; margin: 15px 0; color: inherit;'>AcuSeek NVR HIKVISION<\/h3>\n<div style='position: relative; padding-bottom: 56.25%; height: 0; overflow: hidden; margin-bottom: 15px;'>   <\/div>\n<\/p><\/div>\n<div style='flex: 1 1 48%; min-width: 300px;'>\n<h3 style='text-align: center; font-size: 18px; font-weight: bold; margin: 15px 0; color: inherit;'>Smart Search + Acusense<\/h3>\n<div style='position: relative; padding-bottom: 56.25%; height: 0; overflow: hidden; margin-bottom: 15px;'>   <\/div>\n<\/p><\/div>\n<\/p><\/div>\n<p> <!-- Banner final --> <\/p>\n<div style='margin: 30px 0;'> <img style='width: 100%; height: auto; border: 1px solid rgba(150&comma;150&comma;150&comma;0.3); border-radius: 8px;' src='https:\/\/ftp3.syscom.mx\/usuarios\/jsosa\/HIKVISION\/imagenes\/banners\/solution%20complete.png' alt='Banner Soluci\u00f3n Completa'> <\/div>\n<p> <!-- Separador final --> <\/p>\n<hr style='border: 0; border-top: 1px solid rgba(150&comma;150&comma;150&comma;0.3); margin: 30px 0;'> <\/div>\n","protected":false},"excerpt":{"rendered":"<p>[AcuSeek] NVR 12 Megapixel (4K) \/ 16 Canales IP \/ 8 Bah\u00edas de Disco Duro \/ 2 Tarjetas de Red \/ Soporta RAID \/ HDMI en 4K \/ Soporta POS \/ Reconocimiento Facial \/ Bases de Datos \/ Hasta 100,000 Fotograf\u00edas \/ AcuSearch<\/p>\n","protected":false},"featured_media":101816,"comment_status":"open","ping_status":"closed","template":"","meta":[],"product_brand":[],"product_cat":[2234],"product_tag":[122,54,2235],"class_list":{"0":"post-101817","1":"product","2":"type-product","3":"status-publish","4":"has-post-thumbnail","6":"product_cat-nvrs-network-video-recorders","7":"product_tag-camaras-ip-y-nvrs","8":"product_tag-hikvision","9":"product_tag-nvrs-network-video-recorders","11":"first","12":"outofstock","13":"sale","14":"shipping-taxable","15":"purchasable","16":"product-type-simple"},"_links":{"self":[{"href":"https:\/\/soydeaqui.ddns.net\/pachuca\/index.php\/wp-json\/wp\/v2\/product\/101817","targetHints":{"allow":["GET"]}}],"collection":[{"href":"https:\/\/soydeaqui.ddns.net\/pachuca\/index.php\/wp-json\/wp\/v2\/product"}],"about":[{"href":"https:\/\/soydeaqui.ddns.net\/pachuca\/index.php\/wp-json\/wp\/v2\/types\/product"}],"replies":[{"embeddable":true,"href":"https:\/\/soydeaqui.ddns.net\/pachuca\/index.php\/wp-json\/wp\/v2\/comments?post=101817"}],"wp:featuredmedia":[{"embeddable":true,"href":"https:\/\/soydeaqui.ddns.net\/pachuca\/index.php\/wp-json\/wp\/v2\/media\/101816"}],"wp:attachment":[{"href":"https:\/\/soydeaqui.ddns.net\/pachuca\/index.php\/wp-json\/wp\/v2\/media?parent=101817"}],"wp:term":[{"taxonomy":"product_brand","embeddable":true,"href":"https:\/\/soydeaqui.ddns.net\/pachuca\/index.php\/wp-json\/wp\/v2\/product_brand?post=101817"},{"taxonomy":"product_cat","embeddable":true,"href":"https:\/\/soydeaqui.ddns.net\/pachuca\/index.php\/wp-json\/wp\/v2\/product_cat?post=101817"},{"taxonomy":"product_tag","embeddable":true,"href":"https:\/\/soydeaqui.ddns.net\/pachuca\/index.php\/wp-json\/wp\/v2\/product_tag?post=101817"}],"curies":[{"name":"wp","href":"https:\/\/api.w.org\/{rel}","templated":true}]}}