{"id":101760,"date":"2026-03-20T12:17:08","date_gmt":"2026-03-20T12:17:08","guid":{"rendered":"https:\/\/soydeaqui.ddns.net\/pachuca\/index.php\/producto\/deepinview-x-bala-ip-triple-lente-4-mp-2-mp-2-mp-lente-fijo-4-mm-12-mm-25-mm-analiticos-de-120-metros-de-distancia-con-proteccion-perimetral-2-microfonos-y-1-bocina-ip67-ik10-dark\/"},"modified":"2026-03-20T12:17:16","modified_gmt":"2026-03-20T12:17:16","slug":"deepinview-x-bala-ip-triple-lente-4-mp-2-mp-2-mp-lente-fijo-4-mm-12-mm-25-mm-analiticos-de-120-metros-de-distancia-con-proteccion-perimetral-2-microfonos-y-1-bocina-ip67-ik10-dark","status":"publish","type":"product","link":"https:\/\/soydeaqui.ddns.net\/pachuca\/index.php\/producto\/deepinview-x-bala-ip-triple-lente-4-mp-2-mp-2-mp-lente-fijo-4-mm-12-mm-25-mm-analiticos-de-120-metros-de-distancia-con-proteccion-perimetral-2-microfonos-y-1-bocina-ip67-ik10-dark\/","title":{"rendered":"[DeepinView X] Bala IP Triple Lente 4 MP + 2 MP +2 MP  \/ Lente Fijo 4 MM +12 MM + 25 MM \/ Anal\u00edticos de 120 Metros de Distancia con Protecci\u00f3n Perimetral \/ 2 Micr\u00f3fonos y 1 Bocina \/ IP67 \/ IK10 \/ DARKFIGHTER 2.0 \/ 120 Mts IR"},"content":{"rendered":"<div style='width: 100%; max-width: 1200px; margin: 0 auto; font-family: sans-serif; line-height: 1.6; color: inherit; background-color: transparent;'> <!-- Logo --> <\/p>\n<div style='width: 100%; text-align: center; margin: 20px 0;'> <img style='width: 100%; max-width: 400px; height: auto; border: 1px solid rgba(150&comma;150&comma;150&comma;0.3); border-radius: 8px;' src='https:\/\/ftp3.syscom.mx\/usuarios\/jsosa\/HIKVISION\/imagenes\/logo\/hikvision%20see%20far.png' alt='Logo Hikvision'> <\/div>\n<p> <!-- Videos --> <\/p>\n<div style='display: flex; flex-wrap: wrap; gap: 20px; justify-content: center; margin: 30px 0;'>\n<div style='flex: 1 1 300px; min-width: 280px;'>\n<div style='position: relative; padding-bottom: 56.25%; height: 0; overflow: hidden;'> <video style='position: absolute; top: 0; left: 0; width: 100%; height: 100%; border: none; border-radius: 8px;' controls loop muted><source src='https:\/\/ftp3.syscom.mx\/usuarios\/fcarrillo\/Hikvision\/videos\/05Perimeter%20Protection%20with%20Guanlan.mp4' type='video\/mp4'><\/video> <\/div>\n<\/p><\/div>\n<div style='flex: 1 1 300px; min-width: 280px;'>\n<div style='position: relative; padding-bottom: 56.25%; height: 0; overflow: hidden;'> <video style='position: absolute; top: 0; left: 0; width: 100%; height: 100%; border: none; border-radius: 8px;' controls loop muted><source src='https:\/\/ftp3.syscom.mx\/usuarios\/fcarrillo\/Hikvision\/videos\/%5BPublic%5D%20FewerFalseAlarms_ComparisonTestDemo.mp4' type='video\/mp4'><\/video> <\/div>\n<\/p><\/div>\n<div style='flex: 1 1 300px; min-width: 280px;'>\n<div style='position: relative; padding-bottom: 56.25%; height: 0; overflow: hidden;'> <video style='position: absolute; top: 0; left: 0; width: 100%; height: 100%; border: none; border-radius: 8px;' controls loop muted><source src='https:\/\/ftp3.syscom.mx\/usuarios\/fcarrillo\/Hikvision\/videos\/%5BPublic%5D%20%5BPublic%5D%20LongerVCARange_5Tx7G2V%20%281%29.mp4' type='video\/mp4'><\/video> <\/div>\n<\/p><\/div>\n<\/p><\/div>\n<p> <!-- Especificaciones --> <\/p>\n<h1 style='text-align: center; font-size: 24px; color: #232a6f; margin: 40px 0 20px;'>Especif\u00edcaciones<\/h1>\n<p> <!-- Caracter\u00edsticas Principales y F\u00edsicas y El\u00e9ctricas --> <\/p>\n<div style='display: flex; flex-wrap: wrap; gap: 30px; margin: 30px 0;'>\n<div style='flex: 1 1 300px; min-width: 280px;'>\n<div style='border: 1px solid rgba(150&comma; 150&comma; 150&comma; 0.4); border-radius: 8px; overflow: hidden; display: flex; flex-direction: column;'>\n<div style='padding: 15px; border-bottom: 1px solid rgba(150&comma; 150&comma; 150&comma; 0.2); font-weight: bold; font-size: 18px; background: #df001e; color: white;'>Caracter\u00edsticas Principales<\/div>\n<div style='padding: 15px; color: inherit;'>\n<ul style='padding-left: 20px; margin: 0; font-size: 14px; list-style-type: disc;'>\n<li style='margin-bottom: 5px;'>Resoluci\u00f3n m\u00e1xima: 4 Megapixel (2560 x 1440)<\/li>\n<li style='margin-bottom: 5px;'>Compresi\u00f3n de video: H.265+ \/ H.265 \/ H.264+ \/ H.264<\/li>\n<li style='margin-bottom: 5px;'>Lente Fijo: 2.8 mm (104\u00b0)<\/li>\n<li style='margin-bottom: 5px;'>Velocidad del shutter: 1 s a 100.000 s&comma; soporta Slow Shutter<\/li>\n<li style='margin-bottom: 5px;'>Distancia de IR: 120 mts IR EXIR<\/li>\n<li style='margin-bottom: 5px;'>Funciones: WDR real 120 dB \/ BLC \/ HLC \/ 3D DNR \/ Defog \/ EIS<\/li>\n<li style='margin-bottom: 5px;'>Protocolos: ONVIF (PROFILE S&comma; PROFILE G&comma; PROFILE T) \/ ISAPI \/ SDK \/ ISUP<\/li>\n<\/ul><\/div>\n<\/p><\/div>\n<\/p><\/div>\n<div style='flex: 1 1 300px; min-width: 280px;'>\n<div style='border: 1px solid rgba(150&comma; 150&comma; 150&comma; 0.4); border-radius: 8px; overflow: hidden; display: flex; flex-direction: column;'>\n<div style='padding: 15px; border-bottom: 1px solid rgba(150&comma; 150&comma; 150&comma; 0.2); font-weight: bold; font-size: 18px; background: #df001e; color: white;'>Caracter\u00edsticas F\u00edsicas y El\u00e9ctricas<\/div>\n<div style='padding: 15px; color: inherit;'>\n<ul style='padding-left: 20px; margin: 0; font-size: 14px; list-style-type: disc;'>\n<li style='margin-bottom: 5px;'>Alimentaci\u00f3n: 12 Vcc \/ PoE (802.3 at) \/ 25.5 Watts<\/li>\n<li style='margin-bottom: 5px;'>Protecci\u00f3n: IP67 (Interior \/ Exterior)<\/li>\n<li style='margin-bottom: 5px;'>Antivand\u00e1lico: IK10<\/li>\n<li style='margin-bottom: 5px;'>Peso: 3470 gramos<\/li>\n<li style='margin-bottom: 5px;'><strong>Incluye caja de conexi\u00f3n<\/strong><\/li>\n<li style='margin-top: 15px;'> <a style='color: #0d6efd; text-decoration: none;' href='https:\/\/ftp3.syscom.mx\/usuarios\/fcarrillo\/Hikvision\/Specs\/Especificaciones%20Tecnicas%20iDS-2CD7T46G2_VX3-I%28H%29S%28Y%29_20250616.pdf' target='_blank' rel='noopener'>Consulte la ficha t\u00e9cnica para validar los accesorios compatibles<\/a> <\/li>\n<\/ul><\/div>\n<\/p><\/div>\n<\/p><\/div>\n<\/p><\/div>\n<p> <!-- Interfaces y Caracter\u00edsticas Generales --> <\/p>\n<div style='display: flex; flex-wrap: wrap; gap: 30px; margin: 30px 0;'>\n<div style='flex: 1 1 300px; min-width: 280px;'>\n<div style='border: 1px solid rgba(150&comma; 150&comma; 150&comma; 0.4); border-radius: 8px; overflow: hidden; display: flex; flex-direction: column;'>\n<div style='padding: 15px; border-bottom: 1px solid rgba(150&comma; 150&comma; 150&comma; 0.2); font-weight: bold; font-size: 18px; background: #df001e; color: white;'>Interfaces Entradas y Salidas<\/div>\n<div style='padding: 15px; color: inherit;'>\n<ul style='padding-left: 20px; margin: 0; font-size: 14px; list-style-type: disc;'>\n<li style='margin-bottom: 5px;'>Entradas de alarma: 2<\/li>\n<li style='margin-bottom: 5px;'>Salidas de alarma: 2<\/li>\n<li style='margin-bottom: 5px;'>Entradas de audio: 2<\/li>\n<li style='margin-bottom: 5px;'>Salidas de audio: 2<\/li>\n<li style='margin-bottom: 5px;'>1 puerto de red: 10 \/ 100 Mbps<\/li>\n<li style='margin-bottom: 5px;'>Soporta micro SD de hasta 1 TB (no incluida)<\/li>\n<\/ul><\/div>\n<\/p><\/div>\n<\/p><\/div>\n<div style='flex: 1 1 300px; min-width: 280px;'>\n<div style='border: 1px solid rgba(150&comma; 150&comma; 150&comma; 0.4); border-radius: 8px; overflow: hidden; display: flex; flex-direction: column;'>\n<div style='padding: 15px; border-bottom: 1px solid rgba(150&comma; 150&comma; 150&comma; 0.2); font-weight: bold; font-size: 18px; background: #df001e; color: white;'>Caracter\u00edsticas Generales<\/div>\n<div style='padding: 15px; color: inherit;'>\n<ul style='padding-left: 20px; margin: 0; font-size: 14px; list-style-type: disc;'>\n<li style='margin-bottom: 5px;'>Paneo: 360\u00b0<\/li>\n<li style='margin-bottom: 5px;'>Tildeo: -15\u00b0 a 90\u00ba (auto flip)<\/li>\n<li style='margin-bottom: 5px;'>Preset \/ Patrol \/ Pattern: 300 \/ 8 \/ 4<\/li>\n<li style='margin-bottom: 5px;'>Reducci\u00f3n de falsas alarmas (ACUSENSE)<\/li>\n<li style='margin-bottom: 5px;'>Funci\u00f3n de PARK ACTION<\/li>\n<li style='margin-bottom: 5px;'>Soporta tareas calendarizadas<\/li>\n<li style='margin-bottom: 5px;'>Soporta hasta 20 usuarios simult\u00e1neos<\/li>\n<\/ul><\/div>\n<\/p><\/div>\n<\/p><\/div>\n<\/p><\/div>\n<p> <!-- Caracter\u00edsticas Destacadas --> <\/p>\n<div style='margin: 30px 0;'>\n<div style='border: 1px solid rgba(150&comma; 150&comma; 150&comma; 0.4); border-radius: 8px; overflow: hidden;'>\n<div style='padding: 15px; border-bottom: 1px solid rgba(150&comma; 150&comma; 150&comma; 0.2); font-weight: bold; font-size: 18px; background: #df001e; color: white;'>Caracter\u00edsticas Destacadas<\/div>\n<div style='padding: 15px; color: inherit;'>\n<ul style='padding-left: 20px; margin: 0; font-size: 14px; list-style-type: circle;'>\n<li style='margin-bottom: 15px;'> <strong>Protecci\u00f3n perimetral:<\/strong>\n<p style='margin-top: 8px; margin-bottom: 0;'>Con algoritmos integrados de detecci\u00f3n y clasificaci\u00f3n de objetivos basados en aprendizaje profundo&comma; la c\u00e1mara lleva a cabo el deber de protecci\u00f3n del per\u00edmetro&comma; control de las acciones de cruce de l\u00ednea&comma; intrusi\u00f3n&comma; entrada y salida de la regi\u00f3n. Los algoritmos filtran en gran medida la alarma err\u00f3nea causada por la interferencia de hojas&comma; luces&comma; animales&comma; banderas&comma; etc.<\/p>\n<\/li>\n<li style='margin-bottom: 15px;'>\n<p style='margin: 0;'>Podemos tener <strong>hasta 120 metros<\/strong> de protecci\u00f3n perimetral (ACUSENSE) por medio de algun cruce de l\u00ednea o intrusi\u00f3n de area asegurando una eficiencia muy precisa y evitando falsas alarmas. Integramos en la c\u00e1mara la tecnolog\u00eda Guanlan con IA para poder lograr esto.<\/p>\n<\/li>\n<\/ul>\n<div style='margin-top: 20px; padding: 15px; background-color: rgba(210&comma; 210&comma; 210&comma; 0.15); border-radius: 8px;'>\n<ul style='padding-left: 20px; margin: 0; font-size: 14px; list-style-type: disc;'>\n<li>Se recomienda usar NVR\u00b4s NXI-K&comma; NI-K&comma; NI-I&comma; NI-M&comma; NXI-I&comma; NXI-M<\/li>\n<\/ul><\/div>\n<\/p><\/div>\n<\/p><\/div>\n<\/p><\/div>\n<p> <!-- Banner final --> <\/p>\n<div style='width: 100%; text-align: center; margin: 30px 0;'> <img style='width: 100%; max-width: 800px; height: auto; border: 1px solid rgba(150&comma;150&comma;150&comma;0.3); border-radius: 8px;' src='https:\/\/ftp3.syscom.mx\/usuarios\/jsosa\/HIKVISION\/imagenes\/banners\/solution%20complete.png' alt='Banner de soluci\u00f3n completa'> <\/div>\n<\/p><\/div>\n","protected":false},"excerpt":{"rendered":"<p>[DeepinView X] Bala IP Triple Lente 4 MP + 2 MP +2 MP  \/ Lente Fijo 4 MM +12 MM + 25 MM \/ Anal\u00edticos de 120 Metros de Distancia con Protecci\u00f3n Perimetral \/ 2 Micr\u00f3fonos y 1 Bocina \/ IP67 \/ IK10 \/ DARKFIGHTER 2.0 \/ 120 Mts IR<\/p>\n","protected":false},"featured_media":101759,"comment_status":"open","ping_status":"closed","template":"","meta":[],"product_brand":[],"product_cat":[438],"product_tag":[439,122,54],"class_list":{"0":"post-101760","1":"product","2":"type-product","3":"status-publish","4":"has-post-thumbnail","6":"product_cat-bala","7":"product_tag-bala","8":"product_tag-camaras-ip-y-nvrs","9":"product_tag-hikvision","11":"first","12":"instock","13":"sale","14":"shipping-taxable","15":"purchasable","16":"product-type-simple"},"_links":{"self":[{"href":"https:\/\/soydeaqui.ddns.net\/pachuca\/index.php\/wp-json\/wp\/v2\/product\/101760","targetHints":{"allow":["GET"]}}],"collection":[{"href":"https:\/\/soydeaqui.ddns.net\/pachuca\/index.php\/wp-json\/wp\/v2\/product"}],"about":[{"href":"https:\/\/soydeaqui.ddns.net\/pachuca\/index.php\/wp-json\/wp\/v2\/types\/product"}],"replies":[{"embeddable":true,"href":"https:\/\/soydeaqui.ddns.net\/pachuca\/index.php\/wp-json\/wp\/v2\/comments?post=101760"}],"wp:featuredmedia":[{"embeddable":true,"href":"https:\/\/soydeaqui.ddns.net\/pachuca\/index.php\/wp-json\/wp\/v2\/media\/101759"}],"wp:attachment":[{"href":"https:\/\/soydeaqui.ddns.net\/pachuca\/index.php\/wp-json\/wp\/v2\/media?parent=101760"}],"wp:term":[{"taxonomy":"product_brand","embeddable":true,"href":"https:\/\/soydeaqui.ddns.net\/pachuca\/index.php\/wp-json\/wp\/v2\/product_brand?post=101760"},{"taxonomy":"product_cat","embeddable":true,"href":"https:\/\/soydeaqui.ddns.net\/pachuca\/index.php\/wp-json\/wp\/v2\/product_cat?post=101760"},{"taxonomy":"product_tag","embeddable":true,"href":"https:\/\/soydeaqui.ddns.net\/pachuca\/index.php\/wp-json\/wp\/v2\/product_tag?post=101760"}],"curies":[{"name":"wp","href":"https:\/\/api.w.org\/{rel}","templated":true}]}}