{"id":101758,"date":"2026-03-20T12:17:02","date_gmt":"2026-03-20T12:17:02","guid":{"rendered":"https:\/\/soydeaqui.ddns.net\/pachuca\/index.php\/producto\/pantalla-principal-de-guia-de-estacionamiento-5-modulos-mensaje-de-bienvenida-uso-con-aplicacion-de-guia-de-estacionamiento\/"},"modified":"2026-03-20T12:17:05","modified_gmt":"2026-03-20T12:17:05","slug":"pantalla-principal-de-guia-de-estacionamiento-5-modulos-mensaje-de-bienvenida-uso-con-aplicacion-de-guia-de-estacionamiento","status":"publish","type":"product","link":"https:\/\/soydeaqui.ddns.net\/pachuca\/index.php\/producto\/pantalla-principal-de-guia-de-estacionamiento-5-modulos-mensaje-de-bienvenida-uso-con-aplicacion-de-guia-de-estacionamiento\/","title":{"rendered":"Pantalla Principal de Gu\u00eda de Estacionamiento \/ 5 M\u00f3dulos \/ Mensaje de Bienvenida \/ Uso con Aplicaci\u00f3n de Gu\u00eda de Estacionamiento"},"content":{"rendered":"<div style='width: 100%; max-width: 1200px; margin: 0 auto; font-family: sans-serif; line-height: 1.6; color: inherit; background-color: transparent;'> <!-- Banner de inicio --> <\/p>\n<p style='text-align: center; margin: 0; padding: 15px 0;'> <img style='width: 45%; height: auto; border: 1px solid rgba(150&comma;150&comma;150&comma;0.3); border-radius: 8px;' src='https:\/\/ftp3.syscom.mx\/usuarios\/jsosa\/HIKVISION\/imagenes\/logo\/hikvision%20see%20far.png' alt='Logo Hikvision'> <\/p>\n<p> <!-- Secci\u00f3n de caracter\u00edsticas --> <\/p>\n<div style='display: flex; flex-wrap: wrap; gap: 30px; margin: 30px 0;'> <!-- Caracter\u00edsticas Principales --> <\/p>\n<div style='flex: 1 1 300px; min-width: 280px;'>\n<h3 style='font-size: 22px; border-bottom: 2px solid currentColor; padding-bottom: 5px; margin-top: 0; color: inherit; opacity: 0.8;'>Caracter\u00edsticas Principales<\/h3>\n<ul style='padding-left: 20px; font-size: 15px; color: inherit;'>\n<li style='margin-bottom: 5px;'>Pantalla LED 1R1G dual-color para una visualizaci\u00f3n clara y efectiva<\/li>\n<li style='margin-bottom: 5px;'>Comunicaci\u00f3n mediante RS-232&comma; RS-485 y RJ45&comma; permitiendo uso independiente o en red<\/li>\n<li style='margin-bottom: 5px;'>5 M\u00f3dulos<\/li>\n<li style='margin-bottom: 5px;'>Muestra informaci\u00f3n en tiempo real sobre la disponibilidad de espacios en todo el estacionamiento y por distritos<\/li>\n<li style='margin-bottom: 5px;'>Integraci\u00f3n con sistemas de gesti\u00f3n para actualizaci\u00f3n autom\u00e1tica de la informaci\u00f3n<\/li>\n<li style='margin-bottom: 5px;'>Dise\u00f1o robusto para instalaci\u00f3n en exteriores&comma; resistente a condiciones ambientales adversas<\/li>\n<\/ul><\/div>\n<p> <!-- Detalles T\u00e9cnicos --> <\/p>\n<div style='flex: 1 1 300px; min-width: 280px;'>\n<h3 style='font-size: 22px; border-bottom: 2px solid currentColor; padding-bottom: 5px; margin-top: 0; color: inherit; opacity: 0.8;'>Detalles T\u00e9cnicos<\/h3>\n<ul style='padding-left: 20px; font-size: 15px; color: inherit;'>\n<li style='margin-bottom: 5px;'><strong>Alimentaci\u00f3n:<\/strong> 220VAC\/110VAC<\/li>\n<li style='margin-bottom: 5px;'><strong>Distancia m\u00e1xima de comunicaci\u00f3n:<\/strong> 1200m (puerto serie) \/ 120m (cable de red&comma; extensible con dispositivo auxiliar)<\/li>\n<li style='margin-bottom: 5px;'><strong>Tasa de comunicaci\u00f3n:<\/strong> 57600 Baud rate<\/li>\n<li style='margin-bottom: 5px;'><strong>Ancho:<\/strong> 700<\/li>\n<li style='margin-bottom: 5px;'><strong>Altura:<\/strong> 2400<\/li>\n<li style='margin-bottom: 5px;'><strong>Espesor:<\/strong> 150<\/li>\n<li style='margin-bottom: 5px;'><strong>Color:<\/strong> 1R1G dual-color<\/li>\n<li style='margin-bottom: 5px;'><strong>Tama\u00f1o del m\u00f3dulo:<\/strong> 320x160mm<\/li>\n<li style='margin-bottom: 5px;'><strong>RS-232:<\/strong> para comunicaci\u00f3n serial<\/li>\n<li style='margin-bottom: 5px;'><strong>RS-485:<\/strong> para comunicaci\u00f3n en red<\/li>\n<li style='margin-bottom: 5px;'><strong>RJ45:<\/strong> para conexi\u00f3n Ethernet<\/li>\n<\/ul><\/div>\n<\/p><\/div>\n<p> <!-- Aplicaciones y Casos de Uso --> <\/p>\n<div style='margin: 30px 0;'>\n<h3 style='font-size: 22px; border-bottom: 2px solid currentColor; padding-bottom: 5px; margin-top: 0; color: inherit; opacity: 0.8;'>Aplicaciones y Casos de Uso<\/h3>\n<div style='font-size: 15px; color: inherit; background-color: rgba(200&comma;200&comma;200&comma;0.1); border-radius: 8px; padding: 15px;'>\n<p style='margin: 0; padding: 0;'> Estacionamientos Comerciales: Ideal para centros comerciales y grandes superficies&comma; facilitando la gesti\u00f3n de espacios y mejorando la experiencia del cliente. <br \/>Estacionamientos de Empresas: Perfecto para empresas con grandes flotas de veh\u00edculos&comma; optimizando el uso de espacios y reduciendo tiempos de b\u00fasqueda. <br \/>Aeropuertos y Estaciones: En aeropuertos y estaciones de transporte&comma; ayuda a los conductores a encontrar r\u00e1pidamente espacios disponibles&comma; mejorando la eficiencia operativa. <\/p>\n<\/p><\/div>\n<\/p><\/div>\n<p> <!-- Banner final --> <\/p>\n<div style='margin: 30px 0;'> <img style='width: 100%; height: auto; border: 1px solid rgba(150&comma;150&comma;150&comma;0.3); border-radius: 8px;' src='https:\/\/ftp3.syscom.mx\/usuarios\/jsosa\/HIKVISION\/imagenes\/banners\/solution%20complete.png' alt='Banner Final'> <\/div>\n<\/p><\/div>\n","protected":false},"excerpt":{"rendered":"<p>Pantalla Principal de Gu\u00eda de Estacionamiento \/ 5 M\u00f3dulos \/ Mensaje de Bienvenida \/ Uso con Aplicaci\u00f3n de Gu\u00eda de Estacionamiento<\/p>\n","protected":false},"featured_media":101757,"comment_status":"open","ping_status":"closed","template":"","meta":[],"product_brand":[],"product_cat":[777],"product_tag":[401,93,54],"class_list":{"0":"post-101758","1":"product","2":"type-product","3":"status-publish","4":"has-post-thumbnail","6":"product_cat-accesorios-acceso-vehicular","7":"product_tag-acceso-vehicular","8":"product_tag-accesorios","9":"product_tag-hikvision","11":"first","12":"outofstock","13":"sale","14":"shipping-taxable","15":"purchasable","16":"product-type-simple"},"_links":{"self":[{"href":"https:\/\/soydeaqui.ddns.net\/pachuca\/index.php\/wp-json\/wp\/v2\/product\/101758","targetHints":{"allow":["GET"]}}],"collection":[{"href":"https:\/\/soydeaqui.ddns.net\/pachuca\/index.php\/wp-json\/wp\/v2\/product"}],"about":[{"href":"https:\/\/soydeaqui.ddns.net\/pachuca\/index.php\/wp-json\/wp\/v2\/types\/product"}],"replies":[{"embeddable":true,"href":"https:\/\/soydeaqui.ddns.net\/pachuca\/index.php\/wp-json\/wp\/v2\/comments?post=101758"}],"wp:featuredmedia":[{"embeddable":true,"href":"https:\/\/soydeaqui.ddns.net\/pachuca\/index.php\/wp-json\/wp\/v2\/media\/101757"}],"wp:attachment":[{"href":"https:\/\/soydeaqui.ddns.net\/pachuca\/index.php\/wp-json\/wp\/v2\/media?parent=101758"}],"wp:term":[{"taxonomy":"product_brand","embeddable":true,"href":"https:\/\/soydeaqui.ddns.net\/pachuca\/index.php\/wp-json\/wp\/v2\/product_brand?post=101758"},{"taxonomy":"product_cat","embeddable":true,"href":"https:\/\/soydeaqui.ddns.net\/pachuca\/index.php\/wp-json\/wp\/v2\/product_cat?post=101758"},{"taxonomy":"product_tag","embeddable":true,"href":"https:\/\/soydeaqui.ddns.net\/pachuca\/index.php\/wp-json\/wp\/v2\/product_tag?post=101758"}],"curies":[{"name":"wp","href":"https:\/\/api.w.org\/{rel}","templated":true}]}}