{"id":101754,"date":"2026-03-20T12:16:50","date_gmt":"2026-03-20T12:16:50","guid":{"rendered":"https:\/\/soydeaqui.ddns.net\/pachuca\/index.php\/producto\/kit-de-ictcb15-ict200db12irc\/"},"modified":"2026-03-20T12:16:52","modified_gmt":"2026-03-20T12:16:52","slug":"kit-de-ictcb15-ict200db12irc","status":"publish","type":"product","link":"https:\/\/soydeaqui.ddns.net\/pachuca\/index.php\/producto\/kit-de-ictcb15-ict200db12irc\/","title":{"rendered":"kit de  ICTCB15  + ICT200DB12IRC"},"content":{"rendered":"<div style='width: 100%; max-width: 1200px; margin: 0 auto; font-family: sans-serif; line-height: 1.6; color: inherit; background-color: transparent;'> <!-- Logos --> <\/p>\n<div style='display: flex; flex-wrap: wrap; justify-content: center; gap: 20px; margin-bottom: 30px;'> <img style='width: auto; max-width: 200px; height: auto; border: 1px solid rgba(150&comma;150&comma;150&comma;0.3); border-radius: 8px;' src='https:\/\/ftp3.syscom.mx\/usuarios\/sapodaca\/ICT\/Logo_Black_with%20theme-1.tif' alt='Logo ICT'> <img style='width: auto; max-width: 500px; height: auto; border: 1px solid rgba(150&comma;150&comma;150&comma;0.3); border-radius: 8px;' src='https:\/\/ftp3.syscom.mx\/usuarios\/sapodaca\/ICT\/LOGO ICT.png' alt='Logo ICT' width='500' height='149'> <\/div>\n<p> <!-- T\u00edtulo --> <\/p>\n<h2 style='text-align: center; font-size: 24px; margin-bottom: 30px; color: inherit;'>PANELES DE DISTRIBUCI\u00d3N DE CARGA CC DOBLE BUS<\/h2>\n<p> <!-- Descripci\u00f3n principal --> <\/p>\n<div style='margin-bottom: 30px; font-size: 15px; color: inherit;'>\n<p>La serie <strong>DISTRIBUTION 3<\/strong> de ICT ofrece capacidad de doble bus independientes para sistemas redundantes o para conexi\u00f3n de distintas fuentes o voltajes al mismo panel. Cada bus soporta hasta 100 Amperes pico y ofrece hasta 6 salidas protegidas por interruptores hidr\u00e1ulicos que se encuentran montados en la parte frontal del panel para un r\u00e1pido y f\u00e1cil manejo.<\/p>\n<p>Existen modelos est\u00e1ndar para aplicaciones b\u00e1sicas&comma; adem\u00e1s de modelos inteligentes que incluyen las funciones de control de potencia y gesti\u00f3n remota TCP\/IP.<\/p>\n<\/p><\/div>\n<p> <!-- Secci\u00f3n de funciones --> <\/p>\n<div style='margin-bottom: 30px;'>\n<div style='margin-bottom: 20px;'>\n<h3 style='font-size: 20px; border-bottom: 2px solid currentColor; padding-bottom: 5px; margin-top: 0; color: inherit; opacity: 0.8;'>Monitoreo Remoto<\/h3>\n<p>Los modelos inteligentes admiten TCP\/IP y utilizan un conector Ethernet incorporado con un servidor web integrado que permite a los usuarios monitorear a distancia las condiciones de carga del panel. Es posible monitorear la tensi\u00f3n y la intensidad del sistema&comma; adem\u00e1s de la lectura actual de cada salida.<\/p>\n<\/p><\/div>\n<div style='margin-bottom: 20px;'>\n<h3 style='font-size: 20px; border-bottom: 2px solid currentColor; padding-bottom: 5px; margin-top: 0; color: inherit; opacity: 0.8;'>Control de Energ\u00eda Remoto por Ethernet<\/h3>\n<p>Permite encender y\/o apagar de manera remota e individual cada una de las salidas del panel mediante la conexi\u00f3n Ethernet. \u00c9sto permite encender&comma; apagar o reiniciar sus equipos en caso de falla o mantenimiento.<\/p>\n<p>Adicionalmente cuenta con la funci\u00f3n &#8216;Watchdog&#8217; la cual realiza un ping a una IP espec\u00edfica para reiniciar de forma espec\u00edfica equipos especiales como routers para evitar p\u00e9rdida de comunicaciones.<\/p>\n<\/p><\/div>\n<div style='margin-bottom: 30px; text-align: center;'> <a style='color: #0091ff; text-decoration: none; font-weight: bold;' href='http:\/\/www.ict-power.com\/demos\/ict200db-12irc\/' target='_blank' rel='noopener'>Simulador del Monitoreo Remoto<\/a> <\/div>\n<\/p><\/div>\n<p> <!-- Im\u00e1genes principales --> <\/p>\n<div style='display: flex; flex-wrap: wrap; justify-content: center; gap: 20px; margin-bottom: 30px;'> <img style='width: 100%; max-width: 400px; height: auto; border: 1px solid rgba(150&comma;150&comma;150&comma;0.3); border-radius: 8px;' src='https:\/\/ftp3.syscom.mx\/usuarios\/sapodaca\/ICT\/1.png' alt='Panel ICT 1' width='400' height='452'> <img style='width: 100%; max-width: 400px; height: auto; border: 1px solid rgba(150&comma;150&comma;150&comma;0.3); border-radius: 8px;' src='https:\/\/ftp3.syscom.mx\/usuarios\/sapodaca\/ICT\/2.png' alt='Panel ICT 2' width='400' height='423'> <\/div>\n<p> <!-- Caracter\u00edsticas principales --> <\/p>\n<div style='margin-bottom: 30px;'>\n<h3 style='font-size: 20px; border-bottom: 2px solid currentColor; padding-bottom: 5px; margin-top: 0; color: inherit; opacity: 0.8;'>Caracter\u00edsticas principales:<\/h3>\n<ul style='padding-left: 20px; font-size: 15px; color: inherit;'>\n<li>Doble bus de conexiones&comma; 6 circuitos de salida protegidos por bus. (12 Salidas en Total)<\/li>\n<li><strong>Sistema Inteligente Monitoreable v\u00eda WEB<\/strong><\/li>\n<li>Rango de voltaje de operaci\u00f3n: 12-60 Vcc<\/li>\n<li>Corriente total de Sistema: 200A\/160A (Pico\/Continuo)<\/li>\n<li>Corriente por bus: 100A\/80A (Pico\/Continuo)<\/li>\n<li><strong>Interruptores Magn\u00e9ticos \/ Hidr\u00e1ulicos compatibles a 12&comma; 24 y 48 Vcc.<\/strong><\/li>\n<li>Indicadores LED y contactos de alarmas para detecci\u00f3n de fallas.<\/li>\n<li>Dise\u00f1o de 1UR para un m\u00e1ximo ahorro de espacio en racks de 19 pulgadas<\/li>\n<\/ul><\/div>\n<p> <!-- Nota importante --> <\/p>\n<div style='margin-bottom: 30px; padding: 15px; border-left: 5px solid #0091ff; background-color: rgba(150&comma;150&comma;150&comma;0.1);'>\n<p><strong>NOTA<\/strong>: No incluye Breakers (Disyuntores)&comma; solicitar de acuerdo a la capacidad de corriente requerida por circuito.<\/p>\n<\/p><\/div>\n<p> <!-- Breaker Magn\u00e9tico Hidra\u00falico --> <\/p>\n<div style='margin-bottom: 30px;'>\n<h3 style='font-size: 20px; border-bottom: 2px solid currentColor; padding-bottom: 5px; margin-top: 0; color: inherit; opacity: 0.8;'>Breaker Magn\u00e9tico Hidra\u00falico<\/h3>\n<p style='margin-bottom: 20px;'>Disyuntor Magn\u00e9tico-Hidr\u00e1ulico miniatura de bajo costo y dise\u00f1o compacto&comma; compatible con paneles de distribuci\u00f3n ICT.<\/p>\n<p> <!-- Especificaciones del breaker --> <\/p>\n<div style='display: flex; flex-wrap: wrap; gap: 20px; margin-bottom: 30px;'>\n<div style='flex: 1 1 300px; min-width: 250px; border: 1px solid rgba(150&comma; 150&comma; 150&comma; 0.4); border-radius: 8px; overflow: hidden;'>\n<div style='padding: 15px; border-bottom: 1px solid rgba(150&comma; 150&comma; 150&comma; 0.2); font-weight: bold; font-size: 18px; color: inherit;'>Especificaciones<\/div>\n<div style='padding: 15px; color: inherit;'>\n<ul style='padding-left: 20px; margin: 0; font-size: 14px; list-style-type: disc;'>\n<li style='margin-bottom: 5px;'>Polos: 1<\/li>\n<li style='margin-bottom: 5px;'>Capacidad: 15 Amperes<\/li>\n<li style='margin-bottom: 5px;'>M\u00e1ximo voltaje: 80 Vcc<\/li>\n<li style='margin-bottom: 5px;'>M\u00e1xima Capacidad de Interrupci\u00f3n: 600A @ 80Vcc<\/li>\n<\/ul><\/div>\n<\/p><\/div>\n<\/p><\/div>\n<p> <!-- Imagen del breaker --> <\/p>\n<div style='text-align: center;'> <img style='width: 100%; max-width: 450px; height: auto; border: 1px solid rgba(150&comma;150&comma;150&comma;0.3); border-radius: 8px;' src='https:\/\/ftp3.syscom.mx\/usuarios\/sapodaca\/ICT\/dim-braker.png' alt='Dimensiones del Breaker' width='450' height='209'> <\/div>\n<\/p><\/div>\n<p> <!-- Logo final --> <\/p>\n<div style='text-align: center; margin-top: 30px;'> <img style='width: auto; max-width: 500px; height: auto; border: 1px solid rgba(150&comma;150&comma;150&comma;0.3); border-radius: 8px;' src='https:\/\/ftp3.syscom.mx\/usuarios\/sapodaca\/ICT\/LOGO%20ICT.png' alt='Logo ICT' width='500' height='149'> <\/div>\n<\/p><\/div>\n","protected":false},"excerpt":{"rendered":"<p>kit de  ICTCB15  + ICT200DB12IRC<\/p>\n","protected":false},"featured_media":32,"comment_status":"open","ping_status":"closed","template":"","meta":[],"product_brand":[],"product_cat":[707],"product_tag":[606,1340,605],"class_list":{"0":"post-101754","1":"product","2":"type-product","3":"status-publish","4":"has-post-thumbnail","6":"product_cat-accesorios-para-racks-y-gabinetes-racks-y-gabinetes-radiocomunicacion","7":"product_tag-accesorios-para-racks-y-gabinetes","8":"product_tag-ict","9":"product_tag-racks-y-gabinetes","11":"first","12":"outofstock","13":"sale","14":"shipping-taxable","15":"purchasable","16":"product-type-simple"},"_links":{"self":[{"href":"https:\/\/soydeaqui.ddns.net\/pachuca\/index.php\/wp-json\/wp\/v2\/product\/101754","targetHints":{"allow":["GET"]}}],"collection":[{"href":"https:\/\/soydeaqui.ddns.net\/pachuca\/index.php\/wp-json\/wp\/v2\/product"}],"about":[{"href":"https:\/\/soydeaqui.ddns.net\/pachuca\/index.php\/wp-json\/wp\/v2\/types\/product"}],"replies":[{"embeddable":true,"href":"https:\/\/soydeaqui.ddns.net\/pachuca\/index.php\/wp-json\/wp\/v2\/comments?post=101754"}],"wp:featuredmedia":[{"embeddable":true,"href":"https:\/\/soydeaqui.ddns.net\/pachuca\/index.php\/wp-json\/wp\/v2\/media\/32"}],"wp:attachment":[{"href":"https:\/\/soydeaqui.ddns.net\/pachuca\/index.php\/wp-json\/wp\/v2\/media?parent=101754"}],"wp:term":[{"taxonomy":"product_brand","embeddable":true,"href":"https:\/\/soydeaqui.ddns.net\/pachuca\/index.php\/wp-json\/wp\/v2\/product_brand?post=101754"},{"taxonomy":"product_cat","embeddable":true,"href":"https:\/\/soydeaqui.ddns.net\/pachuca\/index.php\/wp-json\/wp\/v2\/product_cat?post=101754"},{"taxonomy":"product_tag","embeddable":true,"href":"https:\/\/soydeaqui.ddns.net\/pachuca\/index.php\/wp-json\/wp\/v2\/product_tag?post=101754"}],"curies":[{"name":"wp","href":"https:\/\/api.w.org\/{rel}","templated":true}]}}