{"id":101734,"date":"2026-03-20T12:15:48","date_gmt":"2026-03-20T12:15:48","guid":{"rendered":"https:\/\/soydeaqui.ddns.net\/pachuca\/index.php\/producto\/camara-pt-wi-fi-4k-8-megapixeles-vision-nocturna-inteligente-en-color-deteccion-humana-deteccion-de-mascota-llamada-a-la-app-con-un-toque-almacenamiento-en-microsd-y-nube\/"},"modified":"2026-03-20T12:15:58","modified_gmt":"2026-03-20T12:15:58","slug":"camara-pt-wi-fi-4k-8-megapixeles-vision-nocturna-inteligente-en-color-deteccion-humana-deteccion-de-mascota-llamada-a-la-app-con-un-toque-almacenamiento-en-microsd-y-nube","status":"publish","type":"product","link":"https:\/\/soydeaqui.ddns.net\/pachuca\/index.php\/producto\/camara-pt-wi-fi-4k-8-megapixeles-vision-nocturna-inteligente-en-color-deteccion-humana-deteccion-de-mascota-llamada-a-la-app-con-un-toque-almacenamiento-en-microsd-y-nube\/","title":{"rendered":"C\u00e1mara PT Wi-Fi \/ 4K (8 Megap\u00edxeles) \/ Visi\u00f3n Nocturna Inteligente en Color  \/ Detecci\u00f3n Humana \/ Detecci\u00f3n de Mascota \/ Llamada a la App con un toque \/ Almacenamiento en MicroSD y Nube"},"content":{"rendered":"<div style='width: 100%; max-width: 1200px; margin: 0 auto; font-family: sans-serif; line-height: 1.6; color: inherit; background-color: transparent;'> <!-- Introductory paragraph --> <\/p>\n<p style='text-align: justify; margin-bottom: 30px; font-size: 1.1rem; color: inherit;'>La c\u00e1mara de seguridad H6c G1 te ofrece protecci\u00f3n completa con funcionalidades inteligentes para garantizar la seguridad de tu hogar de manera m\u00e1s f\u00e1cil y eficiente. Con una resoluci\u00f3n de 4K&comma; visi\u00f3n nocturna en color y detecci\u00f3n inteligente de movimiento humano&comma; proporciona una visi\u00f3n clara d\u00eda y noche. Adem\u00e1s&comma; integra un bot\u00f3n para<span style='font-size: 1.1rem; color: inherit;'> llamada a la aplicaci\u00f3n y conectar con tus seres queridos.<\/span><\/p>\n<p> <!-- Feature boxes row --> <\/p>\n<div style='display: flex; flex-wrap: wrap; gap: 20px; margin-bottom: 30px;'> <!-- Box 1 --> <\/p>\n<div style='flex: 1 1 300px; min-width: 280px;'>\n<div style='border-left: 5px solid #42BB1A; border-radius: 8px; padding: 20px; box-shadow: 0 4px 12px rgba(0&comma;0&comma;0&comma;0.1); background-color: rgba(255&comma;255&comma;255&comma;0.9);'>\n<h3 style='color: #333; margin-top: 0; margin-bottom: 15px; font-size: 1.2rem; font-weight: bold; color: inherit; opacity: 0.8;'>Caracter\u00edsticas Principales:<\/h3>\n<ul style='padding-left: 20px; margin: 0; font-size: 14px; color: inherit;'>\n<li style='margin-bottom: 5px;'>Rotaci\u00f3n autom\u00e1tica horizontal de 350\u00b0 y vertical de 85\u00b0 para cobertura panor\u00e1mica.<\/li>\n<li style='margin-bottom: 5px;'>Patr\u00f3n de patrulla personalizable para vigilancia sin puntos ciegos.<\/li>\n<li style='margin-bottom: 5px;'>Notificaciones inteligentes por detecci\u00f3n de movimiento humano y ruido fuerte.<\/li>\n<li style='margin-bottom: 5px;'>Seguimiento y zoom autom\u00e1tico en sujetos en movimiento.<\/li>\n<li style='margin-bottom: 5px;'>Visi\u00f3n nocturna avanzada hasta 10 metros.<\/li>\n<li style='margin-bottom: 5px;'>Bot\u00f3n t\u00e1ctil para llamadas bidireccionales.<\/li>\n<\/ul><\/div>\n<\/p><\/div>\n<p> <!-- Box 2 --> <\/p>\n<div style='flex: 1 1 300px; min-width: 280px;'>\n<div style='border-left: 5px solid #42BB1A; border-radius: 8px; padding: 20px; box-shadow: 0 4px 12px rgba(0&comma;0&comma;0&comma;0.1); background-color: rgba(255&comma;255&comma;255&comma;0.9);'>\n<h3 style='color: #333; margin-top: 0; margin-bottom: 15px; font-size: 1.2rem; font-weight: bold; color: inherit; opacity: 0.8;'>Detalles T\u00e9cnicos:<\/h3>\n<ul style='padding-left: 20px; margin: 0; font-size: 14px; color: inherit;'>\n<li style='margin-bottom: 5px;'>Resoluci\u00f3n: 4K (3840 \u00d7 2160).<\/li>\n<li style='margin-bottom: 5px;'>Compresi\u00f3n de video: H.264\/H.265.<\/li>\n<li style='margin-bottom: 5px;'>Sensor: 1\/3&#8242; CMOS con obturador auto-adaptativo.<\/li>\n<li style='margin-bottom: 5px;'>Lente: 4mm&comma; F1.6.<\/li>\n<li style='margin-bottom: 5px;'>\u00c1ngulo de visi\u00f3n: 110\u00b0 diagonal&comma; 92\u00b0 horizontal&comma; 51\u00b0 vertical.<\/li>\n<li style='margin-bottom: 5px;'>Rango de IR: Hasta 10 metros.<\/li>\n<li style='margin-bottom: 5px;'>Alimentaci\u00f3n: 5V DC \/2A<\/li>\n<\/ul><\/div>\n<\/p><\/div>\n<p> <!-- Box 3 --> <\/p>\n<div style='flex: 1 1 300px; min-width: 280px;'>\n<div style='border-left: 5px solid #42BB1A; border-radius: 8px; padding: 20px; box-shadow: 0 4px 12px rgba(0&comma;0&comma;0&comma;0.1); background-color: rgba(255&comma;255&comma;255&comma;0.9);'>\n<h3 style='color: #333; margin-top: 0; margin-bottom: 15px; font-size: 1.2rem; font-weight: bold; color: inherit; opacity: 0.8;'>Conectividad y Aplicaciones:<\/h3>\n<ul style='padding-left: 20px; margin: 0; font-size: 14px; color: inherit;'>\n<li style='margin-bottom: 5px;'>Wi-Fi: 2.4 GHz y 5 GHz.<\/li>\n<li style='margin-bottom: 5px; color: #e74c3c;'>Nota: Una vez seleccionada la banda Wi-Fi (2.4G\/5G)&comma; no puede cambiarse<\/li>\n<li style='margin-bottom: 5px;'>Puerto Ethernet RJ45 auto-adaptativo 10M\/100M.<\/li>\n<li style='margin-bottom: 5px;'>Compatible con EZVIZ Cloud y CloudPlay.<\/li>\n<li style='margin-bottom: 5px;'>Soporte para microSD hasta 512 GB.<\/li>\n<\/ul>\n<h4 style='color: #e74c3c; margin: 15px 0 10px; font-weight: bold; font-size: 1rem;'><span style='color: #000000; color: inherit;'>Casos de Uso:<\/span><\/h4>\n<ul style='padding-left: 20px; margin: 0; font-size: 14px; color: inherit;'>\n<li style='margin-bottom: 5px;'><span style='color: #000000; color: inherit;'>Vigilancia dom\u00e9stica con cobertura completa.<\/span><\/li>\n<li style='margin-bottom: 5px;'><span style='color: #000000; color: inherit;'>Bot\u00f3n t\u00e1ctil para llamada a la APP<\/span><\/li>\n<li style='margin-bottom: 5px;'><span style='color: #000000; color: inherit;'>Monitoreo nocturno con alertas inmediatas.<\/span><\/li>\n<\/ul><\/div>\n<\/p><\/div>\n<\/p><\/div>\n<p> <!-- Secci\u00f3n 1 --> <\/p>\n<div style='display: flex; flex-wrap: wrap; align-items: center; gap: 30px; margin-bottom: 40px;'>\n<div style='flex: 1 1 300px; min-width: 280px; text-align: center;'> <img style='width: 100%; height: auto; border: 1px solid rgba(150&comma;150&comma;150&comma;0.3); border-radius: 8px; padding: 5px;' src='https:\/\/ftp3.syscom.mx\/usuarios\/rcovarrubias\/EZVIZ\/Manual%20esp-ing\/CS-H6G1%208MP\/12.1.png' alt='Seguimiento inteligente'> <\/div>\n<div style='flex: 1 1 300px; min-width: 280px;'>\n<h2 style='font-size: 24px; margin-bottom: 20px; color: inherit;'>Mantente cerca&comma; todo desde tu tel\u00e9fono<\/h2>\n<p style='color: inherit; text-align: justify;'>Crea tus propias rutinas de control de seguridad para que la c\u00e1mara sepa exactamente d\u00f3nde enfocar. Una vez que hayas elegido las \u00e1reas m\u00e1s importantes&comma; la c\u00e1mara las patrullar\u00e1 autom\u00e1ticamente y te avisar\u00e1 cuando sea necesario.<\/p>\n<\/p><\/div>\n<\/p><\/div>\n<p> <!-- Secci\u00f3n 2 --> <\/p>\n<div style='display: flex; flex-wrap: wrap; align-items: center; gap: 30px; margin-bottom: 40px;'>\n<div style='flex: 1 1 300px; min-width: 280px; text-align: center; order: 2;'> <img style='width: 100%; height: auto; border: 1px solid rgba(150&comma;150&comma;150&comma;0.3); border-radius: 8px; padding: 5px;' src='https:\/\/ftp3.syscom.mx\/usuarios\/rcovarrubias\/EZVIZ\/Manual%20esp-ing\/CS-H6G1%208MP\/12.2.png' alt='Cobertura completa'> <\/div>\n<div style='flex: 1 1 300px; min-width: 280px; order: 1;'>\n<h2 style='font-size: 24px; margin-bottom: 20px; color: inherit;'>Iluminaci\u00f3n equilibrada. Mejores tomas.<\/h2>\n<p style='color: inherit; text-align: justify;'>El verdadero WDR ayuda a la c\u00e1mara a equilibrar las \u00e1reas brillantes y oscuras en el mismo cuadro&comma; de modo que nada se pierda en las sombras ni quede descolorido por la luz del sol.<\/p>\n<\/p><\/div>\n<\/p><\/div>\n<p> <!-- Secci\u00f3n 3 --> <\/p>\n<div style='display: flex; flex-wrap: wrap; align-items: center; gap: 30px; margin-bottom: 40px;'>\n<div style='flex: 1 1 300px; min-width: 280px; text-align: center;'> <img style='width: 100%; height: auto; border: 1px solid rgba(150&comma;150&comma;150&comma;0.3); border-radius: 8px; padding: 5px;' src='https:\/\/ftp3.syscom.mx\/usuarios\/rcovarrubias\/EZVIZ\/Manual%20esp-ing\/CS-H6G1%208MP\/12.3.png' alt='Seguimiento inteligente'> <\/div>\n<div style='flex: 1 1 300px; min-width: 280px;'>\n<h2 style='font-size: 24px; margin-bottom: 20px; color: inherit;'>Lo suficientemente inteligente como para detectar&comma; hacer zoom y seguir<\/h2>\n<p style='color: inherit; text-align: justify;'>Con las llamadas bidireccionales&comma; es f\u00e1cil saludar a los ni\u00f1os&comma; silenciar a un perro que ladra o incluso responder a un cliente con solo un toque en el cuerpo de la c\u00e1mara.<\/p>\n<\/p><\/div>\n<\/p><\/div>\n<\/p><\/div>\n","protected":false},"excerpt":{"rendered":"<p>C\u00e1mara PT Wi-Fi \/ 4K (8 Megap\u00edxeles) \/ Visi\u00f3n Nocturna Inteligente en Color  \/ Detecci\u00f3n Humana \/ Detecci\u00f3n de Mascota \/ Llamada a la App con un toque \/ Almacenamiento en MicroSD y Nube<\/p>\n","protected":false},"featured_media":101733,"comment_status":"open","ping_status":"closed","template":"","meta":[],"product_brand":[],"product_cat":[121],"product_tag":[122,111,123],"class_list":{"0":"post-101734","1":"product","2":"type-product","3":"status-publish","4":"has-post-thumbnail","6":"product_cat-wifi-4g-inalambricas","7":"product_tag-camaras-ip-y-nvrs","8":"product_tag-ezviz","9":"product_tag-wifi-4g-inalambricas","11":"first","12":"instock","13":"sale","14":"shipping-taxable","15":"purchasable","16":"product-type-simple"},"_links":{"self":[{"href":"https:\/\/soydeaqui.ddns.net\/pachuca\/index.php\/wp-json\/wp\/v2\/product\/101734","targetHints":{"allow":["GET"]}}],"collection":[{"href":"https:\/\/soydeaqui.ddns.net\/pachuca\/index.php\/wp-json\/wp\/v2\/product"}],"about":[{"href":"https:\/\/soydeaqui.ddns.net\/pachuca\/index.php\/wp-json\/wp\/v2\/types\/product"}],"replies":[{"embeddable":true,"href":"https:\/\/soydeaqui.ddns.net\/pachuca\/index.php\/wp-json\/wp\/v2\/comments?post=101734"}],"wp:featuredmedia":[{"embeddable":true,"href":"https:\/\/soydeaqui.ddns.net\/pachuca\/index.php\/wp-json\/wp\/v2\/media\/101733"}],"wp:attachment":[{"href":"https:\/\/soydeaqui.ddns.net\/pachuca\/index.php\/wp-json\/wp\/v2\/media?parent=101734"}],"wp:term":[{"taxonomy":"product_brand","embeddable":true,"href":"https:\/\/soydeaqui.ddns.net\/pachuca\/index.php\/wp-json\/wp\/v2\/product_brand?post=101734"},{"taxonomy":"product_cat","embeddable":true,"href":"https:\/\/soydeaqui.ddns.net\/pachuca\/index.php\/wp-json\/wp\/v2\/product_cat?post=101734"},{"taxonomy":"product_tag","embeddable":true,"href":"https:\/\/soydeaqui.ddns.net\/pachuca\/index.php\/wp-json\/wp\/v2\/product_tag?post=101734"}],"curies":[{"name":"wp","href":"https:\/\/api.w.org\/{rel}","templated":true}]}}