{"id":101723,"date":"2026-03-20T12:15:17","date_gmt":"2026-03-20T12:15:17","guid":{"rendered":"https:\/\/soydeaqui.ddns.net\/pachuca\/index.php\/producto\/modulo-de-fibra-con-sistema-de-amortiguacion-instalacion-en-espacio-reducido-espacio-de-disipacion-de-calor-ae-mh0864-rj45\/"},"modified":"2026-03-20T12:15:19","modified_gmt":"2026-03-20T12:15:19","slug":"modulo-de-fibra-con-sistema-de-amortiguacion-instalacion-en-espacio-reducido-espacio-de-disipacion-de-calor-ae-mh0864-rj45","status":"publish","type":"product","link":"https:\/\/soydeaqui.ddns.net\/pachuca\/index.php\/producto\/modulo-de-fibra-con-sistema-de-amortiguacion-instalacion-en-espacio-reducido-espacio-de-disipacion-de-calor-ae-mh0864-rj45\/","title":{"rendered":"M\u00f3dulo de Fibra con Sistema de Amortiguaci\u00f3n \/ Instalaci\u00f3n en Espacio Reducido \/ Espacio de Disipaci\u00f3n de Calor \/ AE-MH0864-RJ45"},"content":{"rendered":"<div style='width: 100%; max-width: 1200px; margin: 0 auto; font-family: sans-serif; line-height: 1.6; color: inherit; background-color: transparent;'>\n<p style='text-align: center; margin: 0; padding: 15px 0;'> <img style='width: 100%; max-width: 45%; height: auto; border: 1px solid rgba(150&comma;150&comma;150&comma;0.3); border-radius: 8px;' src='https:\/\/ftp3.syscom.mx\/usuarios\/jsosa\/HIKVISION\/imagenes\/logo\/hikvision%20see%20far.png' alt='Logo Hikvision'> <\/p>\n<p> <!-- Video YouTube --> <\/p>\n<div style='position: relative; padding-bottom: 56.25%; height: 0; overflow: hidden; margin: 30px 0;'>   <\/div>\n<p> <!-- Secci\u00f3n de caracter\u00edsticas --> <\/p>\n<div style='display: flex; flex-wrap: wrap; gap: 30px; margin: 30px 0;'>\n<div style='flex: 1 1 300px; min-width: 280px;'>\n<h3 style='font-size: 22px; border-bottom: 2px solid currentColor; padding-bottom: 5px; margin-top: 0; color: inherit; opacity: 0.8;'>Caracter\u00edsticas principales<\/h3>\n<ul style='padding-left: 20px; font-size: 15px; color: inherit; list-style-type: disc;'>\n<li style='margin-bottom: 5px;'>Soporta 4 c\u00e1maras IP v\u00eda PoE y 8 c\u00e1maras m\u00f3vil TURBO 1080p<\/li>\n<li style='margin-bottom: 5px;'>Compresi\u00f3n H.264 \/ H.265<\/li>\n<li style='margin-bottom: 5px;'>Soporta 1 memorias SD de hasta 512 GB cada uno (no incluida) y 2 HDD\/SSD 2TB\/4TB m\u00e1ximo<\/li>\n<li style='margin-bottom: 5px;'>Incluye modulo de GPS<\/li>\n<li style='margin-bottom: 5px;'><strong>Soporta conexi\u00f3n 4G \/ WiFi<\/strong> (modelo se vende por separado). Cotizar el modelo <a href='https:\/\/www.syscom.mx\/principal\/searchcont?route=AE-MP1460\/GLF\/WI58\/S-HIKVISION-210165&#038;autodetect=AEMP1460' style='color: inherit; text-decoration: underline; font-weight: 600;' target='_blank' rel='noopener noreferrer'>AE-MP1460\/GLF\/WI58\/S<\/a><\/li>\n<li style='margin-bottom: 5px;'><strong>Soporta 4 c\u00e1maras con Inteligencia Artificial&comma; ADAS&comma; DSM y BSD<\/strong><\/li>\n<li style='margin-bottom: 5px;'><strong>Notificaciones audibles para el conductor con el parlante<\/strong> <a href='https:\/\/www.syscom.mx\/principal\/searchcont?route=DS-1350HMAE-HIKVISION-211021&#038;autodetect=ds1350' style='color: inherit; text-decoration: underline; font-weight: 600;' target='_blank' rel='noopener noreferrer'>DS-1350HM(AE)<\/a><\/li>\n<li style='margin-bottom: 5px;'>Soporta apagado tard\u00edo calendarizado (0 hasta 6 horas)<\/li>\n<li style='margin-bottom: 5px;'><strong>Audio de dos v\u00edas plataforma y cabina<\/strong> (Necesario <a href='https:\/\/www.syscom.mx\/principal\/searchcont?route=DS-1350HMAE-HIKVISION-211021&#038;autodetect=ds1350' style='color: inherit; text-decoration: underline; font-weight: 600;' target='_blank' rel='noopener noreferrer'>DS-1350HM(AE)<\/a>&comma; <a href='https:\/\/www.syscom.mx\/principal\/searchcont?route=DS-MP1351AE-HIKVISION-207160&#038;autodetect=ds1350' style='color: inherit; text-decoration: underline; font-weight: 600;' target='_blank' rel='noopener noreferrer'>DS-MP1351(AE)<\/a>)<\/li>\n<li style='margin-top: 15px;'><strong style='color: inherit;'>Nota:<\/strong> El consumo de datos (3G \/ 4G) depender\u00e1 de la configuraci\u00f3n de resoluci\u00f3n y el tiempo de visualizaci\u00f3n en tiempo real.<\/li>\n<\/ul><\/div>\n<div style='flex: 1 1 300px; min-width: 280px;'>\n<h3 style='font-size: 22px; border-bottom: 2px solid currentColor; padding-bottom: 5px; margin-top: 0; color: inherit; opacity: 0.8;'>Caracter\u00edsticas F\u00edsicas y El\u00e9ctricas<\/h3>\n<ul style='padding-left: 20px; font-size: 15px; color: inherit; list-style-type: disc;'>\n<li style='margin-bottom: 5px;'>Dimensiones del Cuerpo: Ancho 202 mm&comma; Alto 93.5 mm<\/li>\n<li style='margin-bottom: 5px;'>Espacio de Instalaci\u00f3n: Ancho 242 mm&comma; Alto 152.9 mm<\/li>\n<li style='margin-bottom: 5px;'>Espacio de Disipaci\u00f3n de Calor: Ancho 275 mm<\/li>\n<li style='margin-bottom: 5px;'>Espacio libre recomendado de al menos 5 cm para conexiones de fibra<\/li>\n<li style='margin-bottom: 5px;'>Asegurar firmemente todos los puntos de conexi\u00f3n y cables de fibra<\/li>\n<\/ul><\/div>\n<\/p><\/div>\n<hr style='border: 0; border-top: 1px solid rgba(150&comma; 150&comma; 150&comma; 0.3); margin: 30px 0;'> <!-- Aplicaciones y Casos de Uso --> <\/p>\n<div style='margin: 30px 0;'>\n<h3 style='font-size: 22px; border-bottom: 2px solid currentColor; padding-bottom: 5px; margin-top: 0; color: inherit; opacity: 0.8;'>Aplicaciones y Casos de Uso<\/h3>\n<p style='font-size: 15px; color: inherit; margin-top: 15px;'> El DVR h\u00edbrido de la serie AE-MH0804 es una soluci\u00f3n profesional para la gesti\u00f3n de video y audio de veh\u00edculos con sistema operativo Linux integrado. Admite salida de video y audio CVBS&comma; codificaci\u00f3n\/decodificaci\u00f3n HD&comma; posicionamiento satelital&comma; almacenamiento seguro de datos&comma; amortiguador de vibraciones en el disco duro&comma; entrada\/salida de alarmas&comma; recopilaci\u00f3n de informaci\u00f3n de conducci\u00f3n y puertos para dispositivos perif\u00e9ricos. Ofrece soluciones de selecci\u00f3n y codificaci\u00f3n de c\u00e1maras especializadas en la gesti\u00f3n de grabaciones de video y audio para transporte p\u00fablico&comma; autobuses escolares&comma; taxis&comma; veh\u00edculos de aprendizaje&comma; camiones&comma; etc. El producto tambi\u00e9n admite funciones avanzadas como la Monitorizaci\u00f3n del Estado de la Conducci\u00f3n (DSM)&comma; el Sistema Avanzado de Asistencia a la Conducci\u00f3n (ADAS)&comma; la Detecci\u00f3n de Puntos Ciegos (BSD) y la Identificaci\u00f3n del Conductor (DI)&comma; que pueden mejorar la seguridad vial y reducir los accidentes. <\/p>\n<\/p><\/div>\n<\/p><\/div>\n","protected":false},"excerpt":{"rendered":"<p>M\u00f3dulo de Fibra con Sistema de Amortiguaci\u00f3n \/ Instalaci\u00f3n en Espacio Reducido \/ Espacio de Disipaci\u00f3n de Calor \/ AE-MH0864-RJ45<\/p>\n","protected":false},"featured_media":101722,"comment_status":"open","ping_status":"closed","template":"","meta":[],"product_brand":[],"product_cat":[2244,1406],"product_tag":[1409,54,2245,1345],"class_list":{"0":"post-101723","1":"product","2":"type-product","3":"status-publish","4":"has-post-thumbnail","6":"product_cat-mdvr-mnvr","7":"product_cat-videograbadoras-moviles-videovigilancia","8":"product_tag-dash-cams-y-body-cams","9":"product_tag-hikvision","10":"product_tag-mdvr-mnvr","11":"product_tag-videograbadoras-moviles","13":"first","14":"outofstock","15":"sale","16":"shipping-taxable","17":"purchasable","18":"product-type-simple"},"_links":{"self":[{"href":"https:\/\/soydeaqui.ddns.net\/pachuca\/index.php\/wp-json\/wp\/v2\/product\/101723","targetHints":{"allow":["GET"]}}],"collection":[{"href":"https:\/\/soydeaqui.ddns.net\/pachuca\/index.php\/wp-json\/wp\/v2\/product"}],"about":[{"href":"https:\/\/soydeaqui.ddns.net\/pachuca\/index.php\/wp-json\/wp\/v2\/types\/product"}],"replies":[{"embeddable":true,"href":"https:\/\/soydeaqui.ddns.net\/pachuca\/index.php\/wp-json\/wp\/v2\/comments?post=101723"}],"wp:featuredmedia":[{"embeddable":true,"href":"https:\/\/soydeaqui.ddns.net\/pachuca\/index.php\/wp-json\/wp\/v2\/media\/101722"}],"wp:attachment":[{"href":"https:\/\/soydeaqui.ddns.net\/pachuca\/index.php\/wp-json\/wp\/v2\/media?parent=101723"}],"wp:term":[{"taxonomy":"product_brand","embeddable":true,"href":"https:\/\/soydeaqui.ddns.net\/pachuca\/index.php\/wp-json\/wp\/v2\/product_brand?post=101723"},{"taxonomy":"product_cat","embeddable":true,"href":"https:\/\/soydeaqui.ddns.net\/pachuca\/index.php\/wp-json\/wp\/v2\/product_cat?post=101723"},{"taxonomy":"product_tag","embeddable":true,"href":"https:\/\/soydeaqui.ddns.net\/pachuca\/index.php\/wp-json\/wp\/v2\/product_tag?post=101723"}],"curies":[{"name":"wp","href":"https:\/\/api.w.org\/{rel}","templated":true}]}}