{"id":101710,"date":"2026-03-20T12:14:35","date_gmt":"2026-03-20T12:14:35","guid":{"rendered":"https:\/\/soydeaqui.ddns.net\/pachuca\/index.php\/producto\/pantalla-profesional-led-de-55-para-video-wall-full-hd-1080p-hdmi-dp-700-nits-bisel-ultra-delgado-de-0-44mm-compatible-con-montajes-vesa\/"},"modified":"2026-03-20T12:15:00","modified_gmt":"2026-03-20T12:15:00","slug":"pantalla-profesional-led-de-55-para-video-wall-full-hd-1080p-hdmi-dp-700-nits-bisel-ultra-delgado-de-0-44mm-compatible-con-montajes-vesa","status":"publish","type":"product","link":"https:\/\/soydeaqui.ddns.net\/pachuca\/index.php\/producto\/pantalla-profesional-led-de-55-para-video-wall-full-hd-1080p-hdmi-dp-700-nits-bisel-ultra-delgado-de-0-44mm-compatible-con-montajes-vesa\/","title":{"rendered":"Pantalla Profesional LED de 55&#8243; para Video Wall, Full HD (1080p), HDMI\/DP \/ 700 nits \/  Bisel Ultra Delgado de 0.44mm. Compatible con montajes VESA"},"content":{"rendered":"<div style='width: 100%; max-width: 1200px; margin: 0 auto; font-family: sans-serif; line-height: 1.6; color: inherit; background-color: transparent;'>\n<div style='display: flex; flex-wrap: wrap; gap: 30px; margin-bottom: 30px;'>\n<div style='flex: 1 1 300px; min-width: 280px; text-align: center;'>\n<h3 style='font-size: 22px; border-bottom: 2px solid currentColor; padding-bottom: 5px; margin-top: 0; color: inherit; opacity: 0.8;'>Bisel Ultra delgado<\/h3>\n<p> <img style='width: 100%; height: auto; border: 1px solid rgba(150&comma;150&comma;150&comma;0.3); border-radius: 8px;' src='https:\/\/images.samsung.com\/is\/image\/samsung\/p6pim\/ca\/feature\/165183054\/ca-feature-seamless-video-walls-with-razor-thin-bezels-540947194?$FB_TYPE_A_JPG$' alt=''> <\/div>\n<div style='flex: 1 1 300px; min-width: 280px; text-align: center;'>\n<h3 style='font-size: 22px; border-bottom: 2px solid currentColor; padding-bottom: 5px; margin-top: 0; color: inherit; opacity: 0.8;'>Tecnologia de mejora de imagen<\/h3>\n<p> <img style='width: 100%; height: auto; border: 1px solid rgba(150&comma;150&comma;150&comma;0.3); border-radius: 8px;' src='https:\/\/images.samsung.com\/is\/image\/samsung\/p6pim\/ca\/feature\/165183052\/ca-feature-image-enhancement-technology-540947188?$FB_TYPE_A_JPG$' alt=''> <\/div>\n<\/p><\/div>\n<div style='display: flex; flex-wrap: wrap; gap: 20px; margin-bottom: 30px;'>\n<div style='flex: 1 1 250px; border: 1px solid rgba(150&comma; 150&comma; 150&comma; 0.4); border-radius: 8px; overflow: hidden; display: flex; flex-direction: column;'>\n<div style='padding: 15px; border-bottom: 1px solid rgba(150&comma; 150&comma; 150&comma; 0.2); font-weight: bold; font-size: 18px; color: inherit;'>Caracter\u00edsticas principales<\/div>\n<div style='padding: 15px; color: inherit;'>\n<ul style='padding-left: 20px; margin: 0; font-size: 14px; list-style-type: disc;'>\n<li style='margin-bottom: 5px;'><strong>Tama\u00f1o diagonal:<\/strong> 55&#8242;<\/li>\n<li style='margin-bottom: 5px;'><strong>Resoluci\u00f3n:<\/strong> 1920 x 1080 p<\/li>\n<li style='margin-bottom: 5px;'><strong>Tipo de panel:<\/strong> IPS<\/li>\n<li style='margin-bottom: 5px;'><strong>Relaci\u00f3n de aspecto:<\/strong> 16:9<\/li>\n<li style='margin-bottom: 5px;'><strong>Brillo:<\/strong> 700 nit<\/li>\n<li style='margin-bottom: 5px;'><strong>Bisel Ultra delgado:<\/strong> 0.44 mm<\/li>\n<li style='margin-bottom: 5px;'><strong>Relaci\u00f3n de contraste:<\/strong> 1200:1<\/li>\n<li style='margin-bottom: 5px;'><strong>Contraste:<\/strong> 1&comma;100:1<\/li>\n<li style='margin-bottom: 5px;'><strong>Operaci\u00f3n:<\/strong> 24\/7<\/li>\n<\/ul><\/div>\n<\/p><\/div>\n<div style='flex: 1 1 250px; border: 1px solid rgba(150&comma; 150&comma; 150&comma; 0.4); border-radius: 8px; overflow: hidden; display: flex; flex-direction: column;'>\n<div style='padding: 15px; border-bottom: 1px solid rgba(150&comma; 150&comma; 150&comma; 0.2); font-weight: bold; font-size: 18px; color: inherit;'>Conectividad<\/div>\n<div style='padding: 15px; color: inherit;'>\n<ul style='padding-left: 20px; margin: 0; font-size: 14px; list-style-type: disc;'>\n<li style='margin-bottom: 5px;'><strong>Entradas de Video:<\/strong> DVI-D&comma; Display port&comma; 2 x HDMI<\/li>\n<li style='margin-bottom: 5px;'><strong>Salida de lazo:<\/strong> Display port 1.2 (Daisy chain) para Videowall<\/li>\n<\/ul><\/div>\n<div style='padding: 15px; border-bottom: 1px solid rgba(150&comma; 150&comma; 150&comma; 0.2); font-weight: bold; font-size: 18px; color: inherit;'>Control externo<\/div>\n<div style='padding: 15px; color: inherit;'>\n<ul style='padding-left: 20px; margin: 0; font-size: 14px; list-style-type: disc;'>\n<li style='margin-bottom: 5px;'>Puerto RS-232C<\/li>\n<li style='margin-bottom: 5px;'>Puerto RJ45<\/li>\n<li style='margin-bottom: 5px;'>Sensor externo IR<\/li>\n<\/ul><\/div>\n<div style='padding: 15px; border-bottom: 1px solid rgba(150&comma; 150&comma; 150&comma; 0.2); font-weight: bold; font-size: 18px; color: inherit;'>Montajes compatibles para videowall<\/div>\n<div style='padding: 15px; color: inherit;'>\n<ul style='padding-left: 20px; margin: 0; font-size: 14px; list-style-type: disc;'>\n<li style='margin-bottom: 5px;'>Montaje modular de pared para video wall <a href='https:\/\/syscom.pro\/products\/236118' target='_blank' rel='noopener' style='color: inherit; text-decoration: underline;'>EMVW600<\/a> (requiere herramienta espaciadora <a href='https:\/\/www.syscom.mx\/producto\/SDJH197-EPCOM-INDUSTRIAL-236116.html' target='_blank' rel='noopener' style='color: inherit; text-decoration: underline;'>SDJH197<\/a>)<\/li>\n<li style='margin-bottom: 5px;'>Montaje de pared para video wall push out <a href='https:\/\/www.syscom.mx\/producto\/DS-DN5501W-HIKVISION-174860.html' target='_blank' rel='noopener' style='color: inherit; text-decoration: underline;'>DS-DN5501W<\/a><\/li>\n<li style='margin-bottom: 5px;'>Montaje para gabinete modular de piso: <a href='https:\/\/www.syscom.mx\/producto\/DS-DN55B3M-F-HIKVISION-175749.html' target='_blank' rel='noopener' style='color: inherit; text-decoration: underline;'>DS-DN55B3M\/F<\/a> (requiere base de piso <a href='https:\/\/www.syscom.mx\/producto\/DS-DN55B3M-B-HIKVISION-175748.html' target='_blank' rel='noopener' style='color: inherit; text-decoration: underline;'>DS-DN55B3M\/B<\/a>)<\/li>\n<\/ul><\/div>\n<\/p><\/div>\n<div style='flex: 1 1 250px; border: 1px solid rgba(150&comma; 150&comma; 150&comma; 0.4); border-radius: 8px; overflow: hidden; display: flex; flex-direction: column;'>\n<div style='padding: 15px; border-bottom: 1px solid rgba(150&comma; 150&comma; 150&comma; 0.2); font-weight: bold; font-size: 18px; color: inherit;'>Caracter\u00edsticas f\u00edsicas y el\u00e9ctricas<\/div>\n<div style='padding: 15px; color: inherit;'>\n<ul style='padding-left: 20px; margin: 0; font-size: 14px; list-style-type: disc;'>\n<li style='margin-bottom: 5px;'><strong>Temperatura de operaci\u00f3n:<\/strong> 0 a 40 \u00b0C<\/li>\n<li style='margin-bottom: 5px;'><strong>Alimentaci\u00f3n:<\/strong> 100-240 Vca&comma; 250 W<\/li>\n<li style='margin-bottom: 5px;'><strong>Compatible con VESA:<\/strong> 600 x 400 mm<\/li>\n<li style='margin-bottom: 5px;'><strong>Dimensiones del equipo:<\/strong> 1211.0 x 681.7 x 69.9 mm<\/li>\n<li style='margin-bottom: 5px;'><strong>Dimensiones del paquete:<\/strong> 1414 x 844 x 257 mm<\/li>\n<li style='margin-bottom: 5px;'><strong>Peso del equipo:<\/strong> 16.8 Kg<\/li>\n<li style='margin-bottom: 5px;'><strong>Peso del paquete:<\/strong> 25.1 Kg<\/li>\n<li style='margin-bottom: 5px;'><strong>Incluye:<\/strong> No incluye montajes de pared ni de escritorio<\/li>\n<\/ul><\/div>\n<\/p><\/div>\n<\/p><\/div>\n<\/p><\/div>\n","protected":false},"excerpt":{"rendered":"<p>Pantalla Profesional LED de 55&#8243; para Video Wall, Full HD (1080p), HDMI\/DP \/ 700 nits \/  Bisel Ultra Delgado de 0.44mm. Compatible con montajes VESA<\/p>\n","protected":false},"featured_media":101709,"comment_status":"open","ping_status":"closed","template":"","meta":[],"product_brand":[],"product_cat":[2088],"product_tag":[2089,2193,2090],"class_list":{"0":"post-101710","1":"product","2":"type-product","3":"status-publish","4":"has-post-thumbnail","6":"product_cat-videowall-seguridad","7":"product_tag-monitores-pantallas-y-mobiliario","8":"product_tag-samsung-electronics","9":"product_tag-videowall-seguridad","11":"first","12":"outofstock","13":"sale","14":"shipping-taxable","15":"purchasable","16":"product-type-simple"},"_links":{"self":[{"href":"https:\/\/soydeaqui.ddns.net\/pachuca\/index.php\/wp-json\/wp\/v2\/product\/101710","targetHints":{"allow":["GET"]}}],"collection":[{"href":"https:\/\/soydeaqui.ddns.net\/pachuca\/index.php\/wp-json\/wp\/v2\/product"}],"about":[{"href":"https:\/\/soydeaqui.ddns.net\/pachuca\/index.php\/wp-json\/wp\/v2\/types\/product"}],"replies":[{"embeddable":true,"href":"https:\/\/soydeaqui.ddns.net\/pachuca\/index.php\/wp-json\/wp\/v2\/comments?post=101710"}],"wp:featuredmedia":[{"embeddable":true,"href":"https:\/\/soydeaqui.ddns.net\/pachuca\/index.php\/wp-json\/wp\/v2\/media\/101709"}],"wp:attachment":[{"href":"https:\/\/soydeaqui.ddns.net\/pachuca\/index.php\/wp-json\/wp\/v2\/media?parent=101710"}],"wp:term":[{"taxonomy":"product_brand","embeddable":true,"href":"https:\/\/soydeaqui.ddns.net\/pachuca\/index.php\/wp-json\/wp\/v2\/product_brand?post=101710"},{"taxonomy":"product_cat","embeddable":true,"href":"https:\/\/soydeaqui.ddns.net\/pachuca\/index.php\/wp-json\/wp\/v2\/product_cat?post=101710"},{"taxonomy":"product_tag","embeddable":true,"href":"https:\/\/soydeaqui.ddns.net\/pachuca\/index.php\/wp-json\/wp\/v2\/product_tag?post=101710"}],"curies":[{"name":"wp","href":"https:\/\/api.w.org\/{rel}","templated":true}]}}