{"id":101701,"date":"2026-03-20T12:14:07","date_gmt":"2026-03-20T12:14:07","guid":{"rendered":"https:\/\/soydeaqui.ddns.net\/pachuca\/index.php\/producto\/fuente-11-15-v-9-canales-16-a-alta-tecnologia-en-seguridad-doble-ventilador-hasta-1-8-amperes-por-salida-filtro-de-ruido-por-canal-diseno-de-alta-gama\/"},"modified":"2026-03-20T12:14:31","modified_gmt":"2026-03-20T12:14:31","slug":"fuente-11-15-v-9-canales-16-a-alta-tecnologia-en-seguridad-doble-ventilador-hasta-1-8-amperes-por-salida-filtro-de-ruido-por-canal-diseno-de-alta-gama","status":"publish","type":"product","link":"https:\/\/soydeaqui.ddns.net\/pachuca\/index.php\/producto\/fuente-11-15-v-9-canales-16-a-alta-tecnologia-en-seguridad-doble-ventilador-hasta-1-8-amperes-por-salida-filtro-de-ruido-por-canal-diseno-de-alta-gama\/","title":{"rendered":"Fuente \/ 11-15 V \/ 9 canales \/ 16 A \/ Alta tecnolog\u00eda en seguridad \/ Doble ventilador \/ Hasta 1.8 Amperes por Salida \/ Filtro de ruido por canal \/ Dise\u00f1o de alta gama."},"content":{"rendered":"<div style='width: 100%; max-width: 1200px; margin: 0 auto; font-family: sans-serif; line-height: 1.6; color: inherit; background-color: transparent;'>\n<div style='text-align: center; margin-bottom: 30px;'>\n<h1 style='font-size: 28px; color: inherit; margin: 0;'><strong>NXP9DC16HD<\/strong><\/h1>\n<h3 style='font-size: 20px; color: inherit; margin: 10px 0;'>Fuente de alimentaci\u00f3n profesional 11-15 V con 9 canales a 16 Amper<\/h3>\n<p style='margin: 15px 0;'><strong>Sistemas de alimentaci\u00f3n para aplicaciones en sistemas de seguridad electr\u00f3nica y comunicaci\u00f3n.<\/strong><\/p>\n<p style='margin: 15px 0;'><strong>CCTV&comma; Sistemas de Alarma y Control de Acceso.<\/strong><\/p>\n<\/p><\/div>\n<p> <!-- Im\u00e1genes --> <\/p>\n<div style='display: flex; flex-wrap: wrap; gap: 20px; margin-bottom: 40px;'>\n<div style='flex: 1 1 300px; min-width: 280px;'> <img style='width: 100%; height: auto; border: 1px solid rgba(150&comma;150&comma;150&comma;0.3); border-radius: 8px;' src='https:\/\/ftp3.syscom.mx\/cdn-cgi\/image\/width=1080&comma;format=webp&comma;quality=95&comma;fit=scale-down\/usuarios\/fotos\/BancoFotografiasSyscom\/EPCOMPOWERLINE\/NXP9DC16HD\/NXP9DC16HD-AD-3-l.PNG' alt=''> <\/div>\n<div style='flex: 1 1 300px; min-width: 280px;'> <img style='width: 100%; height: auto; border: 1px solid rgba(150&comma;150&comma;150&comma;0.3); border-radius: 8px;' src='https:\/\/ftp3.syscom.mx\/cdn-cgi\/image\/width=3840&comma;format=png&comma;quality=95&comma;fit=scale-down\/usuarios\/fotos\/BancoFotografiasSyscom\/EPCOMPOWERLINE\/NXP9DC16HD\/NXP9DC16HD-h.PNG' alt=''> <\/div>\n<div style='flex: 1 1 300px; min-width: 280px;'> <img style='width: 100%; height: auto; border: 1px solid rgba(150&comma;150&comma;150&comma;0.3); border-radius: 8px;' src='https:\/\/ftp3.syscom.mx\/cdn-cgi\/image\/width=3840&comma;format=png&comma;quality=95&comma;fit=scale-down\/usuarios\/fotos\/BancoFotografiasSyscom\/EPCOMPOWERLINE\/NXP9DC16HD\/NXP9DC16HD-AD-4-h.PNG' alt=''> <\/div>\n<\/p><\/div>\n<p> <!-- Secci\u00f3n de especificaciones --> <\/p>\n<div style='display: flex; flex-wrap: wrap; gap: 20px; margin-bottom: 40px;'> <!-- Caracter\u00edsticas principales --> <\/p>\n<div style='flex: 1 1 300px; min-width: 280px;'>\n<div style='border: 1px solid rgba(150&comma; 150&comma; 150&comma; 0.4); border-radius: 8px; overflow: hidden; display: flex; flex-direction: column;'>\n<div style='padding: 15px; border-bottom: 1px solid rgba(150&comma; 150&comma; 150&comma; 0.2); font-weight: bold; font-size: 18px; background-color: rgba(0&comma; 0&comma; 255&comma; 0.8); color: white;'>Caracter\u00edsticas principales:<\/div>\n<div style='padding: 15px; color: inherit;'>\n<ul style='padding-left: 20px; margin: 0; font-size: 14px; list-style-type: disc;'>\n<li style='margin-bottom: 5px;'>Voltaje de entrada: 100-120 Vca<\/li>\n<li style='margin-bottom: 5px;'><strong>Salidas : 9 canales<\/strong><\/li>\n<li style='margin-bottom: 5px;'><strong>Voltaje de salida : 11-15 Vcc<\/strong><\/li>\n<li style='margin-bottom: 5px;'><strong>OVP ( Over Voltaje Protection ) : Protecci\u00f3n contra Sobretensi\u00f3n<\/strong><\/li>\n<li style='margin-bottom: 5px;'><strong>OCP ( Over Current Protection ) : Protecci\u00f3n contra Sobrecorriente<\/strong><\/li>\n<li style='margin-bottom: 5px;'><strong>OTP ( Over Temperature Protection ) : Protecci\u00f3n contra Sobretemperatura<\/strong><\/li>\n<li style='margin-bottom: 5px;'><strong>SCP ( Short Circuit Protection ) : Protecci\u00f3n contra Cortocircuito<\/strong><\/li>\n<li style='margin-bottom: 5px;'><strong>Corriente de salida por canal : 1.8 Vcc<\/strong><\/li>\n<li style='margin-bottom: 5px;'>Frecuencia nominal : 50-60 Hz<\/li>\n<li style='margin-bottom: 5px;'><strong>Potencia de salida : 200 W<\/strong><\/li>\n<\/ul><\/div>\n<\/p><\/div>\n<\/p><\/div>\n<p> <!-- Caracter\u00edsticas F\u00edsicas y El\u00e9ctricas --> <\/p>\n<div style='flex: 1 1 300px; min-width: 280px;'>\n<div style='border: 1px solid rgba(150&comma; 150&comma; 150&comma; 0.4); border-radius: 8px; overflow: hidden; display: flex; flex-direction: column;'>\n<div style='padding: 15px; border-bottom: 1px solid rgba(150&comma; 150&comma; 150&comma; 0.2); font-weight: bold; font-size: 18px; background-color: rgba(0&comma; 0&comma; 255&comma; 0.8); color: white;'>Caracter\u00edsticas F\u00edsicas y El\u00e9ctricas:<\/div>\n<div style='padding: 15px; color: inherit;'>\n<ul style='padding-left: 20px; margin: 0; font-size: 14px; list-style-type: disc;'>\n<li style='margin-bottom: 5px;'>Entrada : Cable de alimentaci\u00f3n de L\u00ednea&comma; Neutro y Tierra<\/li>\n<li style='margin-bottom: 5px;'>Salida : Terminales tipo tornillo<\/li>\n<li style='margin-bottom: 5px;'>Material del gabinete : Metal<\/li>\n<li style='margin-bottom: 5px;'>Color : Blanco<\/li>\n<li style='margin-bottom: 5px;'><strong>Temperatura de operaci\u00f3n : -20 \u00b0C a 70 \u00b0C<\/strong><\/li>\n<li style='margin-bottom: 5px;'>Dimensiones ( L x W x H ): 208 x152 x 40 mm.<\/li>\n<\/ul><\/div>\n<\/p><\/div>\n<\/p><\/div>\n<p> <!-- Productos relacionados --> <\/p>\n<div style='flex: 1 1 300px; min-width: 280px;'>\n<div style='border: 1px solid rgba(150&comma; 150&comma; 150&comma; 0.4); border-radius: 8px; overflow: hidden; display: flex; flex-direction: column;'>\n<div style='padding: 15px; border-bottom: 1px solid rgba(150&comma; 150&comma; 150&comma; 0.2); font-weight: bold; font-size: 18px; background-color: rgba(0&comma; 0&comma; 255&comma; 0.8); color: white;'>Productos relacionados :<\/div>\n<div style='padding: 15px; color: inherit;'>\n<ul style='padding-left: 20px; margin: 0; font-size: 14px; list-style-type: disc;'>\n<li style='margin-bottom: 5px;'><strong>NXP9DC16HD<\/strong><\/li>\n<li style='margin-bottom: 5px;'><strong>NXP18DC20HD<\/strong><\/li>\n<li style='margin-bottom: 5px;'><strong>NXP18DC30UD<\/strong><\/li>\n<\/ul><\/div>\n<\/p><\/div>\n<\/p><\/div>\n<\/p><\/div>\n<\/p><\/div>\n","protected":false},"excerpt":{"rendered":"<p>Fuente \/ 11-15 V \/ 9 canales \/ 16 A \/ Alta tecnolog\u00eda en seguridad \/ Doble ventilador \/ Hasta 1.8 Amperes por Salida \/ Filtro de ruido por canal \/ Dise\u00f1o de alta gama.<\/p>\n","protected":false},"featured_media":101700,"comment_status":"open","ping_status":"closed","template":"","meta":[],"product_brand":[],"product_cat":[1103],"product_tag":[142,454,457],"class_list":{"0":"post-101701","1":"product","2":"type-product","3":"status-publish","4":"has-post-thumbnail","6":"product_cat-fuentes-de-alimentacion-energia-videovigilancia","7":"product_tag-energia","8":"product_tag-epcom-powerline","9":"product_tag-fuentes-de-alimentacion","11":"first","12":"outofstock","13":"sale","14":"shipping-taxable","15":"purchasable","16":"product-type-simple"},"_links":{"self":[{"href":"https:\/\/soydeaqui.ddns.net\/pachuca\/index.php\/wp-json\/wp\/v2\/product\/101701","targetHints":{"allow":["GET"]}}],"collection":[{"href":"https:\/\/soydeaqui.ddns.net\/pachuca\/index.php\/wp-json\/wp\/v2\/product"}],"about":[{"href":"https:\/\/soydeaqui.ddns.net\/pachuca\/index.php\/wp-json\/wp\/v2\/types\/product"}],"replies":[{"embeddable":true,"href":"https:\/\/soydeaqui.ddns.net\/pachuca\/index.php\/wp-json\/wp\/v2\/comments?post=101701"}],"wp:featuredmedia":[{"embeddable":true,"href":"https:\/\/soydeaqui.ddns.net\/pachuca\/index.php\/wp-json\/wp\/v2\/media\/101700"}],"wp:attachment":[{"href":"https:\/\/soydeaqui.ddns.net\/pachuca\/index.php\/wp-json\/wp\/v2\/media?parent=101701"}],"wp:term":[{"taxonomy":"product_brand","embeddable":true,"href":"https:\/\/soydeaqui.ddns.net\/pachuca\/index.php\/wp-json\/wp\/v2\/product_brand?post=101701"},{"taxonomy":"product_cat","embeddable":true,"href":"https:\/\/soydeaqui.ddns.net\/pachuca\/index.php\/wp-json\/wp\/v2\/product_cat?post=101701"},{"taxonomy":"product_tag","embeddable":true,"href":"https:\/\/soydeaqui.ddns.net\/pachuca\/index.php\/wp-json\/wp\/v2\/product_tag?post=101701"}],"curies":[{"name":"wp","href":"https:\/\/api.w.org\/{rel}","templated":true}]}}