{"id":101699,"date":"2026-03-20T12:14:02","date_gmt":"2026-03-20T12:14:02","guid":{"rendered":"https:\/\/soydeaqui.ddns.net\/pachuca\/index.php\/producto\/servidor-de-administracion-sin-s-o-procesador-4410yx2-32gbx2-gb-ram-rdimm-2tb-7-2k-satax2raid_12tb-7-2k-satax2raid_1\/"},"modified":"2026-03-20T12:14:04","modified_gmt":"2026-03-20T12:14:04","slug":"servidor-de-administracion-sin-s-o-procesador-4410yx2-32gbx2-gb-ram-rdimm-2tb-7-2k-satax2raid_12tb-7-2k-satax2raid_1","status":"publish","type":"product","link":"https:\/\/soydeaqui.ddns.net\/pachuca\/index.php\/producto\/servidor-de-administracion-sin-s-o-procesador-4410yx2-32gbx2-gb-ram-rdimm-2tb-7-2k-satax2raid_12tb-7-2k-satax2raid_1\/","title":{"rendered":"Servidor de Administraci\u00f3n \/ Sin S.O\/ Procesador 4410Y\u00d72 \/ 32GB\u00d72 GB RAM RDIMM \/2TB 7.2K SATA\u00d72(RAID_1)+2TB 7.2K SATA\u00d72(RAID_1)"},"content":{"rendered":"<div style='width: 100%; max-width: 1200px; margin: 0 auto; font-family: sans-serif; line-height: 1.6; color: inherit; background-color: transparent;'>\n<p style='text-align: center; margin: 0 0 20px 0;'><img style='width: 100%; max-width: 300px; height: auto; border: 1px solid rgba(150&comma;150&comma;150&comma;0.3); border-radius: 8px;' src='http:\/\/ftp3.syscom.mx\/usuarios\/jdelafuente\/HIKVISION\/hikvision%20logo%20complete.png' alt='Logo HIKVISION'><\/p>\n<div style='display: flex; flex-wrap: wrap; gap: 30px; margin-bottom: 30px;'>\n<div style='flex: 1 1 300px; min-width: 280px;'>\n<h3 style='font-size: 22px; border-bottom: 2px solid currentColor; padding-bottom: 5px; margin-top: 0; color: inherit; opacity: 0.8;'>Caracter\u00edsticas principales<\/h3>\n<ul style='padding-left: 20px; font-size: 15px; color: inherit;'>\n<li style='margin-bottom: 5px;'>Procesador 4410 x 2<\/li>\n<li style='margin-bottom: 5px;'>Memoria RAM 32 GB x 2 RDIMM<\/li>\n<li style='margin-bottom: 5px;'>Controladora de almacenamiento SAS_H355<\/li>\n<li style='margin-bottom: 5px;'><strong>Sin Sistema Operativo<\/strong><\/li>\n<li style='margin-bottom: 5px;'>2 discos duros 2 TB 7200 RPM SATA (RAID 1) + 2 discos duros 2 TB 7200 RPM SATA (RAID 1)<\/li>\n<\/ul><\/div>\n<div style='flex: 1 1 300px; min-width: 280px;'>\n<h3 style='font-size: 22px; border-bottom: 2px solid currentColor; padding-bottom: 5px; margin-top: 0; color: inherit; opacity: 0.8;'>Caracter\u00edsticas F\u00edsicas y El\u00e9ctricas<\/h3>\n<ul style='padding-left: 20px; font-size: 15px; color: inherit;'>\n<li style='margin-bottom: 5px;'>Alimentaci\u00f3n: 100 a 240 VCA<\/li>\n<li style='margin-bottom: 5px;'>Fuente redundante<\/li>\n<li style='margin-bottom: 5px;'>Consumo: 800 Watts<\/li>\n<li style='margin-bottom: 5px;'>Temperatura de Operaci\u00f3n: 10 a 35 \u00b0C<\/li>\n<li style='margin-bottom: 5px;'>Factor de forma: 2U Rack<\/li>\n<li style='margin-bottom: 5px;'>Dimensiones: 482 mm \u00d7 86.8 mm \u00d7 721.62 mm<\/li>\n<li style='margin-bottom: 5px;'>Peso: 28.6 kg<\/li>\n<li style='margin-bottom: 5px;'>Incluye riel para montaje en rack<\/li>\n<\/ul><\/div>\n<div style='flex: 1 1 300px; min-width: 280px;'>\n<h3 style='font-size: 22px; border-bottom: 2px solid currentColor; padding-bottom: 5px; margin-top: 0; color: inherit; opacity: 0.8;'>Puertos<\/h3>\n<div style='margin-top: 15px;'>\n<h4 style='font-size: 18px; margin-top: 0; margin-bottom: 10px; color: inherit; opacity: 0.8;'>Frontales<\/h4>\n<ul style='padding-left: 20px; font-size: 15px; color: inherit;'>\n<li style='margin-bottom: 5px;'>1 iDRAC Direct port<\/li>\n<li style='margin-bottom: 5px;'>1 USB 2.0<\/li>\n<li style='margin-bottom: 5px;'>1 VGA<\/li>\n<\/ul><\/div>\n<div style='margin-top: 15px;'>\n<h4 style='font-size: 18px; margin-top: 0; margin-bottom: 10px; color: inherit; opacity: 0.8;'>Traseros<\/h4>\n<ul style='padding-left: 20px; font-size: 15px; color: inherit;'>\n<li style='margin-bottom: 5px;'>1 VGA<\/li>\n<li style='margin-bottom: 5px;'>1 USB 3.0<\/li>\n<li style='margin-bottom: 5px;'>1 USB 2.0<\/li>\n<li style='margin-bottom: 5px;'>iDRAC Ethernet Port<\/li>\n<li style='margin-bottom: 5px;'>6 Puertos GbE RJ45<\/li>\n<\/ul><\/div>\n<\/p><\/div>\n<\/p><\/div>\n<\/p><\/div>\n","protected":false},"excerpt":{"rendered":"<p>Servidor de Administraci\u00f3n \/ Sin S.O\/ Procesador 4410Y\u00d72 \/ 32GB\u00d72 GB RAM RDIMM \/2TB 7.2K SATA\u00d72(RAID_1)+2TB 7.2K SATA\u00d72(RAID_1)<\/p>\n","protected":false},"featured_media":101698,"comment_status":"open","ping_status":"closed","template":"","meta":[],"product_brand":[],"product_cat":[2236],"product_tag":[54,2065,2237],"class_list":{"0":"post-101699","1":"product","2":"type-product","3":"status-publish","4":"has-post-thumbnail","6":"product_cat-servidores-de-aplicacion","7":"product_tag-hikvision","8":"product_tag-servidores-almacenamiento","9":"product_tag-servidores-de-aplicacion","11":"first","12":"outofstock","13":"sale","14":"shipping-taxable","15":"purchasable","16":"product-type-simple"},"_links":{"self":[{"href":"https:\/\/soydeaqui.ddns.net\/pachuca\/index.php\/wp-json\/wp\/v2\/product\/101699","targetHints":{"allow":["GET"]}}],"collection":[{"href":"https:\/\/soydeaqui.ddns.net\/pachuca\/index.php\/wp-json\/wp\/v2\/product"}],"about":[{"href":"https:\/\/soydeaqui.ddns.net\/pachuca\/index.php\/wp-json\/wp\/v2\/types\/product"}],"replies":[{"embeddable":true,"href":"https:\/\/soydeaqui.ddns.net\/pachuca\/index.php\/wp-json\/wp\/v2\/comments?post=101699"}],"wp:featuredmedia":[{"embeddable":true,"href":"https:\/\/soydeaqui.ddns.net\/pachuca\/index.php\/wp-json\/wp\/v2\/media\/101698"}],"wp:attachment":[{"href":"https:\/\/soydeaqui.ddns.net\/pachuca\/index.php\/wp-json\/wp\/v2\/media?parent=101699"}],"wp:term":[{"taxonomy":"product_brand","embeddable":true,"href":"https:\/\/soydeaqui.ddns.net\/pachuca\/index.php\/wp-json\/wp\/v2\/product_brand?post=101699"},{"taxonomy":"product_cat","embeddable":true,"href":"https:\/\/soydeaqui.ddns.net\/pachuca\/index.php\/wp-json\/wp\/v2\/product_cat?post=101699"},{"taxonomy":"product_tag","embeddable":true,"href":"https:\/\/soydeaqui.ddns.net\/pachuca\/index.php\/wp-json\/wp\/v2\/product_tag?post=101699"}],"curies":[{"name":"wp","href":"https:\/\/api.w.org\/{rel}","templated":true}]}}