{"id":101675,"date":"2026-03-20T12:12:54","date_gmt":"2026-03-20T12:12:54","guid":{"rendered":"https:\/\/soydeaqui.ddns.net\/pachuca\/index.php\/producto\/terminal-de-guia-de-video-soporte-para-16-camaras-de-doble-lente-o-32-camaras-de-lente-unica-conectividad-poe\/"},"modified":"2026-03-20T12:12:57","modified_gmt":"2026-03-20T12:12:57","slug":"terminal-de-guia-de-video-soporte-para-16-camaras-de-doble-lente-o-32-camaras-de-lente-unica-conectividad-poe","status":"publish","type":"product","link":"https:\/\/soydeaqui.ddns.net\/pachuca\/index.php\/producto\/terminal-de-guia-de-video-soporte-para-16-camaras-de-doble-lente-o-32-camaras-de-lente-unica-conectividad-poe\/","title":{"rendered":"Terminal de Gu\u00eda de Video \/ Soporte para 16 C\u00e1maras de Doble Lente o 32 C\u00e1maras de Lente \u00danica  \/ Conectividad PoE"},"content":{"rendered":"<div style='width: 100%; max-width: 1200px; margin: 0 auto; font-family: sans-serif; line-height: 1.6; color: inherit; background-color: transparent;'> <!-- Banner inicial --> <\/p>\n<div style='text-align: center; margin: 30px 0;'> <img style='width: 45%; max-width: 500px; height: auto; border: 1px solid rgba(150&comma;150&comma;150&comma;0.3); border-radius: 8px;' src='https:\/\/ftp3.syscom.mx\/usuarios\/jsosa\/HIKVISION\/imagenes\/logo\/hikvision%20see%20far.png' alt='Logo Hikvision'> <\/div>\n<p> <!-- Secci\u00f3n de caracter\u00edsticas --> <\/p>\n<div style='display: flex; flex-wrap: wrap; gap: 30px; margin: 40px 0;'> <!-- Caracter\u00edsticas principales --> <\/p>\n<div style='flex: 1 1 400px; min-width: 280px;'>\n<h3 style='font-size: 22px; border-bottom: 2px solid currentColor; padding-bottom: 5px; margin-top: 0; color: inherit; opacity: 0.8;'>Caracter\u00edsticas Principales:<\/h3>\n<ul style='padding-left: 20px; font-size: 15px; color: inherit;'>\n<li style='margin-bottom: 5px;'>Soporta acceso a 16 c\u00e1maras de doble lente o 32 c\u00e1maras de lente \u00fanica<\/li>\n<li style='margin-bottom: 5px;'>Compatibilidad con suministro de energ\u00eda PoE de Hikvision<\/li>\n<li style='margin-bottom: 5px;'>Soporta cascada TPM y carga de datos<\/li>\n<li style='margin-bottom: 5px;'>Control de pantalla LED para mostrar espacios de estacionamiento disponibles<\/li>\n<li style='margin-bottom: 5px;'>Asignaci\u00f3n autom\u00e1tica de direcciones IP<\/li>\n<li style='margin-bottom: 5px;'>Almacenamiento distribuido con 6 ranuras para HDD de 3.5 pulgadas<\/li>\n<li style='margin-bottom: 5px;'>Sistema operativo Linux embebido<\/li>\n<\/ul><\/div>\n<p> <!-- Detalles t\u00e9cnicos --> <\/p>\n<div style='flex: 1 1 400px; min-width: 280px;'>\n<h3 style='font-size: 22px; border-bottom: 2px solid currentColor; padding-bottom: 5px; margin-top: 0; color: inherit; opacity: 0.8;'>Detalles T\u00e9cnicos:<\/h3>\n<ul style='padding-left: 20px; font-size: 15px; color: inherit;'>\n<li style='margin-bottom: 5px;'>Almacenamiento: Hasta 6 HDD de 3.5 pulgadas&comma; 24TB (4TB por HDD)<\/li>\n<li style='margin-bottom: 5px;'>Temperatura de trabajo: -10\u00b0C a 50\u00b0C<\/li>\n<li style='margin-bottom: 5px;'>Humedad de trabajo: 10% a 90%<\/li>\n<li style='margin-bottom: 5px;'>Consumo de energ\u00eda: Menos de 500W<\/li>\n<li style='margin-bottom: 5px;'>Dimensiones: 410 \u00d7 130 \u00d7 540 mm<\/li>\n<li style='margin-bottom: 5px;'>Peso: 15 kg (33.1 lb)<\/li>\n<li style='margin-bottom: 5px;'>Interfaces: 1 USB 3.0&comma; 8 PoE internas&comma; 10 Ethernet externas<\/li>\n<li style='margin-bottom: 5px;'>Incluye almacenamiento a 4 TB<\/li>\n<\/ul><\/div>\n<\/p><\/div>\n<p> <!-- Separador --> <\/p>\n<hr style='border: 0; border-top: 1px solid rgba(150&comma; 150&comma; 150&comma; 0.3); margin: 40px 0;'> <!-- Galer\u00eda de im\u00e1genes --> <\/p>\n<div style='text-align: center; margin: 30px 0;'>\n<h2 style='font-size: 20px; margin-bottom: 20px; color: inherit; opacity: 0.8;'>Escenario de aplicaci\u00f3n<\/h2>\n<div style='display: flex; flex-wrap: wrap; justify-content: center; gap: 20px;'> <img style='width: 100%; max-width: 800px; height: auto; border: 1px solid rgba(150&comma;150&comma;150&comma;0.3); border-radius: 8px;' src='https:\/\/ftp3.syscom.mx\/usuarios\/smendoza\/smendozaro\/Estacionamiento\/Captura%20de%20pantalla%202025-05-20%20081626.png' alt='Instalaci\u00f3n de estacionamiento 1'> <img style='width: 100%; max-width: 800px; height: auto; border: 1px solid rgba(150&comma;150&comma;150&comma;0.3); border-radius: 8px; margin-top: 20px;' src='https:\/\/ftp3.syscom.mx\/usuarios\/smendoza\/smendozaro\/Estacionamiento\/Captura%20de%20pantalla%202025-05-20%20081722.png' alt='Instalaci\u00f3n de estacionamiento 2'> <\/div>\n<\/p><\/div>\n<p> <!-- Banner final --> <\/p>\n<div style='text-align: center; margin: 40px 0;'> <img style='width: 100%; max-width: 1200px; height: auto; border: 1px solid rgba(150&comma;150&comma;150&comma;0.3); border-radius: 8px;' src='https:\/\/ftp3.syscom.mx\/usuarios\/jsosa\/HIKVISION\/imagenes\/banners\/solution%20complete.png' alt='Banner final Hikvision'> <\/div>\n<\/p><\/div>\n","protected":false},"excerpt":{"rendered":"<p>Terminal de Gu\u00eda de Video \/ Soporte para 16 C\u00e1maras de Doble Lente o 32 C\u00e1maras de Lente \u00danica  \/ Conectividad PoE<\/p>\n","protected":false},"featured_media":101674,"comment_status":"open","ping_status":"closed","template":"","meta":[],"product_brand":[],"product_cat":[2234],"product_tag":[122,54,2235],"class_list":{"0":"post-101675","1":"product","2":"type-product","3":"status-publish","4":"has-post-thumbnail","6":"product_cat-nvrs-network-video-recorders","7":"product_tag-camaras-ip-y-nvrs","8":"product_tag-hikvision","9":"product_tag-nvrs-network-video-recorders","11":"first","12":"outofstock","13":"sale","14":"shipping-taxable","15":"purchasable","16":"product-type-simple"},"_links":{"self":[{"href":"https:\/\/soydeaqui.ddns.net\/pachuca\/index.php\/wp-json\/wp\/v2\/product\/101675","targetHints":{"allow":["GET"]}}],"collection":[{"href":"https:\/\/soydeaqui.ddns.net\/pachuca\/index.php\/wp-json\/wp\/v2\/product"}],"about":[{"href":"https:\/\/soydeaqui.ddns.net\/pachuca\/index.php\/wp-json\/wp\/v2\/types\/product"}],"replies":[{"embeddable":true,"href":"https:\/\/soydeaqui.ddns.net\/pachuca\/index.php\/wp-json\/wp\/v2\/comments?post=101675"}],"wp:featuredmedia":[{"embeddable":true,"href":"https:\/\/soydeaqui.ddns.net\/pachuca\/index.php\/wp-json\/wp\/v2\/media\/101674"}],"wp:attachment":[{"href":"https:\/\/soydeaqui.ddns.net\/pachuca\/index.php\/wp-json\/wp\/v2\/media?parent=101675"}],"wp:term":[{"taxonomy":"product_brand","embeddable":true,"href":"https:\/\/soydeaqui.ddns.net\/pachuca\/index.php\/wp-json\/wp\/v2\/product_brand?post=101675"},{"taxonomy":"product_cat","embeddable":true,"href":"https:\/\/soydeaqui.ddns.net\/pachuca\/index.php\/wp-json\/wp\/v2\/product_cat?post=101675"},{"taxonomy":"product_tag","embeddable":true,"href":"https:\/\/soydeaqui.ddns.net\/pachuca\/index.php\/wp-json\/wp\/v2\/product_tag?post=101675"}],"curies":[{"name":"wp","href":"https:\/\/api.w.org\/{rel}","templated":true}]}}