{"id":101659,"date":"2026-03-20T12:12:07","date_gmt":"2026-03-20T12:12:07","guid":{"rendered":"https:\/\/soydeaqui.ddns.net\/pachuca\/index.php\/producto\/bala-ip-4-megapixel-lente-mot-6-a-132-mm-200-mts-ir-exir-2-analiticos-simultaneos-deepinview-2-microfonos-integrados-ip67-ik10-h-265-wdr-150-db-captura-facial-busqueda-por-atr\/"},"modified":"2026-03-20T12:12:09","modified_gmt":"2026-03-20T12:12:09","slug":"bala-ip-4-megapixel-lente-mot-6-a-132-mm-200-mts-ir-exir-2-analiticos-simultaneos-deepinview-2-microfonos-integrados-ip67-ik10-h-265-wdr-150-db-captura-facial-busqueda-por-atr","status":"publish","type":"product","link":"https:\/\/soydeaqui.ddns.net\/pachuca\/index.php\/producto\/bala-ip-4-megapixel-lente-mot-6-a-132-mm-200-mts-ir-exir-2-analiticos-simultaneos-deepinview-2-microfonos-integrados-ip67-ik10-h-265-wdr-150-db-captura-facial-busqueda-por-atr\/","title":{"rendered":"Bala IP 4 Megapixel \/ Lente Mot. 6  a 132 mm \/ 200 mts IR EXIR \/ 2 Analiticos Simultaneos \/ DeepinView \/ 2 Micr\u00f3fonos Integrados \/ IP67 \/ IK10 \/ H.265+ \/ WDR 150 dB \/ Captura Facial \/ B\u00fasqueda por Atributos \/ Micro SD"},"content":{"rendered":"<div style='width: 100%; max-width: 1200px; margin: 0 auto; font-family: sans-serif; line-height: 1.6; color: inherit; background-color: transparent;'>\n<div style='display: flex; flex-wrap: wrap; justify-content: center; margin-bottom: 30px;'> <img style='width: 45%; height: auto; border: 1px solid rgba(150&comma;150&comma;150&comma;0.3); border-radius: 8px;' src='https:\/\/ftp3.syscom.mx\/usuarios\/jsosa\/HIKVISION\/imagenes\/logo\/hikvision%20see%20far.png' alt='Logo Hikvision'> <\/div>\n<div style='display: flex; flex-wrap: wrap; gap: 30px; margin-bottom: 30px;'>\n<div style='flex: 1 1 300px; min-width: 280px;'>\n<h3 style='font-size: 22px; border-bottom: 2px solid currentColor; padding-bottom: 5px; margin-top: 0; color: inherit; opacity: 0.8;'>Caracter\u00edsticas principales<\/h3>\n<ul style='padding-left: 20px; font-size: 15px; color: inherit;'>\n<li style='margin-bottom: 5px;'><strong>Compresi\u00f3n de video:<\/strong> H.265+ \/ H.265 \/ H.264+ \/ H.264<\/li>\n<li style='margin-bottom: 5px;'><strong>Lente Motorizado:<\/strong> 6 a 132 mm (59.5\u00b0 a 3.7\u00b0)<\/li>\n<li style='margin-bottom: 5px;'><strong>Velocidad del shutter:<\/strong> 1 s a 100.000 s&comma; soporta Slow Shutter<\/li>\n<li style='margin-bottom: 5px;'><strong>Iluminaci\u00f3n m\u00ednima DARKFIGHTER:<\/strong> 0.001 Lux @(F1.2&comma;AGC ON)<\/li>\n<li style='margin-bottom: 5px;'><strong>Distancia de IR:<\/strong> 200 mts IR EXIR<\/li>\n<li style='margin-bottom: 5px;'><strong>Puerto de red:<\/strong> 10 \/ 100 \/ 1000 Mbps<\/li>\n<li style='margin-bottom: 5px;'><strong>Soporte micro SD:<\/strong> Hasta 1 TB (no incluida)<\/li>\n<li style='margin-bottom: 5px;'><strong>Resoluci\u00f3n m\u00e1xima:<\/strong> 60Hz: 30fps (2560 \u00d7 1440&comma; 1920 \u00d7 1080&comma; 1280 \u00d7 720)<\/li>\n<li style='margin-bottom: 5px;'><strong>Funciones:<\/strong> WDR real 150 dB \/ BLC \/ HLC \/ 3D DNR \/ Defog \/ EIS<\/li>\n<li style='margin-bottom: 5px;'><strong>Protocolos:<\/strong> ONVIF (PROFILE S&comma; PROFILE G&comma; PROFILE T) \/ ISAPI \/ SDK \/ ISUP<\/li>\n<\/ul><\/div>\n<div style='flex: 1 1 300px; min-width: 280px;'>\n<h3 style='font-size: 22px; border-bottom: 2px solid currentColor; padding-bottom: 5px; margin-top: 0; color: inherit; opacity: 0.8;'>Caracter\u00edsticas F\u00edsicas y El\u00e9ctricas<\/h3>\n<ul style='padding-left: 20px; font-size: 15px; color: inherit;'>\n<li style='margin-bottom: 5px;'><strong>Dimensiones:<\/strong> 144.1 \u00d7 374.7 mm<\/li>\n<li style='margin-bottom: 5px;'><strong>Consumo \/ alimentaci\u00f3n:<\/strong> 12 Vcc \/ PoE (802.3 at) \/ 18 Watts<\/li>\n<li style='margin-bottom: 5px;'><strong>Protecci\u00f3n:<\/strong> IP67 (Interior \/ Exterior)<\/li>\n<li style='margin-bottom: 5px;'><strong>Antivand\u00e1lico:<\/strong> IK10<\/li>\n<li style='margin-bottom: 5px;'><strong>Peso:<\/strong> 2170 gramos<\/li>\n<\/ul>\n<h3 style='font-size: 22px; border-bottom: 2px solid currentColor; padding-bottom: 5px; margin-top: 20px; margin-bottom: 15px; color: inherit; opacity: 0.8;'>Accesorios<\/h3>\n<ul style='padding-left: 20px; font-size: 15px; color: inherit;'>\n<li style='margin-bottom: 5px;'><a href='https:\/\/www.syscom.mx\/producto\/DS-1475ZJ-SUS-HIKVISION-156174.html' target='_blank' rel='noopener' style='color: inherit; text-decoration: underline;'>Montaje de poste vertical&comma; modelo: DS-1475ZJ-SUS<\/a><\/li>\n<li style='margin-bottom: 5px;'><a href='https:\/\/www.syscom.mx\/producto\/DS-1476ZJ-SUS-HIKVISION-156175.html' target='_blank' rel='noopener' style='color: inherit; text-decoration: underline;'>Montaje de esquina&comma; modelo: DS-1476ZJ-SUS<\/a><\/li>\n<li style='margin-bottom: 5px;'><a href='https:\/\/www.syscom.mx\/producto\/DS-1475ZJ-Y-HIKVISION-167603.html' target='_blank' rel='noopener' style='color: inherit; text-decoration: underline;'>Montaje de poste vertical&comma; modelo: DS-1475ZJ-Y<\/a><\/li>\n<li style='margin-bottom: 5px;'><a href='https:\/\/www.syscom.mx\/producto\/DS-1476ZJ-Y-HIKVISION-167604.html' target='_blank' rel='noopener' style='color: inherit; text-decoration: underline;'>Montaje de esquina&comma; modelo: DS-1476ZJ-Y<\/a><\/li>\n<\/ul><\/div>\n<div style='flex: 1 1 300px; min-width: 280px;'>\n<h3 style='font-size: 22px; border-bottom: 2px solid currentColor; padding-bottom: 5px; margin-top: 0; color: inherit; opacity: 0.8;'>Caracter\u00edsticas Destacadas<\/h3>\n<div style='display: flex; flex-direction: column; gap: 15px;'>\n<div style='border: 1px solid rgba(150&comma; 150&comma; 150&comma; 0.4); border-radius: 8px; padding: 15px;'>\n<h4 style='margin-top: 0; margin-bottom: 10px; font-size: 18px; color: inherit;'><strong>Reconocimiento facial<\/strong><\/h4>\n<p style='margin: 0 0 10px 0; font-size: 15px; color: inherit;'>Con algoritmos integrados basados en aprendizaje profundo&comma; la c\u00e1mara puede dar la mejor toma de la cara de un objetivo a trav\u00e9s de la detecci\u00f3n&comma; seguimiento&comma; captura&comma; calificaci\u00f3n y selecci\u00f3n. La c\u00e1mara captura la cara y emite las caracter\u00edsticas&comma; como el sexo&comma; la edad y expresi\u00f3n.<\/p>\n<\/p><\/div>\n<div style='border: 1px solid rgba(150&comma; 150&comma; 150&comma; 0.4); border-radius: 8px; padding: 15px;'>\n<h4 style='margin-top: 0; margin-bottom: 10px; font-size: 18px; color: inherit;'><strong>Protecci\u00f3n perimetral<\/strong><\/h4>\n<p style='margin: 0 0 10px 0; font-size: 15px; color: inherit;'>Con algoritmos integrados de detecci\u00f3n y clasificaci\u00f3n de objetivos basados en aprendizaje profundo&comma; la c\u00e1mara lleva a cabo el deber de protecci\u00f3n del per\u00edmetro&comma; control de las acciones de cruce de l\u00ednea&comma; intrusi\u00f3n&comma; entrada y salida de la regi\u00f3n. Los algoritmos filtran en gran medida la alarma err\u00f3nea causada por la interferencia de hojas&comma; luces&comma; animales&comma; banderas&comma; etc.<\/p>\n<\/p><\/div>\n<div style='border: 1px solid rgba(150&comma; 150&comma; 150&comma; 0.4); border-radius: 8px; padding: 15px;'>\n<h4 style='margin-top: 0; margin-bottom: 10px; font-size: 18px; color: inherit;'><strong>Detecci\u00f3n de atributos<\/strong><\/h4>\n<p style='margin: 0 0 10px 0; font-size: 15px; color: inherit;'>Con los algoritmos de aprendizaje profundo incorporados&comma; la c\u00e1mara detecta y captura la cara&comma; el cuerpo humano&comma; el veh\u00edculo en la regi\u00f3n especificada y genera las caracter\u00edsticas&comma; como g\u00e9nero&comma; edad&comma; color superior y tipo de veh\u00edculo.<\/p>\n<\/p><\/div>\n<\/p><\/div>\n<\/p><\/div>\n<\/p><\/div>\n<hr style='border: 0; border-top: 1px solid rgba(150&comma; 150&comma; 150&comma; 0.3); margin: 30px 0;'>\n<div style='display: flex; flex-wrap: wrap; gap: 30px; margin-bottom: 30px;'>\n<div style='flex: 1 1 300px; min-width: 280px;'>\n<h3 style='font-size: 22px; border-bottom: 2px solid currentColor; padding-bottom: 5px; margin-top: 0; color: inherit; opacity: 0.8;'>\u00bfQU\u00c9 ES DEEPINVIEW?<\/h3>\n<\/p><\/div>\n<\/p><\/div>\n<div style='display: flex; flex-wrap: wrap; gap: 30px; margin-bottom: 30px;'>\n<div style='flex: 1 1 300px; min-width: 280px;'> <img style='width: 100%; height: auto; border: 1px solid rgba(150&comma;150&comma;150&comma;0.3); border-radius: 8px;' src='https:\/\/ftp3.syscom.mx\/usuarios\/jsosa\/HIKVISION\/videos\/ids\/facial%20recognition.gif' alt='Reconocimiento facial'> <\/div>\n<div style='flex: 1 1 300px; min-width: 280px;'>\n<h3 style='font-size: 22px; border-bottom: 2px solid currentColor; padding-bottom: 5px; margin-top: 0; color: inherit; opacity: 0.8;'>RECONOCIMIENTO DE ROSTROS<\/h3>\n<ul style='padding-left: 20px; font-size: 15px; color: inherit;'>\n<li style='margin-bottom: 5px;'>Las c\u00e1maras de reconocimiento facial Hikvision admiten la detecci\u00f3n&comma; captura&comma; reconocimiento y an\u00e1lisis de caracter\u00edsticas de rostros humanos al mismo tiempo<\/li>\n<li style='margin-bottom: 5px;'>Lista de alarmas en funci\u00f3n del resultado de la comparaci\u00f3n<\/li>\n<li style='margin-bottom: 5px;'>10 bibliotecas de rostros con 30&comma;000 rostros por cada bibloteca&comma; 150&comma;000 rostros en total<\/li>\n<\/ul>\n<p style='margin-top: 20px; margin-bottom: 10px; font-size: 15px; color: inherit;'><strong>Aplicaciones en donde se puede utilizar:<\/strong><\/p>\n<ul style='padding-left: 20px; font-size: 15px; color: inherit;'>\n<li style='margin-bottom: 5px;'>Hoteles&comma; tiendas&comma; etc.<\/li>\n<li style='margin-bottom: 5px;'>Mejorar la calidad del servicio a trav\u00e9s del reconocimiento VIP del cliente.<\/li>\n<li style='margin-bottom: 5px;'>Bancos&comma; parques industriales&comma; escuelas&comma; ciudad segura&comma; etc.<\/li>\n<li style='margin-bottom: 5px;'>Mejora la seguridad de las \u00e1reas p\u00fablicas a trav\u00e9s de la lista de alarmas.<\/li>\n<\/ul><\/div>\n<\/p><\/div>\n<div style='display: flex; flex-wrap: wrap; gap: 30px; margin-bottom: 30px;'>\n<div style='flex: 1 1 300px; min-width: 280px;'>\n<h3 style='font-size: 22px; border-bottom: 2px solid currentColor; padding-bottom: 5px; margin-top: 0; color: inherit; opacity: 0.8;'>CONTEO POR ROSTRO<\/h3>\n<ul style='padding-left: 20px; font-size: 15px; color: inherit;'>\n<li style='margin-bottom: 5px;'>Contando el n\u00famero de personas que entran y salen.<\/li>\n<li style='margin-bottom: 5px;'>La repetici\u00f3n se agregar\u00e1 si la persona que ingresa es un empleado o un cliente habitual (las bibliotecas de im\u00e1genes de la cara del empleado y el tiempo de duplicaci\u00f3n deben establecerse).<\/li>\n<li style='margin-bottom: 5px;'>El tiempo m\u00e1ximo de duplicaci\u00f3n de conteo de personas se puede establecer de 0s a 23h59min59s. (Para clientes habituales).<\/li>\n<\/ul><\/div>\n<div style='flex: 1 1 300px; min-width: 280px;'> <img style='width: 100%; height: auto; border: 1px solid rgba(150&comma;150&comma;150&comma;0.3); border-radius: 8px;' src='https:\/\/ftp3.syscom.mx\/usuarios\/jsosa\/HIKVISION\/videos\/ids\/04.gif' alt='Conteo por rostro'> <\/div>\n<\/p><\/div>\n<div style='display: flex; flex-wrap: wrap; gap: 30px; margin-bottom: 30px;'>\n<div style='flex: 1 1 300px; min-width: 280px;'>\n<h3 style='font-size: 22px; border-bottom: 2px solid currentColor; padding-bottom: 5px; margin-top: 0; color: inherit; opacity: 0.8;'>DARKFIGHTER<\/h3>\n<ul style='padding-left: 20px; font-size: 15px; color: inherit;'>\n<li style='margin-bottom: 5px;'>Imagen a color con muy poca iluminaci\u00f3n.<\/li>\n<li style='margin-bottom: 5px;'>Con la iluminaci\u00f3n natural o con el poco alumbrado p\u00fablico logra mostrar mayor detalle en la imagen.<\/li>\n<\/ul><\/div>\n<div style='flex: 1 1 300px; min-width: 280px;'> <img style='width: 100%; height: auto; border: 1px solid rgba(150&comma;150&comma;150&comma;0.3); border-radius: 8px;' src='https:\/\/ftp3.syscom.mx\/usuarios\/jsosa\/HIKVISION\/videos\/ids\/4%20MP%20DarkFighter%20Performance%20Test.gif' alt='DarkFighter'> <\/div>\n<\/p><\/div>\n<div style='display: flex; flex-wrap: wrap; gap: 30px; margin-bottom: 30px;'>\n<div style='flex: 1 1 300px; min-width: 280px;'> <img style='width: 100%; height: auto; border: 1px solid rgba(150&comma;150&comma;150&comma;0.3); border-radius: 8px;' src='https:\/\/ftp3.syscom.mx\/usuarios\/jsosa\/HIKVISION\/videos\/ids\/2MP%20LightFighter.gif' alt='LightFighter'> <\/div>\n<div style='flex: 1 1 300px; min-width: 280px;'>\n<h3 style='font-size: 22px; border-bottom: 2px solid currentColor; padding-bottom: 5px; margin-top: 0; color: inherit; opacity: 0.8;'>LIGHTFIGHTER<\/h3>\n<ul style='padding-left: 20px; font-size: 15px; color: inherit;'>\n<li style='margin-bottom: 5px;'>Evita la saturaci\u00f3n de la luz que no permite la visualizaci\u00f3n de detalles<\/li>\n<li style='margin-bottom: 5px;'>Permite visualizar correctamente el primer y segundo plano de la imagen<\/li>\n<\/ul><\/div>\n<\/p><\/div>\n<div style='display: flex; flex-wrap: wrap; justify-content: center; margin-bottom: 30px;'> <img style='width: 100%; height: auto; border: 1px solid rgba(150&comma;150&comma;150&comma;0.3); border-radius: 8px;' src='https:\/\/ftp3.syscom.mx\/usuarios\/jsosa\/HIKVISION\/imagenes\/banners\/solution%20complete.png' alt='Soluci\u00f3n completa'> <\/div>\n<\/p><\/div>\n","protected":false},"excerpt":{"rendered":"<p>Bala IP 4 Megapixel \/ Lente Mot. 6  a 132 mm \/ 200 mts IR EXIR \/ 2 Analiticos Simultaneos \/ DeepinView \/ 2 Micr\u00f3fonos Integrados \/ IP67 \/ IK10 \/ H.265+ \/ WDR 150 dB \/ Captura Facial \/ B\u00fasqueda por Atributos \/ Micro SD<\/p>\n","protected":false},"featured_media":101658,"comment_status":"open","ping_status":"closed","template":"","meta":[],"product_brand":[],"product_cat":[438],"product_tag":[439,122,54],"class_list":{"0":"post-101659","1":"product","2":"type-product","3":"status-publish","4":"has-post-thumbnail","6":"product_cat-bala","7":"product_tag-bala","8":"product_tag-camaras-ip-y-nvrs","9":"product_tag-hikvision","11":"first","12":"outofstock","13":"sale","14":"shipping-taxable","15":"purchasable","16":"product-type-simple"},"_links":{"self":[{"href":"https:\/\/soydeaqui.ddns.net\/pachuca\/index.php\/wp-json\/wp\/v2\/product\/101659","targetHints":{"allow":["GET"]}}],"collection":[{"href":"https:\/\/soydeaqui.ddns.net\/pachuca\/index.php\/wp-json\/wp\/v2\/product"}],"about":[{"href":"https:\/\/soydeaqui.ddns.net\/pachuca\/index.php\/wp-json\/wp\/v2\/types\/product"}],"replies":[{"embeddable":true,"href":"https:\/\/soydeaqui.ddns.net\/pachuca\/index.php\/wp-json\/wp\/v2\/comments?post=101659"}],"wp:featuredmedia":[{"embeddable":true,"href":"https:\/\/soydeaqui.ddns.net\/pachuca\/index.php\/wp-json\/wp\/v2\/media\/101658"}],"wp:attachment":[{"href":"https:\/\/soydeaqui.ddns.net\/pachuca\/index.php\/wp-json\/wp\/v2\/media?parent=101659"}],"wp:term":[{"taxonomy":"product_brand","embeddable":true,"href":"https:\/\/soydeaqui.ddns.net\/pachuca\/index.php\/wp-json\/wp\/v2\/product_brand?post=101659"},{"taxonomy":"product_cat","embeddable":true,"href":"https:\/\/soydeaqui.ddns.net\/pachuca\/index.php\/wp-json\/wp\/v2\/product_cat?post=101659"},{"taxonomy":"product_tag","embeddable":true,"href":"https:\/\/soydeaqui.ddns.net\/pachuca\/index.php\/wp-json\/wp\/v2\/product_tag?post=101659"}],"curies":[{"name":"wp","href":"https:\/\/api.w.org\/{rel}","templated":true}]}}