{"id":101647,"date":"2026-03-20T12:11:38","date_gmt":"2026-03-20T12:11:38","guid":{"rendered":"https:\/\/soydeaqui.ddns.net\/pachuca\/index.php\/producto\/cargador-mini-ganrobot-30w-serie-uno-1-usb-c-de-carga-rapida-tecnologia-gan-ii-multiprotocolo-pd-qc-scp-fca-carga-inteligente-pantalla-led-zapato-magnetico-extraible-thermal-guard-colo-3\/"},"modified":"2026-03-20T12:11:40","modified_gmt":"2026-03-20T12:11:40","slug":"cargador-mini-ganrobot-30w-serie-uno-1-usb-c-de-carga-rapida-tecnologia-gan-ii-multiprotocolo-pd-qc-scp-fca-carga-inteligente-pantalla-led-zapato-magnetico-extraible-thermal-guard-colo-3","status":"publish","type":"product","link":"https:\/\/soydeaqui.ddns.net\/pachuca\/index.php\/producto\/cargador-mini-ganrobot-30w-serie-uno-1-usb-c-de-carga-rapida-tecnologia-gan-ii-multiprotocolo-pd-qc-scp-fca-carga-inteligente-pantalla-led-zapato-magnetico-extraible-thermal-guard-colo-3\/","title":{"rendered":"Cargador Mini GaNRobot 30W serie UNO | 1 USB-C de Carga R\u00e1pida | Tecnolog\u00eda GaN II | Multiprotocolo PD\/QC\/SCP\/FCA | Carga Inteligente | Pantalla LED | Zapato Magn\u00e9tico Extra\u00edble | Thermal Guard | Color Pink-Blue"},"content":{"rendered":"<div style='width: 100%; max-width: 1200px; margin: 0 auto; font-family: sans-serif; line-height: 1.6; color: inherit; background-color: transparent;'> <!-- Im\u00e1genes del producto --> <\/p>\n<div style='display: flex; flex-wrap: wrap; gap: 15px; margin-bottom: 30px;'>\n<div style='flex: 1 1 300px; min-width: 280px;'> <img style='width: 100%; height: auto; border: 1px solid rgba(150&comma;150&comma;150&comma;0.3); border-radius: 8px;' src='http:\/\/ftp3.syscom.mx\/usuarios\/hallende\/UGREEN2\/Cargadores\/45089\/45089-21.jpg' alt=''> <\/div>\n<div style='flex: 1 1 300px; min-width: 280px;'> <img style='width: 100%; height: auto; border: 1px solid rgba(150&comma;150&comma;150&comma;0.3); border-radius: 8px;' src='http:\/\/ftp3.syscom.mx\/usuarios\/hallende\/UGREEN2\/Cargadores\/45089\/45089-22.jpg' alt=''> <\/div>\n<div style='flex: 1 1 300px; min-width: 280px;'> <img style='width: 100%; height: auto; border: 1px solid rgba(150&comma;150&comma;150&comma;0.3); border-radius: 8px;' src='http:\/\/ftp3.syscom.mx\/usuarios\/hallende\/UGREEN2\/Cargadores\/45089\/45089-23.jpg' alt=''> <\/div>\n<div style='flex: 1 1 300px; min-width: 280px;'> <img style='width: 100%; height: auto; border: 1px solid rgba(150&comma;150&comma;150&comma;0.3); border-radius: 8px;' src='http:\/\/ftp3.syscom.mx\/usuarios\/hallende\/UGREEN2\/Cargadores\/45089\/45089-24.jpg' alt=''> <\/div>\n<div style='flex: 1 1 300px; min-width: 280px;'> <img style='width: 100%; height: auto; border: 1px solid rgba(150&comma;150&comma;150&comma;0.3); border-radius: 8px;' src='http:\/\/ftp3.syscom.mx\/usuarios\/hallende\/UGREEN2\/Cargadores\/45089\/45089-25.jpg' alt=''> <\/div>\n<div style='flex: 1 1 300px; min-width: 280px;'> <img style='width: 100%; height: auto; border: 1px solid rgba(150&comma;150&comma;150&comma;0.3); border-radius: 8px;' src='http:\/\/ftp3.syscom.mx\/usuarios\/hallende\/UGREEN2\/Cargadores\/45089\/45089-26.jpg' alt=''> <\/div>\n<div style='flex: 1 1 300px; min-width: 280px;'> <img style='width: 100%; height: auto; border: 1px solid rgba(150&comma;150&comma;150&comma;0.3); border-radius: 8px;' src='http:\/\/ftp3.syscom.mx\/usuarios\/hallende\/UGREEN2\/Cargadores\/45089\/45089-27.jpg' alt=''> <\/div>\n<\/p><\/div>\n<p> <!-- Secci\u00f3n de caracter\u00edsticas principales --> <\/p>\n<div style='margin-bottom: 30px;'>\n<h3 style='font-size: 22px; border-bottom: 2px solid currentColor; padding-bottom: 5px; margin-top: 0; color: inherit; opacity: 0.8;'>CARACTER\u00cdSTICAS PRINCIPALES DEL PRODUCTO<\/h3>\n<ul style='padding-left: 20px; font-size: 15px; color: inherit;'>\n<li style='margin-bottom: 5px;'>Lo Extraordinario en lo Cotidiano: Dise\u00f1o \u00fanico en forma de robot con colores llamativos. Combina estilo y funcionalidad en tu escritorio.<\/li>\n<li style='margin-bottom: 5px;'>30W Carga R\u00e1pida: Gracias a la tecnolog\u00eda GaNFast&comma; carga tu iPhone 16 Pro Max al 51% en solo 30 minutos. Potencia m\u00e1xima de 30W.<\/li>\n<li style='margin-bottom: 5px;'>Visualizaci\u00f3n Inteligente del Estado de Carga: Pantalla muestra el estado de carga con expresiones animadas. Im\u00e1n integrado para sujetarlo f\u00e1cilmente a superficies met\u00e1licas.<\/li>\n<li style='margin-bottom: 5px;'>Tecnolog\u00eda de Carga GaNFast de Alta Eficiencia: Eficiencia energ\u00e9tica del 95% con menor calor y m\u00e1s velocidad. Reduce el impacto ambiental y mejora el rendimiento.<\/li>\n<li style='margin-bottom: 5px;'>Protecci\u00f3n Inteligente Thermal Guard: Monitorea la temperatura en tiempo real para evitar sobrecalentamientos. Protege la bater\u00eda y alarga su vida \u00fatil.<\/li>\n<li style='margin-bottom: 5px;'>Amplia Compatibilidad: Compatible con la mayor\u00eda de dispositivos USB-C&comma; incluyendo iPhone&comma; Samsung&comma; Xiaomi&comma; Huawei&comma; iPad y MacBook.<\/li>\n<li style='margin-bottom: 5px;'>Soporte Multiprotocolo: Funciona con m\u00faltiples est\u00e1ndares de carga r\u00e1pida como PD&comma; QC&comma; SCP y FCA. Ideal para smartphones y tablets de nueva generaci\u00f3n.<\/li>\n<\/ul><\/div>\n<\/p><\/div>\n","protected":false},"excerpt":{"rendered":"<p>Cargador Mini GaNRobot 30W serie UNO | 1 USB-C de Carga R\u00e1pida | Tecnolog\u00eda GaN II | Multiprotocolo PD\/QC\/SCP\/FCA | Carga Inteligente | Pantalla LED | Zapato Magn\u00e9tico Extra\u00edble | Thermal Guard | Color Pink-Blue<\/p>\n","protected":false},"featured_media":101646,"comment_status":"open","ping_status":"closed","template":"","meta":[],"product_brand":[],"product_cat":[1235],"product_tag":[417,1236,650],"class_list":{"0":"post-101647","1":"product","2":"type-product","3":"status-publish","4":"has-post-thumbnail","6":"product_cat-accesorios-para-computadora-y-smartphones","7":"product_tag-accesorios-generales","8":"product_tag-accesorios-para-computadora-y-smartphones","9":"product_tag-ugreen","11":"first","12":"outofstock","13":"sale","14":"shipping-taxable","15":"purchasable","16":"product-type-simple"},"_links":{"self":[{"href":"https:\/\/soydeaqui.ddns.net\/pachuca\/index.php\/wp-json\/wp\/v2\/product\/101647","targetHints":{"allow":["GET"]}}],"collection":[{"href":"https:\/\/soydeaqui.ddns.net\/pachuca\/index.php\/wp-json\/wp\/v2\/product"}],"about":[{"href":"https:\/\/soydeaqui.ddns.net\/pachuca\/index.php\/wp-json\/wp\/v2\/types\/product"}],"replies":[{"embeddable":true,"href":"https:\/\/soydeaqui.ddns.net\/pachuca\/index.php\/wp-json\/wp\/v2\/comments?post=101647"}],"wp:featuredmedia":[{"embeddable":true,"href":"https:\/\/soydeaqui.ddns.net\/pachuca\/index.php\/wp-json\/wp\/v2\/media\/101646"}],"wp:attachment":[{"href":"https:\/\/soydeaqui.ddns.net\/pachuca\/index.php\/wp-json\/wp\/v2\/media?parent=101647"}],"wp:term":[{"taxonomy":"product_brand","embeddable":true,"href":"https:\/\/soydeaqui.ddns.net\/pachuca\/index.php\/wp-json\/wp\/v2\/product_brand?post=101647"},{"taxonomy":"product_cat","embeddable":true,"href":"https:\/\/soydeaqui.ddns.net\/pachuca\/index.php\/wp-json\/wp\/v2\/product_cat?post=101647"},{"taxonomy":"product_tag","embeddable":true,"href":"https:\/\/soydeaqui.ddns.net\/pachuca\/index.php\/wp-json\/wp\/v2\/product_tag?post=101647"}],"curies":[{"name":"wp","href":"https:\/\/api.w.org\/{rel}","templated":true}]}}