{"id":101638,"date":"2026-03-20T12:11:11","date_gmt":"2026-03-20T12:11:11","guid":{"rendered":"https:\/\/soydeaqui.ddns.net\/pachuca\/index.php\/producto\/turret-ip-bi-espectral-termica-optica-160-x-120-1-8-mm-5-mp-2-mm-deteccion-temperatura-20c-a-150c-alarma-incendio-y-fumar-vca-3-0-vehiculos-60-mts-humanos-20-mts-ip\/"},"modified":"2026-03-20T12:11:13","modified_gmt":"2026-03-20T12:11:13","slug":"turret-ip-bi-espectral-termica-optica-160-x-120-1-8-mm-5-mp-2-mm-deteccion-temperatura-20c-a-150c-alarma-incendio-y-fumar-vca-3-0-vehiculos-60-mts-humanos-20-mts-ip","status":"publish","type":"product","link":"https:\/\/soydeaqui.ddns.net\/pachuca\/index.php\/producto\/turret-ip-bi-espectral-termica-optica-160-x-120-1-8-mm-5-mp-2-mm-deteccion-temperatura-20c-a-150c-alarma-incendio-y-fumar-vca-3-0-vehiculos-60-mts-humanos-20-mts-ip\/","title":{"rendered":"Turret IP Bi-Espectral (T\u00e9rmica + \u00d3ptica)\/ 160 X 120 (1.8 mm) + 5 MP (2 mm) \/ Detecci\u00f3n Temperatura -20\u00b0C a 150\u00b0C \/ Alarma Incendio y Fumar \/ VCA 3.0 (Veh\u00edculos 60 Mts + Humanos 20 Mts) \/ IP67 \/ Dual Light \/ PoE"},"content":{"rendered":"<div style=\"width: 100%; max-width: 1200px; margin: 0 auto; font-family: sans-serif; line-height: 1.6; color: inherit; background-color: transparent;\"><!-- Logo --> <\/p>\n<div style=\"text-align: center; margin: 30px 0;\"><img decoding=\"async\" class=\"fr-fic fr-dii\" style=\"width: 45%; max-width: 300px; height: auto; border: 1px solid rgba(150&comma; 150&comma; 150&comma; 0.3); border-radius: 8px;\" src=\"https:\/\/ftp3.syscom.mx\/usuarios\/fotos\/HMTP2310VF\/WM30\/200759-logo-hikmicro.png\" alt=\"Logo HikMicro\" \/><\/div>\n<p> <!-- Contenedor principal --> <\/p>\n<div style=\"display: flex; flex-wrap: wrap; gap: 30px; margin-bottom: 30px;\"><!-- Caracter\u00edsticas principales --> <\/p>\n<div style=\"flex: 1 1 600px; min-width: 300px;\">\n<div style=\"display: flex; flex-wrap: wrap; gap: 20px; margin-bottom: 30px;\"><!-- Caracter\u00edsticas T\u00e9rmica --> <\/p>\n<div style=\"flex: 1 1 280px; min-width: 250px;\">\n<div style=\"border: 1px solid rgba(150&comma;150&comma;150&comma;0.4); border-radius: 8px; overflow: hidden; display: flex; flex-direction: column;\">\n<div style=\"padding: 15px; border-bottom: 1px solid rgba(150&comma;150&comma;150&comma;0.2); font-weight: bold; font-size: 18px; color: white; background-color: #df001e;\">Caracter&iacute;sticas del Producto:<\/div>\n<div style=\"padding: 15px; color: inherit;\">\n<ul style=\"padding-left: 20px; margin: 0; font-size: 14px; list-style-type: disc;\">\n<li style=\"margin-bottom: 15px;\"><strong>C&aacute;mara T&eacute;rmica:<\/strong><br \/> \n<ul style=\"margin: 5px 0 0 15px; list-style-type: circle;\">\n<li style=\"margin-bottom: 5px;\"><strong>Resoluci&oacute;n:<\/strong> 160 &times; 120<\/li>\n<li style=\"margin-bottom: 5px;\"><strong>Tipo de Sensor:<\/strong> Vanadium Oxide Uncooled Focal Plane Arrays (VOx UFPA)<\/li>\n<li style=\"margin-bottom: 5px;\"><strong>Pitch de Pixel:<\/strong> 12 &mu;m<\/li>\n<li style=\"margin-bottom: 5px;\"><strong>NETD:<\/strong> &le;25 mK (25&deg;C&comma; F1.0)<\/li>\n<li style=\"margin-bottom: 5px;\"><strong>Distancia Focal:<\/strong> 1.8mm<\/li>\n<li style=\"margin-bottom: 5px;\"><strong>Campo de Visi&oacute;n (FOV):<\/strong> 90.0&deg; &times; 66.4&deg; (H &times; V) &#8211; Gran Angular<\/li>\n<li style=\"margin-bottom: 5px;\"><strong>Rango Espectral:<\/strong> 8 &mu;m a 14 &mu;m<\/li>\n<li style=\"margin-bottom: 5px;\"><strong>Distancia M&iacute;nima de Enfoque:<\/strong> 0.1 m<\/li>\n<\/ul>\n<\/li>\n<li style=\"margin-bottom: 15px;\"><strong>C&aacute;mara &Oacute;ptica:<\/strong><br \/> \n<ul style=\"margin: 5px 0 0 15px; list-style-type: circle;\">\n<li style=\"margin-bottom: 5px;\"><strong>Resoluci&oacute;n:<\/strong> 5MP&comma; 2688 &times; 1944<\/li>\n<li style=\"margin-bottom: 5px;\"><strong>Tipo de Sensor:<\/strong> 1\/2.7&#8242; Progressive Scan CMOS<\/li>\n<li style=\"margin-bottom: 5px;\"><strong>Iluminaci&oacute;n M&iacute;nima:<\/strong> Color: 0.0176Lux @(F2.25&comma;AGC ON)&comma; B\/N: 0.0035Lux @(F2.25&comma;AGC ON)<\/li>\n<li style=\"margin-bottom: 5px;\"><strong>Distancia Focal:<\/strong> 2mm<\/li>\n<li style=\"margin-bottom: 5px;\"><strong>Campo de Visi&oacute;n (FOV):<\/strong> 119.3&deg; &times; 93.3&deg; (H &times; V) &#8211; Super Gran Angular<\/li>\n<li style=\"margin-bottom: 5px;\"><strong>WDR:<\/strong> 120 dB<\/li>\n<\/ul>\n<\/li>\n<li style=\"margin-bottom: 15px;\"><strong>Funci&oacute;n Inteligente (VCA 3.0):<\/strong><br \/>4 Tipos de reglas (cruce de l&iacute;nea&comma; intrusi&oacute;n&comma; entrada y salida de regi&oacute;n)&comma; hasta 8 reglas en total.<br \/>Detecci&oacute;n y clasificaci&oacute;n de veh&iacute;culos\/humanos de alta precisi&oacute;n.<\/li>\n<li style=\"margin-bottom: 15px;\"><strong>Medici&oacute;n de Temperatura:<\/strong><br \/> \n<ul style=\"margin: 5px 0 0 15px; list-style-type: circle;\">\n<li style=\"margin-bottom: 5px;\"><strong>Rango:<\/strong> -20 &deg;C a 150 &deg;C (-4 &deg;F a 302 &deg;F)<\/li>\n<li style=\"margin-bottom: 5px;\"><strong>Precisi&oacute;n:<\/strong> &plusmn;8&deg;C (&plusmn;14.4&deg;F)<\/li>\n<li style=\"margin-bottom: 5px;\">3 Tipos de reglas (punto&comma; &aacute;rea&comma; l&iacute;nea)&comma; 21 reglas en total.<\/li>\n<li style=\"margin-bottom: 5px;\">Alarma por excepci&oacute;n de temperatura.<\/li>\n<li style=\"margin-bottom: 5px;\"><strong>Detecci&oacute;n de Puntos de Fuego:<\/strong> Hasta 10 puntos detectables.<\/li>\n<\/ul>\n<\/li>\n<li style=\"margin-bottom: 15px;\"><strong>Detecci&oacute;n de Fumar:<\/strong> Algoritmo soportado.<\/li>\n<li style=\"margin-bottom: 15px;\"><strong>Rangos de Detecci&oacute;n (Referencia):<\/strong><br \/> \n<ul style=\"margin: 5px 0 0 15px; list-style-type: circle;\">\n<li style=\"margin-bottom: 5px;\"><strong>VCA para Humanos (1.8&#215;0.5m):<\/strong> 20 m<\/li>\n<li style=\"margin-bottom: 5px;\"><strong>VCA para Veh&iacute;culos (1.4&#215;4.0m):<\/strong> 60 m<\/li>\n<li style=\"margin-bottom: 5px;\"><strong>Medici&oacute;n de Temp. (Objeto 0.5&#215;0.5m):<\/strong> 17.5 m<\/li>\n<li style=\"margin-bottom: 5px;\"><strong>Medici&oacute;n de Temp. (Objeto 0.2&#215;0.2m):<\/strong> 7 m<\/li>\n<li style=\"margin-bottom: 5px;\"><strong>Detecci&oacute;n de Fuego (Objeto 0.5&#215;0.5m):<\/strong> 13.2 m<\/li>\n<li style=\"margin-bottom: 5px;\"><strong>Detecci&oacute;n de Fumar:<\/strong> 3.15 m<\/li>\n<\/ul>\n<\/li>\n<\/ul><\/div>\n<\/p><\/div>\n<\/p><\/div>\n<p> <!-- Caracter\u00edsticas Generales --> <\/p>\n<div style=\"flex: 1 1 280px; min-width: 250px;\">\n<div style=\"border: 1px solid rgba(150&comma;150&comma;150&comma;0.4); border-radius: 8px; overflow: hidden; display: flex; flex-direction: column;\">\n<div style=\"padding: 15px; border-bottom: 1px solid rgba(150&comma;150&comma;150&comma;0.2); font-weight: bold; font-size: 18px; color: white; background-color: #df001e;\">Caracter&iacute;sticas Generales:<\/div>\n<div style=\"padding: 15px; color: inherit;\">\n<ul style=\"padding-left: 20px; margin: 0; font-size: 14px; list-style-type: disc;\">\n<li style=\"margin-bottom: 15px;\"><strong>Efectos de Imagen:<\/strong><br \/> \n<ul style=\"margin: 5px 0 0 15px; list-style-type: circle;\">\n<li style=\"margin-bottom: 5px;\">Fusi&oacute;n Biespectral: Muestra detalles del canal &oacute;ptico en el canal t&eacute;rmico.<\/li>\n<li style=\"margin-bottom: 5px;\">Picture in Picture (PiP): Muestra imagen parcial t&eacute;rmica sobre pantalla completa &oacute;ptica.<\/li>\n<li style=\"margin-bottom: 5px;\">Coloraci&oacute;n de Objetivo: S&iacute;&comma; en modo white hot y black hot.<\/li>\n<li style=\"margin-bottom: 5px;\">Paletas de Color: 17 tipos (White hot&comma; Black hot&comma; Rainbow&comma; Ironbow&comma; etc.)<\/li>\n<li style=\"margin-bottom: 5px;\">Tecnolog&iacute;as de Procesamiento: Lineal&comma; histograma&comma; modo AGC t&eacute;rmico adaptativo&comma; DDE&comma; 3D DNR<\/li>\n<\/ul>\n<\/li>\n<li style=\"margin-bottom: 15px;\"><strong>Iluminador:<\/strong><br \/> \n<ul style=\"margin: 5px 0 0 15px; list-style-type: circle;\">\n<li style=\"margin-bottom: 5px;\"><strong>Tipo:<\/strong> H&iacute;brido (IR&comma; Luz Blanca o Modo Inteligente)<\/li>\n<li style=\"margin-bottom: 5px;\"><strong>Distancia IR \/ Luz Blanca:<\/strong> Hasta 30 m<\/li>\n<\/ul>\n<\/li>\n<li style=\"margin-bottom: 15px;\"><strong>Alarma Audiovisual:<\/strong><br \/> \n<ul style=\"margin: 5px 0 0 15px; list-style-type: circle;\">\n<li style=\"margin-bottom: 5px;\"><strong>Alarma Visual:<\/strong> Luz blanca con frecuencias de parpadeo ajustables.<\/li>\n<li style=\"margin-bottom: 5px;\"><strong>Alarma Auditiva:<\/strong> S&iacute;&comma; para VCA y Temperatura. 2 alertas de voz preestablecidas + 6 importables por el usuario.<\/li>\n<\/ul>\n<\/li>\n<li style=\"margin-bottom: 15px;\"><strong>Video y Audio:<\/strong><br \/> \n<ul style=\"margin: 5px 0 0 15px; list-style-type: circle;\">\n<li style=\"margin-bottom: 5px;\"><strong>Compresi&oacute;n de Video:<\/strong> H.265\/H.264 (Main Stream)&comma; H.265\/H.264\/MJPEG (Sub-stream)<\/li>\n<li style=\"margin-bottom: 5px;\"><strong>Compresi&oacute;n de Audio:<\/strong> G.722.1\/G.711ulaw\/G.711alaw\/MP2L2\/G.726\/PCM<\/li>\n<li style=\"margin-bottom: 5px;\"><strong>M&aacute;x. Usuarios Simult&aacute;neos:<\/strong> Hasta 20 canales<\/li>\n<\/ul>\n<\/li>\n<li style=\"margin-bottom: 15px;\"><strong>Entradas y Salidas:<\/strong><br \/> \n<ul style=\"margin: 5px 0 0 15px; list-style-type: circle;\">\n<li style=\"margin-bottom: 5px;\"><strong>Entradas de Alarma:<\/strong> 1 (0-5 VDC)<\/li>\n<li style=\"margin-bottom: 5px;\"><strong>Salidas de Alarma:<\/strong> 2 (acciones configurables)<\/li>\n<li style=\"margin-bottom: 5px;\"><strong>Entrada de Audio:<\/strong> 1 (3.5 mm Mic\/Line in)<\/li>\n<li style=\"margin-bottom: 5px;\"><strong>Salida de Audio:<\/strong> 1 (Nivel lineal&comma; impedancia: 600 &Omega;)<\/li>\n<li style=\"margin-bottom: 5px;\"><strong>Interfaz de Comunicaci&oacute;n:<\/strong> 1x RJ45 10\/100M&comma; 1x RS-485<\/li>\n<\/ul>\n<\/li>\n<\/ul><\/div>\n<\/p><\/div>\n<\/p><\/div>\n<\/p><\/div>\n<p> <!-- Caracter\u00edsticas F\u00edsicas y El\u00e9ctricas --> <\/p>\n<div style=\"border: 1px solid rgba(150&comma;150&comma;150&comma;0.4); border-radius: 8px; overflow: hidden; margin-bottom: 30px;\">\n<div style=\"padding: 15px; border-bottom: 1px solid rgba(150&comma;150&comma;150&comma;0.2); font-weight: bold; font-size: 18px; color: white; background-color: #df001e;\">Caracter&iacute;sticas F&iacute;sicas y El&eacute;ctricas:<\/div>\n<div style=\"padding: 15px; color: inherit;\">\n<ul style=\"padding-left: 20px; margin: 0; font-size: 14px; list-style-type: disc;\">\n<li style=\"margin-bottom: 15px;\"><strong>Alimentaci&oacute;n:<\/strong> 12 VDC &plusmn; 25%&comma; conector coaxial &phi; 5.5 mm | PoE (802.3af&comma; clase 3)<\/li>\n<li style=\"margin-bottom: 15px;\"><strong>Consumo M&aacute;ximo:<\/strong> 6.5W<\/li>\n<li style=\"margin-bottom: 15px;\"><strong>Temperatura de Operaci&oacute;n:<\/strong> -40&deg;C a 65&deg;C (-40&deg;F a 149&deg;F) \/ Humedad &le; 95%<\/li>\n<li style=\"margin-bottom: 15px;\"><strong>Nivel de Protecci&oacute;n:<\/strong> IP67<\/li>\n<li style=\"margin-bottom: 15px;\"><strong>Protecciones:<\/strong> TVS 6000V protecci&oacute;n contra rayos&comma; protecci&oacute;n contra sobretensiones.<\/li>\n<li style=\"margin-bottom: 15px;\"><strong>Dimensiones:<\/strong> 138.3 mm &times; 138.3 mm &times; 123.1 mm<\/li>\n<li style=\"margin-bottom: 15px;\"><strong>Peso:<\/strong> 940 g<\/li>\n<\/ul><\/div>\n<\/p><\/div>\n<p> <!-- Accesorios Opcionales --> <\/p>\n<div style=\"border: 1px solid rgba(150&comma;150&comma;150&comma;0.4); border-radius: 8px; overflow: hidden;\">\n<div style=\"padding: 15px; border-bottom: 1px solid rgba(150&comma;150&comma;150&comma;0.2); font-weight: bold; font-size: 18px; color: white; background-color: #df001e;\">Accesorios Opcionales:<\/div>\n<div style=\"padding: 15px; color: inherit;\">\n<ul style=\"padding-left: 20px; margin: 0; font-size: 14px; list-style-type: disc;\">\n<li style=\"margin-bottom: 15px;\"><strong>Montaje para Poste Vertical:<\/strong> DS-1275ZJ-SUS*<\/li>\n<li style=\"margin-bottom: 15px;\"><strong>Montaje de Pared:<\/strong> DS-1273ZJ-140 \/ DS-1273ZJ-140B \/ DS-1273ZJ-140(BLACK)<\/li>\n<li style=\"margin-bottom: 15px;\"><strong>Montaje de Esquina:<\/strong> DS-1276ZJ-SUS*<\/li>\n<li style=\"margin-bottom: 15px;\"><strong>Montaje Colgante:<\/strong> DS-1271ZJ-140<\/li>\n<li style=\"margin-bottom: 15px;\"><strong>Caja de Uni&oacute;n:<\/strong> DS-1280ZJ-DM21<\/li>\n<\/ul>\n<p style=\"font-size: 13px; margin-top: 15px;\"><em>* Requiere instalaci&oacute;n con soporte de montaje de pared DS-1273ZJ<\/em><\/p>\n<\/p><\/div>\n<\/p><\/div>\n<\/p><\/div>\n<p> <!-- Banner final --> <\/p>\n<div style=\"flex: 1 1 100%; text-align: center; margin: 30px 0;\"><img decoding=\"async\" class=\"fr-fic fr-dii\" style=\"width: 100%; max-width: 1200px; height: auto; border: 1px solid rgba(150&comma; 150&comma; 150&comma; 0.3); border-radius: 8px;\" src=\"https:\/\/ftp3.syscom.mx\/usuarios\/smendoza\/smendozaro\/Hikmicro\/hikmicro_camtermica.jpg\" alt=\"Banner final HikMicro\" \/><\/div>\n<\/p><\/div>\n<\/p><\/div>\n","protected":false},"excerpt":{"rendered":"<p>Turret IP Bi-Espectral (T\u00e9rmica + \u00d3ptica)\/ 160 X 120 (1.8 mm) + 5 MP (2 mm) \/ Detecci\u00f3n Temperatura -20\u00b0C a 150\u00b0C \/ Alarma Incendio y Fumar \/ VCA 3.0 (Veh\u00edculos 60 Mts + Humanos 20 Mts) \/ IP67 \/ Dual Light \/ PoE<\/p>\n","protected":false},"featured_media":101637,"comment_status":"open","ping_status":"closed","template":"","meta":[],"product_brand":[],"product_cat":[1049],"product_tag":[122,158,1050],"class_list":{"0":"post-101638","1":"product","2":"type-product","3":"status-publish","4":"has-post-thumbnail","6":"product_cat-termicas","7":"product_tag-camaras-ip-y-nvrs","8":"product_tag-hikmicro","9":"product_tag-termicas","11":"first","12":"outofstock","13":"sale","14":"shipping-taxable","15":"purchasable","16":"product-type-simple"},"_links":{"self":[{"href":"https:\/\/soydeaqui.ddns.net\/pachuca\/index.php\/wp-json\/wp\/v2\/product\/101638","targetHints":{"allow":["GET"]}}],"collection":[{"href":"https:\/\/soydeaqui.ddns.net\/pachuca\/index.php\/wp-json\/wp\/v2\/product"}],"about":[{"href":"https:\/\/soydeaqui.ddns.net\/pachuca\/index.php\/wp-json\/wp\/v2\/types\/product"}],"replies":[{"embeddable":true,"href":"https:\/\/soydeaqui.ddns.net\/pachuca\/index.php\/wp-json\/wp\/v2\/comments?post=101638"}],"wp:featuredmedia":[{"embeddable":true,"href":"https:\/\/soydeaqui.ddns.net\/pachuca\/index.php\/wp-json\/wp\/v2\/media\/101637"}],"wp:attachment":[{"href":"https:\/\/soydeaqui.ddns.net\/pachuca\/index.php\/wp-json\/wp\/v2\/media?parent=101638"}],"wp:term":[{"taxonomy":"product_brand","embeddable":true,"href":"https:\/\/soydeaqui.ddns.net\/pachuca\/index.php\/wp-json\/wp\/v2\/product_brand?post=101638"},{"taxonomy":"product_cat","embeddable":true,"href":"https:\/\/soydeaqui.ddns.net\/pachuca\/index.php\/wp-json\/wp\/v2\/product_cat?post=101638"},{"taxonomy":"product_tag","embeddable":true,"href":"https:\/\/soydeaqui.ddns.net\/pachuca\/index.php\/wp-json\/wp\/v2\/product_tag?post=101638"}],"curies":[{"name":"wp","href":"https:\/\/api.w.org\/{rel}","templated":true}]}}