{"id":101627,"date":"2026-03-20T12:10:38","date_gmt":"2026-03-20T12:10:38","guid":{"rendered":"https:\/\/soydeaqui.ddns.net\/pachuca\/index.php\/producto\/camara-bala-ip-termica-y-optica-biespectral-analisis-de-video-vca-3-0-para-proteccion-perimetral-deteccion-termica-de-incendios-y-humos-medicion-de-temperatura-20c-a-150c-teacu\/"},"modified":"2026-03-20T12:10:39","modified_gmt":"2026-03-20T12:10:39","slug":"camara-bala-ip-termica-y-optica-biespectral-analisis-de-video-vca-3-0-para-proteccion-perimetral-deteccion-termica-de-incendios-y-humos-medicion-de-temperatura-20c-a-150c-teacu","status":"publish","type":"product","link":"https:\/\/soydeaqui.ddns.net\/pachuca\/index.php\/producto\/camara-bala-ip-termica-y-optica-biespectral-analisis-de-video-vca-3-0-para-proteccion-perimetral-deteccion-termica-de-incendios-y-humos-medicion-de-temperatura-20c-a-150c-teacu\/","title":{"rendered":"C\u00e1mara Bala IP T\u00e9rmica y \u00d3ptica Biespectral \/ An\u00e1lisis de Video (VCA 3.0) para Protecci\u00f3n Perimetral \/ Detecci\u00f3n T\u00e9rmica de Incendios y Humos \/ Medici\u00f3n de Temperatura -20\u00b0C a 150\u00b0C \/ T&#038;eacut"},"content":{"rendered":"<div style='width: 100%; max-width: 1200px; margin: 0 auto; font-family: sans-serif; line-height: 1.6; color: inherit; background-color: transparent;'> <!-- Logo --> <\/p>\n<div style='text-align: center; margin: 30px 0;'> <img style='width: 100%; max-width: 45%; height: auto; border: 1px solid rgba(150&comma;150&comma;150&comma;0.3); border-radius: 8px;' src='https:\/\/ftp3.syscom.mx\/usuarios\/fotos\/HMTP2310VF\/WM30\/200759-logo-hikmicro.png' alt='Logo HikMicro'> <\/div>\n<p> <!-- Secci\u00f3n de caracter\u00edsticas --> <\/p>\n<div style='display: flex; flex-wrap: wrap; gap: 30px; margin-bottom: 30px;'>\n<div style='flex: 1 1 300px; min-width: 280px;'>\n<h3 style='font-size: 22px; border-bottom: 2px solid currentColor; padding-bottom: 5px; margin-top: 0; color: inherit; opacity: 0.8;'>Caracter\u00edsticas del Producto:<\/h3>\n<ul style='padding-left: 20px; font-size: 15px; color: inherit;'>\n<li style='margin-bottom: 15px;'> <strong>C\u00e1mara T\u00e9rmica:<\/strong><br \/> Resoluci\u00f3n: 160 \u00d7 120<br \/> Tipo de Sensor: Vanadium Oxide Uncooled Focal Plane Arrays (VOx UFPA)<br \/> Pitch de Pixel: 12 \u03bcm<br \/> NETD: \u226425 mK (25\u00b0C&comma; F1.0)<br \/> Distancia Focal: 9.7mm<br \/> Campo de Visi\u00f3n (FOV): 18.0\u00b0 \u00d7 13.5\u00b0 (H \u00d7 V)<br \/> Rango Espectral: 8 \u03bcm a 14 \u03bcm<br \/> Distancia M\u00ednima de Enfoque: 1.5 m <\/li>\n<li style='margin-bottom: 15px;'> <strong>C\u00e1mara \u00d3ptica:<\/strong><br \/> Resoluci\u00f3n: 5MP&comma; 2688 \u00d7 1944<br \/> Tipo de Sensor: 1\/2.7&#8242; Progressive Scan CMOS<br \/> Iluminaci\u00f3n M\u00ednima: 0.0089Lux @(F1.6&comma;AGC ON)&comma; 0 Lux con IR<br \/> Distancia Focal: 12.4mm<br \/> Campo de Visi\u00f3n (FOV): 24.6\u00b0 \u00d7 14\u00b0 (H \u00d7 V)<br \/> WDR: 120 dB <\/li>\n<li style='margin-bottom: 15px;'> <strong>Funci\u00f3n Inteligente (VCA 3.0):<\/strong><br \/> 4 Tipos de reglas (cruce de l\u00ednea&comma; intrusi\u00f3n&comma; entrada y salida de regi\u00f3n)&comma; hasta 8 reglas en total.<br \/> Detecci\u00f3n y clasificaci\u00f3n de veh\u00edculos\/humanos de alta precisi\u00f3n. <\/li>\n<li style='margin-bottom: 15px;'> <strong>Medici\u00f3n de Temperatura:<\/strong><br \/> Rango: -20 \u00b0C a 150 \u00b0C (-4 \u00b0F a 302 \u00b0F)<br \/> Precisi\u00f3n: \u00b18\u00b0C (\u00b114.4\u00b0F)<br \/> 3 Tipos de reglas (punto&comma; \u00e1rea&comma; l\u00ednea)&comma; 21 reglas en total.<br \/> Alarma por excepci\u00f3n de temperatura.<br \/> <strong>Detecci\u00f3n de Puntos de Fuego:<\/strong> Hasta 10 puntos detectables. <\/li>\n<li style='margin-bottom: 15px;'> <strong>Detecci\u00f3n de Fumar:<\/strong> Algoritmo soportado. <\/li>\n<li style='margin-bottom: 15px;'> <strong>Rangos de Detecci\u00f3n (Referencia):<\/strong><br \/> VCA para Humanos (1.8&#215;0.5m): 100 m<br \/> VCA para Veh\u00edculos (1.4&#215;4.0m): 300 m<br \/> Medici\u00f3n de Temp. (Objeto 0.5&#215;0.5m): 80 m<br \/> Medici\u00f3n de Temp. (Objeto 0.2&#215;0.2m): 32.3 m<br \/> Detecci\u00f3n de Fuego (Objeto 0.5&#215;0.5m): 74.4 m<br \/> Detecci\u00f3n de Fumar: 14.55 m <\/li>\n<\/ul><\/div>\n<div style='flex: 1 1 300px; min-width: 280px;'>\n<h3 style='font-size: 22px; border-bottom: 2px solid currentColor; padding-bottom: 5px; margin-top: 0; color: inherit; opacity: 0.8;'>Caracter\u00edsticas Generales:<\/h3>\n<ul style='padding-left: 20px; font-size: 15px; color: inherit;'>\n<li style='margin-bottom: 15px;'> <strong>Efectos de Imagen:<\/strong><br \/> Fusi\u00f3n Biespectral: Muestra detalles del canal \u00f3ptico en el canal t\u00e9rmico.<br \/> Picture in Picture (PiP): Muestra imagen parcial t\u00e9rmica sobre pantalla completa \u00f3ptica.<br \/> Coloraci\u00f3n de Objetivo: S\u00ed&comma; en modo white hot y black hot.<br \/> Paletas de Color: 17 tipos (White hot&comma; Black hot&comma; Rainbow&comma; Ironbow&comma; etc.)<br \/> Tecnolog\u00edas de Procesamiento: Lineal&comma; histograma&comma; modo AGC t\u00e9rmico adaptativo&comma; DDE&comma; 3D DNR <\/li>\n<li style='margin-bottom: 15px;'> <strong>Iluminador:<\/strong><br \/> Tipo: H\u00edbrido (IR&comma; Luz Blanca o Modo Inteligente)<br \/> Distancia IR \/ Luz Blanca: Hasta 80 m <\/li>\n<li style='margin-bottom: 15px;'> <strong>Alarma Audiovisual:<\/strong><br \/> Alarma Visual: Luz blanca con frecuencias de parpadeo ajustables.<br \/> Alarma Auditiva: S\u00ed&comma; para VCA y Excepci\u00f3n de Temperatura. 2 alertas de voz preestablecidas + 6 importables por el usuario. <\/li>\n<li style='margin-bottom: 15px;'> <strong>Video y Audio:<\/strong><br \/> Compresi\u00f3n de Video: H.265\/H.264 (Main Stream)&comma; H.265\/H.264\/MJPEG (Sub-stream)<br \/> Compresi\u00f3n de Audio: G.722.1\/G.711ulaw\/G.711alaw\/MP2L2\/G.726\/PCM<br \/> M\u00e1x. Usuarios Simult\u00e1neos: Hasta 20 canales <\/li>\n<li style='margin-bottom: 15px;'> <strong>Entradas y Salidas:<\/strong><br \/> Entradas de Alarma: 2 (0-5 VDC)<br \/> Salidas de Alarma: 2 (acciones configurables)<br \/> Entrada de Audio: 1 (3.5 mm Mic\/Line in)<br \/> Salida de Audio: 1 (Nivel lineal&comma; impedancia: 600 \u03a9)<br \/> Interfaz de Comunicaci\u00f3n: 1x RJ45 10\/100M&comma; 1x RS-485 <\/li>\n<\/ul><\/div>\n<\/p><\/div>\n<p> <!-- Caracter\u00edsticas F\u00edsicas y El\u00e9ctricas --> <\/p>\n<div style='display: flex; flex-wrap: wrap; gap: 30px; margin-bottom: 30px;'>\n<div style='flex: 1 1 300px; min-width: 280px;'>\n<h3 style='font-size: 22px; border-bottom: 2px solid currentColor; padding-bottom: 5px; margin-top: 0; color: inherit; opacity: 0.8;'>Caracter\u00edsticas F\u00edsicas y El\u00e9ctricas:<\/h3>\n<ul style='padding-left: 20px; font-size: 15px; color: inherit;'>\n<li style='margin-bottom: 15px;'> Alimentaci\u00f3n: 12 VDC \u00b1 25%&comma; terminal de 2 n\u00facleos | PoE (802.3at&comma; clase 4)<br \/> Consumo M\u00e1ximo: 24W<br \/> Temperatura de Operaci\u00f3n: -40\u00b0C a 65\u00b0C (-40\u00b0F a 149\u00b0F) \/ Humedad \u2264 95%<br \/> Nivel de Protecci\u00f3n: IP67&comma; IK10<br \/> Protecciones: TVS 6000V protecci\u00f3n contra rayos&comma; protecci\u00f3n contra sobretensiones.<br \/> Dimensiones (\u00d8 x L): \u00d8105mm x 349.1mm<br \/> Peso: 1710 g <\/li>\n<\/ul><\/div>\n<\/p><\/div>\n<p> <!-- Accesorios --> <\/p>\n<div style='display: flex; flex-wrap: wrap; gap: 30px; margin-bottom: 30px;'>\n<div style='flex: 1 1 300px; min-width: 280px;'>\n<h3 style='font-size: 22px; border-bottom: 2px solid currentColor; padding-bottom: 5px; margin-top: 0; color: inherit; opacity: 0.8;'>Accesorios:<\/h3>\n<ul style='padding-left: 20px; font-size: 15px; color: inherit;'>\n<li style='margin-bottom: 15px;'> <strong>Incluido:<\/strong><br \/> Caja de Uni\u00f3n DS-1260ZJ <\/li>\n<li style='margin-bottom: 15px;'> <strong>Opcional:<\/strong><br \/> Montaje para Poste Vertical: DS-1275ZJ-S-SUS<br \/> Montaje de Esquina: DS-1276ZJ-SUS <\/li>\n<\/ul><\/div>\n<\/p><\/div>\n<p> <!-- Banner final --> <\/p>\n<div style='text-align: center; margin: 30px 0;'> <img style='width: 100%; height: auto; border: 1px solid rgba(150&comma;150&comma;150&comma;0.3); border-radius: 8px;' src='https:\/\/ftp3.syscom.mx\/usuarios\/smendoza\/smendozaro\/Hikmicro\/hikmicro_camtermica.jpg' alt='Banner final HikMicro'> <\/div>\n<p> <!-- Separador --> <\/p>\n<hr style='border: 0; border-top: 1px solid rgba(150&comma; 150&comma; 150&comma; 0.3); margin: 30px 0;'> <\/div>\n","protected":false},"excerpt":{"rendered":"<p>C\u00e1mara Bala IP T\u00e9rmica y \u00d3ptica Biespectral \/ An\u00e1lisis de Video (VCA 3.0) para Protecci\u00f3n Perimetral \/ Detecci\u00f3n T\u00e9rmica de Incendios y Humos \/ Medici\u00f3n de Temperatura -20\u00b0C a 150\u00b0C \/ T&#038;eacut<\/p>\n","protected":false},"featured_media":101626,"comment_status":"open","ping_status":"closed","template":"","meta":[],"product_brand":[],"product_cat":[1049],"product_tag":[122,158,1050],"class_list":{"0":"post-101627","1":"product","2":"type-product","3":"status-publish","4":"has-post-thumbnail","6":"product_cat-termicas","7":"product_tag-camaras-ip-y-nvrs","8":"product_tag-hikmicro","9":"product_tag-termicas","11":"first","12":"instock","13":"sale","14":"shipping-taxable","15":"purchasable","16":"product-type-simple"},"_links":{"self":[{"href":"https:\/\/soydeaqui.ddns.net\/pachuca\/index.php\/wp-json\/wp\/v2\/product\/101627","targetHints":{"allow":["GET"]}}],"collection":[{"href":"https:\/\/soydeaqui.ddns.net\/pachuca\/index.php\/wp-json\/wp\/v2\/product"}],"about":[{"href":"https:\/\/soydeaqui.ddns.net\/pachuca\/index.php\/wp-json\/wp\/v2\/types\/product"}],"replies":[{"embeddable":true,"href":"https:\/\/soydeaqui.ddns.net\/pachuca\/index.php\/wp-json\/wp\/v2\/comments?post=101627"}],"wp:featuredmedia":[{"embeddable":true,"href":"https:\/\/soydeaqui.ddns.net\/pachuca\/index.php\/wp-json\/wp\/v2\/media\/101626"}],"wp:attachment":[{"href":"https:\/\/soydeaqui.ddns.net\/pachuca\/index.php\/wp-json\/wp\/v2\/media?parent=101627"}],"wp:term":[{"taxonomy":"product_brand","embeddable":true,"href":"https:\/\/soydeaqui.ddns.net\/pachuca\/index.php\/wp-json\/wp\/v2\/product_brand?post=101627"},{"taxonomy":"product_cat","embeddable":true,"href":"https:\/\/soydeaqui.ddns.net\/pachuca\/index.php\/wp-json\/wp\/v2\/product_cat?post=101627"},{"taxonomy":"product_tag","embeddable":true,"href":"https:\/\/soydeaqui.ddns.net\/pachuca\/index.php\/wp-json\/wp\/v2\/product_tag?post=101627"}],"curies":[{"name":"wp","href":"https:\/\/api.w.org\/{rel}","templated":true}]}}