{"id":10161,"date":"2026-03-18T07:31:57","date_gmt":"2026-03-18T07:31:57","guid":{"rendered":"https:\/\/soydeaqui.ddns.net\/pachuca\/index.php\/producto\/jack-z-max-utp-categora-6a-keystone-color-negro\/"},"modified":"2026-03-18T07:31:58","modified_gmt":"2026-03-18T07:31:58","slug":"jack-z-max-utp-categora-6a-keystone-color-negro","status":"publish","type":"product","link":"https:\/\/soydeaqui.ddns.net\/pachuca\/index.php\/producto\/jack-z-max-utp-categora-6a-keystone-color-negro\/","title":{"rendered":"Jack Z-Max UTP Categor?a 6A Keystone, Color Negro"},"content":{"rendered":"<div style='width: 100%; max-width: 1200px; margin: 0 auto; font-family: sans-serif; line-height: 1.6; color: inherit; background-color: transparent;'> <!-- Secci\u00f3n de descripci\u00f3n general --> <\/p>\n<div style='margin-bottom: 30px;'>\n<h2 style='font-size: 24px; border-bottom: 2px solid currentColor; padding-bottom: 8px; margin-top: 0; color: inherit; opacity: 0.9;'>Descripci\u00f3n General<\/h2>\n<p style='font-size: 15px; color: inherit; margin-top: 15px; margin-bottom: 15px;'>El conector Z-MAX UTP Keystone es parte del sistema Categor\u00eda 6A de cableado UTP de lado a lado. Cuenta con un f\u00e1cil proceso de terminaci\u00f3n.<\/p>\n<p style='font-size: 15px; color: inherit; margin-top: 15px; margin-bottom: 15px;'>La salida Z-MAX puede ser utilizada con cableado UTP del Sistema 6A de Siemon y Panel de Parcheo UTP modular Keystone.<\/p>\n<\/p><\/div>\n<p> <!-- Secci\u00f3n de caracter\u00edsticas principales --> <\/p>\n<div style='display: flex; flex-wrap: wrap; gap: 30px; margin-bottom: 30px;'>\n<div style='flex: 1 1 300px; min-width: 280px;'>\n<h3 style='font-size: 22px; border-bottom: 2px solid currentColor; padding-bottom: 5px; margin-top: 0; color: inherit; opacity: 0.8;'>Caracter\u00edsticas Principales<\/h3>\n<ul style='padding-left: 20px; font-size: 15px; color: inherit;'>\n<li style='margin-bottom: 5px;'>Dise\u00f1o Keystone para soluci\u00f3n modular y flexible<\/li>\n<li style='margin-bottom: 5px;'>Soporta aplicaciones de Categor\u00eda 6A UTP y versiones inferiores<\/li>\n<li style='margin-bottom: 5px;'>Incluye gestor de cables trasero<\/li>\n<li style='margin-bottom: 5px;'>Dise\u00f1o angular permite enrutamiento directo de cables a gestores verticales<\/li>\n<li style='margin-bottom: 5px;'>Material de acero de alta resistencia con acabado negro<\/li>\n<\/ul><\/div>\n<p> <!-- Especificaciones t\u00e9cnicas --> <\/p>\n<div style='flex: 1 1 300px; min-width: 280px;'>\n<h3 style='font-size: 22px; border-bottom: 2px solid currentColor; padding-bottom: 5px; margin-top: 0; color: inherit; opacity: 0.8;'>Especificaciones T\u00e9cnicas<\/h3>\n<ul style='padding-left: 20px; font-size: 15px; color: inherit;'>\n<li style='margin-bottom: 5px;'><strong>Temperatura de operaci\u00f3n:<\/strong> -10 a 60\u00b0C (14 &#8211; 140\u00b0F)<\/li>\n<li style='margin-bottom: 5px;'><strong>Montaje:<\/strong> 19 pulgadas (482.6mm) compatible con racks CEA-310-E<\/li>\n<li style='margin-bottom: 5px;'><strong>Material del panel:<\/strong> Acero laminado en fr\u00edo calibre 18 con recubrimiento negro<\/li>\n<li style='margin-bottom: 5px;'><strong>Conformidad:<\/strong> RoHS&comma; Libre de plomo&comma; Libre de hal\u00f3genos&comma; Sin PVC<\/li>\n<\/ul><\/div>\n<\/p><\/div>\n<p> <!-- Secci\u00f3n de dimensiones --> <\/p>\n<div style='display: flex; flex-wrap: wrap; gap: 30px; margin-bottom: 30px;'>\n<div style='flex: 1 1 300px; min-width: 280px;'>\n<h3 style='font-size: 22px; border-bottom: 2px solid currentColor; padding-bottom: 5px; margin-top: 0; color: inherit; opacity: 0.8;'>Dimensiones<\/h3>\n<ul style='padding-left: 20px; font-size: 15px; color: inherit;'>\n<li style='margin-bottom: 5px;'><strong>24 Puertos &#8211; Plano:<\/strong> 151.4mm x 482.6mm x 43.9mm (5.96 in x 19.00 in x 1.73 in)<\/li>\n<li style='margin-bottom: 5px;'><strong>24 Puertos &#8211; Angular:<\/strong> 266.0mm x 482.6mm x 43.7mm (10.47 in x 19.00 in x 1.72 in)<\/li>\n<li style='margin-bottom: 5px;'><strong>48 Puertos &#8211; Plano:<\/strong> 151.4mm x 482.6mm x 88.9mm (5.96 in x 19.00 in x 3.50 in)<\/li>\n<li style='margin-bottom: 5px;'><strong>48 Puertos &#8211; Angular:<\/strong> 266.0mm x 482.6mm x 88.1mm (10.47 in x 19.00 in x 3.47 in)<\/li>\n<\/ul><\/div>\n<p> <!-- Compatibilidad y accesorios --> <\/p>\n<div style='flex: 1 1 300px; min-width: 280px;'>\n<h3 style='font-size: 22px; border-bottom: 2px solid currentColor; padding-bottom: 5px; margin-top: 0; color: inherit; opacity: 0.8;'>Compatibilidad y Accesorios<\/h3>\n<ul style='padding-left: 20px; font-size: 15px; color: inherit;'>\n<li style='margin-bottom: 5px;'><strong>Compatibilidad:<\/strong> Z-MAX y MAX Keystone outlets UTP<\/li>\n<li style='margin-bottom: 5px;'><strong>Gestor de cables:<\/strong> KPNL-RWM (trasero)&comma; incluido en panel<\/li>\n<li style='margin-bottom: 5px;'><strong>Cubierta angular:<\/strong> PNLA-CVRK-01 (negro)<\/li>\n<li style='margin-bottom: 5px;'><strong>M\u00f3dulos vac\u00edos:<\/strong> KBL-02 (blanco)<\/li>\n<\/ul><\/div>\n<\/p><\/div>\n<p> <!-- Secci\u00f3n de opciones de color --> <\/p>\n<div style='margin-bottom: 30px;'>\n<h3 style='font-size: 22px; border-bottom: 2px solid currentColor; padding-bottom: 5px; margin-top: 0; color: inherit; opacity: 0.8;'>Opciones de Color<\/h3>\n<ul style='padding-left: 20px; font-size: 15px; color: inherit;'>\n<li style='margin-bottom: 5px;'>01 = Negro<\/li>\n<li style='margin-bottom: 5px;'>02 = Blanco<\/li>\n<li style='margin-bottom: 5px;'>03 = Rojo<\/li>\n<li style='margin-bottom: 5px;'>04 = Gris<\/li>\n<li style='margin-bottom: 5px;'>05 = Amarillo<\/li>\n<li style='margin-bottom: 5px;'>06 = Azul<\/li>\n<li style='margin-bottom: 5px;'>07 = Verde<\/li>\n<li style='margin-bottom: 5px;'>09 = Naranja<\/li>\n<\/ul><\/div>\n<p> <!-- Secci\u00f3n de informaci\u00f3n de empaque --> <\/p>\n<div style='margin-bottom: 30px;'>\n<h3 style='font-size: 22px; border-bottom: 2px solid currentColor; padding-bottom: 5px; margin-top: 0; color: inherit; opacity: 0.8;'>Opciones de Empaque<\/h3>\n<ul style='padding-left: 20px; font-size: 15px; color: inherit;'>\n<li style='margin-bottom: 5px;'>Empaque est\u00e1ndar: unidades individuales<\/li>\n<li style='margin-bottom: 5px;'>Opci\u00f3n de empaque bulk: A\u00f1adir &#8216;B&#8217; al final del n\u00famero de parte para paquete de 100 m\u00f3dulos<\/li>\n<\/ul><\/div>\n<p> <!-- Secci\u00f3n de aplicaciones --> <\/p>\n<div style='margin-bottom: 30px;'>\n<h3 style='font-size: 22px; border-bottom: 2px solid currentColor; padding-bottom: 5px; margin-top: 0; color: inherit; opacity: 0.8;'>Aplicaciones<\/h3>\n<ul style='padding-left: 20px; font-size: 15px; color: inherit;'>\n<li style='margin-bottom: 5px;'>Salas de telecomunicaciones<\/li>\n<li style='margin-bottom: 5px;'>Centros de datos<\/li>\n<li style='margin-bottom: 5px;'>Gabinetes de encaminamiento<\/li>\n<li style='margin-bottom: 5px;'>Consolidaci\u00f3n de puntos en grandes instalaciones<\/li>\n<\/ul><\/div>\n<p> <!-- Secci\u00f3n de beneficios --> <\/p>\n<div style='margin-bottom: 30px;'>\n<h3 style='font-size: 22px; border-bottom: 2px solid currentColor; padding-bottom: 5px; margin-top: 0; color: inherit; opacity: 0.8;'>Beneficios del Dise\u00f1o<\/h3>\n<ul style='padding-left: 20px; font-size: 15px; color: inherit;'>\n<li style='margin-bottom: 5px;'>Dise\u00f1o modular permite f\u00e1cil expansi\u00f3n y reconfiguraci\u00f3n<\/li>\n<li style='margin-bottom: 5px;'>Sistema de identificaci\u00f3n est\u00e1ndar con n\u00fameros de puerto destacados<\/li>\n<li style='margin-bottom: 5px;'>Gesti\u00f3n de cables removible facilita el enrutamiento ordenado<\/li>\n<li style='margin-bottom: 5px;'>Cubierta angular disponible para protecci\u00f3n contra polvo<\/li>\n<li style='margin-bottom: 5px;'>M\u00f3dulos de color para codificaci\u00f3n de servicios<\/li>\n<\/ul><\/div>\n<p> <!-- Secci\u00f3n de identificaci\u00f3n de productos --> <\/p>\n<div style='margin-bottom: 30px;'>\n<h3 style='font-size: 22px; border-bottom: 2px solid currentColor; padding-bottom: 5px; margin-top: 0; color: inherit; opacity: 0.8;'>Identificaci\u00f3n de Puertos<\/h3>\n<p style='font-size: 15px; color: inherit; margin-top: 15px; margin-bottom: 15px;'>Los paneles permiten identificaci\u00f3n est\u00e1ndar con n\u00fameros de puerto destacados para r\u00e1pida identificaci\u00f3n de salidas.<\/p>\n<\/p><\/div>\n<p> <!-- Secci\u00f3n de informaci\u00f3n de pedidos --> <\/p>\n<div style='margin-bottom: 30px;'>\n<h3 style='font-size: 22px; border-bottom: 2px solid currentColor; padding-bottom: 5px; margin-top: 0; color: inherit; opacity: 0.8;'>Informaci\u00f3n de Pedidos<\/h3>\n<p style='font-size: 15px; color: inherit; margin-top: 15px; margin-bottom: 15px;'>Los paneles de parcheo Keystone UTP est\u00e1n disponibles en versiones de 24 y 48 puertos&comma; planas y angulares:<\/p>\n<div style='display: flex; flex-wrap: wrap; gap: 15px; margin-top: 20px;'>\n<div style='flex: 1 1 250px; border: 1px solid rgba(150&comma; 150&comma; 150&comma; 0.4); border-radius: 8px; overflow: hidden;'>\n<div style='padding: 15px; border-bottom: 1px solid rgba(150&comma; 150&comma; 150&comma; 0.2); font-weight: bold; font-size: 18px; color: inherit;'>24 Puertos<\/div>\n<div style='padding: 15px; color: inherit;'>\n<ul style='padding-left: 20px; margin: 0; font-size: 14px; list-style-type: disc;'>\n<li style='margin-bottom: 5px;'>KPNL-F1-24-01S &#8211; Panel plano&comma; 1 RMS&comma; negro<\/li>\n<li style='margin-bottom: 5px;'>KPNL-A1-24-01S &#8211; Panel angular&comma; 1 RMS&comma; negro<\/li>\n<\/ul><\/div>\n<\/p><\/div>\n<div style='flex: 1 1 250px; border: 1px solid rgba(150&comma; 150&comma; 150&comma; 0.4); border-radius: 8px; overflow: hidden;'>\n<div style='padding: 15px; border-bottom: 1px solid rgba(150&comma; 150&comma; 150&comma; 0.2); font-weight: bold; font-size: 18px; color: inherit;'>48 Puertos<\/div>\n<div style='padding: 15px; color: inherit;'>\n<ul style='padding-left: 20px; margin: 0; font-size: 14px; list-style-type: disc;'>\n<li style='margin-bottom: 5px;'>KPNL-F2-48-01S &#8211; Panel plano&comma; 2 RMS&comma; negro<\/li>\n<li style='margin-bottom: 5px;'>KPNL-A2-48-01S &#8211; Panel angular&comma; 2 RMS&comma; negro<\/li>\n<\/ul><\/div>\n<\/p><\/div>\n<\/p><\/div>\n<\/p><\/div>\n<p> <!-- Secci\u00f3n de compatibilidad con m\u00f3dulos --> <\/p>\n<div style='margin-bottom: 30px;'>\n<h3 style='font-size: 22px; border-bottom: 2px solid currentColor; padding-bottom: 5px; margin-top: 0; color: inherit; opacity: 0.8;'>Compatibilidad con M\u00f3dulos<\/h3>\n<div style='display: flex; flex-wrap: wrap; gap: 15px;'>\n<div style='flex: 1 1 250px; border: 1px solid rgba(150&comma; 150&comma; 150&comma; 0.4); border-radius: 8px; overflow: hidden;'>\n<div style='padding: 15px; border-bottom: 1px solid rgba(150&comma; 150&comma; 150&comma; 0.2); font-weight: bold; font-size: 18px; color: inherit;'>M\u00f3dulos UTP<\/div>\n<div style='padding: 15px; color: inherit;'>\n<ul style='padding-left: 20px; margin: 0; font-size: 14px; list-style-type: disc;'>\n<li style='margin-bottom: 5px;'>Z6A-K(XX) &#8211; Z-MAX categor\u00eda 6A UTP<\/li>\n<li style='margin-bottom: 5px;'>Z6-K(XX) &#8211; Z-MAX categor\u00eda 6 UTP<\/li>\n<li style='margin-bottom: 5px;'>MX6-K(XX) &#8211; MAX categor\u00eda 6 UTP<\/li>\n<li style='margin-bottom: 5px;'>MX5-K(XX) &#8211; MAX categor\u00eda 5e UTP<\/li>\n<\/ul><\/div>\n<\/p><\/div>\n<\/p><\/div>\n<\/p><\/div>\n<p> <!-- Separador final --> <\/p>\n<hr style='border: 0; border-top: 1px solid rgba(150&comma; 150&comma; 150&comma; 0.3); margin: 30px 0;'> <\/div>\n","protected":false},"excerpt":{"rendered":"<p>Jack Z-Max UTP Categor?a 6A Keystone, Color Negro<\/p>\n","protected":false},"featured_media":10160,"comment_status":"open","ping_status":"closed","template":"","meta":[],"product_brand":[],"product_cat":[595],"product_tag":[586,596,600],"class_list":{"0":"post-10161","1":"product","2":"type-product","3":"status-publish","4":"has-post-thumbnail","6":"product_cat-jacks-plugs","7":"product_tag-cableado-de-cobre","8":"product_tag-jacks-plugs","9":"product_tag-siemon","11":"first","12":"outofstock","13":"sale","14":"shipping-taxable","15":"purchasable","16":"product-type-simple"},"_links":{"self":[{"href":"https:\/\/soydeaqui.ddns.net\/pachuca\/index.php\/wp-json\/wp\/v2\/product\/10161","targetHints":{"allow":["GET"]}}],"collection":[{"href":"https:\/\/soydeaqui.ddns.net\/pachuca\/index.php\/wp-json\/wp\/v2\/product"}],"about":[{"href":"https:\/\/soydeaqui.ddns.net\/pachuca\/index.php\/wp-json\/wp\/v2\/types\/product"}],"replies":[{"embeddable":true,"href":"https:\/\/soydeaqui.ddns.net\/pachuca\/index.php\/wp-json\/wp\/v2\/comments?post=10161"}],"wp:featuredmedia":[{"embeddable":true,"href":"https:\/\/soydeaqui.ddns.net\/pachuca\/index.php\/wp-json\/wp\/v2\/media\/10160"}],"wp:attachment":[{"href":"https:\/\/soydeaqui.ddns.net\/pachuca\/index.php\/wp-json\/wp\/v2\/media?parent=10161"}],"wp:term":[{"taxonomy":"product_brand","embeddable":true,"href":"https:\/\/soydeaqui.ddns.net\/pachuca\/index.php\/wp-json\/wp\/v2\/product_brand?post=10161"},{"taxonomy":"product_cat","embeddable":true,"href":"https:\/\/soydeaqui.ddns.net\/pachuca\/index.php\/wp-json\/wp\/v2\/product_cat?post=10161"},{"taxonomy":"product_tag","embeddable":true,"href":"https:\/\/soydeaqui.ddns.net\/pachuca\/index.php\/wp-json\/wp\/v2\/product_tag?post=10161"}],"curies":[{"name":"wp","href":"https:\/\/api.w.org\/{rel}","templated":true}]}}