{"id":101588,"date":"2026-03-20T12:08:50","date_gmt":"2026-03-20T12:08:50","guid":{"rendered":"https:\/\/soydeaqui.ddns.net\/pachuca\/index.php\/producto\/audio-bidirieccional-dvr-4-canales-turbohd-1-canal-ip-2-megapixel-1080p-lite-acusense-lite-evita-falsas-alarmas-1-bahia-de-disco-duro-h-265-salida-de-video-full-hd\/"},"modified":"2026-03-20T12:08:54","modified_gmt":"2026-03-20T12:08:54","slug":"audio-bidirieccional-dvr-4-canales-turbohd-1-canal-ip-2-megapixel-1080p-lite-acusense-lite-evita-falsas-alarmas-1-bahia-de-disco-duro-h-265-salida-de-video-full-hd","status":"publish","type":"product","link":"https:\/\/soydeaqui.ddns.net\/pachuca\/index.php\/producto\/audio-bidirieccional-dvr-4-canales-turbohd-1-canal-ip-2-megapixel-1080p-lite-acusense-lite-evita-falsas-alarmas-1-bahia-de-disco-duro-h-265-salida-de-video-full-hd\/","title":{"rendered":"Audio Bidirieccional DVR 4 Canales TurboHD + 1 Canal IP \/ 2 Megapixel (1080p) Lite \/ Acusense Lite (Evita Falsas Alarmas) \/ 1 Bah\u00eda de Disco Duro \/ H.265+ \/ Salida de V\u00eddeo Full HD"},"content":{"rendered":"<div style='width: 100%; max-width: 1200px; margin: 0 auto; font-family: sans-serif; line-height: 1.6; color: inherit; background-color: transparent;'> <!-- Videos --> <\/p>\n<section style='padding: 30px 0;'>\n<div style='display: flex; flex-wrap: wrap; gap: 30px; justify-content: center;'>\n<div style='flex: 1 1 300px; min-width: 280px;'>\n<div style='position: relative; padding-bottom: 56.25%; height: 0; overflow: hidden; margin-bottom: 30px;'>   <\/div>\n<\/p><\/div>\n<div style='flex: 1 1 300px; min-width: 280px;'>\n<div style='position: relative; padding-bottom: 56.25%; height: 0; overflow: hidden; margin-bottom: 30px;'>   <\/div>\n<\/p><\/div>\n<div style='flex: 1 1 300px; min-width: 280px;'>\n<div style='position: relative; padding-bottom: 56.25%; height: 0; overflow: hidden; margin-bottom: 30px;'>   <\/div>\n<\/p><\/div>\n<\/p><\/div>\n<\/section>\n<p> <!-- Secciones de contenido --> <\/p>\n<div style='display: flex; flex-wrap: wrap; gap: 30px;'> <!-- Caracter\u00edsticas Principales --> <\/p>\n<div style='flex: 1 1 300px; min-width: 280px;'>\n<h3 style='font-size: 22px; border-bottom: 2px solid currentColor; padding-bottom: 5px; margin-top: 0; color: inherit; opacity: 0.8;'>Caracter\u00edsticas Principales:<\/h3>\n<ul style='padding-left: 20px; font-size: 15px; color: inherit;'>\n<li style='margin-bottom: 5px;'>Tecnolog\u00eda TURBOHD 1080p Lite.<\/li>\n<li style='margin-bottom: 5px;'>Soporta audiobidireccional en todos los canales.<\/li>\n<li style='margin-bottom: 5px;'>Soporta 5 tecnolog\u00edas: TurboHD &#8211; CVBS &#8211; CVI &#8211; AHD \/ a 2MP m\u00e1ximo.<\/li>\n<li style='margin-bottom: 5px;'>La tecnolog\u00eda IP la soporta en marca Hikvision \/ HiLook a 5MP.<\/li>\n<li style='margin-bottom: 5px;'>Soporta P2P HikConnect con filtro de humanos y veh\u00edculos por detecci\u00f3n de movimiento.<\/li>\n<\/ul>\n<p style='margin-top: 20px; margin-bottom: 10px; font-weight: bold; color: inherit;'>Compresi\u00f3n y resoluci\u00f3n:<\/p>\n<ul style='padding-left: 20px; font-size: 15px; color: inherit;'>\n<li style='margin-bottom: 5px;'>H.265+ \/ H.265 \/ H.264<\/li>\n<li style='margin-bottom: 5px;'>Soporta 4 canales TurboHD + 1 Canales IP = 5 canales en total.<\/li>\n<li style='margin-bottom: 5px;'>Para a\u00f1adir los canales IP es necesario considerar un switch \/ router.<\/li>\n<li style='margin-bottom: 5px;'>El grabador soporta c\u00e1maras con audio bidireccional y grabaci\u00f3n de audio enviado por c\u00e1maras con tecnolog\u00eda TURBOHD \u00fanicamente (solo recibe coaxitron por tecnolog\u00eda TVI\/TurboHD).<\/li>\n<li style='margin-bottom: 5px;'>Cuenta con Acusense Lite&comma; detecci\u00f3n de movimiento con filtro de humanos y veh\u00edculos (no cuenta con cruce de l\u00ednea\/entrada de \u00e1rea).<\/li>\n<li style='margin-bottom: 5px;'>El audio bidireccional se recibe por cable UTP (Cat5e o superior) o cable coaxial.<\/li>\n<\/ul><\/div>\n<p> <!-- Caracter\u00edsticas F\u00edsicas y El\u00e9ctricas --> <\/p>\n<div style='flex: 1 1 300px; min-width: 280px;'>\n<h3 style='font-size: 22px; border-bottom: 2px solid currentColor; padding-bottom: 5px; margin-top: 0; color: inherit; opacity: 0.8;'>Caracter\u00edsticas F\u00edsicas y El\u00e9ctricas:<\/h3>\n<ul style='padding-left: 20px; font-size: 15px; color: inherit;'>\n<li style='margin-bottom: 5px;'>Alimentaci\u00f3n: 12Vcc \/ 1.5A<\/li>\n<li style='margin-bottom: 5px;'>Consumo sin disco duro: 16W<\/li>\n<li style='margin-bottom: 5px;'>Temperatura de operaci\u00f3n: -10\u00b0C &#8211; 55\u00b0C<\/li>\n<li style='margin-bottom: 5px;'>Dimensiones: 200 x 200 x 45 mm (W &#8211; D &#8211; H)<\/li>\n<li style='margin-bottom: 5px;'>Peso: 0.8kg sin disco duro<\/li>\n<\/ul>\n<p style='margin-top: 20px; margin-bottom: 10px; font-weight: bold; color: inherit;'>Funciones de red:<\/p>\n<ul style='padding-left: 20px; font-size: 15px; color: inherit;'>\n<li style='margin-bottom: 5px;'>Protocolos TCP\/IP &#8211; PPPoE &#8211; DHCP &#8211; HikConnect P2P &#8211; DNS &#8211; DDNS &#8211; NTP &#8211; SADP &#8211; SMTP &#8211; NFS &#8211; iSCSI &#8211; UPnP &#8211; HTTPs<\/li>\n<\/ul>\n<p style='margin-top: 20px; margin-bottom: 10px; font-weight: bold; color: inherit;'>Funciones de Grabaci\u00f3n y Visualizaci\u00f3n:<\/p>\n<ul style='padding-left: 20px; font-size: 15px; color: inherit;'>\n<li style='margin-bottom: 5px;'>Detecci\u00f3n de movimiento con filtro de humanos Acusense Lite.<\/li>\n<li style='margin-bottom: 5px;'>Grabaci\u00f3n con sobre-escritura autom\u00e1tica.<\/li>\n<li style='margin-bottom: 5px;'>Es necesario configurar la grabaci\u00f3n de audio.<\/li>\n<li style='margin-bottom: 5px;'>Soporta discos duros m\u00e1ximo de 4TB. Es altamente necesario utilizar discos optimizados para videovigilancia.<\/li>\n<\/ul><\/div>\n<p> <!-- Interfaces Entrada \/ Salida --> <\/p>\n<div style='flex: 1 1 300px; min-width: 280px;'>\n<h3 style='font-size: 22px; border-bottom: 2px solid currentColor; padding-bottom: 5px; margin-top: 0; color: inherit; opacity: 0.8;'>Interfaces Entrada \/ Salida:<\/h3>\n<ul style='padding-left: 20px; font-size: 15px; color: inherit;'>\n<li style='margin-bottom: 5px;'>Salida de video en Full HD &#8211; HDMI y VGA simult\u00e1neas<\/li>\n<li style='margin-bottom: 5px;'>Entrada audio: 1 RCA<\/li>\n<li style='margin-bottom: 5px;'>Soporta audio por coaxitron en todos los canales (se puede utilizar video baluns)<\/li>\n<li style='margin-bottom: 5px;'>Salida de audio: 1 RCA<\/li>\n<li style='margin-bottom: 5px;'>Entrada alarma: N\/A<\/li>\n<li style='margin-bottom: 5px;'>Salida alarma: N\/A<\/li>\n<li style='margin-bottom: 5px;'>Interfaz USB: 2 Puertos<\/li>\n<li style='margin-bottom: 5px;'>Interfaz red: 1 puerto (RJ-45 10\/100 Mbps)<\/li>\n<\/ul><\/div>\n<\/p><\/div>\n<p> <!-- Caracter\u00edsticas Destacadas --> <\/p>\n<div style='margin-top: 30px;'>\n<h3 style='font-size: 22px; border-bottom: 2px solid currentColor; padding-bottom: 5px; margin-top: 0; color: inherit; opacity: 0.8;'>Caracter\u00edsticas Destacadas:<\/h3>\n<ul style='padding-left: 20px; font-size: 15px; color: inherit;'>\n<li style='margin-bottom: 5px;'>El audio bidireccional permite comunicarse desde la app HikConnect P2P en su celular con la c\u00e1mara&comma; cubriendo un \u00e1rea aproximada de 5 a 8 metros cuadrados.<\/li>\n<li style='margin-bottom: 5px;'>Soporta c\u00e1maras PTZ en todos los canales.<\/li>\n<\/ul><\/div>\n<p> <!-- Separador final --> <\/p>\n<hr style='border: 0; border-top: 1px solid rgba(150&comma; 150&comma; 150&comma; 0.3); margin: 30px 0;'> <\/div>\n","protected":false},"excerpt":{"rendered":"<p>Audio Bidirieccional DVR 4 Canales TurboHD + 1 Canal IP \/ 2 Megapixel (1080p) Lite \/ Acusense Lite (Evita Falsas Alarmas) \/ 1 Bah\u00eda de Disco Duro \/ H.265+ \/ Salida de V\u00eddeo Full HD<\/p>\n","protected":false},"featured_media":101587,"comment_status":"open","ping_status":"closed","template":"","meta":[],"product_brand":[],"product_cat":[2254],"product_tag":[2255,2257,2256],"class_list":{"0":"post-101588","1":"product","2":"type-product","3":"status-publish","4":"has-post-thumbnail","6":"product_cat-videograbadoras-analogicas-turbohd-tvi-ahd-cvi","7":"product_tag-camaras-y-dvrs-hd-turbohd-ahd-hd-tvi","8":"product_tag-epcom-professional","9":"product_tag-videograbadoras-analogicas-turbohd-tvi-ahd-cvi","11":"first","12":"instock","13":"sale","14":"shipping-taxable","15":"purchasable","16":"product-type-simple"},"_links":{"self":[{"href":"https:\/\/soydeaqui.ddns.net\/pachuca\/index.php\/wp-json\/wp\/v2\/product\/101588","targetHints":{"allow":["GET"]}}],"collection":[{"href":"https:\/\/soydeaqui.ddns.net\/pachuca\/index.php\/wp-json\/wp\/v2\/product"}],"about":[{"href":"https:\/\/soydeaqui.ddns.net\/pachuca\/index.php\/wp-json\/wp\/v2\/types\/product"}],"replies":[{"embeddable":true,"href":"https:\/\/soydeaqui.ddns.net\/pachuca\/index.php\/wp-json\/wp\/v2\/comments?post=101588"}],"wp:featuredmedia":[{"embeddable":true,"href":"https:\/\/soydeaqui.ddns.net\/pachuca\/index.php\/wp-json\/wp\/v2\/media\/101587"}],"wp:attachment":[{"href":"https:\/\/soydeaqui.ddns.net\/pachuca\/index.php\/wp-json\/wp\/v2\/media?parent=101588"}],"wp:term":[{"taxonomy":"product_brand","embeddable":true,"href":"https:\/\/soydeaqui.ddns.net\/pachuca\/index.php\/wp-json\/wp\/v2\/product_brand?post=101588"},{"taxonomy":"product_cat","embeddable":true,"href":"https:\/\/soydeaqui.ddns.net\/pachuca\/index.php\/wp-json\/wp\/v2\/product_cat?post=101588"},{"taxonomy":"product_tag","embeddable":true,"href":"https:\/\/soydeaqui.ddns.net\/pachuca\/index.php\/wp-json\/wp\/v2\/product_tag?post=101588"}],"curies":[{"name":"wp","href":"https:\/\/api.w.org\/{rel}","templated":true}]}}