{"id":101564,"date":"2026-03-20T12:07:38","date_gmt":"2026-03-20T12:07:38","guid":{"rendered":"https:\/\/soydeaqui.ddns.net\/pachuca\/index.php\/producto\/ptz-ip-8-megapixel-4k-42x-zoom-500-mts-ir-autoseguimiento-3-0-wdr-140-db-eis-deep-learning-exterior-ip67-ik10-rapid-focus-hi-poe-wiper-micro-sd-2\/"},"modified":"2026-03-20T12:07:40","modified_gmt":"2026-03-20T12:07:40","slug":"ptz-ip-8-megapixel-4k-42x-zoom-500-mts-ir-autoseguimiento-3-0-wdr-140-db-eis-deep-learning-exterior-ip67-ik10-rapid-focus-hi-poe-wiper-micro-sd-2","status":"publish","type":"product","link":"https:\/\/soydeaqui.ddns.net\/pachuca\/index.php\/producto\/ptz-ip-8-megapixel-4k-42x-zoom-500-mts-ir-autoseguimiento-3-0-wdr-140-db-eis-deep-learning-exterior-ip67-ik10-rapid-focus-hi-poe-wiper-micro-sd-2\/","title":{"rendered":"PTZ IP 8 Megapixel (4K) \/ 42X Zoom \/ 500 mts IR \/ AutoSeguimiento 3.0 \/ WDR 140 dB \/ EIS \/ Deep Learning \/ Exterior IP67 \/ IK10 \/ Rapid Focus \/ Hi-PoE \/ Wiper \/ Micro SD"},"content":{"rendered":"<div style='width: 100%; max-width: 1200px; margin: 0 auto; font-family: sans-serif; line-height: 1.6; color: inherit; background-color: transparent;'>\n<p style='text-align: center;'><img style='width: 100%; max-width: 400px; height: auto; border: 1px solid rgba(150&comma;150&comma;150&comma;0.3); border-radius: 8px;' src='https:\/\/ftp3.syscom.mx\/usuarios\/jsosa\/HIKVISION\/imagenes\/logo\/hikvision%20see%20far.png' alt='Logo Hikvision' \/><\/p>\n<div style='display: flex; flex-wrap: wrap; gap: 30px; margin-bottom: 30px;'>\n<div style='flex: 1 1 300px; min-width: 280px;'>\n<h3 style='font-size: 22px; border-bottom: 2px solid currentColor; padding-bottom: 5px; margin-top: 0; color: inherit; opacity: 0.8;'>Caracter\u00edsticas Principales<\/h3>\n<ul style='padding-left: 20px; font-size: 15px; color: inherit;'>\n<li style='margin-bottom: 5px;'>Resoluci\u00f3n m\u00e1xima: <strong>8 Megapixel (3840 \u00d7 2160)<\/strong><\/li>\n<li style='margin-bottom: 5px;'>Iluminaci\u00f3n m\u00ednima: <strong>0.005 Lux @ (F1.2&comma; AGC ON)<\/strong><\/li>\n<li style='margin-bottom: 5px;'>D\u00eda \/ Noche Real con <strong>Filtro ICR<\/strong><\/li>\n<li style='margin-bottom: 5px;'>Distancia focal: <strong>7.5mm a 147.5 mm (42X zoom \u00f3ptico \/ 16X zoom digital)<\/strong><\/li>\n<li style='margin-bottom: 5px;'>Distancia de infrarrojo: <strong>500 mts Smart IR<\/strong><\/li>\n<li style='margin-bottom: 5px;'>Funciones: <strong>HLC \/ ROI \/ WDR 140 dB \/ BLC<\/strong><\/li>\n<li style='margin-bottom: 5px;'>Compresi\u00f3n: <strong>H.265+ \/ H.265 \/ H.264+ \/ H.264<\/strong><\/li>\n<li style='margin-bottom: 5px;'>Compatible con plataforma Hik-Connect: <a style='color: inherit; text-decoration: none;' href='https:\/\/appstore.hikvision.com\/' target='_blank' rel='noopener'>https:\/\/appstore.hikvision.com\/<\/a><\/li>\n<\/ul><\/div>\n<div style='flex: 1 1 300px; min-width: 280px;'>\n<h3 style='font-size: 22px; border-bottom: 2px solid currentColor; padding-bottom: 5px; margin-top: 0; color: inherit; opacity: 0.8;'>Caracter\u00edsticas F\u00edsicas y El\u00e9ctricas<\/h3>\n<ul style='padding-left: 20px; font-size: 15px; color: inherit;'>\n<li style='margin-bottom: 5px;'>Alimentaci\u00f3n: <strong>36 VCD \/ Hi-PoE \/ 60 W<\/strong><\/li>\n<li style='margin-bottom: 5px;'>Temperatura de operaci\u00f3n: <strong>-40\u00b0C a 70\u00b0C<\/strong><\/li>\n<li style='margin-bottom: 5px;'>Humedad: <strong>Hasta 95% m\u00e1ximo<\/strong><\/li>\n<li style='margin-bottom: 5px;'>Protecci\u00f3n: <strong>IP67 (exterior) \/ IK10 (antivand\u00e1lico)<\/strong><\/li>\n<li style='margin-bottom: 5px;'>Protecci\u00f3n el\u00e9ctrica: <strong>Contra sobretensiones y voltajes transistorios<\/strong><\/li>\n<li style='margin-bottom: 5px;'>Dimensiones: <strong>267 x 430 mm<\/strong><\/li>\n<li style='margin-bottom: 5px;'>Peso: <strong>9.6 Kgs<\/strong><\/li>\n<li style='margin-bottom: 5px;'>Se recomienda modelo <strong><a style='color: inherit; text-decoration: none;' href='https:\/\/www.syscom.mx\/producto\/LAS60-57CN-RJ45-HIKVISION-72655.html' target='_blank' rel='noopener'>LAS-6057-CNRJ45<\/a><\/strong> para alimentaci\u00f3n PoE<\/li>\n<li style='margin-bottom: 5px;'>No incluye fuente&comma; se recomienda usar <strong><a style='color: inherit; text-decoration: none;' href='https:\/\/syscom.pro\/products\/185724'>EUV-150S036ST-KW02<\/a><\/strong><\/li>\n<\/ul><\/div>\n<div style='flex: 1 1 300px; min-width: 280px;'>\n<h3 style='font-size: 22px; border-bottom: 2px solid currentColor; padding-bottom: 5px; margin-top: 0; color: inherit; opacity: 0.8;'>Interfaces Entradas y Salidas<\/h3>\n<ul style='padding-left: 20px; font-size: 15px; color: inherit;'>\n<li style='margin-bottom: 5px;'>Paneo: <strong>360\u00b0<\/strong><\/li>\n<li style='margin-bottom: 5px;'>Tilt: <strong>-20\u00b0 a 90\u00ba (auto flip)<\/strong><\/li>\n<li style='margin-bottom: 5px;'>Preset \/ Patrol \/ Pattern: <strong>300 \/ 8 \/ 4<\/strong><\/li>\n<li style='margin-bottom: 5px;'>Reducci\u00f3n de falsas alarmas con <strong>ACUSENSE<\/strong><\/li>\n<li style='margin-bottom: 5px;'>Funci\u00f3n PARK ACTION: <strong>Acci\u00f3n de estacionamiento<\/strong><\/li>\n<li style='margin-bottom: 5px;'>Tareas calendarizadas: <strong>Soportadas<\/strong><\/li>\n<li style='margin-bottom: 5px;'>Usuarios simult\u00e1neos: <strong>Hasta 20<\/strong><\/li>\n<li style='margin-bottom: 5px;'>Entradas de alarma: <strong>7<\/strong><\/li>\n<li style='margin-bottom: 5px;'>Salidas de alarma: <strong>2<\/strong><\/li>\n<li style='margin-bottom: 5px;'>Entradas de audio: <strong>1<\/strong><\/li>\n<li style='margin-bottom: 5px;'>Salidas de audio: <strong>1<\/strong><\/li>\n<li style='margin-bottom: 5px;'>Puerto de red: <strong>1 (10 \/ 100 Mbps \/ Hi-PoE)<\/strong><\/li>\n<li style='margin-bottom: 5px;'>Almacenamiento: <strong>Micro SD hasta 256 GB \/ ANR<\/strong><\/li>\n<li style='margin-bottom: 5px;'>Protocolos: <strong>ONVIF (Profile S&comma; G&comma; T) \/ ISUP<\/strong><\/li>\n<\/ul><\/div>\n<div style='flex: 1 1 300px; min-width: 280px;'>\n<h3 style='font-size: 22px; border-bottom: 2px solid currentColor; padding-bottom: 5px; margin-top: 0; color: inherit; opacity: 0.8;'>Funci\u00f3n de Grabaci\u00f3n y Visualizaci\u00f3n<\/h3>\n<ul style='padding-left: 20px; font-size: 15px; color: inherit;'>\n<li style='margin-bottom: 5px;'>Detecci\u00f3n de movimiento: <strong>Multizona<\/strong><\/li>\n<li style='margin-bottom: 5px;'>Zoom digital: <strong>En visualizaci\u00f3n y grabaci\u00f3n<\/strong><\/li>\n<li style='margin-bottom: 5px;'>Detecci\u00f3n de: <strong>Cruce de l\u00ednea&comma; intrusi\u00f3n&comma; entrada\/salida de regi\u00f3n<\/strong><\/li>\n<li style='margin-bottom: 5px;'>AutoSeguimiento: <strong>Versi\u00f3n 3.0<\/strong><\/li>\n<\/ul><\/div>\n<div style='flex: 1 1 300px; min-width: 280px;'>\n<h3 style='font-size: 22px; border-bottom: 2px solid currentColor; padding-bottom: 5px; margin-top: 0; color: inherit; opacity: 0.8;'>Caracter\u00edsticas Destacadas<\/h3>\n<ul style='padding-left: 20px; font-size: 15px; color: inherit;'>\n<li style='margin-bottom: 15px;'><strong>Desempe\u00f1o en baja iluminaci\u00f3n<\/strong>\n<ul style='margin-top: 8px; padding-left: 25px;'>\n<li style='margin-bottom: 5px;'>Tecnolog\u00eda DarkFighter 2.0: <strong>0.002 Lux color \/ 0.0002 Lux B\/N<\/strong><\/li>\n<li style='margin-bottom: 5px;'>Alcance IR: <strong>Hasta 500 metros<\/strong><\/li>\n<\/ul>\n<\/li>\n<li style='margin-bottom: 15px;'><strong>An\u00e1lisis inteligente con IA<\/strong>\n<ul style='margin-top: 8px; padding-left: 25px;'>\n<li style='margin-bottom: 5px;'>Perimeter Protection: <strong>Detecci\u00f3n de cruce de l\u00ednea&comma; intrusi\u00f3n&comma; entrada\/salida de regi\u00f3n<\/strong><\/li>\n<li style='margin-bottom: 5px;'>Detecci\u00f3n simult\u00e1nea de: <strong>Rostros&comma; cuerpos humanos y veh\u00edculos<\/strong><\/li>\n<li style='margin-bottom: 5px;'>Reconocimiento facial: <strong>Librer\u00eda de hasta 150&comma;000 rostros<\/strong><\/li>\n<\/ul>\n<\/li>\n<li style='margin-bottom: 5px;'><strong>Resistencia y durabilidad<\/strong>\n<ul style='margin-top: 8px; padding-left: 25px;'>\n<li style='margin-bottom: 5px;'>Protecci\u00f3n: <strong>IP67 \/ IK10 \/ 6000V contra sobretensiones<\/strong><\/li>\n<li style='margin-bottom: 5px;'>Construcci\u00f3n: <strong>Robusta con limpiador autom\u00e1tico y calefactor interno<\/strong><\/li>\n<\/ul>\n<\/li>\n<\/ul><\/div>\n<div style='flex: 1 1 300px; min-width: 280px;'>\n<h3 style='font-size: 22px; border-bottom: 2px solid currentColor; padding-bottom: 5px; margin-top: 0; color: inherit; opacity: 0.8;'>Capacidad de Procesamiento y Funciones de Red<\/h3>\n<div style='padding: 15px; background-color: rgba(223&comma; 0&comma; 30&comma; 0.1); border-left: 4px solid #df001e; margin: 15px 0;'>\n<p style='margin: 0;'>Consulte la ficha t\u00e9cnica para validar los accesorios compatibles&comma; de clic <a style='color: #df001e; text-decoration: none; font-weight: bold;' href='https:\/\/ftp3.syscom.mx\/usuarios\/alexh\/Hikvision\/Specsheet\/DS-2DF8C842IXG1-ELWY_Datasheet_20250313%20.pdf' target='_blank' rel='noopener'>Aqu\u00ed<\/a><\/p>\n<\/p><\/div>\n<\/p><\/div>\n<\/p><\/div>\n<hr style='border: 0; border-top: 1px solid rgba(150&comma; 150&comma; 150&comma; 0.3); margin: 30px 0;'>\n<p style='text-align: center; margin: 30px 0 0;'> <img style='width: 100%; max-width: 600px; height: auto; border: 1px solid rgba(150&comma;150&comma;150&comma;0.3); border-radius: 8px;' src='https:\/\/ftp3.syscom.mx\/usuarios\/jsosa\/HIKVISION\/imagenes\/banners\/solution%20complete.png' alt='Soluci\u00f3n Completa' \/> <\/p>\n<\/p><\/div>\n","protected":false},"excerpt":{"rendered":"<p>PTZ IP 8 Megapixel (4K) \/ 42X Zoom \/ 500 mts IR \/ AutoSeguimiento 3.0 \/ WDR 140 dB \/ EIS \/ Deep Learning \/ Exterior IP67 \/ IK10 \/ Rapid Focus \/ Hi-PoE \/ Wiper \/ Micro SD<\/p>\n","protected":false},"featured_media":101563,"comment_status":"open","ping_status":"closed","template":"","meta":[],"product_brand":[],"product_cat":[1224],"product_tag":[122,54,1225],"class_list":{"0":"post-101564","1":"product","2":"type-product","3":"status-publish","4":"has-post-thumbnail","6":"product_cat-ptz","7":"product_tag-camaras-ip-y-nvrs","8":"product_tag-hikvision","9":"product_tag-ptz","11":"first","12":"outofstock","13":"sale","14":"shipping-taxable","15":"purchasable","16":"product-type-simple"},"_links":{"self":[{"href":"https:\/\/soydeaqui.ddns.net\/pachuca\/index.php\/wp-json\/wp\/v2\/product\/101564","targetHints":{"allow":["GET"]}}],"collection":[{"href":"https:\/\/soydeaqui.ddns.net\/pachuca\/index.php\/wp-json\/wp\/v2\/product"}],"about":[{"href":"https:\/\/soydeaqui.ddns.net\/pachuca\/index.php\/wp-json\/wp\/v2\/types\/product"}],"replies":[{"embeddable":true,"href":"https:\/\/soydeaqui.ddns.net\/pachuca\/index.php\/wp-json\/wp\/v2\/comments?post=101564"}],"wp:featuredmedia":[{"embeddable":true,"href":"https:\/\/soydeaqui.ddns.net\/pachuca\/index.php\/wp-json\/wp\/v2\/media\/101563"}],"wp:attachment":[{"href":"https:\/\/soydeaqui.ddns.net\/pachuca\/index.php\/wp-json\/wp\/v2\/media?parent=101564"}],"wp:term":[{"taxonomy":"product_brand","embeddable":true,"href":"https:\/\/soydeaqui.ddns.net\/pachuca\/index.php\/wp-json\/wp\/v2\/product_brand?post=101564"},{"taxonomy":"product_cat","embeddable":true,"href":"https:\/\/soydeaqui.ddns.net\/pachuca\/index.php\/wp-json\/wp\/v2\/product_cat?post=101564"},{"taxonomy":"product_tag","embeddable":true,"href":"https:\/\/soydeaqui.ddns.net\/pachuca\/index.php\/wp-json\/wp\/v2\/product_tag?post=101564"}],"curies":[{"name":"wp","href":"https:\/\/api.w.org\/{rel}","templated":true}]}}