{"id":101550,"date":"2026-03-20T12:06:56","date_gmt":"2026-03-20T12:06:56","guid":{"rendered":"https:\/\/soydeaqui.ddns.net\/pachuca\/index.php\/producto\/kit-de-camara-ip-con-gabinete-para-cuartos-frios-con-ventilador-calefaccion-y-parabrisas-incluye-lente-varifocal\/"},"modified":"2026-03-20T12:06:57","modified_gmt":"2026-03-20T12:06:57","slug":"kit-de-camara-ip-con-gabinete-para-cuartos-frios-con-ventilador-calefaccion-y-parabrisas-incluye-lente-varifocal","status":"publish","type":"product","link":"https:\/\/soydeaqui.ddns.net\/pachuca\/index.php\/producto\/kit-de-camara-ip-con-gabinete-para-cuartos-frios-con-ventilador-calefaccion-y-parabrisas-incluye-lente-varifocal\/","title":{"rendered":"Kit de C\u00e1mara IP con Gabinete para Cuartos Frios con Ventilador, Calefacci\u00f3n y Parabrisas Incluye Lente varifocal"},"content":{"rendered":"<div style='width: 100%; max-width: 1200px; margin: 0 auto; font-family: sans-serif; line-height: 1.6; color: inherit; background-color: transparent;'>\n<div style='width: 100%; text-align: center; margin-bottom: 30px;'>\n<h1 style='font-size: 28px; color: #232a6f; margin: 0; padding: 0; font-family: Verdana&comma; Geneva&comma; sans-serif;'>Contenido del KIT<\/h1>\n<\/p><\/div>\n<div style='display: flex; flex-wrap: wrap; gap: 30px; margin-bottom: 30px;'> <!-- C\u00e1mara --> <\/p>\n<div style='flex: 1 1 300px; min-width: 280px;'>\n<div style='width: 100%; height: auto; margin-bottom: 15px;'> <img style='width: 100%; height: auto; border: 1px solid rgba(150&comma;150&comma;150&comma;0.3); border-radius: 8px;' src='https:\/\/ftp3.syscom.mx\/cdn-cgi\/image\/format=png&comma;width=700&comma;height=700\/usuarios\/fotos\/BancoFotografiasSyscom\/HIKVISION\/DS2CD2821G0(C)\/DS2CD2821G0(C)-l.PNG' alt='C\u00e1mara IP DS-2CD2821G0(C)'> <\/div>\n<div style='border: 1px solid rgba(150&comma; 150&comma; 150&comma; 0.4); border-radius: 8px; overflow: hidden; display: flex; flex-direction: column;'>\n<div style='padding: 15px; border-bottom: 1px solid rgba(150&comma; 150&comma; 150&comma; 0.2); font-weight: bold; font-size: 18px; background-color: #df001e; color: white; border-bottom: 1px solid #a80000;'>C\u00e1mara IP DS-2CD2821G0(C)<\/div>\n<div style='padding: 15px; background-color: transparent;'>\n<ul style='padding-left: 20px; margin: 0; font-size: 14px; list-style-type: disc; font-family: Verdana&comma; Geneva&comma; sans-serif;'>\n<li style='margin-bottom: 5px;'>Resoluci\u00f3n maxima: 2 Megapixel (1920 \u00d7 1080).<\/li>\n<li style='margin-bottom: 5px;'>Iluminaci\u00f3n m\u00ednima: color 0.01 Lux @ (F2.0&comma; AGC ON).<\/li>\n<li style='margin-bottom: 5px;'>Lente Incluido: 2.7 a 10mm&comma; Iris Automatico<\/li>\n<li style='margin-bottom: 5px;'>WDR 120 dB \/ 3D DNR \/ BLC \/ Onvif.<\/li>\n<li style='margin-bottom: 5px;'>Soporta memoria microSD 128GB<\/li>\n<li style='margin-bottom: 5px;'>Compresi\u00f3n: H.265+ \/ H.265<\/li>\n<li style='margin-bottom: 5px;'>Compatible con la plataforma de Hik-Connect.<\/li>\n<\/ul><\/div>\n<\/p><\/div>\n<\/p><\/div>\n<p> <!-- Gabinete --> <\/p>\n<div style='flex: 1 1 300px; min-width: 280px;'>\n<div style='width: 100%; height: auto; margin-bottom: 15px;'> <img style='width: 100%; height: auto; border: 1px solid rgba(150&comma;150&comma;150&comma;0.3); border-radius: 8px;' src='https:\/\/ftp3.syscom.mx\/cdn-cgi\/image\/format=png&comma;width=700&comma;height=700\/usuarios\/fotos\/BancoFotografiasSyscom\/HIKVISION\/DS1331HZHW\/DS1331HZHW-l.PNG' alt='Gabinete para c\u00e1mara'> <\/div>\n<div style='border: 1px solid rgba(150&comma; 150&comma; 150&comma; 0.4); border-radius: 8px; overflow: hidden; display: flex; flex-direction: column;'>\n<div style='padding: 15px; border-bottom: 1px solid rgba(150&comma; 150&comma; 150&comma; 0.2); font-weight: bold; font-size: 18px; background-color: #df001e; color: white; border-bottom: 1px solid #a80000;'>Caracteristicas del Gabinete<\/div>\n<div style='padding: 15px; background-color: transparent;'>\n<ul style='padding-left: 20px; margin: 0; font-size: 14px; list-style-type: disc; font-family: Verdana&comma; Geneva&comma; sans-serif;'>\n<li style='margin-bottom: 5px;'>Cuenta con Calefactor&comma; Ventilador y Parabrisas&comma; se puede accionar desde el grabador.<\/li>\n<li style='margin-bottom: 5px;'>Norma de protecci\u00f3n: IP67<\/li>\n<li style='margin-bottom: 5px;'>Alimentaci\u00f3n 24VCA<\/li>\n<li style='margin-bottom: 5px;'>Dimensiones: 445 x 140 x 169mm<\/li>\n<li style='margin-bottom: 5px;'>Peso: 1900gramos<\/li>\n<li style='margin-bottom: 5px;'>Se puede instalar en un cuarto frio&comma; el ventilador y calefactor permitiran que la c\u00e1mara se mantenga en las condiciones de operaci\u00f3n necesaria. El parabrisas permitira limpiar el cristal si se llega a empa\u00f1ar por condensaci\u00f3n con esto asegurar\u00e1 una evidencia de alta calidad.<\/li>\n<\/ul><\/div>\n<\/p><\/div>\n<\/p><\/div>\n<\/p><\/div>\n<p> <!-- Consideraciones importantes --> <\/p>\n<div style='margin-top: 30px;'>\n<div style='border: 1px solid rgba(150&comma; 150&comma; 150&comma; 0.4); border-radius: 8px; overflow: hidden;'>\n<div style='padding: 15px; border-bottom: 1px solid rgba(150&comma; 150&comma; 150&comma; 0.2); font-weight: bold; font-size: 18px; background-color: #df001e; color: white; border-bottom: 1px solid #a80000;'>Consideraciones importantes<\/div>\n<div style='padding: 15px; background-color: transparent;'>\n<ul style='padding-left: 20px; margin: 0; font-size: 14px; list-style-type: disc; font-family: Verdana&comma; Geneva&comma; sans-serif;'>\n<li style='margin-bottom: 5px;'>Este kit es ideal para cuartos frios&comma; permitira tener un video claro y si se empa\u00f1a el lente por fuera el parabrisas permite limpiarlo&comma; internamente el ventilador y calefactor evitaran que se empa\u00f1e desde adentro.<\/li>\n<li style='margin-bottom: 5px;'>El gabinete requiere una fuente de 24vca puede utilizar RT2460L.<\/li>\n<li style='margin-bottom: 5px;'>Incluye el brazo para el gabinete.<\/li>\n<li style='margin-bottom: 5px;'>Incluye lente varifocal para ajustar de manera manual el campo de visi\u00f3n.<\/li>\n<li style='margin-bottom: 5px;'>La c\u00e1mara IP se puede a\u00f1adir a un NVR o DVR de 2MP<\/li>\n<\/ul><\/div>\n<\/p><\/div>\n<\/p><\/div>\n<\/p><\/div>\n","protected":false},"excerpt":{"rendered":"<p>Kit de C\u00e1mara IP con Gabinete para Cuartos Frios con Ventilador, Calefacci\u00f3n y Parabrisas Incluye Lente varifocal<\/p>\n","protected":false},"featured_media":101549,"comment_status":"open","ping_status":"closed","template":"","meta":[],"product_brand":[],"product_cat":[2341],"product_tag":[122,54,2342],"class_list":{"0":"post-101550","1":"product","2":"type-product","3":"status-publish","4":"has-post-thumbnail","6":"product_cat-profesionales-caja","7":"product_tag-camaras-ip-y-nvrs","8":"product_tag-hikvision","9":"product_tag-profesionales-caja","11":"first","12":"instock","13":"sale","14":"shipping-taxable","15":"purchasable","16":"product-type-simple"},"_links":{"self":[{"href":"https:\/\/soydeaqui.ddns.net\/pachuca\/index.php\/wp-json\/wp\/v2\/product\/101550","targetHints":{"allow":["GET"]}}],"collection":[{"href":"https:\/\/soydeaqui.ddns.net\/pachuca\/index.php\/wp-json\/wp\/v2\/product"}],"about":[{"href":"https:\/\/soydeaqui.ddns.net\/pachuca\/index.php\/wp-json\/wp\/v2\/types\/product"}],"replies":[{"embeddable":true,"href":"https:\/\/soydeaqui.ddns.net\/pachuca\/index.php\/wp-json\/wp\/v2\/comments?post=101550"}],"wp:featuredmedia":[{"embeddable":true,"href":"https:\/\/soydeaqui.ddns.net\/pachuca\/index.php\/wp-json\/wp\/v2\/media\/101549"}],"wp:attachment":[{"href":"https:\/\/soydeaqui.ddns.net\/pachuca\/index.php\/wp-json\/wp\/v2\/media?parent=101550"}],"wp:term":[{"taxonomy":"product_brand","embeddable":true,"href":"https:\/\/soydeaqui.ddns.net\/pachuca\/index.php\/wp-json\/wp\/v2\/product_brand?post=101550"},{"taxonomy":"product_cat","embeddable":true,"href":"https:\/\/soydeaqui.ddns.net\/pachuca\/index.php\/wp-json\/wp\/v2\/product_cat?post=101550"},{"taxonomy":"product_tag","embeddable":true,"href":"https:\/\/soydeaqui.ddns.net\/pachuca\/index.php\/wp-json\/wp\/v2\/product_tag?post=101550"}],"curies":[{"name":"wp","href":"https:\/\/api.w.org\/{rel}","templated":true}]}}