{"id":101510,"date":"2026-03-20T12:04:52","date_gmt":"2026-03-20T12:04:52","guid":{"rendered":"https:\/\/soydeaqui.ddns.net\/pachuca\/index.php\/producto\/soporte-estructural-modular-para-pantallas-altura-ajustable-de-200-mm-a-1600-mm-ancho-600-mm-profundidad-134-mm-a-300-mm-diseno-metalico-compatible-con-diferentes-tamanos-de-pantallas-soport\/"},"modified":"2026-03-20T12:05:03","modified_gmt":"2026-03-20T12:05:03","slug":"soporte-estructural-modular-para-pantallas-altura-ajustable-de-200-mm-a-1600-mm-ancho-600-mm-profundidad-134-mm-a-300-mm-diseno-metalico-compatible-con-diferentes-tamanos-de-pantallas-soport","status":"publish","type":"product","link":"https:\/\/soydeaqui.ddns.net\/pachuca\/index.php\/producto\/soporte-estructural-modular-para-pantallas-altura-ajustable-de-200-mm-a-1600-mm-ancho-600-mm-profundidad-134-mm-a-300-mm-diseno-metalico-compatible-con-diferentes-tamanos-de-pantallas-soport\/","title":{"rendered":"Soporte Estructural Modular para Pantallas | Altura Ajustable de 200 mm a 1600 mm | Ancho 600 mm | Profundidad 134 mm a 300 mm | Dise\u00f1o Met\u00e1lico| Compatible con Diferentes Tama\u00f1os de Pantallas |Soporta Formato Horizontal y Vertical."},"content":{"rendered":"<div style='width: 100%; max-width: 1200px; margin: 0 auto; font-family: sans-serif; line-height: 1.6; color: inherit; background-color: transparent;'>\n<div style='width: 100%; margin-bottom: 30px;'> <img style='width: 100%; height: auto; border: 1px solid rgba(150&comma;150&comma;150&comma;0.3); border-radius: 8px;' src='https:\/\/ftp3.syscom.mx\/usuarios\/albamaria\/albamaria\/NB\/ESTANDAR-VESA.jpg' alt=''> <\/div>\n<div style='display: flex; flex-wrap: wrap; gap: 30px; margin-bottom: 30px;'>\n<div style='flex: 1 1 300px; min-width: 280px;'>\n<h3 style='font-size: 22px; border-bottom: 2px solid currentColor; padding-bottom: 5px; margin-top: 0; color: inherit; opacity: 0.8;'>Caracter\u00edsticas Principales<\/h3>\n<ul style='padding-left: 20px; font-size: 15px; color: inherit;'>\n<li style='margin-bottom: 5px;'><strong>Material:<\/strong> Acero<\/li>\n<li style='margin-bottom: 5px;'><strong>Altura ajustable:<\/strong> Desde 200 mm hasta 1600 mm<\/li>\n<li style='margin-bottom: 5px;'><strong>Ancho total:<\/strong> 600 mm<\/li>\n<li style='margin-bottom: 5px;'><strong>Profundidad ajustable:<\/strong> De 134 mm a 300 mm<\/li>\n<li style='margin-bottom: 5px;'><strong>Dise\u00f1o:<\/strong> Met\u00e1lico robusto para una instalaci\u00f3n estable<\/li>\n<li style='margin-bottom: 5px;'><strong>Montaje:<\/strong> Ajustable para distintos tama\u00f1os de pantalla<\/li>\n<li style='margin-bottom: 5px;'><strong>Puntos de fijaci\u00f3n:<\/strong> M\u00faltiples para mayor seguridad<\/li>\n<\/ul><\/div>\n<div style='flex: 1 1 300px; min-width: 280px;'>\n<h3 style='font-size: 22px; border-bottom: 2px solid currentColor; padding-bottom: 5px; margin-top: 0; color: inherit; opacity: 0.8;'>Especificaciones<\/h3>\n<ul style='padding-left: 20px; font-size: 15px; color: inherit;'>\n<li style='margin-bottom: 5px;'><strong>Altura total:<\/strong> 1600 mm (63.01 pulgadas)<\/li>\n<li style='margin-bottom: 5px;'><strong>Anchura:<\/strong> 600 mm (23.6 pulgadas)<\/li>\n<li style='margin-bottom: 5px;'><strong>Profundidad m\u00e1xima:<\/strong> 300 mm (11.8 pulgadas)<\/li>\n<li style='margin-bottom: 5px;'><strong>Profundidad m\u00ednima:<\/strong> 134 mm (5.3 pulgadas)<\/li>\n<li style='margin-bottom: 5px;'><strong>Espesor de material:<\/strong> 10.2 mm (0.4 pulgadas)<\/li>\n<\/ul><\/div>\n<div style='flex: 1 1 300px; min-width: 280px;'>\n<h3 style='font-size: 22px; border-bottom: 2px solid currentColor; padding-bottom: 5px; margin-top: 0; color: inherit; opacity: 0.8;'>Interfaces y Conectividad<\/h3>\n<ul style='padding-left: 20px; font-size: 15px; color: inherit;'>\n<li style='margin-bottom: 5px;'><strong>Fijaciones:<\/strong> M\u00faltiples puntos para un montaje seguro<\/li>\n<li style='margin-bottom: 5px;'><strong>Distancias de montaje:<\/strong> 400 mm&comma; 600 mm&comma; 800 mm&comma; 1000 mm&comma; 1200 mm&comma; 1400 mm&comma; 1600 mm<\/li>\n<\/ul><\/div>\n<\/p><\/div>\n<div style='display: flex; flex-wrap: wrap; gap: 20px; margin-bottom: 30px;'>\n<div style='flex: 1 1 250px; border: 1px solid rgba(150&comma; 150&comma; 150&comma; 0.4); border-radius: 8px; overflow: hidden; display: flex; flex-direction: column;'>\n<div style='padding: 15px; border-bottom: 1px solid rgba(150&comma; 150&comma; 150&comma; 0.2); font-weight: bold; font-size: 18px; color: inherit;'>Aplicaciones<\/div>\n<div style='padding: 15px; color: inherit;'>\n<ul style='padding-left: 20px; margin: 0; font-size: 14px; list-style-type: disc;'>\n<li style='margin-bottom: 5px;'><strong>Instalaci\u00f3n de Pantallas:<\/strong> Ideal para entornos comerciales&comma; educativos y de entretenimiento.<\/li>\n<li style='margin-bottom: 5px;'><strong>Montaje de Paneles:<\/strong> Perfecto para estructuras informativas o publicitarias.<\/li>\n<li style='margin-bottom: 5px;'><strong>Uso en Eventos:<\/strong> Excelente para montajes seguros y r\u00e1pidos en conferencias y ferias.<\/li>\n<\/ul><\/div>\n<\/p><\/div>\n<div style='flex: 1 1 250px; border: 1px solid rgba(150&comma; 150&comma; 150&comma; 0.4); border-radius: 8px; overflow: hidden; display: flex; flex-direction: column;'>\n<div style='padding: 15px; border-bottom: 1px solid rgba(150&comma; 150&comma; 150&comma; 0.2); font-weight: bold; font-size: 18px; color: inherit;'>Advertencia de Seguridad<\/div>\n<div style='padding: 15px; color: inherit; font-size: 14px;'> La estructura de la pared debe ser capaz de soportar al menos cinco veces el peso del panel plano. Si no&comma; la estructura de la pared debe ser reforzada. <\/div>\n<\/p><\/div>\n<\/p><\/div>\n<hr style='border: 0; border-top: 1px solid rgba(150&comma; 150&comma; 150&comma; 0.3); margin: 30px 0;'> <\/div>\n","protected":false},"excerpt":{"rendered":"<p>Soporte Estructural Modular para Pantallas | Altura Ajustable de 200 mm a 1600 mm | Ancho 600 mm | Profundidad 134 mm a 300 mm | Dise\u00f1o Met\u00e1lico| Compatible con Diferentes Tama\u00f1os de Pantallas |Soporta Formato Horizontal y Vertical.<\/p>\n","protected":false},"featured_media":101509,"comment_status":"open","ping_status":"closed","template":"","meta":[],"product_brand":[],"product_cat":[2088],"product_tag":[181,2089,2090],"class_list":{"0":"post-101510","1":"product","2":"type-product","3":"status-publish","4":"has-post-thumbnail","6":"product_cat-videowall-seguridad","7":"product_tag-epcom-industrial","8":"product_tag-monitores-pantallas-y-mobiliario","9":"product_tag-videowall-seguridad","11":"first","12":"instock","13":"sale","14":"shipping-taxable","15":"purchasable","16":"product-type-simple"},"_links":{"self":[{"href":"https:\/\/soydeaqui.ddns.net\/pachuca\/index.php\/wp-json\/wp\/v2\/product\/101510","targetHints":{"allow":["GET"]}}],"collection":[{"href":"https:\/\/soydeaqui.ddns.net\/pachuca\/index.php\/wp-json\/wp\/v2\/product"}],"about":[{"href":"https:\/\/soydeaqui.ddns.net\/pachuca\/index.php\/wp-json\/wp\/v2\/types\/product"}],"replies":[{"embeddable":true,"href":"https:\/\/soydeaqui.ddns.net\/pachuca\/index.php\/wp-json\/wp\/v2\/comments?post=101510"}],"wp:featuredmedia":[{"embeddable":true,"href":"https:\/\/soydeaqui.ddns.net\/pachuca\/index.php\/wp-json\/wp\/v2\/media\/101509"}],"wp:attachment":[{"href":"https:\/\/soydeaqui.ddns.net\/pachuca\/index.php\/wp-json\/wp\/v2\/media?parent=101510"}],"wp:term":[{"taxonomy":"product_brand","embeddable":true,"href":"https:\/\/soydeaqui.ddns.net\/pachuca\/index.php\/wp-json\/wp\/v2\/product_brand?post=101510"},{"taxonomy":"product_cat","embeddable":true,"href":"https:\/\/soydeaqui.ddns.net\/pachuca\/index.php\/wp-json\/wp\/v2\/product_cat?post=101510"},{"taxonomy":"product_tag","embeddable":true,"href":"https:\/\/soydeaqui.ddns.net\/pachuca\/index.php\/wp-json\/wp\/v2\/product_tag?post=101510"}],"curies":[{"name":"wp","href":"https:\/\/api.w.org\/{rel}","templated":true}]}}