{"id":101506,"date":"2026-03-20T12:04:41","date_gmt":"2026-03-20T12:04:41","guid":{"rendered":"https:\/\/soydeaqui.ddns.net\/pachuca\/index.php\/producto\/acusearch-nvr-12-megapixel-4k-4-canales-ip-4-puertos-poe-reconocimiento-facial-acusense-evita-falsas-alarmas-1-bahias-de-disco-duro-hdmi-en-4k-300-metros-poe-modo-extendido-2\/"},"modified":"2026-03-20T12:04:42","modified_gmt":"2026-03-20T12:04:42","slug":"acusearch-nvr-12-megapixel-4k-4-canales-ip-4-puertos-poe-reconocimiento-facial-acusense-evita-falsas-alarmas-1-bahias-de-disco-duro-hdmi-en-4k-300-metros-poe-modo-extendido-2","status":"publish","type":"product","link":"https:\/\/soydeaqui.ddns.net\/pachuca\/index.php\/producto\/acusearch-nvr-12-megapixel-4k-4-canales-ip-4-puertos-poe-reconocimiento-facial-acusense-evita-falsas-alarmas-1-bahias-de-disco-duro-hdmi-en-4k-300-metros-poe-modo-extendido-2\/","title":{"rendered":"[Acusearch] NVR 12 Megap\u00edxel (4K) \/ 4 canales IP \/ 4 Puertos PoE+ \/ Reconocimiento Facial \/ AcuSense (Evita Falsas Alarmas) \/ 1 Bah\u00edas de Disco Duro \/ HDMI en 4K \/ 300 Metros PoE Modo Extendido"},"content":{"rendered":"<div style='width: 100%; max-width: 1200px; margin: 0 auto; font-family: sans-serif; line-height: 1.6; color: inherit; background-color: transparent;'> <!-- Banner Inicial --> <\/p>\n<div style='text-align: center; margin: 20px 0;'> <img style='width: 45%; height: auto; border: 1px solid rgba(150&comma;150&comma;150&comma;0.3); border-radius: 8px;' src='https:\/\/ftp3.syscom.mx\/usuarios\/jsosa\/HIKVISION\/imagenes\/logo\/hikvision%20see%20far.png' alt='Banner Inicial'> <\/div>\n<p> <!-- Videos --> <\/p>\n<div style='display: flex; flex-wrap: wrap; gap: 30px; margin: 30px 0;'>\n<div style='flex: 1 1 500px; min-width: 300px;'>\n<h3 style='font-size: 20px; border-bottom: 2px solid currentColor; padding-bottom: 5px; margin-top: 0; color: inherit; opacity: 0.8; text-align: center;'>Smart Search + AcuSearch<\/h3>\n<div style='position: relative; padding-bottom: 56.25%; height: 0; overflow: hidden; margin-bottom: 30px;'>   <\/div>\n<\/p><\/div>\n<div style='flex: 1 1 500px; min-width: 300px;'>\n<h3 style='font-size: 20px; border-bottom: 2px solid currentColor; padding-bottom: 5px; margin-top: 0; color: inherit; opacity: 0.8; text-align: center;'>Compatibilidad AcuSearch<\/h3>\n<p> <a href='https:\/\/ftp3.syscom.mx\/usuarios\/fcarrillo\/Hikvision\/Specs\/Compatibilidad%20Acusearch.pdf' target='_blank' rel='noopener' style='display: block; text-align: center; margin: 10px 0; color: #0d6efd; text-decoration: none;'>Ver lista de compatibilidad<\/a> <img style='width: 100%; height: auto; border: 1px solid rgba(150&comma;150&comma;150&comma;0.3); border-radius: 8px;' src='https:\/\/ftp3.syscom.mx\/usuarios\/fcarrillo\/Hikvision\/GIF\/Acusearch2.gif' alt='GIF Compatibilidad AcuSearch' width='600' height='338'> <\/div>\n<\/p><\/div>\n<p> <!-- Especificaciones --> <\/p>\n<div style='text-align: center; margin: 30px 0;'>\n<h1 style='color: #232a6f; font-size: 32px; margin: 0;'>Especif\u00edcaciones<\/h1>\n<\/p><\/div>\n<p> <!-- Caracter\u00edsticas Principales y F\u00edsicas --> <\/p>\n<div style='display: flex; flex-wrap: wrap; gap: 30px; margin: 30px 0;'>\n<div style='flex: 1 1 400px; min-width: 300px;'>\n<div style='border: 1px solid rgba(150&comma;150&comma;150&comma;0.4); border-radius: 16px; overflow: hidden; background: white;'>\n<div style='padding: 15px; background: #df001e; border-bottom: 1px solid #a80000; font-weight: bold; font-size: 18px; color: white;'>Caracter\u00edsticas Principales<\/div>\n<div style='padding: 15px;'>\n<ul style='padding-left: 20px; margin: 0; font-size: 14px; list-style-type: disc;'>\n<li style='margin-bottom: 5px;'><strong>Compresi\u00f3n de v\u00eddeo:<\/strong> H.265+ \/ H.265 \/ H.264+ \/ H.264<\/li>\n<li style='margin-bottom: 5px;'><strong>Puertos PoE:<\/strong> 4 Puertos PoE Interconstruidos 802.3 af\/at<\/li>\n<li style='margin-bottom: 5px;'><strong>Potencia PoE:<\/strong> 50 watts total en sus puertos PoE+<\/li>\n<li style='margin-bottom: 5px;'><strong>Operaci\u00f3n:<\/strong> Soporta mouse USB para operar (incluido)<\/li>\n<li style='margin-bottom: 5px;'><strong>Almacenamiento:<\/strong> Soporta 1 HDD de hasta 16 TB (no incluido)<\/li>\n<li style='margin-bottom: 5px;'><strong>ANR:<\/strong> Soporta tecnolog\u00eda ANR con c\u00e1mara IP HIKVISION cuando la red esta desconectada<\/li>\n<li style='margin-bottom: 5px;'><strong>DDNS:<\/strong> Soporta DDNS (Hik-Connect&comma; DynDNS&comma; No-IP&comma; etc)<\/li>\n<li style='margin-bottom: 5px;'><strong>Hik-Connect:<\/strong> Soporta Hik-Connect (P2P) <a href='https:\/\/appstore.hikvision.com\/' target='_blank' rel='noopener' style='color: #0d6efd; text-decoration: none;'>https:\/\/appstore.hikvision.com\/<\/a><\/li>\n<li style='margin-bottom: 5px;'><strong>Acceso remoto:<\/strong> V\u00eda tel\u00e9fono: Android&comma; iPhone&comma; iPad (Hik-Connect)<\/li>\n<li style='margin-bottom: 5px;'><strong>Navegadores:<\/strong> Compatibilidad con navegadores EDGE (ietab)&comma; Chrome<\/li>\n<li style='margin-bottom: 5px;'><strong>Software:<\/strong> Software cliente IVMS-4200 (gratuito)<\/li>\n<\/ul><\/div>\n<\/p><\/div>\n<\/p><\/div>\n<div style='flex: 1 1 400px; min-width: 300px;'>\n<div style='border: 1px solid rgba(150&comma;150&comma;150&comma;0.4); border-radius: 16px; overflow: hidden; background: white;'>\n<div style='padding: 15px; background: #df001e; border-bottom: 1px solid #a80000; font-weight: bold; font-size: 18px; color: white;'>Caracter\u00edsticas F\u00edsicas y El\u00e9ctricas<\/div>\n<div style='padding: 15px;'>\n<ul style='padding-left: 20px; margin: 0; font-size: 14px; list-style-type: disc;'>\n<li style='margin-bottom: 5px;'><strong>Dimensiones:<\/strong> 320 x 240 x 48mm<\/li>\n<li style='margin-bottom: 5px;'><strong>Alimentaci\u00f3n:<\/strong> 48 VDC \/ 1.35 A \/ 10 W (sin discos duros)<\/li>\n<li style='margin-bottom: 5px;'><strong>Temperatura de operaci\u00f3n:<\/strong> -10\u00b0C a 55\u00b0C<\/li>\n<li style='margin-bottom: 5px;'><strong>Peso:<\/strong> 1 Kg sin HDD<\/li>\n<li style='margin-bottom: 5px;'><strong>Compatible con gabinete:<\/strong> <a href='https:\/\/www.syscom.mx\/principal\/searchcont?route=GABVID2R3-EPCOM-INDUSTRIAL-207362&#038;autodetect=GABVID2R3' target='_blank' rel='noopener' style='color: #0d6efd; text-decoration: none;'>GABVID2R3<\/a><\/li>\n<\/ul><\/div>\n<\/p><\/div>\n<\/p><\/div>\n<\/p><\/div>\n<p> <!-- Interfaces y Funciones --> <\/p>\n<div style='display: flex; flex-wrap: wrap; gap: 30px; margin: 30px 0;'>\n<div style='flex: 1 1 400px; min-width: 300px;'>\n<div style='border: 1px solid rgba(150&comma;150&comma;150&comma;0.4); border-radius: 16px; overflow: hidden; background: white;'>\n<div style='padding: 15px; background: #df001e; border-bottom: 1px solid #a80000; font-weight: bold; font-size: 18px; color: white;'>Interfaces Entradas y Salidas<\/div>\n<div style='padding: 15px;'>\n<ul style='padding-left: 20px; margin: 0; font-size: 14px; list-style-type: disc;'>\n<li style='margin-bottom: 5px;'><strong>Salida de video:<\/strong> Salida simultanea HDMI y VGA<\/li>\n<li style='margin-bottom: 5px;'><strong>Resoluci\u00f3n HDMI:<\/strong> 4K \/ 1080p \/ 720p<\/li>\n<li style='margin-bottom: 5px;'><strong>Resoluci\u00f3n VGA:<\/strong> 1080p&comma; 720p<\/li>\n<li style='margin-bottom: 5px;'><strong>Entrada de Audio:<\/strong> 1 Canal<\/li>\n<li style='margin-bottom: 5px;'><strong>Salida de Audio:<\/strong> 1 Canal<\/li>\n<li style='margin-bottom: 5px;'><strong>Entrada de Alarma:<\/strong> No aplica<\/li>\n<li style='margin-bottom: 5px;'><strong>Salida de Alarma:<\/strong> No aplica<\/li>\n<li style='margin-bottom: 5px;'><strong>Audio bidireccional:<\/strong> Soporta audio bidireccional (audio de dos v\u00edas)<\/li>\n<\/ul><\/div>\n<\/p><\/div>\n<\/p><\/div>\n<div style='flex: 1 1 400px; min-width: 300px;'>\n<div style='border: 1px solid rgba(150&comma;150&comma;150&comma;0.4); border-radius: 16px; overflow: hidden; background: white;'>\n<div style='padding: 15px; background: #df001e; border-bottom: 1px solid #a80000; font-weight: bold; font-size: 18px; color: white;'>Funci\u00f3n de Grabaci\u00f3n y Visualizaci\u00f3n<\/div>\n<div style='padding: 15px;'>\n<ul style='padding-left: 20px; margin: 0; font-size: 14px; list-style-type: disc;'>\n<li style='margin-bottom: 5px;'><strong>Detecci\u00f3n de movimiento:<\/strong> Multizona<\/li>\n<li style='margin-bottom: 5px;'><strong>Zoom digital:<\/strong> En visualizaci\u00f3n y grabaci\u00f3n<\/li>\n<li style='margin-bottom: 5px;'><strong>Dual stream:<\/strong> Main stream y sub stream<\/li>\n<li style='margin-bottom: 5px;'><strong>Reproducci\u00f3n:<\/strong> Avance r\u00e1pido&comma; lento&comma; cuadro a cuadro&comma; etc<\/li>\n<li style='margin-bottom: 5px;'><strong>Discos duros:<\/strong> Soporta tecnolog\u00eda S.M.A.R.T.<\/li>\n<li style='margin-bottom: 5px;'><strong>Grabaci\u00f3n:<\/strong> Tiempo real&comma; manual&comma; videosensor&comma; videosensor y alarma&comma; videosensor o alarma<\/li>\n<li style='margin-bottom: 5px;'><strong>Modo de grabaci\u00f3n:<\/strong> C\u00edclica (sobreescritura) y no c\u00edclica<\/li>\n<\/ul><\/div>\n<\/p><\/div>\n<\/p><\/div>\n<\/p><\/div>\n<p> <!-- Procesamiento y Resoluci\u00f3n --> <\/p>\n<div style='display: flex; flex-wrap: wrap; gap: 30px; margin: 30px 0;'>\n<div style='flex: 1 1 400px; min-width: 300px;'>\n<div style='border: 1px solid rgba(150&comma;150&comma;150&comma;0.4); border-radius: 16px; overflow: hidden; background: white;'>\n<div style='padding: 15px; background: #df001e; border-bottom: 1px solid #a80000; font-weight: bold; font-size: 18px; color: white;'>Capacidad de Procesamiento y Funciones de red<\/div>\n<div style='padding: 15px;'>\n<ul style='padding-left: 20px; margin: 0; font-size: 14px; list-style-type: disc;'>\n<li style='margin-bottom: 5px;'><strong>Throughput entrada:<\/strong> 40 Mbps<\/li>\n<li style='margin-bottom: 5px;'><strong>Throughput salida:<\/strong> 80 Mbps<\/li>\n<li style='margin-bottom: 5px;'><strong>Puerto de red:<\/strong> 1 puerto RJ-45: 10 \/ 100 \/ 1000 Mbps (LAN)<\/li>\n<\/ul><\/div>\n<\/p><\/div>\n<\/p><\/div>\n<div style='flex: 1 1 400px; min-width: 300px;'>\n<div style='border: 1px solid rgba(150&comma;150&comma;150&comma;0.4); border-radius: 16px; overflow: hidden; background: white;'>\n<div style='padding: 15px; background: #df001e; border-bottom: 1px solid #a80000; font-weight: bold; font-size: 18px; color: white;'>Resoluci\u00f3n de Grabaci\u00f3n por Canal (Recomendado con H.265)<\/div>\n<div style='padding: 15px;'>\n<ul style='padding-left: 20px; margin: 0; font-size: 14px; list-style-type: disc;'>\n<li style='margin-bottom: 5px;'>2 MP (1080P): 32 Canales &#8211; 30 IPS<\/li>\n<li style='margin-bottom: 5px;'>4 MP: 32 Canales &#8211; 30 IPS<\/li>\n<li style='margin-bottom: 5px;'>5 MP: 32 Canales &#8211; 30 IPS<\/li>\n<li style='margin-bottom: 5px;'>6 MP: 32 Canales &#8211; 30 IPS<\/li>\n<li style='margin-bottom: 5px;'>4K (8 MP): 32 Canales &#8211; 30 IPS<\/li>\n<li style='margin-bottom: 5px;'>8K (12 MP): 32 Canales &#8211; 22 IPS<\/li>\n<li style='margin-bottom: 5px;'><strong>Reproducci\u00f3n:<\/strong> S\u00edncrona en canales: 16 Canales<\/li>\n<\/ul><\/div>\n<\/p><\/div>\n<\/p><\/div>\n<\/p><\/div>\n<p> <!-- Caracter\u00edsticas Destacadas --> <\/p>\n<div style='margin: 30px 0;'>\n<div style='border: 1px solid rgba(150&comma;150&comma;150&comma;0.4); border-radius: 16px; overflow: hidden; background: white;'>\n<div style='padding: 15px; background: #df001e; border-bottom: 1px solid #a80000; font-weight: bold; font-size: 18px; color: white;'>Caracter\u00edsticas destacadas<\/div>\n<div style='padding: 15px;'>\n<div style='margin-top: 0; margin-bottom: 1rem;'>\n<h4 style='font-weight: bold; font-size: 16px; margin-top: 0; margin-bottom: 10px; color: inherit;'>AcuSearch<\/h4>\n<ul style='padding-left: 20px; margin: 0 0 15px 20px; font-size: 14px; list-style-type: circle;'>\n<li style='margin-bottom: 5px;'>Si las c\u00e1maras admiten la tecnolog\u00eda Hikvision AcuSense y tienen habilitada la funci\u00f3n AcuSearch&comma; el NVR admite AcuSearch en todos los canales<\/li>\n<\/ul><\/div>\n<div style='margin-top: 0; margin-bottom: 1rem;'>\n<h4 style='font-weight: bold; font-size: 16px; margin-top: 0; margin-bottom: 10px; color: inherit;'>Reconocimiento Facial<\/h4>\n<ul style='padding-left: 20px; margin: 0 0 15px 20px; font-size: 14px; list-style-type: circle;'>\n<li style='margin-bottom: 5px;'>Hasta 16 librer\u00edas con un m\u00e1ximo de 50&comma;000 rostros en total<\/li>\n<li style='margin-bottom: 5px;'>Cada fotograf\u00eda debe de pesar m\u00e1ximo 1 GB<\/li>\n<li style='margin-bottom: 5px;'>Cuando la c\u00e1mara detecta un rostro y coincidente con la base de datos&comma; se puede: activar la grabaci\u00f3n&comma; notificar al software remoto (iVMS-4200)&comma; enviar un email&comma; activar una salida de alarma&comma; etc.<\/li>\n<li style='margin-bottom: 5px;'>Soporta 4 canales de video con reconocimiento facial&comma; podemos usar c\u00e1maras: IDS-2CD7 \/ DS-2CD3XXG2 \/ DS-2CD3XX7G2 (que soporte captura facial)<\/li>\n<li style='margin-bottom: 5px;'>Soporta 2 c\u00e1maras de 4MP con detecci\u00f3n facial&comma; podemos usar c\u00e1maras: DS-2CD3XXG2 \/ DS-2CD3XX7G2 (que soporte captura facial)<\/li>\n<li style='margin-bottom: 5px;'>Soporta 1 c\u00e1mara de 6MP y 8MP con detecci\u00f3n facial&comma; podemos usar c\u00e1maras: DS-2CD3XXG2 \/ DS-2CD3XX7G2 (que soporte captura facial)<\/li>\n<\/ul><\/div>\n<div style='margin-top: 0; margin-bottom: 1rem;'>\n<h4 style='font-weight: bold; font-size: 16px; margin-top: 0; margin-bottom: 10px; color: inherit;'>ACUSENSE (Filtro de Falsas Alarmas)<\/h4>\n<ul style='padding-left: 20px; margin: 0 0 15px 20px; font-size: 14px; list-style-type: circle;'>\n<li style='margin-bottom: 5px;'>Con tecnolog\u00eda ACUSENSE podemos evitar falsas alarmas como movimiento de arboles&comma; animales&comma; etc.<\/li>\n<li style='margin-bottom: 5px;'>Al activar la tecnolog\u00eda ACUSENSE solo detecta cuerpo humano y veh\u00edculos para detectar realmente eventos importantes y as\u00ed eliminar falsas alarmas<\/li>\n<li style='margin-bottom: 5px;'>Soporta hasta 4 canales con ACUSENSE utilizando c\u00e1maras: DS-2CD2XX7G2 \/ DS-2CD2XX3G2 \/ IDS-2CD7 \/ DS-2CD3XXG2 \/ DS-2CD3XX7G2 (que soporte ACUSENSE)<\/li>\n<li style='margin-bottom: 5px;'>Soporta hasta 4 canales con la tecnolog\u00eda ACUSENSE Lite (humano y vehiculo pero con detecci\u00f3n de movimiento&comma; no anal\u00edticos) usando c\u00e1maras DS-2CD1XX3G2 y DS-2CD1XX3G7G2 (que soporte ACUSENSE Lite)<\/li>\n<\/ul><\/div>\n<p style='margin-top: 0; margin-bottom: 1rem; font-size: 14px; color: inherit;'><strong>Nota:<\/strong> Solo es posible habilitar reconocimiento facial o ACUSENSE (no se puede tener ambos al mismo tiempo)<\/p>\n<div style='margin-top: 0; margin-bottom: 1rem;'>\n<h4 style='font-weight: bold; font-size: 16px; margin-top: 0; margin-bottom: 10px; color: inherit;'>PoE con Modo Extendido<\/h4>\n<ul style='padding-left: 20px; margin: 0 0 15px 20px; font-size: 14px; list-style-type: circle;'>\n<li style='margin-bottom: 5px;'>200 Metros: serie 1 (DS-2CD1XX3GO&comma; DS-2CD1XXX3G2&comma; DS-2CD1XX7G2)<\/li>\n<li style='margin-bottom: 5px;'>250 Metros: serie 2 en 2 Megapixel (DS-2CD2XX23G2)<\/li>\n<li style='margin-bottom: 5px;'>300 Metros: serie 2&comma; serie 3 y serie 7 (DS-2CD2XX3G2&comma; DS-2CD2XX7G2&comma; DS-2CD3XX3G2&comma; DS-2CD3XX7G2&comma; IDS-7XX7&comma; IDS2CD7XX5&comma; IDS-2CD7XX6)<\/li>\n<\/ul><\/div>\n<\/p><\/div>\n<\/p><\/div>\n<\/p><\/div>\n<p> <!-- Videos adicionales --> <\/p>\n<div style='display: flex; flex-wrap: wrap; gap: 30px; margin: 30px 0;'>\n<div style='flex: 1 1 500px; min-width: 300px;'>\n<h3 style='font-size: 20px; border-bottom: 2px solid currentColor; padding-bottom: 5px; margin-top: 0; color: inherit; opacity: 0.8; text-align: center;'>AcuSense \u00c1reas Restringidas<\/h3>\n<div style='position: relative; padding-bottom: 56.25%; height: 0; overflow: hidden; margin-bottom: 30px;'>   <\/div>\n<\/p><\/div>\n<div style='flex: 1 1 500px; min-width: 300px;'>\n<h3 style='font-size: 20px; border-bottom: 2px solid currentColor; padding-bottom: 5px; margin-top: 0; color: inherit; opacity: 0.8; text-align: center;'>AcuSense Almacenes<\/h3>\n<div style='position: relative; padding-bottom: 56.25%; height: 0; overflow: hidden; margin-bottom: 30px;'>   <\/div>\n<\/p><\/div>\n<\/p><\/div>\n<p> <!-- Banner Final --> <\/p>\n<div style='text-align: center; margin: 30px 0;'> <img style='width: 100%; height: auto; border: 1px solid rgba(150&comma;150&comma;150&comma;0.3); border-radius: 8px;' src='https:\/\/ftp3.syscom.mx\/usuarios\/jsosa\/HIKVISION\/imagenes\/banners\/solution%20complete.png' alt='Banner Final'> <\/div>\n<\/p><\/div>\n","protected":false},"excerpt":{"rendered":"<p>[Acusearch] NVR 12 Megap\u00edxel (4K) \/ 4 canales IP \/ 4 Puertos PoE+ \/ Reconocimiento Facial \/ AcuSense (Evita Falsas Alarmas) \/ 1 Bah\u00edas de Disco Duro \/ HDMI en 4K \/ 300 Metros PoE Modo Extendido<\/p>\n","protected":false},"featured_media":101505,"comment_status":"open","ping_status":"closed","template":"","meta":[],"product_brand":[],"product_cat":[2234],"product_tag":[122,54,2235],"class_list":{"0":"post-101506","1":"product","2":"type-product","3":"status-publish","4":"has-post-thumbnail","6":"product_cat-nvrs-network-video-recorders","7":"product_tag-camaras-ip-y-nvrs","8":"product_tag-hikvision","9":"product_tag-nvrs-network-video-recorders","11":"first","12":"instock","13":"sale","14":"shipping-taxable","15":"purchasable","16":"product-type-simple"},"_links":{"self":[{"href":"https:\/\/soydeaqui.ddns.net\/pachuca\/index.php\/wp-json\/wp\/v2\/product\/101506","targetHints":{"allow":["GET"]}}],"collection":[{"href":"https:\/\/soydeaqui.ddns.net\/pachuca\/index.php\/wp-json\/wp\/v2\/product"}],"about":[{"href":"https:\/\/soydeaqui.ddns.net\/pachuca\/index.php\/wp-json\/wp\/v2\/types\/product"}],"replies":[{"embeddable":true,"href":"https:\/\/soydeaqui.ddns.net\/pachuca\/index.php\/wp-json\/wp\/v2\/comments?post=101506"}],"wp:featuredmedia":[{"embeddable":true,"href":"https:\/\/soydeaqui.ddns.net\/pachuca\/index.php\/wp-json\/wp\/v2\/media\/101505"}],"wp:attachment":[{"href":"https:\/\/soydeaqui.ddns.net\/pachuca\/index.php\/wp-json\/wp\/v2\/media?parent=101506"}],"wp:term":[{"taxonomy":"product_brand","embeddable":true,"href":"https:\/\/soydeaqui.ddns.net\/pachuca\/index.php\/wp-json\/wp\/v2\/product_brand?post=101506"},{"taxonomy":"product_cat","embeddable":true,"href":"https:\/\/soydeaqui.ddns.net\/pachuca\/index.php\/wp-json\/wp\/v2\/product_cat?post=101506"},{"taxonomy":"product_tag","embeddable":true,"href":"https:\/\/soydeaqui.ddns.net\/pachuca\/index.php\/wp-json\/wp\/v2\/product_tag?post=101506"}],"curies":[{"name":"wp","href":"https:\/\/api.w.org\/{rel}","templated":true}]}}