{"id":101496,"date":"2026-03-20T12:04:17","date_gmt":"2026-03-20T12:04:17","guid":{"rendered":"https:\/\/soydeaqui.ddns.net\/pachuca\/index.php\/producto\/acusearch-nvr-12-megapixel-4k-16-canales-ip-16-puertos-poe-10-100-mbps-reconocimiento-facial-acusense-2-bahias-para-hdd-de-16-tb-hdmi-4k-alarmas-i-o\/"},"modified":"2026-03-20T12:04:18","modified_gmt":"2026-03-20T12:04:18","slug":"acusearch-nvr-12-megapixel-4k-16-canales-ip-16-puertos-poe-10-100-mbps-reconocimiento-facial-acusense-2-bahias-para-hdd-de-16-tb-hdmi-4k-alarmas-i-o","status":"publish","type":"product","link":"https:\/\/soydeaqui.ddns.net\/pachuca\/index.php\/producto\/acusearch-nvr-12-megapixel-4k-16-canales-ip-16-puertos-poe-10-100-mbps-reconocimiento-facial-acusense-2-bahias-para-hdd-de-16-tb-hdmi-4k-alarmas-i-o\/","title":{"rendered":"[AcuSearch] NVR 12 Megapixel (4K) \/ 16 Canales IP \/ 16 Puertos PoE+ (10\/100 Mbps) \/ Reconocimiento Facial \/ AcuSense \/ 2 Bah\u00edas para HDD de 16 TB \/ HDMI 4K \/ Alarmas I\/O"},"content":{"rendered":"<div style='width: 100%; max-width: 1200px; margin: 0 auto; font-family: sans-serif; line-height: 1.6; color: inherit; background-color: transparent;'> <!-- Banner inicial --> <\/p>\n<p style='text-align: center; margin: 30px 0;'><img style='width: 100%; max-width: 450px; height: auto; border: 1px solid rgba(150&comma;150&comma;150&comma;0.3); border-radius: 8px;' src='https:\/\/ftp3.syscom.mx\/usuarios\/jsosa\/HIKVISION\/imagenes\/logo\/hikvision%20see%20far.png' alt='Hikvision Logo'><\/p>\n<p> <!-- Videos --> <\/p>\n<div style='display: flex; flex-wrap: wrap; gap: 30px; margin: 30px 0;'> <!-- Video 1 --> <\/p>\n<div style='flex: 1 1 48%; min-width: 300px;'>\n<h3 style='font-size: 22px; border-bottom: 2px solid currentColor; padding-bottom: 5px; margin-top: 0; color: inherit; opacity: 0.8; text-align: center;'>Smart Search + AcuSearch<\/h3>\n<div style='position: relative; padding-bottom: 56.25%; height: 0; overflow: hidden; margin-bottom: 30px;'>   <\/div>\n<\/p><\/div>\n<p> <!-- Video 2 --> <\/p>\n<div style='flex: 1 1 48%; min-width: 300px;'>\n<h3 style='font-size: 22px; border-bottom: 2px solid currentColor; padding-bottom: 5px; margin-top: 0; color: inherit; opacity: 0.8; text-align: center;'>Compatibilidad AcuSearch<\/h3>\n<div style='position: relative; padding-bottom: 56.25%; height: 0; overflow: hidden; margin-bottom: 30px;'> <img style='position: absolute; top: 0; left: 0; width: 100%; height: 100%; border: 1px solid rgba(150&comma;150&comma;150&comma;0.3); border-radius: 8px; object-fit: contain;' src='https:\/\/ftp3.syscom.mx\/usuarios\/fcarrillo\/Hikvision\/GIF\/Acusearch2.gif' alt='Compatibilidad AcuSearch'> <\/div>\n<p style='text-align: center; margin-top: 15px;'><a style='color: inherit; text-decoration: underline;' href='https:\/\/ftp3.syscom.mx\/usuarios\/fcarrillo\/Hikvision\/Specs\/Compatibilidad%20AcuSearch.pdf' target='_blank' rel='noopener'>Click aqu\u00ed para ver lista<\/a><\/p>\n<\/p><\/div>\n<\/p><\/div>\n<p> <!-- Especificaciones --> <\/p>\n<h1 style='text-align: center; font-size: 28px; margin: 40px 0 20px; color: inherit;'>Especif\u00edcaciones<\/h1>\n<p> <!-- Caracter\u00edsticas Principales y F\u00edsicas --> <\/p>\n<div style='display: flex; flex-wrap: wrap; gap: 20px; margin: 30px 0;'> <!-- Caracter\u00edsticas Principales --> <\/p>\n<div style='flex: 1 1 45%; min-width: 300px;'>\n<div style='border: 1px solid rgba(150&comma;150&comma;150&comma;0.4); border-radius: 8px; overflow: hidden;'>\n<div style='padding: 15px; background: #df001e; border-bottom: 1px solid rgba(150&comma;150&comma;150&comma;0.2); font-weight: bold; font-size: 18px; color: #ffffff;'>Caracter\u00edsticas Principales:<\/div>\n<div style='padding: 15px;'>\n<ul style='padding-left: 20px; margin: 0; font-size: 14px; list-style-type: disc;'>\n<li style='margin-bottom: 5px;'><span style='font-family: verdana&comma; geneva&comma; sans-serif;'>Compresi\u00f3n de video: H.265+ \/ H.265 \/ H.264+ \/ H.264.<\/span><\/li>\n<li style='margin-bottom: 5px;'><span style='font-family: verdana&comma; geneva&comma; sans-serif;'>16 Puertos PoE Interconstruidos 802.3 af\/at (10\/100 Mbps).<\/span><\/li>\n<li style='margin-bottom: 5px;'><span style='font-family: verdana&comma; geneva&comma; sans-serif;'>200 watts total en sus puertos PoE+.<\/span><\/li>\n<li style='margin-bottom: 5px;'><span style='font-family: verdana&comma; geneva&comma; sans-serif;'>Soporta mouse USB para operar (incluido).<\/span><\/li>\n<li style='margin-bottom: 5px;'><span style='font-family: verdana&comma; geneva&comma; sans-serif;'>Soporta 2 HDD&#8217;s de hasta 16 TB cada uno (no incluido).<\/span><\/li>\n<li style='margin-bottom: 5px;'><a style='color: inherit; text-decoration: underline;' href='https:\/\/appstore.hikvision.com\/' target='_blank' rel='noopener'>Soporta Hik-Connect (P2P)<\/a><\/li>\n<\/ul><\/div>\n<\/p><\/div>\n<\/p><\/div>\n<p> <!-- Caracter\u00edsticas F\u00edsicas y El\u00e9ctricas --> <\/p>\n<div style='flex: 1 1 45%; min-width: 300px;'>\n<div style='border: 1px solid rgba(150&comma;150&comma;150&comma;0.4); border-radius: 8px; overflow: hidden;'>\n<div style='padding: 15px; background: #df001e; border-bottom: 1px solid rgba(150&comma;150&comma;150&comma;0.2); font-weight: bold; font-size: 18px; color: #ffffff;'>Caracter\u00edsticas F\u00edsicas y El\u00e9ctricas:<\/div>\n<div style='padding: 15px;'>\n<ul style='padding-left: 20px; margin: 0; font-size: 14px; list-style-type: disc;'>\n<li style='margin-bottom: 5px;'><span style='font-family: verdana&comma; geneva&comma; sans-serif;'>Dimensiones: 384 mm \u00d7 317 mm \u00d7 52 mm.<\/span><\/li>\n<li style='margin-bottom: 5px;'><span style='font-family: verdana&comma; geneva&comma; sans-serif;'>Alimentaci\u00f3n: 100 a 240 Vca \/ \u226415 W (sin HDD).<\/span><\/li>\n<li style='margin-bottom: 5px;'><span style='font-family: verdana&comma; geneva&comma; sans-serif;'>Temperatura de operaci\u00f3n: -10\u00b0C a 55\u00b0C.<\/span><\/li>\n<li style='margin-bottom: 5px;'><span style='font-family: verdana&comma; geneva&comma; sans-serif;'>Peso: \u22642.5 kg sin HDD.<\/span><\/li>\n<li style='margin-bottom: 5px;'><a style='color: inherit; text-decoration: underline;' href='https:\/\/www.syscom.mx\/principal\/searchcont?route=GABVID2R3-EPCOM-INDUSTRIAL-207362&#038;autodetect=GABVID2R3' target='_blank' rel='noopener'>Compatible con gabinete met\u00e1lico GABVID2R3<\/a><\/li>\n<\/ul><\/div>\n<\/p><\/div>\n<\/p><\/div>\n<\/p><\/div>\n<p> <!-- Interfaces y Funciones de red --> <\/p>\n<div style='display: flex; flex-wrap: wrap; gap: 20px; margin: 30px 0;'> <!-- Interfaces Entradas y Salidas --> <\/p>\n<div style='flex: 1 1 45%; min-width: 300px;'>\n<div style='border: 1px solid rgba(150&comma;150&comma;150&comma;0.4); border-radius: 8px; overflow: hidden;'>\n<div style='padding: 15px; background: #df001e; border-bottom: 1px solid rgba(150&comma;150&comma;150&comma;0.2); font-weight: bold; font-size: 18px; color: #ffffff;'>Interfaces Entradas y Salidas:<\/div>\n<div style='padding: 15px;'>\n<ul style='padding-left: 20px; margin: 0; font-size: 14px; list-style-type: disc;'>\n<li style='margin-bottom: 5px;'><strong><span style='font-family: verdana&comma; geneva&comma; sans-serif;'>Salida independiente HDMI y VGA.<\/span><\/strong><\/li>\n<li style='margin-bottom: 5px;'><span style='font-family: verdana&comma; geneva&comma; sans-serif;'>Resoluci\u00f3n HDMI : 4K (3840\u00d72160)\/30Hz&comma; 2K (2560\u00d71440)\/60Hz&comma; 1080p\/60Hz.<\/span><\/li>\n<li style='margin-bottom: 5px;'><span style='font-family: verdana&comma; geneva&comma; sans-serif;'>Resoluci\u00f3n VGA: 1920\u00d71080\/60Hz&comma; 1600\u00d71200\/60Hz&comma; 1280\u00d71024\/60Hz.<\/span><\/li>\n<li style='margin-bottom: 5px;'><span style='font-family: verdana&comma; geneva&comma; sans-serif;'>Entrada de Audio: 1.<\/span><\/li>\n<li style='margin-bottom: 5px;'><span style='font-family: verdana&comma; geneva&comma; sans-serif;'>Salida de Audio: 1.<\/span><\/li>\n<li style='margin-bottom: 5px;'><span style='font-family: verdana&comma; geneva&comma; sans-serif;'>Entrada de Alarma: 4.<\/span><\/li>\n<li style='margin-bottom: 5px;'><span style='font-family: verdana&comma; geneva&comma; sans-serif;'>Salida de Alarma: 1.<\/span><\/li>\n<\/ul><\/div>\n<\/p><\/div>\n<\/p><\/div>\n<p> <!-- Funci\u00f3n de Grabaci\u00f3n y Visualizaci\u00f3n --> <\/p>\n<div style='flex: 1 1 45%; min-width: 300px;'>\n<div style='border: 1px solid rgba(150&comma;150&comma;150&comma;0.4); border-radius: 8px; overflow: hidden;'>\n<div style='padding: 15px; background: #df001e; border-bottom: 1px solid rgba(150&comma;150&comma;150&comma;0.2); font-weight: bold; font-size: 18px; color: #ffffff;'>Funci\u00f3n de Grabaci\u00f3n y Visualizaci\u00f3n:<\/div>\n<div style='padding: 15px;'>\n<ul style='padding-left: 20px; margin: 0; font-size: 14px; list-style-type: disc;'>\n<li style='margin-bottom: 5px;'><span style='font-family: verdana&comma; geneva&comma; sans-serif;'>Detecci\u00f3n de movimiento multizona.<\/span><\/li>\n<li style='margin-bottom: 5px;'><span style='font-family: verdana&comma; geneva&comma; sans-serif;'>Zoom digital en visualizaci\u00f3n y grabaci\u00f3n.<\/span><\/li>\n<li style='margin-bottom: 5px;'><span style='font-family: verdana&comma; geneva&comma; sans-serif;'>Dual stream (main stream y sub stream).<\/span><\/li>\n<li style='margin-bottom: 5px;'><span style='font-family: verdana&comma; geneva&comma; sans-serif;'>Soporta avance r\u00e1pido&comma; lento&comma; cuadro a cuadro&comma; etc.<\/span><\/li>\n<li style='margin-bottom: 5px;'><span style='font-family: verdana&comma; geneva&comma; sans-serif;'>Soporta tecnolog\u00eda de discos duros S.M.A.R.T.<\/span><\/li>\n<li style='margin-bottom: 5px;'><span style='font-family: verdana&comma; geneva&comma; sans-serif;'>Soporta m\u00faltiples tipos de grabaci\u00f3n&comma; incluyendo tiempo real&comma; grabaci\u00f3n manual&comma; videosensor&comma; videosensor y alarma&comma; videosensor o alarma.<\/span><\/li>\n<li style='margin-bottom: 5px;'><span style='font-family: verdana&comma; geneva&comma; sans-serif;'>Soporta grabaci\u00f3n c\u00edclica (sobreescritura) y no c\u00edclica.<\/span><\/li>\n<\/ul><\/div>\n<\/p><\/div>\n<\/p><\/div>\n<\/p><\/div>\n<p> <!-- Capacidad de Procesamiento y Funciones de red --> <\/p>\n<div style='display: flex; flex-wrap: wrap; gap: 20px; margin: 30px 0;'> <!-- Capacidad de Procesamiento --> <\/p>\n<div style='flex: 1 1 45%; min-width: 300px;'>\n<div style='border: 1px solid rgba(150&comma;150&comma;150&comma;0.4); border-radius: 8px; overflow: hidden;'>\n<div style='padding: 15px; background: #df001e; border-bottom: 1px solid rgba(150&comma;150&comma;150&comma;0.2); font-weight: bold; font-size: 18px; color: #ffffff;'>Capacidad de Procesamiento y Funciones de red:<\/div>\n<div style='padding: 15px;'>\n<ul style='padding-left: 20px; margin: 0; font-size: 14px; list-style-type: disc;'>\n<li style='margin-bottom: 5px;'>Throughput entrada: 160 Mbps.<\/li>\n<li style='margin-bottom: 5px;'>Throughput salida: 160 Mbps.<\/li>\n<li style='margin-bottom: 5px;'>1 puerto red RJ-45: 10\/100\/1000 Mbps (LAN).<\/li>\n<li style='margin-bottom: 5px;'>16 puertos RJ-45 10\/100 Mbps (PoE).<\/li>\n<\/ul><\/div>\n<\/p><\/div>\n<\/p><\/div>\n<p> <!-- Resoluci\u00f3n de Grabaci\u00f3n por Canal --> <\/p>\n<div style='flex: 1 1 45%; min-width: 300px;'>\n<div style='border: 1px solid rgba(150&comma;150&comma;150&comma;0.4); border-radius: 8px; overflow: hidden;'>\n<div style='padding: 15px; background: #df001e; border-bottom: 1px solid rgba(150&comma;150&comma;150&comma;0.2); font-weight: bold; font-size: 18px; color: #ffffff;'>Resoluci\u00f3n de Grabaci\u00f3n por Canal (Recomendado con H.265):<\/div>\n<div style='padding: 15px;'>\n<ul style='padding-left: 20px; margin: 0; font-size: 14px; list-style-type: disc;'>\n<li style='margin-bottom: 5px;'>2 MP (1080P): 16 Canales &#8211; 30 IPS.<\/li>\n<li style='margin-bottom: 5px;'>4 MP: 16 Canales &#8211; 30 IPS.<\/li>\n<li style='margin-bottom: 5px;'>5 MP: 16 Canales &#8211; 30 IPS.<\/li>\n<li style='margin-bottom: 5px;'>6 MP: 16 Canales &#8211; 30 IPS.<\/li>\n<li style='margin-bottom: 5px;'>4K (8 MP): 16 Canales &#8211; 30 IPS.<\/li>\n<li style='margin-bottom: 5px;'>4K (12 MP): 16 Canales &#8211; 22 IPS.<\/li>\n<li style='margin-bottom: 5px;'>Reproducci\u00f3n s\u00edncrona en canales: 16 Canales.<\/li>\n<\/ul><\/div>\n<\/p><\/div>\n<\/p><\/div>\n<\/p><\/div>\n<p> <!-- Caracter\u00edsticas destacadas --> <\/p>\n<div style='margin: 30px 0;'>\n<div style='border: 1px solid rgba(150&comma;150&comma;150&comma;0.4); border-radius: 8px; overflow: hidden;'>\n<div style='padding: 15px; background: #df001e; border-bottom: 1px solid rgba(150&comma;150&comma;150&comma;0.2); font-weight: bold; font-size: 18px; color: #ffffff;'>Caracter\u00edsticas destacadas:<\/div>\n<div style='padding: 15px;'>\n<h4 style='font-size: 16px; margin-top: 15px; margin-bottom: 10px;'><strong>AcuSearch:<\/strong><\/h4>\n<ul style='padding-left: 20px; margin: 0 0 15px 20px; font-size: 14px; list-style-type: disc;'>\n<li style='margin-bottom: 5px;'>Si las c\u00e1maras admiten la tecnolog\u00eda Hikvision AcuSense y tienen habilitada la funci\u00f3n AcuSearch&comma; el NVR admite AcuSearch en todos los canales.<\/li>\n<\/ul>\n<h4 style='font-size: 16px; margin-top: 15px; margin-bottom: 10px;'><strong>Reconocimiento Facial:<\/strong><\/h4>\n<ul style='padding-left: 20px; margin: 0 0 15px 20px; font-size: 14px; list-style-type: disc;'>\n<li style='margin-bottom: 5px;'>Hasta 16 librer\u00edas con un m\u00e1ximo de 50&comma;000 rostros en total.<\/li>\n<li style='margin-bottom: 5px;'>Cada fotograf\u00eda debe de pesar m\u00e1ximo 1 GB.<\/li>\n<li style='margin-bottom: 5px;'>Cuando la c\u00e1mara detecta un rostro y coincidente con la base de datos&comma; se puede: activar la grabaci\u00f3n&comma; notificar al software remoto (iVMS-4200)&comma; enviar un email&comma; activar una salida de alarma&comma; etc.<\/li>\n<li style='margin-bottom: 5px;'>Soporta 8 canales de video con reconocimiento facial&comma; podemos usar c\u00e1maras: IDS-2CD7<\/li>\n<li style='margin-bottom: 5px;'>Soporta 2 c\u00e1maras de 4MP con detecci\u00f3n facial&comma; podemos usar c\u00e1maras: DS-2CD3XXG2 \/ DS-2CD3XX7G2 (que soporte captura facial).<\/li>\n<li style='margin-bottom: 5px;'>Soporta 1 c\u00e1mara de 6MP y 8MP con detecci\u00f3n facial&comma; podemos usar c\u00e1maras: DS-2CD3XXG2 \/ DS-2CD3XX7G2 (que soporte captura facial).<\/li>\n<\/ul>\n<h4 style='font-size: 16px; margin-top: 15px; margin-bottom: 10px;'><strong>ANPR (Lectura de Placas):<\/strong><\/h4>\n<ul style='padding-left: 20px; margin: 0 0 15px 20px; font-size: 14px; list-style-type: disc;'>\n<li style='margin-bottom: 5px;'>Usando c\u00e1maras con anal\u00edtica de ANPR podemos tener lectura de placas (base de datos) en todos sus canales y podemos tener tambien diferentes caracter\u00edsticas del autom\u00f3vil como tipo del veh\u00edculo&comma; color&comma; tama\u00f1o&comma; etc&#8230;<\/li>\n<\/ul><\/div>\n<\/p><\/div>\n<\/p><\/div>\n<p> <!-- Tabla de Funciones --> <\/p>\n<div style='margin: 30px 0;'>\n<table style='width: 100%; border: 1px solid rgba(150&comma;150&comma;150&comma;0.3); border-collapse: collapse;'>\n<thead>\n<tr>\n<th style='border: 1px solid rgba(150&comma;150&comma;150&comma;0.3); padding: 12px; background-color: #f5f5f5; text-align: center; font-weight: bold;'>Funci\u00f3n Especial<\/th>\n<th style='border: 1px solid rgba(150&comma;150&comma;150&comma;0.3); padding: 12px; background-color: #f5f5f5; text-align: center; font-weight: bold;'>Realizado por NVR<\/th>\n<th style='border: 1px solid rgba(150&comma;150&comma;150&comma;0.3); padding: 12px; background-color: #f5f5f5; text-align: center; font-weight: bold;'>Requiere C\u00e1mara IP<\/th>\n<\/tr>\n<\/thead>\n<tbody>\n<tr>\n<td style='border: 1px solid rgba(150&comma;150&comma;150&comma;0.3); padding: 12px;'>Intelligent Analytics<\/td>\n<td style='border: 1px solid rgba(150&comma;150&comma;150&comma;0.3); padding: 12px; text-align: center;'>Soporta en todos los canales<\/td>\n<td style='border: 1px solid rgba(150&comma;150&comma;150&comma;0.3); padding: 12px;'>Perimeter Protection&comma; Video Structuralization&comma; Motion Detection 2.0&comma; ANPR&comma; People Counting<\/td>\n<\/tr>\n<tr>\n<td style='border: 1px solid rgba(150&comma;150&comma;150&comma;0.3); padding: 12px;'>Facial Recognition<\/td>\n<td style='border: 1px solid rgba(150&comma;150&comma;150&comma;0.3); padding: 12px;'>Bibliotecas de hasta 50&comma;000 rostros&comma; comparaci\u00f3n facial&comma; b\u00fasqueda de rostros<\/td>\n<td style='border: 1px solid rgba(150&comma;150&comma;150&comma;0.3); padding: 12px;'>Captura de rostros mediante c\u00e1mara IP HD (hasta 8 MP)<\/td>\n<\/tr>\n<tr>\n<td style='border: 1px solid rgba(150&comma;150&comma;150&comma;0.3); padding: 12px;'>AcuSearch<\/td>\n<td style='border: 1px solid rgba(150&comma;150&comma;150&comma;0.3); padding: 12px; text-align: center;'>Soporta en todos los canales<\/td>\n<td style='border: 1px solid rgba(150&comma;150&comma;150&comma;0.3); padding: 12px;'>Requiere c\u00e1maras con tecnolog\u00eda AcuSense y funci\u00f3n AcuSearch habilitada<\/td>\n<\/tr>\n<tr>\n<td style='border: 1px solid rgba(150&comma;150&comma;150&comma;0.3); padding: 12px;'>ANPR (Lectura de Placas)<\/td>\n<td style='border: 1px solid rgba(150&comma;150&comma;150&comma;0.3); padding: 12px; text-align: center;'>Soporta en todos los canales<\/td>\n<td style='border: 1px solid rgba(150&comma;150&comma;150&comma;0.3); padding: 12px;'>Lectura de placas&comma; color&comma; tipo&comma; marca y tipo de veh\u00edculo en todos los canales<\/td>\n<\/tr>\n<\/tbody>\n<\/table><\/div>\n<p> <!-- Videos adicionales --> <\/p>\n<div style='display: flex; flex-wrap: wrap; gap: 30px; margin: 30px 0;'> <!-- Video 3 --> <\/p>\n<div style='flex: 1 1 48%; min-width: 300px;'>\n<h3 style='font-size: 22px; border-bottom: 2px solid currentColor; padding-bottom: 5px; margin-top: 0; color: inherit; opacity: 0.8; text-align: center;'>AcuSense \u00c1reas Restringidas<\/h3>\n<div style='position: relative; padding-bottom: 56.25%; height: 0; overflow: hidden; margin-bottom: 30px;'>   <\/div>\n<\/p><\/div>\n<p> <!-- Video 4 --> <\/p>\n<div style='flex: 1 1 48%; min-width: 300px;'>\n<h3 style='font-size: 22px; border-bottom: 2px solid currentColor; padding-bottom: 5px; margin-top: 0; color: inherit; opacity: 0.8; text-align: center;'>AcuSense Almacenes<\/h3>\n<div style='position: relative; padding-bottom: 56.25%; height: 0; overflow: hidden; margin-bottom: 30px;'>   <\/div>\n<\/p><\/div>\n<\/p><\/div>\n<p> <!-- Banner final --> <\/p>\n<div style='margin: 30px 0;'> <img style='width: 100%; height: auto; border: 1px solid rgba(150&comma;150&comma;150&comma;0.3); border-radius: 8px;' src='https:\/\/ftp3.syscom.mx\/usuarios\/jsosa\/HIKVISION\/imagenes\/banners\/solution%20complete.png' alt='Soluci\u00f3n completa'> <\/div>\n<\/p><\/div>\n","protected":false},"excerpt":{"rendered":"<p>[AcuSearch] NVR 12 Megapixel (4K) \/ 16 Canales IP \/ 16 Puertos PoE+ (10\/100 Mbps) \/ Reconocimiento Facial \/ AcuSense \/ 2 Bah\u00edas para HDD de 16 TB \/ HDMI 4K \/ Alarmas I\/O<\/p>\n","protected":false},"featured_media":101495,"comment_status":"open","ping_status":"closed","template":"","meta":[],"product_brand":[],"product_cat":[2234],"product_tag":[122,54,2235],"class_list":{"0":"post-101496","1":"product","2":"type-product","3":"status-publish","4":"has-post-thumbnail","6":"product_cat-nvrs-network-video-recorders","7":"product_tag-camaras-ip-y-nvrs","8":"product_tag-hikvision","9":"product_tag-nvrs-network-video-recorders","11":"first","12":"instock","13":"sale","14":"shipping-taxable","15":"purchasable","16":"product-type-simple"},"_links":{"self":[{"href":"https:\/\/soydeaqui.ddns.net\/pachuca\/index.php\/wp-json\/wp\/v2\/product\/101496","targetHints":{"allow":["GET"]}}],"collection":[{"href":"https:\/\/soydeaqui.ddns.net\/pachuca\/index.php\/wp-json\/wp\/v2\/product"}],"about":[{"href":"https:\/\/soydeaqui.ddns.net\/pachuca\/index.php\/wp-json\/wp\/v2\/types\/product"}],"replies":[{"embeddable":true,"href":"https:\/\/soydeaqui.ddns.net\/pachuca\/index.php\/wp-json\/wp\/v2\/comments?post=101496"}],"wp:featuredmedia":[{"embeddable":true,"href":"https:\/\/soydeaqui.ddns.net\/pachuca\/index.php\/wp-json\/wp\/v2\/media\/101495"}],"wp:attachment":[{"href":"https:\/\/soydeaqui.ddns.net\/pachuca\/index.php\/wp-json\/wp\/v2\/media?parent=101496"}],"wp:term":[{"taxonomy":"product_brand","embeddable":true,"href":"https:\/\/soydeaqui.ddns.net\/pachuca\/index.php\/wp-json\/wp\/v2\/product_brand?post=101496"},{"taxonomy":"product_cat","embeddable":true,"href":"https:\/\/soydeaqui.ddns.net\/pachuca\/index.php\/wp-json\/wp\/v2\/product_cat?post=101496"},{"taxonomy":"product_tag","embeddable":true,"href":"https:\/\/soydeaqui.ddns.net\/pachuca\/index.php\/wp-json\/wp\/v2\/product_tag?post=101496"}],"curies":[{"name":"wp","href":"https:\/\/api.w.org\/{rel}","templated":true}]}}