{"id":101490,"date":"2026-03-20T12:04:04","date_gmt":"2026-03-20T12:04:04","guid":{"rendered":"https:\/\/soydeaqui.ddns.net\/pachuca\/index.php\/producto\/acusearch-nvr-12-megapixel-4k-32-canales-ip-acusense-evita-falsas-alarmas-reconocimiento-facial-4-bahias-de-disco-duro-hdmi-en-4k-alarmas-i-o-2\/"},"modified":"2026-03-20T12:04:04","modified_gmt":"2026-03-20T12:04:04","slug":"acusearch-nvr-12-megapixel-4k-32-canales-ip-acusense-evita-falsas-alarmas-reconocimiento-facial-4-bahias-de-disco-duro-hdmi-en-4k-alarmas-i-o-2","status":"publish","type":"product","link":"https:\/\/soydeaqui.ddns.net\/pachuca\/index.php\/producto\/acusearch-nvr-12-megapixel-4k-32-canales-ip-acusense-evita-falsas-alarmas-reconocimiento-facial-4-bahias-de-disco-duro-hdmi-en-4k-alarmas-i-o-2\/","title":{"rendered":"[Acusearch] NVR 12 Megapixel (4K) \/ 32 canales IP \/ AcuSense (Evita Falsas Alarmas) \/ Reconocimiento Facial \/ 4 Bah\u00edas de Disco Duro \/  HDMI en 4K \/ Alarmas I\/O"},"content":{"rendered":"<div style='width: 100%; max-width: 1200px; margin: 0 auto; font-family: sans-serif; line-height: 1.6; color: inherit; background-color: transparent;'> <!-- Banner inicial --> <\/p>\n<div style='text-align: center; margin: 30px 0;'> <img style='width: 100%; max-width: 500px; height: auto; border: 1px solid rgba(150&comma;150&comma;150&comma;0.3); border-radius: 8px;' src='https:\/\/ftp3.syscom.mx\/usuarios\/jsosa\/HIKVISION\/imagenes\/logo\/hikvision%20see%20far.png' alt='Hikvision Logo'> <\/div>\n<p> <!-- Videos --> <\/p>\n<div style='display: flex; flex-wrap: wrap; gap: 30px; margin: 30px 0;'>\n<div style='flex: 1 1 45%; min-width: 300px;'>\n<h3 style='font-size: 18px; text-align: center; border-bottom: 2px solid currentColor; padding-bottom: 5px; margin-top: 0; color: inherit; opacity: 0.8;'>Smart Search + AcuSearch<\/h3>\n<div style='position: relative; padding-bottom: 56.25%; height: 0; overflow: hidden; margin-bottom: 30px;'>   <\/div>\n<\/p><\/div>\n<div style='flex: 1 1 45%; min-width: 300px;'>\n<h3 style='font-size: 18px; text-align: center; border-bottom: 2px solid currentColor; padding-bottom: 5px; margin-top: 0; color: inherit; opacity: 0.8;'>Compatibilidad AcuSearch<\/h3>\n<div style='position: relative; padding-bottom: 56.25%; height: 0; overflow: hidden; margin-bottom: 30px;'> <img style='position: absolute; top: 0; left: 0; width: 100%; height: 100%; border: 1px solid rgba(150&comma;150&comma;150&comma;0.3); border-radius: 8px;' src='https:\/\/ftp3.syscom.mx\/usuarios\/fcarrillo\/Hikvision\/GIF\/Acusearch2.gif' alt='AcuSearch Compatibility'> <\/div>\n<p style='text-align: center; font-size: 14px; margin-top: 10px;'> <a style='color: inherit; text-decoration: underline;' href='https:\/\/ftp3.syscom.mx\/usuarios\/fcarrillo\/Hikvision\/Specs\/Compatibilidad%20Acusearch.pdf' target='_blank' rel='noopener'>Click aqu\u00ed para ver lista<\/a> <\/p>\n<\/p><\/div>\n<\/p><\/div>\n<p> <!-- T\u00edtulo de especificaciones --> <\/p>\n<div style='text-align: center; margin: 40px 0;'>\n<h1 style='font-size: 28px; color: #232a6f; margin: 0;'>Especificaciones<\/h1>\n<\/p><\/div>\n<p> <!-- Secci\u00f3n de cards de caracter\u00edsticas --> <\/p>\n<div style='display: flex; flex-wrap: wrap; gap: 20px; margin: 30px 0;'>\n<div style='flex: 1 1 45%; min-width: 300px; border: 1px solid rgba(150&comma; 150&comma; 150&comma; 0.4); border-radius: 8px; overflow: hidden; display: flex; flex-direction: column;'>\n<div style='padding: 15px; background: #df001e; border-bottom: 1px solid #a80000; font-weight: bold; font-size: 18px; color: white;'>Caracter\u00edsticas Principales:<\/div>\n<div style='padding: 15px; color: inherit;'>\n<ul style='padding-left: 20px; margin: 0; font-size: 14px; list-style-type: disc;'>\n<li style='margin-bottom: 5px;'>Compresi\u00f3n de v\u00eddeo: H.265+ \/ H.265 \/ H.264+ \/ H.264.<\/li>\n<li style='margin-bottom: 5px;'>Soporta mouse USB para operar (incluido).<\/li>\n<li style='margin-bottom: 5px;'>Soporta 4 HDD&#8217;s de hasta 16 TB. (no incluido).<\/li>\n<li style='margin-bottom: 5px;'>Soporta Hik-Connect (P2P) (<a style='color: inherit; text-decoration: underline;' href='https:\/\/appstore.hikvision.com\/' target='_blank' rel='noopener'>https:\/\/appstore.hikvision.com\/<\/a>).<\/li>\n<li style='margin-bottom: 5px;'>Acceso remoto v\u00eda tel\u00e9fono: Android&comma; iPhone&comma; iPad (Hik-Connect).<\/li>\n<li style='margin-bottom: 5px;'>Software cliente IVMS-4200 (gratuito).<\/li>\n<li style='margin-bottom: 5px; font-weight: bold;'>No incluye puertos PoE.<\/li>\n<\/ul><\/div>\n<\/p><\/div>\n<div style='flex: 1 1 45%; min-width: 300px; border: 1px solid rgba(150&comma; 150&comma; 150&comma; 0.4); border-radius: 8px; overflow: hidden; display: flex; flex-direction: column;'>\n<div style='padding: 15px; background: #df001e; border-bottom: 1px solid #a80000; font-weight: bold; font-size: 18px; color: white;'>Caracter\u00edsticas F\u00edsicas y El\u00e9ctricas:<\/div>\n<div style='padding: 15px; color: inherit;'>\n<ul style='padding-left: 20px; margin: 0; font-size: 14px; list-style-type: disc;'>\n<li style='margin-bottom: 5px;'>Dimensiones: 445 x 400 x 75mm.<\/li>\n<li style='margin-bottom: 5px;'>Alimentaci\u00f3n: 100 a 240 Vca \/ 20 W (sin discos duros).<\/li>\n<li style='margin-bottom: 5px;'>Temperatura de operaci\u00f3n: -10\u00b0C a 55\u00b0C.<\/li>\n<li style='margin-bottom: 5px;'>Peso: 5 Kg sin HDD.<\/li>\n<li style='margin-bottom: 5px;'>Compatible con gabinete met\u00e1lico <a style='color: inherit; text-decoration: underline;' href='https:\/\/www.syscom.mx\/principal\/searchcont?route=GABVID2R3-EPCOM-INDUSTRIAL-207362&#038;autodetect=GABVID2R3' target='_blank' rel='noopener'>GABVID2R3<\/a>.<\/li>\n<\/ul><\/div>\n<\/p><\/div>\n<\/p><\/div>\n<div style='display: flex; flex-wrap: wrap; gap: 20px; margin: 30px 0;'>\n<div style='flex: 1 1 45%; min-width: 300px; border: 1px solid rgba(150&comma; 150&comma; 150&comma; 0.4); border-radius: 8px; overflow: hidden; display: flex; flex-direction: column;'>\n<div style='padding: 15px; background: #df001e; border-bottom: 1px solid #a80000; font-weight: bold; font-size: 18px; color: white;'>Interfaces Entradas y Salidas:<\/div>\n<div style='padding: 15px; color: inherit;'>\n<ul style='padding-left: 20px; margin: 0; font-size: 14px; list-style-type: disc;'>\n<li style='margin-bottom: 5px; font-weight: bold;'>Salida independiente HDMI y VGA.<\/li>\n<li style='margin-bottom: 5px;'>Resoluci\u00f3n HDMI : 4K \/ 1080p \/ 720p.<\/li>\n<li style='margin-bottom: 5px;'>Resoluci\u00f3n VGA: 1080p&comma; 720p.<\/li>\n<li style='margin-bottom: 5px;'>Entrada de Audio: 1.<\/li>\n<li style='margin-bottom: 5px;'>Salida de Audio: 1.<\/li>\n<li style='margin-bottom: 5px;'>Entrada de Alarma: 16.<\/li>\n<li style='margin-bottom: 5px;'>Salida de Alarma: 4.<\/li>\n<li style='margin-bottom: 5px;'>Soporta audio bidireccional (audio de dos v\u00edas).<\/li>\n<\/ul><\/div>\n<\/p><\/div>\n<div style='flex: 1 1 45%; min-width: 300px; border: 1px solid rgba(150&comma; 150&comma; 150&comma; 0.4); border-radius: 8px; overflow: hidden; display: flex; flex-direction: column;'>\n<div style='padding: 15px; background: #df001e; border-bottom: 1px solid #a80000; font-weight: bold; font-size: 18px; color: white;'>Funci\u00f3n de Grabaci\u00f3n y Visualizaci\u00f3n:<\/div>\n<div style='padding: 15px; color: inherit;'>\n<ul style='padding-left: 20px; margin: 0; font-size: 14px; list-style-type: disc;'>\n<li style='margin-bottom: 5px;'>Detecci\u00f3n de movimiento multizona.<\/li>\n<li style='margin-bottom: 5px;'>Zoom digital en visualizaci\u00f3n y grabaci\u00f3n.<\/li>\n<li style='margin-bottom: 5px;'>Dual stream (main stream y sub stream).<\/li>\n<li style='margin-bottom: 5px;'>Soporta avance r\u00e1pido&comma; lento&comma; cuadro a cuadro&comma; etc.<\/li>\n<li style='margin-bottom: 5px;'>Soporta tecnolog\u00eda de discos duros S.M.A.R.T.<\/li>\n<li style='margin-bottom: 5px;'>Soporta m\u00faltiples tipos de grabaci\u00f3n&comma; incluyendo tiempo real&comma; grabaci\u00f3n manual&comma; videosensor&comma; videosensor y alarma&comma; videosensor o alarma.<\/li>\n<li style='margin-bottom: 5px;'>Soporta grabaci\u00f3n c\u00edclica (sobreescritura) y no c\u00edclica.<\/li>\n<\/ul><\/div>\n<\/p><\/div>\n<\/p><\/div>\n<div style='display: flex; flex-wrap: wrap; gap: 20px; margin: 30px 0;'>\n<div style='flex: 1 1 45%; min-width: 300px; border: 1px solid rgba(150&comma; 150&comma; 150&comma; 0.4); border-radius: 8px; overflow: hidden; display: flex; flex-direction: column;'>\n<div style='padding: 15px; background: #df001e; border-bottom: 1px solid #a80000; font-weight: bold; font-size: 18px; color: white;'>Capacidad de Procesamiento y Funciones de red:<\/div>\n<div style='padding: 15px; color: inherit;'>\n<ul style='padding-left: 20px; margin: 0; font-size: 14px; list-style-type: disc;'>\n<li style='margin-bottom: 5px;'>Throughput entrada: 256 Mbps.<\/li>\n<li style='margin-bottom: 5px;'>Throughput salida: 160 Mbps.<\/li>\n<li style='margin-bottom: 5px;'>2 puerto red RJ-45: 10 \/ 100 \/ 1000 Mbps. (LAN)<\/li>\n<\/ul><\/div>\n<\/p><\/div>\n<div style='flex: 1 1 45%; min-width: 300px; border: 1px solid rgba(150&comma; 150&comma; 150&comma; 0.4); border-radius: 8px; overflow: hidden; display: flex; flex-direction: column;'>\n<div style='padding: 15px; background: #df001e; border-bottom: 1px solid #a80000; font-weight: bold; font-size: 18px; color: white;'>Resoluci\u00f3n de Grabaci\u00f3n por Canal (Recomendado con H.265):<\/div>\n<div style='padding: 15px; color: inherit;'>\n<ul style='padding-left: 20px; margin: 0; font-size: 14px; list-style-type: disc;'>\n<li style='margin-bottom: 5px;'>2 MP (1080P): 32 Canales &#8211; 30 IPS.<\/li>\n<li style='margin-bottom: 5px;'>4 MP: 32 Canales &#8211; 30 IPS.<\/li>\n<li style='margin-bottom: 5px;'>5 MP: 32 Canales &#8211; 30 IPS.<\/li>\n<li style='margin-bottom: 5px;'>6 MP: 32 Canales &#8211; 30 IPS.<\/li>\n<li style='margin-bottom: 5px;'>4K (8 MP): 32 Canales &#8211; 22 IPS.<\/li>\n<li style='margin-bottom: 5px;'>4K (12 MP): 32 Canales &#8211; 18 IPS.<\/li>\n<li style='margin-bottom: 5px;'>Reproducci\u00f3n s\u00edncrona en canales: 16 Canales.<\/li>\n<\/ul><\/div>\n<\/p><\/div>\n<\/p><\/div>\n<p> <!-- Secci\u00f3n de caracter\u00edsticas destacadas --> <\/p>\n<div style='border: 1px solid rgba(150&comma; 150&comma; 150&comma; 0.4); border-radius: 8px; overflow: hidden; margin: 30px 0;'>\n<div style='padding: 15px; background: #df001e; border-bottom: 1px solid #a80000; font-weight: bold; font-size: 18px; color: white;'>Caracter\u00edsticas destacadas:<\/div>\n<div style='padding: 15px; color: inherit;'>\n<div style='margin-bottom: 20px;'>\n<h4 style='margin-top: 0; font-size: 16px; font-weight: bold; color: inherit;'>AcuSearch:<\/h4>\n<ul style='padding-left: 20px; margin: 0; font-size: 14px; list-style-type: disc;'>\n<li style='margin-bottom: 5px;'>Si las c\u00e1maras admiten la tecnolog\u00eda Hikvision AcuSense y tienen habilitada la funci\u00f3n AcuSearch&comma; el NVR admite AcuSearch en todos los canales.<\/li>\n<\/ul><\/div>\n<div style='margin-bottom: 20px;'>\n<h4 style='margin-top: 0; font-size: 16px; font-weight: bold; color: inherit;'>Reconocimiento Facial:<\/h4>\n<ul style='padding-left: 20px; margin: 0; font-size: 14px; list-style-type: disc;'>\n<li style='margin-bottom: 5px;'>Hasta 16 librer\u00edas con un m\u00e1ximo de 50&comma;000 rostros en total.<\/li>\n<li style='margin-bottom: 5px;'>Cada fotograf\u00eda debe de pesar m\u00e1ximo 1 GB.<\/li>\n<li style='margin-bottom: 5px;'>Cuando la c\u00e1mara detecta un rostro y coincidente con la base de datos&comma; se puede: activar la grabaci\u00f3n&comma; notificar al software remoto (iVMS-4200)&comma; enviar un email&comma; activar una salida de alarma&comma; etc.<\/li>\n<li style='margin-bottom: 5px;'>Soporta 8 canales de video con reconocimiento facial&comma; podemos usar c\u00e1maras: IDS-2CD7.<\/li>\n<li style='margin-bottom: 5px;'>Soporta 2 canales de video con detecci\u00f3n facial usando c\u00e1maras de 4MP&comma; podemos usar c\u00e1maras: DS-2CD3XXG2 \/ DS-2CD3XX7G2 (que soporte captura facial).<\/li>\n<li style='margin-bottom: 5px;'>Soporta 1 canales de video con detecci\u00f3n facial usando c\u00e1maras de 8MP&comma; podemos usar c\u00e1maras: DS-2CD3XXG2 \/ DS-2CD3XX7G2 (que soporte captura facial).<\/li>\n<\/ul><\/div>\n<div style='margin-bottom: 0;'>\n<h4 style='margin-top: 0; font-size: 16px; font-weight: bold; color: inherit;'>ANPR (Lectura de Placas):<\/h4>\n<ul style='padding-left: 20px; margin: 0; font-size: 14px; list-style-type: disc;'>\n<li style='margin-bottom: 5px;'>Usando c\u00e1maras con anal\u00edtica de ANPR podemos tener lectura de placas (base de datos) en todos sus canales y podemos tener tambien diferentes caracter\u00edsticas del autom\u00f3vil como tipo del veh\u00edculo&comma; color&comma; tama\u00f1o&comma; etc&#8230;<\/li>\n<\/ul><\/div>\n<\/p><\/div>\n<\/p><\/div>\n<p> <!-- Videos adicionales --> <\/p>\n<div style='display: flex; flex-wrap: wrap; gap: 30px; margin: 30px 0;'>\n<div style='flex: 1 1 45%; min-width: 300px;'>\n<h3 style='font-size: 18px; text-align: center; border-bottom: 2px solid currentColor; padding-bottom: 5px; margin-top: 0; color: inherit; opacity: 0.8;'>AcuSense \u00c1reas Restringidas<\/h3>\n<div style='position: relative; padding-bottom: 56.25%; height: 0; overflow: hidden; margin-bottom: 30px;'>   <\/div>\n<\/p><\/div>\n<div style='flex: 1 1 45%; min-width: 300px;'>\n<h3 style='font-size: 18px; text-align: center; border-bottom: 2px solid currentColor; padding-bottom: 5px; margin-top: 0; color: inherit; opacity: 0.8;'>AcuSense Almacenes<\/h3>\n<div style='position: relative; padding-bottom: 56.25%; height: 0; overflow: hidden; margin-bottom: 30px;'>   <\/div>\n<\/p><\/div>\n<\/p><\/div>\n<p> <!-- Banner final --> <\/p>\n<div style='text-align: center; margin: 30px 0;'> <img style='width: 100%; max-width: 1200px; height: auto; border: 1px solid rgba(150&comma;150&comma;150&comma;0.3); border-radius: 8px;' src='https:\/\/ftp3.syscom.mx\/usuarios\/jsosa\/HIKVISION\/imagenes\/banners\/solution%20complete.png' alt='Soluci\u00f3n Completa Hikvision'> <\/div>\n<\/p><\/div>\n","protected":false},"excerpt":{"rendered":"<p>[Acusearch] NVR 12 Megapixel (4K) \/ 32 canales IP \/ AcuSense (Evita Falsas Alarmas) \/ Reconocimiento Facial \/ 4 Bah\u00edas de Disco Duro \/  HDMI en 4K \/ Alarmas I\/O<\/p>\n","protected":false},"featured_media":101489,"comment_status":"open","ping_status":"closed","template":"","meta":[],"product_brand":[],"product_cat":[2234],"product_tag":[122,54,2235],"class_list":{"0":"post-101490","1":"product","2":"type-product","3":"status-publish","4":"has-post-thumbnail","6":"product_cat-nvrs-network-video-recorders","7":"product_tag-camaras-ip-y-nvrs","8":"product_tag-hikvision","9":"product_tag-nvrs-network-video-recorders","11":"first","12":"instock","13":"sale","14":"shipping-taxable","15":"purchasable","16":"product-type-simple"},"_links":{"self":[{"href":"https:\/\/soydeaqui.ddns.net\/pachuca\/index.php\/wp-json\/wp\/v2\/product\/101490","targetHints":{"allow":["GET"]}}],"collection":[{"href":"https:\/\/soydeaqui.ddns.net\/pachuca\/index.php\/wp-json\/wp\/v2\/product"}],"about":[{"href":"https:\/\/soydeaqui.ddns.net\/pachuca\/index.php\/wp-json\/wp\/v2\/types\/product"}],"replies":[{"embeddable":true,"href":"https:\/\/soydeaqui.ddns.net\/pachuca\/index.php\/wp-json\/wp\/v2\/comments?post=101490"}],"wp:featuredmedia":[{"embeddable":true,"href":"https:\/\/soydeaqui.ddns.net\/pachuca\/index.php\/wp-json\/wp\/v2\/media\/101489"}],"wp:attachment":[{"href":"https:\/\/soydeaqui.ddns.net\/pachuca\/index.php\/wp-json\/wp\/v2\/media?parent=101490"}],"wp:term":[{"taxonomy":"product_brand","embeddable":true,"href":"https:\/\/soydeaqui.ddns.net\/pachuca\/index.php\/wp-json\/wp\/v2\/product_brand?post=101490"},{"taxonomy":"product_cat","embeddable":true,"href":"https:\/\/soydeaqui.ddns.net\/pachuca\/index.php\/wp-json\/wp\/v2\/product_cat?post=101490"},{"taxonomy":"product_tag","embeddable":true,"href":"https:\/\/soydeaqui.ddns.net\/pachuca\/index.php\/wp-json\/wp\/v2\/product_tag?post=101490"}],"curies":[{"name":"wp","href":"https:\/\/api.w.org\/{rel}","templated":true}]}}