{"id":101485,"date":"2026-03-20T12:03:47","date_gmt":"2026-03-20T12:03:47","guid":{"rendered":"https:\/\/soydeaqui.ddns.net\/pachuca\/index.php\/producto\/servidor-decodificador-16-entradas-32-salidas-hdmi-256-canales-decodificacion-1080p-compatibilidad-onvif-rack-3u\/"},"modified":"2026-03-20T12:03:49","modified_gmt":"2026-03-20T12:03:49","slug":"servidor-decodificador-16-entradas-32-salidas-hdmi-256-canales-decodificacion-1080p-compatibilidad-onvif-rack-3u","status":"publish","type":"product","link":"https:\/\/soydeaqui.ddns.net\/pachuca\/index.php\/producto\/servidor-decodificador-16-entradas-32-salidas-hdmi-256-canales-decodificacion-1080p-compatibilidad-onvif-rack-3u\/","title":{"rendered":"Servidor Decodificador 16 Entradas + 32 Salidas HDMI \/ 256 Canales Decodificaci\u00f3n 1080p \/ Compatibilidad ONVIF \/ Rack 3U"},"content":{"rendered":"<div style='width: 100%; max-width: 1200px; margin: 0 auto; font-family: sans-serif; line-height: 1.6; color: inherit; background-color: transparent;'>\n<p style='color: inherit; font-size: 14px; margin: 0 0 20px;'>El Servidor Decodificador DS-6932UDI-U(C) de Hikvision es una soluci\u00f3n avanzada dise\u00f1ada para sistemas de videovigilancia y control de mando. Basado en la Arquitectura de Computaci\u00f3n de Telecomunicaciones Avanzadas (ATCA)&comma; este dispositivo ofrece capacidades de conmutaci\u00f3n matricial de video&comma; codificaci\u00f3n y decodificaci\u00f3n&comma; y vista previa en tiempo real a trav\u00e9s de la red. Con un dise\u00f1o modular y rackmount de 3U&comma; es ideal para aplicaciones de peque\u00f1a a mediana escala.<\/p>\n<div style='width: 100%; max-width: 600px; margin: 0 auto 30px; overflow: hidden; border-radius: 8px; border: 1px solid rgba(150&comma;150&comma;150&comma;0.3);'> <img style='width: 100%; height: auto; border: 1px solid rgba(150&comma;150&comma;150&comma;0.3); border-radius: 8px;' src='https:\/\/ftp3.syscom.mx\/usuarios\/nortega\/hikvision\/HPD.png' alt='Servidor Decodificador Hikvision'> <\/div>\n<div style='display: flex; flex-wrap: wrap; gap: 30px; margin-bottom: 30px;'>\n<div style='flex: 1 1 300px; min-width: 280px;'>\n<h3 style='font-size: 20px; border-bottom: 2px solid currentColor; padding-bottom: 5px; margin-top: 0; color: inherit; opacity: 0.8;'>Caracter\u00edsticas principales<\/h3>\n<ul style='padding-left: 20px; font-size: 14px; color: inherit; list-style-type: disc;'>\n<li style='margin-bottom: 5px;'>Compresi\u00f3n de video: H.265+ \/ H.265 \/ H.264+ \/ H.264 \/ MPEG4<\/li>\n<li style='margin-bottom: 5px;'>Salida de video en 4K<\/li>\n<li style='margin-bottom: 5px;'>Soporta decodificaci\u00f3n de video remoto<\/li>\n<li style='margin-bottom: 5px;'>Soporta audio de dos vias (entrada\/salida de audio con conector 3.5 mm)<\/li>\n<li style='margin-bottom: 5px;'>Compatible con RTP y RTSP<\/li>\n<li style='margin-bottom: 5px;'>Decodificaci\u00f3n de hasta 512 canales (m\u00e1ximo 25 canales por pantalla)<\/li>\n<li style='margin-bottom: 5px; font-weight: bold;'>Configuraci\u00f3n y operaci\u00f3n via WEB \/ Sin licencimiento requerido<\/li>\n<li style='margin-bottom: 5px;'>Se puede enviar video IP desde una PC (se requiere Cliente Hikcentral)<\/li>\n<\/ul><\/div>\n<div style='flex: 1 1 300px; min-width: 280px;'>\n<h3 style='font-size: 20px; border-bottom: 2px solid currentColor; padding-bottom: 5px; margin-top: 0; color: inherit; opacity: 0.8;'>Resoluci\u00f3n de decodificaci\u00f3n de video<\/h3>\n<ul style='padding-left: 20px; font-size: 14px; color: inherit; list-style-type: disc;'>\n<li style='margin-bottom: 5px;'>512 canales 720p o menor<\/li>\n<li style='margin-bottom: 5px;'>256 canales 1080p<\/li>\n<li style='margin-bottom: 5px;'>128 canales 4MP<\/li>\n<li style='margin-bottom: 5px;'>80 canales 6MP<\/li>\n<li style='margin-bottom: 5px;'>64 canales 8MP<\/li>\n<li style='margin-bottom: 5px;'>48 canales 12MP<\/li>\n<li style='margin-bottom: 5px;'>32 canales 16MP<\/li>\n<li style='margin-bottom: 5px;'>16 canales 24MP o 32MP<\/li>\n<\/ul>\n<h4 style='font-size: 16px; margin-top: 20px; margin-bottom: 10px; color: inherit;'>Visualizaci\u00f3n por pantalla<\/h4>\n<p style='margin: 0 0 10px; font-weight: bold; color: inherit;'>Hasta 25 c\u00e1maras por pantalla<\/p>\n<\/p><\/div>\n<div style='flex: 1 1 300px; min-width: 280px;'>\n<h3 style='font-size: 20px; border-bottom: 2px solid currentColor; padding-bottom: 5px; margin-top: 0; color: inherit; opacity: 0.8;'>Interfaces<\/h3>\n<ul style='padding-left: 20px; font-size: 14px; color: inherit; list-style-type: disc;'>\n<li style='margin-bottom: 5px;'>16 Entradas y 32 Salidas HDMI 4K<\/li>\n<li style='margin-bottom: 5px;'>2 Puertos RJ45 10\/100\/1000 Mbps<\/li>\n<li style='margin-bottom: 5px;'>2 USB 2.0<\/li>\n<\/ul>\n<h3 style='font-size: 20px; border-bottom: 2px solid currentColor; padding-bottom: 5px; margin-top: 30px; color: inherit; opacity: 0.8;'>Accesorios en caja<\/h3>\n<ul style='padding-left: 20px; font-size: 14px; color: inherit; list-style-type: disc;'>\n<li style='margin-bottom: 5px;'>1 Manual de usuario<\/li>\n<li style='margin-bottom: 5px;'>1 Cable de corriente<\/li>\n<li style='margin-bottom: 5px;'>1 Cable de tierra<\/li>\n<\/ul><\/div>\n<\/p><\/div>\n<div style='display: flex; flex-wrap: wrap; gap: 30px; margin-bottom: 30px;'>\n<div style='flex: 1 1 300px; min-width: 280px;'>\n<h3 style='font-size: 20px; border-bottom: 2px solid currentColor; padding-bottom: 5px; margin-top: 0; color: inherit; opacity: 0.8;'>Caracter\u00edsticas F\u00edsicas y El\u00e9ctricas<\/h3>\n<ul style='padding-left: 20px; font-size: 14px; color: inherit; list-style-type: disc;'>\n<li style='margin-bottom: 5px;'>Alimentaci\u00f3n 110 &#8211; 220 Vca \/ 108 W<\/li>\n<li style='margin-bottom: 5px;'>Temperatura de operaci\u00f3n: -10 a 55 \u00b0C<\/li>\n<li style='margin-bottom: 5px;'>Dimensiones: 482.6 mm x 341.6 mm x 128 mm<\/li>\n<li style='margin-bottom: 5px;'>Peso: 8.5 kgs<\/li>\n<\/ul><\/div>\n<div style='flex: 1 1 300px; min-width: 280px;'>\n<h3 style='font-size: 20px; border-bottom: 2px solid currentColor; padding-bottom: 5px; margin-top: 0; color: inherit; opacity: 0.8;'>Requerimientos para integraci\u00f3n con HikCentral<\/h3>\n<ul style='padding-left: 20px; font-size: 14px; color: inherit; list-style-type: disc;'>\n<li style='margin-bottom: 5px; font-weight: bold;'>HC-P-SW-M (licencia para a\u00f1adir modulo de videowall)<\/li>\n<li style='margin-bottom: 5px;'>Se requiere una estaci\u00f3n de trabajo para poder administrar el software y poder configurar el videowall<\/li>\n<\/ul>\n<p style='margin-top: 20px; color: inherit;'>No compatible con IVMS-4200<\/p>\n<\/p><\/div>\n<\/p><\/div>\n<hr style='border: 0; border-top: 1px solid rgba(150&comma; 150&comma; 150&comma; 0.3); margin: 30px 0;'>\n<div style='text-align: center; margin-bottom: 20px;'> <strong style='color: inherit;'>Diagrama de Integraci\u00f3n con HikCentral<\/strong> <\/div>\n<div style='width: 100%; max-width: 800px; margin: 0 auto 30px; overflow: hidden; border-radius: 8px; border: 1px solid rgba(150&comma;150&comma;150&comma;0.3);'> <img style='width: 100%; height: auto; border: 1px solid rgba(150&comma;150&comma;150&comma;0.3); border-radius: 8px;' src='https:\/\/ftp3.syscom.mx\/usuarios\/jsosa\/HIKVISION\/imagenes\/decoders\/diagrama%20decoder.jpg' alt='Diagrama de Integraci\u00f3n con HikCentral'> <\/div>\n<div style='width: 100%; max-width: 800px; margin: 0 auto; overflow: hidden; border-radius: 8px; border: 1px solid rgba(150&comma;150&comma;150&comma;0.3);'> <img style='width: 100%; height: auto; border: 1px solid rgba(150&comma;150&comma;150&comma;0.3); border-radius: 8px;' src='https:\/\/ftp3.syscom.mx\/usuarios\/nortega\/hikvision\/imagenes\/HIKVISION-VW-DS.png' alt='Diagrama HIKVISION-VW-DS'> <\/div>\n<\/p><\/div>\n","protected":false},"excerpt":{"rendered":"<p>Servidor Decodificador 16 Entradas + 32 Salidas HDMI \/ 256 Canales Decodificaci\u00f3n 1080p \/ Compatibilidad ONVIF \/ Rack 3U<\/p>\n","protected":false},"featured_media":32,"comment_status":"open","ping_status":"closed","template":"","meta":[],"product_brand":[],"product_cat":[2088],"product_tag":[54,2089,2090],"class_list":{"0":"post-101485","1":"product","2":"type-product","3":"status-publish","4":"has-post-thumbnail","6":"product_cat-videowall-seguridad","7":"product_tag-hikvision","8":"product_tag-monitores-pantallas-y-mobiliario","9":"product_tag-videowall-seguridad","11":"first","12":"outofstock","13":"sale","14":"shipping-taxable","15":"purchasable","16":"product-type-simple"},"_links":{"self":[{"href":"https:\/\/soydeaqui.ddns.net\/pachuca\/index.php\/wp-json\/wp\/v2\/product\/101485","targetHints":{"allow":["GET"]}}],"collection":[{"href":"https:\/\/soydeaqui.ddns.net\/pachuca\/index.php\/wp-json\/wp\/v2\/product"}],"about":[{"href":"https:\/\/soydeaqui.ddns.net\/pachuca\/index.php\/wp-json\/wp\/v2\/types\/product"}],"replies":[{"embeddable":true,"href":"https:\/\/soydeaqui.ddns.net\/pachuca\/index.php\/wp-json\/wp\/v2\/comments?post=101485"}],"wp:featuredmedia":[{"embeddable":true,"href":"https:\/\/soydeaqui.ddns.net\/pachuca\/index.php\/wp-json\/wp\/v2\/media\/32"}],"wp:attachment":[{"href":"https:\/\/soydeaqui.ddns.net\/pachuca\/index.php\/wp-json\/wp\/v2\/media?parent=101485"}],"wp:term":[{"taxonomy":"product_brand","embeddable":true,"href":"https:\/\/soydeaqui.ddns.net\/pachuca\/index.php\/wp-json\/wp\/v2\/product_brand?post=101485"},{"taxonomy":"product_cat","embeddable":true,"href":"https:\/\/soydeaqui.ddns.net\/pachuca\/index.php\/wp-json\/wp\/v2\/product_cat?post=101485"},{"taxonomy":"product_tag","embeddable":true,"href":"https:\/\/soydeaqui.ddns.net\/pachuca\/index.php\/wp-json\/wp\/v2\/product_tag?post=101485"}],"curies":[{"name":"wp","href":"https:\/\/api.w.org\/{rel}","templated":true}]}}