{"id":101484,"date":"2026-03-20T12:03:44","date_gmt":"2026-03-20T12:03:44","guid":{"rendered":"https:\/\/soydeaqui.ddns.net\/pachuca\/index.php\/producto\/kit-de-camaras-poe-para-uso-en-exterior-poe-estandar-af-2-piezas-cs-h5-3mp-1-pieza-de-switch-ds-3e1505p-ei-m-vision-nocturna-a-color-ip67-audio-bidireccional-luz-y-sirena-4-puertos-1000\/"},"modified":"2026-03-20T12:03:45","modified_gmt":"2026-03-20T12:03:45","slug":"kit-de-camaras-poe-para-uso-en-exterior-poe-estandar-af-2-piezas-cs-h5-3mp-1-pieza-de-switch-ds-3e1505p-ei-m-vision-nocturna-a-color-ip67-audio-bidireccional-luz-y-sirena-4-puertos-1000","status":"publish","type":"product","link":"https:\/\/soydeaqui.ddns.net\/pachuca\/index.php\/producto\/kit-de-camaras-poe-para-uso-en-exterior-poe-estandar-af-2-piezas-cs-h5-3mp-1-pieza-de-switch-ds-3e1505p-ei-m-vision-nocturna-a-color-ip67-audio-bidireccional-luz-y-sirena-4-puertos-1000\/","title":{"rendered":"Kit de c\u00e1maras PoE Para Uso en Exterior \/ PoE Estandar Af \/ 2 piezas CS-H5\/3MP\/ 1 Pieza de Switch DS-3E1505P-EI\/M \/ Vision Nocturna a Color \/ IP67 \/ Audio Bidireccional \/ Luz y Sirena \/ 4 Puertos 1000 Mbps PoE+ \/ 1 Puerto 1000 Mbps Uplink"},"content":{"rendered":"<div style='width: 100%; max-width: 1200px; margin: 0 auto; font-family: sans-serif; line-height: 1.6; color: inherit;'>\n<div style='width: 100%; margin-bottom: 30px;'> <a href='#link' target='_blank' rel='noopener'> <img style='width: 100%; height: auto; border: 1px solid rgba(150&comma;150&comma;150&comma;0.3); border-radius: 8px;' src='https:\/\/ftp3.syscom.mx\/usuarios\/rcovarrubias\/EZVIZ\/Bannerspag\/SerieH.png' alt='Banner SerieH'> <\/a> <\/div>\n<div style='display: flex; flex-wrap: wrap; gap: 30px; margin-bottom: 30px;'>\n<div style='flex: 1 1 300px; min-width: 280px;'>\n<div style='border-left: 5px solid #42BB1A; border-radius: 5px; padding: 15px; box-shadow: 2px 2px 10px rgba(216&comma;216&comma;216&comma;0.5);'> <strong>Caracter\u00edsticas principales:<\/strong> <\/p>\n<p><strong>El kit incluye:<\/strong><\/p>\n<ul style='padding-left: 20px; font-size: 15px; color: inherit; list-style-type: disc;'>\n<li style='margin-bottom: 5px;'>2 C\u00e1maras modelo <a href='https:\/\/www.syscom.mx\/producto\/CS-H5\/3MP\/POE-EZVIZ-236468.html' target='_blank' rel='noopener' style='color: #5a9fff; text-decoration: none;'>CS-H5\/3MP\/POE<\/a><\/li>\n<li style='margin-bottom: 5px;'>1 Switch modelo <a href='https:\/\/www.syscom.mx\/producto\/DS-3E1505P-EI\/M-HIKVISION-225281.html' target='_blank' rel='noopener' style='color: #5a9fff; text-decoration: none;'>DS-3E1505P-EI\/M<\/a><\/li>\n<\/ul>\n<p style='color: #f44336; margin-top: 20px;'><strong>Notas:<\/strong><\/p>\n<ul style='padding-left: 20px; font-size: 15px; color: #f44336; list-style-type: disc;'>\n<li style='margin-bottom: 5px;'>Configuraci\u00f3n \u00fanicamente mediante aplicaci\u00f3n EZVIZ<\/li>\n<\/ul><\/div>\n<\/p><\/div>\n<\/p><\/div>\n<div style='width: 100%; display: flex; flex-wrap: wrap; gap: 0.5%; margin-bottom: 30px;'>\n<div style='flex: 1 1 30%; min-width: 250px; text-align: center; background: white; border: 1px solid rgba(150&comma;150&comma;150&comma;0.3); border-radius: 8px; padding: 15px; box-shadow: 2px 2px 10px rgba(216&comma;216&comma;216&comma;0.5);'> <img style='width: 100%; height: auto; border: 1px solid rgba(150&comma;150&comma;150&comma;0.3); border-radius: 8px;' src='https:\/\/ftp3.syscom.mx\/usuarios\/rcovarrubias\/EZVIZ\/IMAGENES\/CSH5\/3MP\/POE\/KS2\/CSH5_3MP_POE-l.png' alt='CS-H5\/3MP\/POE'> <\/p>\n<div style='margin: 15px 0; font-weight: bold;'>CS-H5\/3MP\/POE<\/div>\n<p> <a style='background: #5a9fff; padding: 8px 15px; border-radius: 5px; color: white; text-decoration: none;' href='https:\/\/www.syscom.mx\/producto\/CS-H5\/3MP\/POE-EZVIZ-236468.html' target='_blank' rel='noopener'>Leer m\u00e1s<\/a> <\/div>\n<div style='flex: 1 1 30%; min-width: 250px; text-align: center; background: white; border: 1px solid rgba(150&comma;150&comma;150&comma;0.3); border-radius: 8px; padding: 15px; box-shadow: 2px 2px 10px rgba(216&comma;216&comma;216&comma;0.5);'> <img style='width: 100%; height: auto; border: 1px solid rgba(150&comma;150&comma;150&comma;0.3); border-radius: 8px;' src='https:\/\/ftp3.syscom.mx\/usuarios\/rcovarrubias\/EZVIZ\/IMAGENES\/CSH5\/3MP\/POE\/KS2\/DS3E1505PEI_M-l.png' alt='DS-3E1505P-EI\/M'> <\/p>\n<div style='margin: 15px 0; font-weight: bold;'>DS-3E1505P-EI\/M<\/div>\n<p> <a style='background: #5a9fff; padding: 8px 15px; border-radius: 5px; color: white; text-decoration: none;' href='https:\/\/www.syscom.mx\/producto\/DS-3E1505P-EI\/M-HIKVISION-225281.html' target='_blank' rel='noopener'>Leer m\u00e1s<\/a> <\/div>\n<\/p><\/div>\n<div style='width: 100%; margin-bottom: 30px;'> <img style='width: 100%; height: auto; border: 1px solid rgba(150&comma;150&comma;150&comma;0.3); border-radius: 8px;' src='https:\/\/ftp3.syscom.mx\/usuarios\/rcovarrubias\/EZVIZ\/Banner%20COMPATIBLE-ALEXA-GOOGLE.jpg' alt='Banner Compatible Alexa Google'> <\/div>\n<\/p><\/div>\n","protected":false},"excerpt":{"rendered":"<p>Kit de c\u00e1maras PoE Para Uso en Exterior \/ PoE Estandar Af \/ 2 piezas CS-H5\/3MP\/ 1 Pieza de Switch DS-3E1505P-EI\/M \/ Vision Nocturna a Color \/ IP67 \/ Audio Bidireccional \/ Luz y Sirena \/ 4 Puertos 1000 Mbps PoE+ \/ 1 Puerto 1000 Mbps Uplink<\/p>\n","protected":false},"featured_media":101483,"comment_status":"open","ping_status":"closed","template":"","meta":[],"product_brand":[],"product_cat":[2231],"product_tag":[111,2233,2232],"class_list":{"0":"post-101484","1":"product","2":"type-product","3":"status-publish","4":"has-post-thumbnail","6":"product_cat-ip-megapixel","7":"product_tag-ezviz","8":"product_tag-ip-megapixel","9":"product_tag-kits-sistemas-completos","11":"first","12":"instock","13":"sale","14":"shipping-taxable","15":"purchasable","16":"product-type-simple"},"_links":{"self":[{"href":"https:\/\/soydeaqui.ddns.net\/pachuca\/index.php\/wp-json\/wp\/v2\/product\/101484","targetHints":{"allow":["GET"]}}],"collection":[{"href":"https:\/\/soydeaqui.ddns.net\/pachuca\/index.php\/wp-json\/wp\/v2\/product"}],"about":[{"href":"https:\/\/soydeaqui.ddns.net\/pachuca\/index.php\/wp-json\/wp\/v2\/types\/product"}],"replies":[{"embeddable":true,"href":"https:\/\/soydeaqui.ddns.net\/pachuca\/index.php\/wp-json\/wp\/v2\/comments?post=101484"}],"wp:featuredmedia":[{"embeddable":true,"href":"https:\/\/soydeaqui.ddns.net\/pachuca\/index.php\/wp-json\/wp\/v2\/media\/101483"}],"wp:attachment":[{"href":"https:\/\/soydeaqui.ddns.net\/pachuca\/index.php\/wp-json\/wp\/v2\/media?parent=101484"}],"wp:term":[{"taxonomy":"product_brand","embeddable":true,"href":"https:\/\/soydeaqui.ddns.net\/pachuca\/index.php\/wp-json\/wp\/v2\/product_brand?post=101484"},{"taxonomy":"product_cat","embeddable":true,"href":"https:\/\/soydeaqui.ddns.net\/pachuca\/index.php\/wp-json\/wp\/v2\/product_cat?post=101484"},{"taxonomy":"product_tag","embeddable":true,"href":"https:\/\/soydeaqui.ddns.net\/pachuca\/index.php\/wp-json\/wp\/v2\/product_tag?post=101484"}],"curies":[{"name":"wp","href":"https:\/\/api.w.org\/{rel}","templated":true}]}}