{"id":101438,"date":"2026-03-20T12:01:11","date_gmt":"2026-03-20T12:01:11","guid":{"rendered":"https:\/\/soydeaqui.ddns.net\/pachuca\/index.php\/producto\/base-de-carga-dual-para-baterias-de-bodycam-compatible-con-xmrx5v2-diseno-compacto-carga-rapida-dual-indicadores-de-estado-material-abs-no-incluye-bateria\/"},"modified":"2026-03-20T12:01:22","modified_gmt":"2026-03-20T12:01:22","slug":"base-de-carga-dual-para-baterias-de-bodycam-compatible-con-xmrx5v2-diseno-compacto-carga-rapida-dual-indicadores-de-estado-material-abs-no-incluye-bateria","status":"publish","type":"product","link":"https:\/\/soydeaqui.ddns.net\/pachuca\/index.php\/producto\/base-de-carga-dual-para-baterias-de-bodycam-compatible-con-xmrx5v2-diseno-compacto-carga-rapida-dual-indicadores-de-estado-material-abs-no-incluye-bateria\/","title":{"rendered":"Base de Carga Dual para Bater\u00edas de Bodycam| Compatible con XMRX5V2| Dise\u00f1o Compacto | Carga R\u00e1pida Dual |  Indicadores de Estado| Material ABS | No incluye Bateria."},"content":{"rendered":"<div style='width: 100%; max-width: 1200px; margin: 0 auto; font-family: sans-serif; line-height: 1.6; color: inherit; background-color: transparent;'> <!-- Imagen del producto --> <\/p>\n<div style='width: 100%; margin: 0 auto 30px; display: block;'> <img style='width: 100%; height: auto; border: 1px solid rgba(150&comma;150&comma;150&comma;0.3); border-radius: 8px;' src='https:\/\/ftp3.syscom.mx\/usuarios\/albamaria\/albamaria\/bodycams\/EPCOM-BODYCAMS.jpg' alt='Base de Carga Dual para Bater\u00edas de Bodycam EPCOM'> <\/div>\n<p> <!-- Descripci\u00f3n del producto --> <\/p>\n<div style='display: flex; flex-wrap: wrap; gap: 30px; margin-bottom: 30px;'>\n<div style='flex: 1 1 300px; min-width: 280px;'>\n<div style='padding: 15px; background: #254EA4; color: white; border-radius: 8px 8px 0 0; margin-bottom: 15px;'> <strong>XMRX5V2BATDOCK &#8211; Base de Carga Dual para Bater\u00edas<\/strong> <\/div>\n<p style='text-align: justify; font-size: 15px; color: inherit;'> Base de carga dual para bater\u00edas&comma; compatible con Bodycam <span style='color: #c0392b;'><strong>XMRX5V2<\/strong><\/span>. Dise\u00f1o compacto&comma; operaci\u00f3n f\u00e1cil de usar y carga r\u00e1pida. Incorpora tecnolog\u00eda avanzada de carga inteligente para garantizar una carga r\u00e1pida y segura. <\/p>\n<\/p><\/div>\n<\/p><\/div>\n<p> <!-- Secci\u00f3n de caracter\u00edsticas y especificaciones --> <\/p>\n<div style='display: flex; flex-wrap: wrap; gap: 20px; margin-bottom: 30px;'> <!-- Caracter\u00edsticas Principales --> <\/p>\n<div style='flex: 1 1 250px; border: 1px solid rgba(150&comma; 150&comma; 150&comma; 0.4); border-radius: 8px; overflow: hidden; display: flex; flex-direction: column;'>\n<div style='padding: 15px; border-bottom: 1px solid rgba(150&comma; 150&comma; 150&comma; 0.2); font-weight: bold; font-size: 18px; color: inherit;'>Caracter\u00edsticas Principales<\/div>\n<div style='padding: 15px; color: inherit;'>\n<ul style='padding-left: 20px; margin: 0; font-size: 14px; list-style-type: disc;'>\n<li style='margin-bottom: 5px;'><strong>Soporta la carga completa de dos bater\u00edas simult\u00e1neamente<\/strong><\/li>\n<li style='margin-bottom: 5px;'><strong>Detenci\u00f3n autom\u00e1tica cuando la carga est\u00e1 completa<\/strong>&comma; con protecci\u00f3n por tiempo de espera<\/li>\n<li style='margin-bottom: 5px;'><strong>Base antideslizante<\/strong>&comma; f\u00e1cil de colocar<\/li>\n<li style='margin-bottom: 5px;'><strong>Tecnolog\u00eda de carga inteligente<\/strong> para carga r\u00e1pida y segura<\/li>\n<li style='margin-bottom: 5px;'><strong>Dise\u00f1o compacto<\/strong> y f\u00e1cil de usar<\/li>\n<\/ul><\/div>\n<\/p><\/div>\n<p> <!-- Especificaciones T\u00e9cnicas --> <\/p>\n<div style='flex: 1 1 250px; border: 1px solid rgba(150&comma; 150&comma; 150&comma; 0.4); border-radius: 8px; overflow: hidden; display: flex; flex-direction: column;'>\n<div style='padding: 15px; border-bottom: 1px solid rgba(150&comma; 150&comma; 150&comma; 0.2); font-weight: bold; font-size: 18px; color: inherit;'>Especificaciones T\u00e9cnicas<\/div>\n<div style='padding: 15px; color: inherit;'>\n<ul style='padding-left: 20px; margin: 0; font-size: 14px; list-style-type: disc;'>\n<li style='margin-bottom: 5px;'><strong>Entrada:<\/strong> Puerto TYPE-C&comma; DC 5V&comma; 2A<\/li>\n<li style='margin-bottom: 5px;'><strong>Salida:<\/strong> Soporta 2 salidas simult\u00e1neas de DC 5V&comma; 1.5A<\/li>\n<li style='margin-bottom: 5px;'><strong>Eficiencia de Carga:<\/strong> \u226595%<\/li>\n<li style='margin-bottom: 5px;'><strong>Rizado de Carga:<\/strong> \u2264100mV<\/li>\n<li style='margin-bottom: 5px;'><strong>Consumo en Espera:<\/strong> <0.5W<\/li>\n<li style='margin-bottom: 5px;'><strong>Protecci\u00f3n contra Sobrecarga:<\/strong> Chip inteligente integrado. Monitoreo en tiempo real del estado de la bater\u00eda<\/li>\n<li style='margin-bottom: 5px;'><strong>Protecci\u00f3n contra Cortocircuito:<\/strong> Corta la salida al detectar un cortocircuito<\/li>\n<li style='margin-bottom: 5px;'><strong>Protecci\u00f3n contra Sobretensi\u00f3n:<\/strong> Voltaje m\u00e1ximo de entrada 13.6V; si supera 5.6V&comma; detiene la carga<\/li>\n<li style='margin-bottom: 5px;'><strong>Protecci\u00f3n contra Descargas Est\u00e1ticas:<\/strong> Descarga por contacto +\/- 4KV&comma; descarga por aire +\/- 8KV<\/li>\n<\/ul><\/div>\n<\/p><\/div>\n<\/p><\/div>\n<p> <!-- Secci\u00f3n de indicadores y otros par\u00e1metros --> <\/p>\n<div style='display: flex; flex-wrap: wrap; gap: 20px; margin-bottom: 30px;'> <!-- Indicadores de Estado --> <\/p>\n<div style='flex: 1 1 250px; border: 1px solid rgba(150&comma; 150&comma; 150&comma; 0.4); border-radius: 8px; overflow: hidden; display: flex; flex-direction: column;'>\n<div style='padding: 15px; border-bottom: 1px solid rgba(150&comma; 150&comma; 150&comma; 0.2); font-weight: bold; font-size: 18px; color: inherit;'>Indicadores de Estado<\/div>\n<div style='padding: 15px; color: inherit;'>\n<ul style='padding-left: 20px; margin: 0; font-size: 14px; list-style-type: disc;'>\n<li style='margin-bottom: 5px;'><strong>Sin carga&comma; energizado:<\/strong> Luz verde fija continuamente<\/li>\n<li style='margin-bottom: 5px;'><strong>Proceso de carga:<\/strong> Luz roja fija continuamente<\/li>\n<li style='margin-bottom: 5px;'><strong>Carga completa:<\/strong> Luz verde fija continuamente<\/li>\n<li style='margin-bottom: 5px;'><strong>Estado Anormal:<\/strong> Luz roja intermitente<\/li>\n<\/ul><\/div>\n<\/p><\/div>\n<p> <!-- Otros Par\u00e1metros --> <\/p>\n<div style='flex: 1 1 250px; border: 1px solid rgba(150&comma; 150&comma; 150&comma; 0.4); border-radius: 8px; overflow: hidden; display: flex; flex-direction: column;'>\n<div style='padding: 15px; border-bottom: 1px solid rgba(150&comma; 150&comma; 150&comma; 0.2); font-weight: bold; font-size: 18px; color: inherit;'>Otros Par\u00e1metros<\/div>\n<div style='padding: 15px; color: inherit;'>\n<ul style='padding-left: 20px; margin: 0; font-size: 14px; list-style-type: disc;'>\n<li style='margin-bottom: 5px;'><strong>Temperatura de operaci\u00f3n:<\/strong> -10\u00b0C ~ 55\u00b0C&comma; Humedad \u226490%<\/li>\n<li style='margin-bottom: 5px;'><strong>Temperatura de almacenamiento:<\/strong> -20\u00b0C ~ 60\u00b0C&comma; Humedad \u226480%<\/li>\n<li style='margin-bottom: 5px;'><strong>Humedad relativa:<\/strong> 5% ~ 95%<\/li>\n<li style='margin-bottom: 5px;'><strong>Tama\u00f1o:<\/strong> 75mm \u00d7 55mm \u00d7 27mm<\/li>\n<li style='margin-bottom: 5px;'><strong>Peso:<\/strong> 48g<\/li>\n<li style='margin-bottom: 5px;'><strong>Material de la carcasa:<\/strong> Material Retardante al Fuego ABS<\/li>\n<\/ul><\/div>\n<\/p><\/div>\n<\/p><\/div>\n<p> <!-- Separador final --> <\/p>\n<hr style='border: 0; border-top: 1px solid rgba(150&comma; 150&comma; 150&comma; 0.3); margin: 30px 0;'> <\/div>\n","protected":false},"excerpt":{"rendered":"<p>Base de Carga Dual para Bater\u00edas de Bodycam| Compatible con XMRX5V2| Dise\u00f1o Compacto | Carga R\u00e1pida Dual |  Indicadores de Estado| Material ABS | No incluye Bateria.<\/p>\n","protected":false},"featured_media":101437,"comment_status":"open","ping_status":"closed","template":"","meta":[],"product_brand":[],"product_cat":[2266,1406],"product_tag":[2267,1409,935,1345],"class_list":{"0":"post-101438","1":"product","2":"type-product","3":"status-publish","4":"has-post-thumbnail","6":"product_cat-body-cams-portatiles","7":"product_cat-videograbadoras-moviles-videovigilancia","8":"product_tag-body-cams-portatiles","9":"product_tag-dash-cams-y-body-cams","10":"product_tag-epcom","11":"product_tag-videograbadoras-moviles","13":"first","14":"outofstock","15":"sale","16":"shipping-taxable","17":"purchasable","18":"product-type-simple"},"_links":{"self":[{"href":"https:\/\/soydeaqui.ddns.net\/pachuca\/index.php\/wp-json\/wp\/v2\/product\/101438","targetHints":{"allow":["GET"]}}],"collection":[{"href":"https:\/\/soydeaqui.ddns.net\/pachuca\/index.php\/wp-json\/wp\/v2\/product"}],"about":[{"href":"https:\/\/soydeaqui.ddns.net\/pachuca\/index.php\/wp-json\/wp\/v2\/types\/product"}],"replies":[{"embeddable":true,"href":"https:\/\/soydeaqui.ddns.net\/pachuca\/index.php\/wp-json\/wp\/v2\/comments?post=101438"}],"wp:featuredmedia":[{"embeddable":true,"href":"https:\/\/soydeaqui.ddns.net\/pachuca\/index.php\/wp-json\/wp\/v2\/media\/101437"}],"wp:attachment":[{"href":"https:\/\/soydeaqui.ddns.net\/pachuca\/index.php\/wp-json\/wp\/v2\/media?parent=101438"}],"wp:term":[{"taxonomy":"product_brand","embeddable":true,"href":"https:\/\/soydeaqui.ddns.net\/pachuca\/index.php\/wp-json\/wp\/v2\/product_brand?post=101438"},{"taxonomy":"product_cat","embeddable":true,"href":"https:\/\/soydeaqui.ddns.net\/pachuca\/index.php\/wp-json\/wp\/v2\/product_cat?post=101438"},{"taxonomy":"product_tag","embeddable":true,"href":"https:\/\/soydeaqui.ddns.net\/pachuca\/index.php\/wp-json\/wp\/v2\/product_tag?post=101438"}],"curies":[{"name":"wp","href":"https:\/\/api.w.org\/{rel}","templated":true}]}}