{"id":101433,"date":"2026-03-20T12:00:57","date_gmt":"2026-03-20T12:00:57","guid":{"rendered":"https:\/\/soydeaqui.ddns.net\/pachuca\/index.php\/producto\/b21ls-camara-termografica-portatil-serie-b-resolucion-ir-256-x-192-rango-de-20c-a-550c-pantalla-lcd-3-2-superir-wi-fi-memoria-16gb-bateria-6h\/"},"modified":"2026-03-20T12:00:57","modified_gmt":"2026-03-20T12:00:57","slug":"b21ls-camara-termografica-portatil-serie-b-resolucion-ir-256-x-192-rango-de-20c-a-550c-pantalla-lcd-3-2-superir-wi-fi-memoria-16gb-bateria-6h","status":"publish","type":"product","link":"https:\/\/soydeaqui.ddns.net\/pachuca\/index.php\/producto\/b21ls-camara-termografica-portatil-serie-b-resolucion-ir-256-x-192-rango-de-20c-a-550c-pantalla-lcd-3-2-superir-wi-fi-memoria-16gb-bateria-6h\/","title":{"rendered":"B21LS &#8211; C\u00e1mara Termogr\u00e1fica Port\u00e1til Serie B \/ Resoluci\u00f3n IR 256 x 192 \/ Rango de -20\u00b0C a 550\u00b0C \/ Pantalla LCD 3.2&#8243; \/ SuperIR \/ Wi-Fi \/ Memoria 16GB \/ Bater\u00eda 6h"},"content":{"rendered":"<div style='width: 100%; max-width: 1200px; margin: 0 auto; font-family: sans-serif; line-height: 1.6; color: inherit; background-color: transparent;'> <!-- Logo --> <\/p>\n<div style='text-align: center; margin: 30px 0;'> <img style='width: 45%; height: auto; border: 1px solid rgba(150&comma;150&comma;150&comma;0.3); border-radius: 8px;' src='https:\/\/ftp3.syscom.mx\/usuarios\/fotos\/HMTP2310VF\/WM30\/200759-logo-hikmicro.png' alt='Logo Hikmicro'> <\/div>\n<p> <!-- Im\u00e1genes t\u00e9rmicas --> <\/p>\n<div style='display: flex; flex-wrap: wrap; gap: 20px; justify-content: center; margin: 30px 0;'> <img style='width: 100%; max-width: 600px; height: auto; border: 1px solid rgba(150&comma;150&comma;150&comma;0.3); border-radius: 8px;' src='https:\/\/ftp3.syscom.mx\/usuarios\/fotos\/HMTP513AXFWB1L\/205734-terb.png' alt='C\u00e1mara t\u00e9rmica vista frontal'> <img style='width: 100%; max-width: 600px; height: auto; border: 1px solid rgba(150&comma;150&comma;150&comma;0.3); border-radius: 8px;' src='https:\/\/ftp3.syscom.mx\/usuarios\/fotos\/HMTP513AXFWB1L\/205734-ter.png' alt='C\u00e1mara t\u00e9rmica vista lateral'> <\/div>\n<p> <!-- Videos --> <\/p>\n<div style='display: flex; flex-wrap: wrap; gap: 30px; margin: 40px 0;'>\n<div style='flex: 1 1 400px; min-width: 300px;'>\n<h3 style='font-size: 20px; text-align: center; border-bottom: 2px solid currentColor; padding-bottom: 8px; margin-top: 0; color: inherit; opacity: 0.85;'><span style='font-family: verdana&comma; geneva&comma; sans-serif;'>Descripci\u00f3n de C\u00e1mara T\u00e9rmica Serie B<\/span><\/h3>\n<div style='position: relative; padding-bottom: 56.25%; height: 0; overflow: hidden; margin-bottom: 30px;'> <video style='position: absolute; top: 0; left: 0; width: 100%; height: 100%; border: none;' src='https:\/\/ftp3.syscom.mx\/usuarios\/fcarrillo\/Hikvision\/videos\/B1L-How%20To%20Video%20%28DESCRIPCION%29.mp4' loop muted controls><\/video> <\/div>\n<\/p><\/div>\n<div style='flex: 1 1 400px; min-width: 300px;'>\n<h3 style='font-size: 20px; text-align: center; border-bottom: 2px solid currentColor; padding-bottom: 8px; margin-top: 0; color: inherit; opacity: 0.85;'><span style='font-family: verdana&comma; geneva&comma; sans-serif;'>Unboxing de C\u00e1mara T\u00e9rmica Serie B<\/span><\/h3>\n<div style='position: relative; padding-bottom: 56.25%; height: 0; overflow: hidden; margin-bottom: 30px;'> <video style='position: absolute; top: 0; left: 0; width: 100%; height: 100%; border: none;' src='https:\/\/ftp3.syscom.mx\/usuarios\/fcarrillo\/Hikvision\/videos\/B%20series-Welcome%20Guide%20Video%20%28UNBOXING%29.mp4' loop muted controls><\/video> <\/div>\n<\/p><\/div>\n<\/p><\/div>\n<p> <!-- Especificaciones --> <\/p>\n<div style='display: flex; flex-wrap: wrap; gap: 30px; margin: 40px 0;'>\n<div style='flex: 1 1 300px; min-width: 280px; border: 1px solid rgba(150&comma; 150&comma; 150&comma; 0.4); border-radius: 8px; overflow: hidden; display: flex; flex-direction: column;'>\n<div style='padding: 15px; border-bottom: 1px solid rgba(150&comma; 150&comma; 150&comma; 0.2); font-weight: bold; font-size: 18px; color: inherit; background-color: rgba(255&comma; 0&comma; 0&comma; 0.05);'>Caracter\u00edsticas principales:<\/div>\n<div style='padding: 15px; color: inherit;'>\n<ul style='padding-left: 20px; margin: 0; font-size: 14px; list-style-type: disc;'>\n<li style='margin-bottom: 5px;'><strong>Resoluci\u00f3n M\u00e1xima:<\/strong> 256 \u00d7 192<\/li>\n<li style='margin-bottom: 5px;'><strong>Lente fijo:<\/strong> 3.6mm<\/li>\n<li style='margin-bottom: 5px;'><strong>Memoria interna:<\/strong> EMMC 16 Gb<\/li>\n<li style='margin-bottom: 5px;'><strong>Almacenamiento de Im\u00e1genes:<\/strong> hasta 90&comma;000 im\u00e1genes (JPEG)<\/li>\n<li style='margin-bottom: 5px;'><strong>Rango de Lectura de Temperatura:<\/strong> -20 \u00b0C a 550 \u00b0C<\/li>\n<li style='margin-bottom: 5px;'><strong>Soporta Wi-fi:<\/strong> 802.11 b\/g\/n (2.4 Ghz)<\/li>\n<li style='margin-bottom: 5px;'><strong>Puntero l\u00e1ser.<\/strong><\/li>\n<\/ul><\/div>\n<\/p><\/div>\n<div style='flex: 1 1 300px; min-width: 280px; border: 1px solid rgba(150&comma; 150&comma; 150&comma; 0.4); border-radius: 8px; overflow: hidden; display: flex; flex-direction: column;'>\n<div style='padding: 15px; border-bottom: 1px solid rgba(150&comma; 150&comma; 150&comma; 0.2); font-weight: bold; font-size: 18px; color: inherit; background-color: rgba(255&comma; 0&comma; 0&comma; 0.05);'>Caracter\u00edsticas F\u00edsicas y El\u00e9ctricas:<\/div>\n<div style='padding: 15px; color: inherit;'>\n<ul style='padding-left: 20px; margin: 0; font-size: 14px; list-style-type: disc;'>\n<li style='margin-bottom: 5px;'><strong>Temperatura de Operaci\u00f3n:<\/strong> -10 \u00b0C a 50 \u00b0C<\/li>\n<li style='margin-bottom: 5px;'><strong>Alimentaci\u00f3n:<\/strong> 3.7 Vcc \/ 1.5 Watts<\/li>\n<li style='margin-bottom: 5px;'><strong>Autonom\u00eda:<\/strong> Hasta 6 horas continuas de uso<\/li>\n<li style='margin-bottom: 5px;'><strong>Display:<\/strong> 3.2&#8242;<\/li>\n<li style='margin-bottom: 5px;'><strong>Bater\u00eda:<\/strong> Integrada de Li-ion<\/li>\n<li style='margin-bottom: 5px;'><strong>Protecci\u00f3n:<\/strong> IP54<\/li>\n<li style='margin-bottom: 5px;'><strong>Dimensiones:<\/strong> 221.7 mm \u00d7 73.5 mm \u00d7 123.8 mm<\/li>\n<li style='margin-bottom: 5px;'><strong>Peso:<\/strong> 380 gramos<\/li>\n<li style='margin-bottom: 5px;'><strong>Garant\u00eda:<\/strong> 3 a\u00f1os<\/li>\n<\/ul><\/div>\n<\/p><\/div>\n<\/p><\/div>\n<p> <!-- Im\u00e1genes adicionales --> <\/p>\n<div style='display: flex; flex-wrap: wrap; gap: 20px; justify-content: center; margin: 40px 0;'> <img style='width: 100%; max-width: 400px; height: auto; border: 1px solid rgba(150&comma;150&comma;150&comma;0.3); border-radius: 8px;' src='https:\/\/ftp3.syscom.mx\/usuarios\/fotos\/HMTP513AXFWB1L\/205734-4.png' alt='Caracter\u00edstica adicional 1'> <img style='width: 100%; max-width: 400px; height: auto; border: 1px solid rgba(150&comma;150&comma;150&comma;0.3); border-radius: 8px;' src='https:\/\/ftp3.syscom.mx\/usuarios\/fotos\/HMTP513AXFWB1L\/205734-3.png' alt='Caracter\u00edstica adicional 2'> <\/div>\n<p> <!-- Caracter\u00edsticas destacadas --> <\/p>\n<div style='display: flex; flex-wrap: wrap; gap: 30px; margin: 40px 0;'>\n<div style='flex: 1 1 300px; text-align: center;'> <img style='width: 80px; height: auto; margin-bottom: 15px;' src='http:\/\/ftp3.syscom.mx\/usuarios\/ftp\/single_page\/hiktermica\/Sep-15-2021 16-55-01.gif' alt='Medici\u00f3n de temperatura'> <\/p>\n<p style='font-size: 20px; font-weight: bold; color: inherit; margin: 15px 0 8px; line-height: 1.4;'> Medici\u00f3n R\u00e1pida de la Temperatura <\/p>\n<p style='font-size: 14px; color: inherit; opacity: 0.9;'> En pantalla completa puede seleccionar diferentes ajustes para hacer la medici\u00f3n los cuales pueden ser: Center Spot&comma; Hot Spot&comma; Cold Spot&comma; Custom Point&comma; Line&comma; Box. <\/p>\n<\/p><\/div>\n<div style='flex: 1 1 300px; text-align: center;'> <img style='width: 80px; height: auto; margin-bottom: 15px;' src='http:\/\/ftp3.syscom.mx\/usuarios\/ftp\/single_page\/hiktermica\/Sep-15-2021 17-46-24-2.gif' alt='Conectividad Wi-Fi'> <\/p>\n<p style='font-size: 20px; font-weight: bold; color: inherit; margin: 15px 0 8px; line-height: 1.4;'> Conectividad Wi-Fi <\/p>\n<p style='font-size: 14px; color: inherit; opacity: 0.9;'> Se conecta mediante la App HIKMICRO Viewer a trav\u00e9s del Wi-Fi y puede compartir la imagen de manera f\u00e1cil y r\u00e1pida. <\/p>\n<\/p><\/div>\n<div style='flex: 1 1 300px; text-align: center;'> <img style='width: 80px; height: auto; margin-bottom: 15px;' src='http:\/\/ftp3.syscom.mx\/usuarios\/ftp\/single_page\/hiktermica\/Sep-15-2021 17-49-50-3.gif' alt='Enfoque manual'> <\/p>\n<p style='font-size: 20px; font-weight: bold; color: inherit; margin: 15px 0 8px; line-height: 1.4;'> Enfoque Manual <\/p>\n<p style='font-size: 14px; color: inherit; opacity: 0.9;'> El ajuste del anillo de enfoque manual permite ver con claridad los objetos a corta o larga distancia. <\/p>\n<\/p><\/div>\n<\/p><\/div>\n<p> <!-- Banner final --> <\/p>\n<div style='margin: 40px 0;'> <img style='width: 100%; height: auto; border: 1px solid rgba(150&comma;150&comma;150&comma;0.3); border-radius: 8px;' src='https:\/\/ftp3.syscom.mx\/usuarios\/jsosa\/banners\/solucion-termica.jpg' alt='Soluci\u00f3n t\u00e9rmica'> <\/div>\n<\/p><\/div>\n","protected":false},"excerpt":{"rendered":"<p>B21LS &#8211; C\u00e1mara Termogr\u00e1fica Port\u00e1til Serie B \/ Resoluci\u00f3n IR 256 x 192 \/ Rango de -20\u00b0C a 550\u00b0C \/ Pantalla LCD 3.2&#8243; \/ SuperIR \/ Wi-Fi \/ Memoria 16GB \/ Bater\u00eda 6h<\/p>\n","protected":false},"featured_media":101432,"comment_status":"open","ping_status":"closed","template":"","meta":[],"product_brand":[],"product_cat":[1049],"product_tag":[122,158,1050],"class_list":{"0":"post-101433","1":"product","2":"type-product","3":"status-publish","4":"has-post-thumbnail","6":"product_cat-termicas","7":"product_tag-camaras-ip-y-nvrs","8":"product_tag-hikmicro","9":"product_tag-termicas","11":"first","12":"instock","13":"sale","14":"shipping-taxable","15":"purchasable","16":"product-type-simple"},"_links":{"self":[{"href":"https:\/\/soydeaqui.ddns.net\/pachuca\/index.php\/wp-json\/wp\/v2\/product\/101433","targetHints":{"allow":["GET"]}}],"collection":[{"href":"https:\/\/soydeaqui.ddns.net\/pachuca\/index.php\/wp-json\/wp\/v2\/product"}],"about":[{"href":"https:\/\/soydeaqui.ddns.net\/pachuca\/index.php\/wp-json\/wp\/v2\/types\/product"}],"replies":[{"embeddable":true,"href":"https:\/\/soydeaqui.ddns.net\/pachuca\/index.php\/wp-json\/wp\/v2\/comments?post=101433"}],"wp:featuredmedia":[{"embeddable":true,"href":"https:\/\/soydeaqui.ddns.net\/pachuca\/index.php\/wp-json\/wp\/v2\/media\/101432"}],"wp:attachment":[{"href":"https:\/\/soydeaqui.ddns.net\/pachuca\/index.php\/wp-json\/wp\/v2\/media?parent=101433"}],"wp:term":[{"taxonomy":"product_brand","embeddable":true,"href":"https:\/\/soydeaqui.ddns.net\/pachuca\/index.php\/wp-json\/wp\/v2\/product_brand?post=101433"},{"taxonomy":"product_cat","embeddable":true,"href":"https:\/\/soydeaqui.ddns.net\/pachuca\/index.php\/wp-json\/wp\/v2\/product_cat?post=101433"},{"taxonomy":"product_tag","embeddable":true,"href":"https:\/\/soydeaqui.ddns.net\/pachuca\/index.php\/wp-json\/wp\/v2\/product_tag?post=101433"}],"curies":[{"name":"wp","href":"https:\/\/api.w.org\/{rel}","templated":true}]}}