{"id":101430,"date":"2026-03-20T12:00:50","date_gmt":"2026-03-20T12:00:50","guid":{"rendered":"https:\/\/soydeaqui.ddns.net\/pachuca\/index.php\/producto\/drone-dji-matrice-4dplus-con-rc-dual-camaravisual-hasta-25kms-de-transmision-1-ano-de-care-plus-uso-con-dji-dock-3-o-independiente\/"},"modified":"2026-03-20T12:00:53","modified_gmt":"2026-03-20T12:00:53","slug":"drone-dji-matrice-4dplus-con-rc-dual-camaravisual-hasta-25kms-de-transmision-1-ano-de-care-plus-uso-con-dji-dock-3-o-independiente","status":"publish","type":"product","link":"https:\/\/soydeaqui.ddns.net\/pachuca\/index.php\/producto\/drone-dji-matrice-4dplus-con-rc-dual-camaravisual-hasta-25kms-de-transmision-1-ano-de-care-plus-uso-con-dji-dock-3-o-independiente\/","title":{"rendered":"Drone DJI Matrice 4DPLUS con RC\/ Dual C\u00e1mara(Visual) \/Hasta 25kms de transmisi\u00f3n \/ 1 A\u00f1o de Care Plus \/ Uso con DJI DOCK 3 o Independiente"},"content":{"rendered":"<div style='width: 100%; max-width: 1200px; margin: 0 auto; font-family: sans-serif; line-height: 1.6; color: inherit; background-color: transparent;'> <!-- Secci\u00f3n de caracter\u00edsticas en 3 columnas --> <\/p>\n<div style='display: flex; flex-wrap: wrap; gap: 30px; margin-bottom: 30px;'>\n<div style='flex: 1 1 300px; min-width: 280px;'>\n<div style='border-left: 5px solid #0091ff; border-radius: 5px; padding: 15px; box-shadow: 2px 2px 10px rgba(216&comma; 216&comma; 216&comma; 0.5); background-color: rgba(255&comma; 255&comma; 255&comma; 0.05);'> <strong style='font-size: 18px; margin-bottom: 10px; display: block; color: inherit;'>Caracter\u00edsticas Principales:<\/strong> <\/p>\n<ul style='padding-left: 20px; font-size: 15px; color: inherit;'>\n<li style='margin-bottom: 5px;'>10 kms de transmisi\u00f3n.<\/li>\n<li style='margin-bottom: 5px;'>Zoom 112X<\/li>\n<li style='margin-bottom: 5px;'>Tiempo M\u00e1ximo de Vuelo: 54 min<\/li>\n<li style='margin-bottom: 5px;'>Velocidad M\u00e1xima de Operaci\u00f3n: 21 m\/s<\/li>\n<li style='margin-bottom: 5px;'>\n<div><strong style='color: inherit;'>GARANTIA DE 1 A\u00d1O CONTRA DEFECTOS DE FABRICACI\u00d3N<\/strong><\/div>\n<\/li>\n<\/ul><\/div>\n<\/p><\/div>\n<div style='flex: 1 1 300px; min-width: 280px;'>\n<div style='border-left: 5px solid #0091ff; border-radius: 5px; padding: 15px; box-shadow: 2px 2px 10px rgba(216&comma; 216&comma; 216&comma; 0.5); background-color: rgba(255&comma; 255&comma; 255&comma; 0.05);'> <strong style='font-size: 18px; margin-bottom: 10px; display: block; color: inherit;'>Caracter\u00edsticas Principales:<\/strong> <\/p>\n<ul style='padding-left: 20px; font-size: 15px; color: inherit;'>\n<li style='margin-bottom: 5px;'>C\u00e1mara t\u00e9rmica de 640 x 512 px.<\/li>\n<li style='margin-bottom: 5px;'>Luz NIR auxiliar.<\/li>\n<li style='margin-bottom: 5px;'>Compacto y port\u00e1til.<\/li>\n<li style='margin-bottom: 5px;'>Detecci\u00f3n omnidireccional para vuelo seguro.<\/li>\n<\/ul><\/div>\n<\/p><\/div>\n<div style='flex: 1 1 300px; min-width: 280px;'>\n<div style='border-left: 5px solid #0091ff; border-radius: 5px; padding: 15px; box-shadow: 2px 2px 10px rgba(216&comma; 216&comma; 216&comma; 0.5); background-color: rgba(255&comma; 255&comma; 255&comma; 0.05);'> <strong style='font-size: 18px; margin-bottom: 10px; display: block; color: inherit;'>Que incluye:<\/strong> <\/p>\n<ul style='padding-left: 20px; font-size: 15px; color: inherit;'>\n<li style='margin-bottom: 5px;'>Dron Matrice4DPLUS.<\/li>\n<li style='margin-bottom: 5px;'>Juego de h\u00e9lices.<\/li>\n<li style='margin-bottom: 5px;'>1 A\u00f1o Care Plus<\/li>\n<li style='margin-bottom: 5px;'>1 DJI RC PLUS 2<\/li>\n<\/ul>\n<p style='margin: 10px 0; font-size: 14px; color: inherit;'>Nota: Para uso exclusivo con DJI DOCK3<\/p>\n<p style='margin: 10px 0; font-size: 14px; color: inherit;'>Debe de cotizarse junto con modelo DJIDOCK3 y bater\u00eda M4DBAT<\/p>\n<p style='margin: 10px 0; font-size: 14px; color: inherit;'>No incluye bater\u00eda.<\/p>\n<p style='margin: 10px 0; font-size: 14px; color: inherit;'>Uso con DJI FlightHub 2<\/p>\n<p style='margin: 10px 0; font-size: 14px; color: inherit;'>Nota adicional:<\/p>\n<p style='margin: 10px 0; font-size: 14px; color: inherit;'>Puede usarse con DJIDOCK3 o independiente con DJIRCPLUS2<\/p>\n<\/p><\/div>\n<\/p><\/div>\n<\/p><\/div>\n<p> <!-- Texto centralizado --> <\/p>\n<div style='text-align: center; margin: 30px 0;'>\n<p style='color: inherit; font-size: 24px; letter-spacing: -0.72px; margin: 0;'> Los nuevos DJI MATRICE4TD y MATRICE4D&comma; resistentes al agua y polvo&comma; est\u00e1n espec\u00edficamente dise\u00f1ados para DJI Dock3&comma; ofreciendo un tiempo de vuelo prolongado&comma; y pueden emparejarse con DJI RC Plus 2 para uso independiente. <\/p>\n<\/p><\/div>\n<p> <!-- Secci\u00f3n de imagen y descripci\u00f3n --> <\/p>\n<div style='display: flex; flex-wrap: wrap; gap: 30px; margin-top: 30px;'>\n<div style='flex: 1 1 400px; min-width: 300px;'> <img style='width: 100%; height: auto; border: 1px solid rgba(150&comma;150&comma;150&comma;0.3); border-radius: 8px;' src='https:\/\/ftp3.syscom.mx\/usuarios\/ialdama\/DJI\/1%20m4td.png' alt=''> <\/div>\n<div style='flex: 1 1 400px; min-width: 300px;'>\n<h2 style='font-size: 22px; color: inherit; margin-top: 0;'>Bater\u00edas optimizadas para durar<\/h2>\n<p style='color: inherit;'>54 minutos de duraci\u00f3n del vuelo que te permiten abarcar m\u00e1s terreno en cada misi\u00f3n&comma; para mapear hasta 2 km2 en un solo vuelo.<\/p>\n<p style='color: inherit;'><strong>Tiempo m\u00e1x. de vuelo<\/strong><\/p>\n<p style='color: inherit;'>54 minutos<\/p>\n<\/p><\/div>\n<\/p><\/div>\n<p> <!-- Separador final --> <\/p>\n<hr style='border: 0; border-top: 1px solid rgba(150&comma; 150&comma; 150&comma; 0.3); margin: 30px 0;'> <\/div>\n","protected":false},"excerpt":{"rendered":"<p>Drone DJI Matrice 4DPLUS con RC\/ Dual C\u00e1mara(Visual) \/Hasta 25kms de transmisi\u00f3n \/ 1 A\u00f1o de Care Plus \/ Uso con DJI DOCK 3 o Independiente<\/p>\n","protected":false},"featured_media":101429,"comment_status":"open","ping_status":"closed","template":"","meta":[],"product_brand":[],"product_cat":[2225,2223],"product_tag":[2228,2226,2227],"class_list":{"0":"post-101430","1":"product","2":"type-product","3":"status-publish","4":"has-post-thumbnail","6":"product_cat-drones-robots-e-industrial","7":"product_cat-drones","8":"product_tag-dji","9":"product_tag-drones","10":"product_tag-robots-e-industrial","12":"first","13":"instock","14":"sale","15":"shipping-taxable","16":"purchasable","17":"product-type-simple"},"_links":{"self":[{"href":"https:\/\/soydeaqui.ddns.net\/pachuca\/index.php\/wp-json\/wp\/v2\/product\/101430","targetHints":{"allow":["GET"]}}],"collection":[{"href":"https:\/\/soydeaqui.ddns.net\/pachuca\/index.php\/wp-json\/wp\/v2\/product"}],"about":[{"href":"https:\/\/soydeaqui.ddns.net\/pachuca\/index.php\/wp-json\/wp\/v2\/types\/product"}],"replies":[{"embeddable":true,"href":"https:\/\/soydeaqui.ddns.net\/pachuca\/index.php\/wp-json\/wp\/v2\/comments?post=101430"}],"wp:featuredmedia":[{"embeddable":true,"href":"https:\/\/soydeaqui.ddns.net\/pachuca\/index.php\/wp-json\/wp\/v2\/media\/101429"}],"wp:attachment":[{"href":"https:\/\/soydeaqui.ddns.net\/pachuca\/index.php\/wp-json\/wp\/v2\/media?parent=101430"}],"wp:term":[{"taxonomy":"product_brand","embeddable":true,"href":"https:\/\/soydeaqui.ddns.net\/pachuca\/index.php\/wp-json\/wp\/v2\/product_brand?post=101430"},{"taxonomy":"product_cat","embeddable":true,"href":"https:\/\/soydeaqui.ddns.net\/pachuca\/index.php\/wp-json\/wp\/v2\/product_cat?post=101430"},{"taxonomy":"product_tag","embeddable":true,"href":"https:\/\/soydeaqui.ddns.net\/pachuca\/index.php\/wp-json\/wp\/v2\/product_tag?post=101430"}],"curies":[{"name":"wp","href":"https:\/\/api.w.org\/{rel}","templated":true}]}}