{"id":101426,"date":"2026-03-20T12:00:37","date_gmt":"2026-03-20T12:00:37","guid":{"rendered":"https:\/\/soydeaqui.ddns.net\/pachuca\/index.php\/producto\/microfono-integrado-kit-turbohd-1080p-lite-dvr-4-canales-audio-por-coaxitron-4-camaras-bala-de-metal-con-microfono-integrado\/"},"modified":"2026-03-20T12:00:39","modified_gmt":"2026-03-20T12:00:39","slug":"microfono-integrado-kit-turbohd-1080p-lite-dvr-4-canales-audio-por-coaxitron-4-camaras-bala-de-metal-con-microfono-integrado","status":"publish","type":"product","link":"https:\/\/soydeaqui.ddns.net\/pachuca\/index.php\/producto\/microfono-integrado-kit-turbohd-1080p-lite-dvr-4-canales-audio-por-coaxitron-4-camaras-bala-de-metal-con-microfono-integrado\/","title":{"rendered":"(MICR\u00d3FONO Integrado) Kit TurboHD 1080p Lite \/ DVR 4 canales \/ Audio por Coaxitron \/ 4 C\u00e1maras Bala de Metal con Micr\u00f3fono Integrado"},"content":{"rendered":"<div style='width: 100%; max-width: 1200px; margin: 0 auto; font-family: sans-serif; line-height: 1.6; color: inherit; background-color: transparent;'>\n<div style='text-align: center; padding: 20px;'> <img style='max-height: 6rem; width: auto; border: 1px solid rgba(150&comma;150&comma;150&comma;0.3); border-radius: 8px;' src='https:\/\/ftp3.syscom.mx\/cdn-cgi\/image\/format=avif&comma;width=800&comma;quality=80\/usuarios\/jsosa\/banners\/epcom-Video-Surveillance-Solutions.png' alt='Logo' \/> <\/p>\n<h1 style='font-size: 2.5rem; font-weight: 700; margin: 1.5rem 0; color: inherit;'>Controla y monitorea tus dispositivos de seguridad<\/h1>\n<p style='font-size: 1.2rem; margin-bottom: 1.5rem; color: inherit;'>Descarga la app oficial Hik-Connect y aprovecha al m\u00e1ximo tu producto inteligente<\/p>\n<div style='display: flex; justify-content: center; gap: 20px; flex-wrap: wrap;'> <img style='height: 60px; width: auto; border: 1px solid rgba(150&comma;150&comma;150&comma;0.3); border-radius: 8px;' src='https:\/\/ftp3.syscom.mx\/usuarios\/ftp\/single_page\/hikvision\/hikconnectlogo.png' alt='Logo 1' \/> <img style='height: 60px; width: auto; border: 1px solid rgba(150&comma;150&comma;150&comma;0.3); border-radius: 8px;' src='https:\/\/ftp3.syscom.mx\/usuarios\/ftp\/single_page\/hikvision\/appstoreygoogleplay.png' alt='Logo 2' \/> <\/div>\n<\/p><\/div>\n<p> <!-- Features --> <\/p>\n<section style='padding: 3rem 0;'>\n<h2 style='text-align: center; font-size: 2rem; margin-bottom: 2rem; color: inherit;'>Beneficios principales<\/h2>\n<div style='display: flex; flex-wrap: wrap; gap: 20px; justify-content: center;'>\n<div style='flex: 1 1 250px; min-width: 220px; text-align: center;'>\n<div style='width: 80px; height: 80px; margin: 0 auto 1rem; background-color: #dc3545; border-radius: 50%; display: flex; align-items: center; justify-content: center;'>\n<div style='width: 60px; height: 60px; background-color: #dc3545; border-radius: 50%;'><\/div>\n<\/p><\/div>\n<h5 style='font-size: 1.1rem; margin-bottom: 0.5rem; color: inherit;'>Control remoto<\/h5>\n<p style='color: inherit; opacity: 0.8; font-size: 0.9rem;'>Controla tus dispositivos desde cualquier lugar<\/p>\n<\/p><\/div>\n<div style='flex: 1 1 250px; min-width: 220px; text-align: center;'>\n<div style='width: 80px; height: 80px; margin: 0 auto 1rem; background-color: #dc4697; border-radius: 50%; display: flex; align-items: center; justify-content: center;'>\n<div style='width: 60px; height: 60px; background-color: #dc4697; border-radius: 50%;'><\/div>\n<\/p><\/div>\n<h5 style='font-size: 1.1rem; margin-bottom: 0.5rem; color: inherit;'>Monitoreo en tiempo real<\/h5>\n<p style='color: inherit; opacity: 0.8; font-size: 0.9rem;'>Visualiza tus dispositivos al instante<\/p>\n<\/p><\/div>\n<div style='flex: 1 1 250px; min-width: 220px; text-align: center;'>\n<div style='width: 80px; height: 80px; margin: 0 auto 1rem; background-color: #a153cd; border-radius: 50%; display: flex; align-items: center; justify-content: center;'>\n<div style='width: 60px; height: 60px; background-color: #a153cd; border-radius: 50%;'><\/div>\n<\/p><\/div>\n<h5 style='font-size: 1.1rem; margin-bottom: 0.5rem; color: inherit;'>Notificaciones<\/h5>\n<p style='color: inherit; opacity: 0.8; font-size: 0.9rem;'>Recibe notificaciones y alertas de los eventos que registra tu dispositivo.<\/p>\n<\/p><\/div>\n<div style='flex: 1 1 250px; min-width: 220px; text-align: center;'>\n<div style='width: 80px; height: 80px; margin: 0 auto 1rem; background-color: #6468f2; border-radius: 50%; display: flex; align-items: center; justify-content: center;'>\n<div style='width: 60px; height: 60px; background-color: #6468f2; border-radius: 50%;'><\/div>\n<\/p><\/div>\n<h5 style='font-size: 1.1rem; margin-bottom: 0.5rem; color: inherit;'>Interfaz de usuario sencilla<\/h5>\n<p style='color: inherit; opacity: 0.8; font-size: 0.9rem;'>Amigable para usuarios finales<\/p>\n<\/p><\/div>\n<\/p><\/div>\n<\/section>\n<p> <!-- Galer\u00eda de im\u00e1genes --> <\/p>\n<section style='padding: 3rem 0;'>\n<div style='display: flex; flex-wrap: wrap; gap: 20px; margin-bottom: 30px;'>\n<div style='flex: 1 1 22%; min-width: 200px;'> <img style='width: 100%; height: auto; border: 1px solid rgba(150&comma;150&comma;150&comma;0.3); border-radius: 8px;' src='https:\/\/ftp3.syscom.mx\/usuarios\/ftp\/single_page\/hikvision\/interfazHC.jpg' alt='Imagen 1' \/> <\/div>\n<div style='flex: 1 1 22%; min-width: 200px;'> <img style='width: 100%; height: auto; border: 1px solid rgba(150&comma;150&comma;150&comma;0.3); border-radius: 8px;' src='https:\/\/ftp3.syscom.mx\/usuarios\/ftp\/single_page\/hikvision\/grabacionesHC.jpg' alt='Imagen 2' \/> <\/div>\n<div style='flex: 1 1 22%; min-width: 200px;'> <img style='width: 100%; height: auto; border: 1px solid rgba(150&comma;150&comma;150&comma;0.3); border-radius: 8px;' src='https:\/\/ftp3.syscom.mx\/usuarios\/ftp\/single_page\/hikvision\/directoHC.jpg' alt='Imagen 3' \/> <\/div>\n<div style='flex: 1 1 22%; min-width: 200px;'> <img style='width: 100%; height: auto; border: 1px solid rgba(150&comma;150&comma;150&comma;0.3); border-radius: 8px;' src='https:\/\/ftp3.syscom.mx\/usuarios\/ftp\/single_page\/hikvision\/notificaciones2HC.jpg' alt='Imagen 4' \/> <\/div>\n<\/p><\/div>\n<div style='display: grid; grid-template-columns: repeat(auto-fill&comma; minmax(250px&comma; 1fr)); gap: 24px; margin-bottom: 30px;'> <!-- Card --> <\/p>\n<div style='background: rgba(255&comma;255&comma;255&comma;0.05); border: 1px solid rgba(150&comma;150&comma;150&comma;0.3); border-radius: 10px; padding: 24px 20px; text-align: center;'>\n<div style='width: 56px; height: 56px; margin: 0 auto 16px; background: rgba(242&comma;246&comma;255&comma;0.1); border-radius: 50%; display: flex; align-items: center; justify-content: center;'> <img style='width: 60px; height: 60px; border-radius: 50%;' src='https:\/\/cdn-icons-gif.flaticon.com\/8722\/8722626.gif' alt='Icono' \/> <\/div>\n<div style='font-size: 16px; font-weight: 600; color: inherit; margin-bottom: 8px;'>Resoluci\u00f3n 1080p lite<\/div>\n<div style='font-size: 14px; line-height: 1.6; color: inherit; opacity: 0.8;'>Calidad de video Full HD optimizada con menor consumo de ancho de banda y almacenamiento.<\/div>\n<\/p><\/div>\n<p> <!-- Card --> <\/p>\n<div style='background: rgba(255&comma;255&comma;255&comma;0.05); border: 1px solid rgba(150&comma;150&comma;150&comma;0.3); border-radius: 10px; padding: 24px 20px; text-align: center;'>\n<div style='width: 56px; height: 56px; margin: 0 auto 16px; background: rgba(242&comma;246&comma;255&comma;0.1); border-radius: 50%; display: flex; align-items: center; justify-content: center;'> <img style='width: 60px; height: 60px; border-radius: 50%;' src='https:\/\/cdn-icons-gif.flaticon.com\/10971\/10971749.gif' alt='Icono' \/> <\/div>\n<div style='font-size: 16px; font-weight: 600; color: inherit; margin-bottom: 8px;'>Inteligencia Artificial<\/div>\n<div style='font-size: 14px; line-height: 1.6; color: inherit; opacity: 0.8;'>Distingue personas y veh\u00edculos&comma; reduciendo falsas alarmas y mejorando la eficiencia en detecci\u00f3n de movimiento<\/div>\n<\/p><\/div>\n<p> <!-- Card --> <\/p>\n<div style='background: rgba(255&comma;255&comma;255&comma;0.05); border: 1px solid rgba(150&comma;150&comma;150&comma;0.3); border-radius: 10px; padding: 24px 20px; text-align: center;'>\n<div style='width: 56px; height: 56px; margin: 0 auto 16px; background: rgba(242&comma;246&comma;255&comma;0.1); border-radius: 50%; display: flex; align-items: center; justify-content: center;'> <img style='width: 60px; height: 60px; border-radius: 50%;' src='https:\/\/cdn-icons-gif.flaticon.com\/13896\/13896687.gif' alt='Icono' \/> <\/div>\n<div style='font-size: 16px; font-weight: 600; color: inherit; margin-bottom: 8px;'>Visualizaci\u00f3n Remota<\/div>\n<div style='font-size: 14px; line-height: 1.6; color: inherit; opacity: 0.8;'>Accede a tus c\u00e1maras en tiempo real desde cualquier lugar.<\/div>\n<\/p><\/div>\n<p> <!-- Card --> <\/p>\n<div style='background: rgba(255&comma;255&comma;255&comma;0.05); border: 1px solid rgba(150&comma;150&comma;150&comma;0.3); border-radius: 10px; padding: 24px 20px; text-align: center;'>\n<div style='width: 56px; height: 56px; margin: 0 auto 16px; background: rgba(242&comma;246&comma;255&comma;0.1); border-radius: 50%; display: flex; align-items: center; justify-content: center;'> <img style='width: 60px; height: 60px; border-radius: 50%;' src='https:\/\/cdn-icons-gif.flaticon.com\/8121\/8121297.gif' alt='Icono' \/> <\/div>\n<div style='font-size: 16px; font-weight: 600; color: inherit; margin-bottom: 8px;'>Grabaci\u00f3n Audio<\/div>\n<div style='font-size: 14px; line-height: 1.6; color: inherit; opacity: 0.8;'>Las c\u00e1maras cuentan con microfono de alta fidelidad para grabar el audio en un area de 5 a 8m\u00b2.<\/div>\n<\/p><\/div>\n<p> <!-- Card --> <\/p>\n<div style='background: rgba(255&comma;255&comma;255&comma;0.05); border: 1px solid rgba(150&comma;150&comma;150&comma;0.3); border-radius: 10px; padding: 24px 20px; text-align: center;'>\n<div style='width: 56px; height: 56px; margin: 0 auto 16px; background: rgba(242&comma;246&comma;255&comma;0.1); border-radius: 50%; display: flex; align-items: center; justify-content: center;'> <img style='width: 60px; height: 60px; border-radius: 50%;' src='https:\/\/cdn-icons-gif.flaticon.com\/8716\/8716386.gif' alt='Icono' \/> <\/div>\n<div style='font-size: 16px; font-weight: 600; color: inherit; margin-bottom: 8px;'>Iluminaci\u00f3n IR EXIR<\/div>\n<div style='font-size: 14px; line-height: 1.6; color: inherit; opacity: 0.8;'>C\u00e1maras con Infrarrojo Inteligente permite grabaci\u00f3n a blanco &#038; negro ademas de ajustar la potencia del IR<\/div>\n<\/p><\/div>\n<p> <!-- Card --> <\/p>\n<div style='background: rgba(255&comma;255&comma;255&comma;0.05); border: 1px solid rgba(150&comma;150&comma;150&comma;0.3); border-radius: 10px; padding: 24px 20px; text-align: center;'>\n<div style='width: 56px; height: 56px; margin: 0 auto 16px; background: rgba(242&comma;246&comma;255&comma;0.1); border-radius: 50%; display: flex; align-items: center; justify-content: center;'> <img style='width: 60px; height: 60px; border-radius: 50%;' src='https:\/\/cdn-icons-gif.flaticon.com\/6455\/6455054.gif' alt='Icono' \/> <\/div>\n<div style='font-size: 16px; font-weight: 600; color: inherit; margin-bottom: 8px;'>Protecci\u00f3n IP66<\/div>\n<div style='font-size: 14px; line-height: 1.6; color: inherit; opacity: 0.8;'>Protecci\u00f3n total contra polvo y chorros de agua&comma; ideal para uso en exteriores.<\/div>\n<\/p><\/div>\n<\/p><\/div>\n<div style='text-align: center; margin: 3rem 0;'>\n<h1 style='font-size: 2rem; color: inherit; margin-bottom: 1rem;'>B8-KIT-CV\/AT<\/h1>\n<h3 style='font-size: 1.5rem; color: inherit; margin-bottom: 1.5rem;'>El kit incluye:<\/h3>\n<p style='margin: 0.5rem 0; color: inherit;'>1 x S04-TURBO-M\/T<\/p>\n<p style='margin: 0.5rem 0; color: inherit;'>4 x B8-TURBO-G2\/A<\/p>\n<p style='margin: 0.5rem 0; color: inherit;'>1 x Fuentes de poder de 4ch para el grabador y las c\u00e1maras<\/p>\n<p style='margin: 0.5rem 0; color: inherit;'>4 x Cables siames para v\u00eddeo y alimentaci\u00f3n (18 metros de longitud)<\/p>\n<\/p><\/div>\n<div style='display: flex; flex-wrap: wrap; gap: 30px; margin-top: 30px;'>\n<div style='flex: 1 1 400px; min-width: 300px;'>\n<div style='background: rgba(255&comma;255&comma;255&comma;0.05); border: 1px solid rgba(150&comma;150&comma;150&comma;0.3); border-radius: 8px; overflow: hidden;'>\n<div style='background-color: rgba(238&comma;238&comma;238&comma;0.2); padding: 20px; text-align: center;'> <img style='width: 100%; max-width: 400px; height: auto; border: 1px solid rgba(150&comma;150&comma;150&comma;0.3); border-radius: 8px;' src='https:\/\/ftp3.syscom.mx\/usuarios\/nicolas.jimenez\/S04TURBOG3HM\/S04TURBOG3HM.png' alt='Grabador' \/> <\/div>\n<div style='border-top: 5px solid #0091ff; padding: 0px 15px;'>\n<h2 style='font-size: 1.2rem; margin: 1rem 0; color: inherit;'>1 x S04-TURBO-M\/T<\/h2>\n<div style='background-color: #1e3adf; padding: 10px; color: white; font-weight: bold; font-size: 1rem;'>Caracter\u00edsticas Principales:<\/div>\n<div style='padding: 15px; color: inherit;'>\n<ul style='padding-left: 20px; margin: 0; font-size: 14px; list-style-type: disc;'>\n<li style='margin-bottom: 8px;'><strong>Cantidad de canales:<\/strong> <span style='opacity: 0.8;'>4 Canales TurboHD + 1 Canal IP<\/span><\/li>\n<li style='margin-bottom: 8px;'><strong>Resoluci\u00f3n m\u00e1xima soportada en TurboHD:<\/strong> <span style='opacity: 0.8;'>1080p Lite<\/span><\/li>\n<li style='margin-bottom: 8px;'><strong>Compresi\u00f3n de video:<\/strong> <span style='opacity: 0.8;'>H.265+ \/ H.265 \/ H.264<\/span><\/li>\n<li style='margin-bottom: 8px;'><strong>Capacidad de almacenamiento:<\/strong> <span style='opacity: 0.8;'>1 HDD de hasta 4 TB (no incluido)<\/span><\/li>\n<li style='margin-bottom: 8px;'><strong>Entradas y salidas de video:<\/strong> <span style='opacity: 0.8;'>Simultaneas HDMI\/VGA 1920 X 1080\/60Hz<\/span><\/li>\n<li style='margin-bottom: 8px;'><strong>Acceso remoto P2P:<\/strong> <span style='opacity: 0.8;'>HikConnect \/ HikConnect Teams<\/span><\/li>\n<li style='margin-bottom: 8px;'><strong>Entradas y salidas de audio y de alarmas:<\/strong><\/li>\n<ul style='padding-left: 25px; margin-top: 5px; margin-bottom: 5px;'>\n<li style='margin-bottom: 5px;'><strong>Alarmas:<\/strong> <span style='opacity: 0.8;'>No soportado<\/span><\/li>\n<li style='margin-bottom: 5px;'><strong>Audio:<\/strong> <span style='opacity: 0.8;'>Audio por Coaxitron \/ 1 Canal fisico<\/span><\/li>\n<\/ul>\n<li style='margin-bottom: 8px;'><strong>Inteligencia Artificial AcuSense Lite:<\/strong> <span style='opacity: 0.8;'>Detecci\u00f3n de movimiento con filtro de humanos y vehiculos.<\/span><\/li>\n<li style='margin-bottom: 8px;'><strong>Nota Importante:<\/strong> <span style='opacity: 0.8;'>Este grabador soporta audio bidireccional. Las c\u00e1maras incluidas en el kit no incorporan esta funci\u00f3n&comma; pero es posible integrar c\u00e1maras TurboHD con audio bidireccional que se adquieren de manera independiente.<\/span><\/li>\n<\/ul><\/div>\n<\/p><\/div>\n<\/p><\/div>\n<\/p><\/div>\n<div style='flex: 1 1 400px; min-width: 300px;'>\n<div style='background: rgba(255&comma;255&comma;255&comma;0.05); border: 1px solid rgba(150&comma;150&comma;150&comma;0.3); border-radius: 8px; overflow: hidden;'>\n<div style='background-color: rgba(238&comma;238&comma;238&comma;0.2); padding: 20px; text-align: center;'> <img style='width: 100%; max-width: 400px; height: auto; border: 1px solid rgba(150&comma;150&comma;150&comma;0.3); border-radius: 8px;' src='https:\/\/ftp3.syscom.mx\/usuarios\/fotos\/BancoFotografiasSyscom\/EPCOM\/B8TURBOG2_A\/B8TURBOG2_A-h.PNG' alt='C\u00e1mara' \/> <\/div>\n<div style='border-top: 5px solid #0091ff; padding: 0px 15px;'>\n<h2 style='font-size: 1.2rem; margin: 1rem 0; color: inherit;'>4 x B8-TURBO-G2\/A<\/h2>\n<div style='background-color: #1e3adf; padding: 10px; color: white; font-weight: bold; font-size: 1rem;'>Caracter\u00edsticas Principales:<\/div>\n<div style='padding: 15px; color: inherit;'>\n<ul style='padding-left: 20px; margin: 0; font-size: 14px; list-style-type: disc;'>\n<li style='margin-bottom: 8px;'><strong>Resoluci\u00f3n:<\/strong> <span style='opacity: 0.8;'>1920 x 1080p (2MP) TurboHD<\/span><\/li>\n<li style='margin-bottom: 8px;'><strong>Lente:<\/strong> <span style='opacity: 0.8;'>Fijo 2.8mm \/ Angulo de visi\u00f3n: 106\u00b0<\/span><\/li>\n<li style='margin-bottom: 8px;'><strong>Iluminaci\u00f3n:<\/strong> <span style='opacity: 0.8;'>20 metros luz infrarroja IR EXIR<\/span><\/li>\n<li style='margin-bottom: 8px;'><strong>Protecci\u00f3n:<\/strong> <span style='opacity: 0.8;'>Exterior IP66<\/span><\/li>\n<li style='margin-bottom: 8px;'><strong>Material de fabricaci\u00f3n:<\/strong> <span style='opacity: 0.8;'>Metalicas<\/span><\/li>\n<li style='margin-bottom: 8px;'><strong>Microfono Interconstruido:<\/strong> <span style='opacity: 0.8;'>Si&comma; cuenta con microfono interconstruido capturar audio de 5-8 metros cuadrados<\/span><\/li>\n<li style='margin-bottom: 8px;'><strong>Tecnolog\u00edas Soportadas:<\/strong>\n<ul style='padding-left: 25px; margin-top: 5px; margin-bottom: 5px;'>\n<li style='margin-bottom: 5px;'><span style='opacity: 0.8;'>TurboHD \/ TVI<\/span><\/li>\n<li style='margin-bottom: 5px;'><span style='opacity: 0.8;'>AHD<\/span><\/li>\n<li style='margin-bottom: 5px;'><span style='opacity: 0.8;'>CVI<\/span><\/li>\n<li style='margin-bottom: 5px;'><span style='opacity: 0.8;'>CVBS<\/span><\/li>\n<\/ul>\n<\/li>\n<\/ul><\/div>\n<\/p><\/div>\n<\/p><\/div>\n<\/p><\/div>\n<\/p><\/div>\n<h2 style='text-align: center; font-size: 1.8rem; margin: 3rem 0 1.5rem; color: inherit;'>Accesorios incluidos<\/h2>\n<div style='display: flex; flex-wrap: wrap; gap: 30px; justify-content: center;'> <!-- PRODUCTO 1 --> <\/p>\n<div style='flex: 1 1 400px; min-width: 300px;'>\n<div style='background: rgba(255&comma;255&comma;255&comma;0.05); border: 1px solid rgba(150&comma;150&comma;150&comma;0.3); border-radius: 8px; overflow: hidden;'>\n<div style='background-color: rgba(238&comma;238&comma;238&comma;0.2); padding: 20px; text-align: center;'> <img style='width: 100%; max-width: 400px; height: auto; border: 1px solid rgba(150&comma;150&comma;150&comma;0.3); border-radius: 8px;' src='https:\/\/ftp3.syscom.mx\/usuarios\/fotos\/BancoFotografiasSyscom\/HIKVISION\/DS1LH1S2C10\/DS1LH1S2C10-h.PNG' alt='Cable' \/> <\/div>\n<div style='border-top: 5px solid #0091ff; padding: 15px;'>\n<h3 style='text-align: center; font-size: 1.1rem; margin: 0; color: inherit;'>4 x Cables de video y energia de 18.3 metros<\/h3>\n<\/p><\/div>\n<\/p><\/div>\n<\/p><\/div>\n<p> <!-- PRODUCTO 2 --> <\/p>\n<div style='flex: 1 1 400px; min-width: 300px;'>\n<div style='background: rgba(255&comma;255&comma;255&comma;0.05); border: 1px solid rgba(150&comma;150&comma;150&comma;0.3); border-radius: 8px; overflow: hidden;'>\n<div style='background-color: rgba(238&comma;238&comma;238&comma;0.2); padding: 20px; text-align: center;'> <img style='width: 100%; max-width: 400px; height: auto; border: 1px solid rgba(150&comma;150&comma;150&comma;0.3); border-radius: 8px;' src='https:\/\/ftp3.syscom.mx\/usuarios\/fotos\/BancoFotografiasSyscom\/EPCOMPOWERLINE\/PLK12DC4CH\/PLK12DC4CH-h.PNG' alt='Fuente de poder' \/> <\/div>\n<div style='border-top: 5px solid #0091ff; padding: 15px;'>\n<h3 style='text-align: center; font-size: 1.1rem; margin: 0; color: inherit;'>1 x Fuente de poder para grabador y c\u00e1maras<\/h3>\n<\/p><\/div>\n<\/p><\/div>\n<\/p><\/div>\n<\/p><\/div>\n<\/section><\/div>\n","protected":false},"excerpt":{"rendered":"<p>(MICR\u00d3FONO Integrado) Kit TurboHD 1080p Lite \/ DVR 4 canales \/ Audio por Coaxitron \/ 4 C\u00e1maras Bala de Metal con Micr\u00f3fono Integrado<\/p>\n","protected":false},"featured_media":32,"comment_status":"open","ping_status":"closed","template":"","meta":[],"product_brand":[],"product_cat":[2287],"product_tag":[2257,2232,2288],"class_list":{"0":"post-101426","1":"product","2":"type-product","3":"status-publish","4":"has-post-thumbnail","6":"product_cat-turbohd-de-4-canales","7":"product_tag-epcom-professional","8":"product_tag-kits-sistemas-completos","9":"product_tag-turbohd-de-4-canales","11":"first","12":"outofstock","13":"sale","14":"shipping-taxable","15":"purchasable","16":"product-type-simple"},"_links":{"self":[{"href":"https:\/\/soydeaqui.ddns.net\/pachuca\/index.php\/wp-json\/wp\/v2\/product\/101426","targetHints":{"allow":["GET"]}}],"collection":[{"href":"https:\/\/soydeaqui.ddns.net\/pachuca\/index.php\/wp-json\/wp\/v2\/product"}],"about":[{"href":"https:\/\/soydeaqui.ddns.net\/pachuca\/index.php\/wp-json\/wp\/v2\/types\/product"}],"replies":[{"embeddable":true,"href":"https:\/\/soydeaqui.ddns.net\/pachuca\/index.php\/wp-json\/wp\/v2\/comments?post=101426"}],"wp:featuredmedia":[{"embeddable":true,"href":"https:\/\/soydeaqui.ddns.net\/pachuca\/index.php\/wp-json\/wp\/v2\/media\/32"}],"wp:attachment":[{"href":"https:\/\/soydeaqui.ddns.net\/pachuca\/index.php\/wp-json\/wp\/v2\/media?parent=101426"}],"wp:term":[{"taxonomy":"product_brand","embeddable":true,"href":"https:\/\/soydeaqui.ddns.net\/pachuca\/index.php\/wp-json\/wp\/v2\/product_brand?post=101426"},{"taxonomy":"product_cat","embeddable":true,"href":"https:\/\/soydeaqui.ddns.net\/pachuca\/index.php\/wp-json\/wp\/v2\/product_cat?post=101426"},{"taxonomy":"product_tag","embeddable":true,"href":"https:\/\/soydeaqui.ddns.net\/pachuca\/index.php\/wp-json\/wp\/v2\/product_tag?post=101426"}],"curies":[{"name":"wp","href":"https:\/\/api.w.org\/{rel}","templated":true}]}}