{"id":101411,"date":"2026-03-20T11:59:55","date_gmt":"2026-03-20T11:59:55","guid":{"rendered":"https:\/\/soydeaqui.ddns.net\/pachuca\/index.php\/producto\/micro-estacion-de-trabajo-cliente-wave-con-2-salidas-de-video-intel-core-ultra-7-16gb-ram-512-m-2-ssd-windows-11-iot\/"},"modified":"2026-03-20T11:59:58","modified_gmt":"2026-03-20T11:59:58","slug":"micro-estacion-de-trabajo-cliente-wave-con-2-salidas-de-video-intel-core-ultra-7-16gb-ram-512-m-2-ssd-windows-11-iot","status":"publish","type":"product","link":"https:\/\/soydeaqui.ddns.net\/pachuca\/index.php\/producto\/micro-estacion-de-trabajo-cliente-wave-con-2-salidas-de-video-intel-core-ultra-7-16gb-ram-512-m-2-ssd-windows-11-iot\/","title":{"rendered":"Micro estaci\u00f3n de trabajo cliente Wave con 2 salidas de v\u00eddeo \/ Intel Core Ultra 7, 16GB RAM, 512 M.2 SSD, Windows 11 IoT"},"content":{"rendered":"<div style='width: 100%; max-width: 1200px; margin: 0 auto; font-family: sans-serif; line-height: 1.6; color: inherit; background-color: transparent;'>\n<h2 style='font-size: 24px; border-bottom: 2px solid currentColor; padding-bottom: 5px; margin-top: 0; color: inherit; opacity: 0.8; margin-bottom: 20px;'><strong>Caracter\u00edsticas t\u00e9cnicas<\/strong><\/h2>\n<p> <!-- Secci\u00f3n de contenido con flex\/grid --> <\/p>\n<div style='display: flex; flex-wrap: wrap; gap: 30px; margin-bottom: 30px;'>\n<div style='flex: 1 1 300px; min-width: 280px;'>\n<h3 style='font-size: 20px; border-bottom: 2px solid currentColor; padding-bottom: 5px; margin-top: 0; color: inherit; opacity: 0.8;'>Sistema<\/h3>\n<ul style='padding-left: 20px; font-size: 15px; color: inherit;'>\n<li style='margin-bottom: 5px;'>Software VMS: Wisenet WAVE<\/li>\n<li style='margin-bottom: 5px;'>Disco duro sistema operativo: 1 x 512GB M.2 SSD<\/li>\n<li style='margin-bottom: 5px;'>1 x Intel\u00ae Core\u2122 Ultra 7<\/li>\n<li style='margin-bottom: 5px;'>Memoria: 16GB DDR4<\/li>\n<li style='margin-bottom: 5px;'>Windows 11 IoT<\/li>\n<\/ul><\/div>\n<div style='flex: 1 1 300px; min-width: 280px;'>\n<h3 style='font-size: 20px; border-bottom: 2px solid currentColor; padding-bottom: 5px; margin-top: 0; color: inherit; opacity: 0.8;'>Interfaces<\/h3>\n<ul style='padding-left: 20px; font-size: 15px; color: inherit;'>\n<li style='margin-bottom: 5px;'>Interfaces de red: 1 x RJ45&comma; 2.5 Gigabit Ethernet<\/li>\n<li style='margin-bottom: 5px;'>Salidas de video: 2 HDMI&comma; 1 DP<\/li>\n<li style='margin-bottom: 5px;'>Puertos USB: 4 USB Traseros&comma; 1 USB 3.2 y 1 USB 3.2 Gen2 Type-C frontales<\/li>\n<li style='margin-bottom: 5px;'>Otros puertos: 1 puerto de audio 3.5mm<\/li>\n<\/ul>\n<h3 style='font-size: 20px; border-bottom: 2px solid currentColor; padding-bottom: 5px; margin-top: 20px; color: inherit; opacity: 0.8;'>Caracter\u00edsticas F\u00edsicas y El\u00e9ctricas<\/h3>\n<ul style='padding-left: 20px; font-size: 15px; color: inherit;'>\n<li style='margin-bottom: 5px;'>Entrada de voltaje: 100 &#8211; 240 VCA<\/li>\n<li style='margin-bottom: 5px;'>Consumo maximo: 90W<\/li>\n<\/ul><\/div>\n<div style='flex: 1 1 300px; min-width: 280px;'>\n<h3 style='font-size: 20px; border-bottom: 2px solid currentColor; padding-bottom: 5px; margin-top: 0; color: inherit; opacity: 0.8;'>Mec\u00e1nico<\/h3>\n<ul style='padding-left: 20px; font-size: 15px; color: inherit;'>\n<li style='margin-bottom: 5px;'>Forma del equipo: Micro form<\/li>\n<li style='margin-bottom: 5px;'>Color \/ Material: Negro \/ Metal &#038; Plastico<\/li>\n<li style='margin-bottom: 5px;'>Dimensiones: 36mm x 178mm x 182mm<\/li>\n<li style='margin-bottom: 5px;'>Peso: 1.40 Kg<\/li>\n<\/ul>\n<h3 style='font-size: 20px; border-bottom: 2px solid currentColor; padding-bottom: 5px; margin-top: 20px; color: inherit; opacity: 0.8;'>Ambiental<\/h3>\n<ul style='padding-left: 20px; font-size: 15px; color: inherit;'>\n<li style='margin-bottom: 5px;'>Temperatura de operacion: 10 a 35 \u00baC<\/li>\n<li style='margin-bottom: 5px;'>Temperatura de almacenamiento: -40 a 65 \u00baC<\/li>\n<li style='margin-bottom: 5px;'>Humedad de operacion: 20% a 80% RH sin condensacion<\/li>\n<\/ul>\n<h3 style='font-size: 20px; border-bottom: 2px solid currentColor; padding-bottom: 5px; margin-top: 20px; color: inherit; opacity: 0.8;'>Certificaciones<\/h3>\n<ul style='padding-left: 20px; font-size: 15px; color: inherit;'>\n<li style='margin-bottom: 5px;'>UL&comma; cUL&comma; CB&comma; FCC<\/li>\n<\/ul><\/div>\n<\/p><\/div>\n<p> <!-- Separador --> <\/p>\n<hr style='border: 0; border-top: 1px solid rgba(150&comma; 150&comma; 150&comma; 0.3); margin: 30px 0;'> <!-- Garant\u00eda --> <\/p>\n<div style='font-size: 16px; color: inherit;'> <strong>Garant\u00eda de 3 a\u00f1os.<\/strong> <\/div>\n<\/p><\/div>\n","protected":false},"excerpt":{"rendered":"<p>Micro estaci\u00f3n de trabajo cliente Wave con 2 salidas de v\u00eddeo \/ Intel Core Ultra 7, 16GB RAM, 512 M.2 SSD, Windows 11 IoT<\/p>\n","protected":false},"featured_media":101410,"comment_status":"open","ping_status":"closed","template":"","meta":[],"product_brand":[],"product_cat":[2181],"product_tag":[2182,1055,2065],"class_list":{"0":"post-101411","1":"product","2":"type-product","3":"status-publish","4":"has-post-thumbnail","6":"product_cat-estaciones-de-trabajo-workstation","7":"product_tag-estaciones-de-trabajo-workstation","8":"product_tag-hanwha-vision","9":"product_tag-servidores-almacenamiento","11":"first","12":"instock","13":"sale","14":"shipping-taxable","15":"purchasable","16":"product-type-simple"},"_links":{"self":[{"href":"https:\/\/soydeaqui.ddns.net\/pachuca\/index.php\/wp-json\/wp\/v2\/product\/101411","targetHints":{"allow":["GET"]}}],"collection":[{"href":"https:\/\/soydeaqui.ddns.net\/pachuca\/index.php\/wp-json\/wp\/v2\/product"}],"about":[{"href":"https:\/\/soydeaqui.ddns.net\/pachuca\/index.php\/wp-json\/wp\/v2\/types\/product"}],"replies":[{"embeddable":true,"href":"https:\/\/soydeaqui.ddns.net\/pachuca\/index.php\/wp-json\/wp\/v2\/comments?post=101411"}],"wp:featuredmedia":[{"embeddable":true,"href":"https:\/\/soydeaqui.ddns.net\/pachuca\/index.php\/wp-json\/wp\/v2\/media\/101410"}],"wp:attachment":[{"href":"https:\/\/soydeaqui.ddns.net\/pachuca\/index.php\/wp-json\/wp\/v2\/media?parent=101411"}],"wp:term":[{"taxonomy":"product_brand","embeddable":true,"href":"https:\/\/soydeaqui.ddns.net\/pachuca\/index.php\/wp-json\/wp\/v2\/product_brand?post=101411"},{"taxonomy":"product_cat","embeddable":true,"href":"https:\/\/soydeaqui.ddns.net\/pachuca\/index.php\/wp-json\/wp\/v2\/product_cat?post=101411"},{"taxonomy":"product_tag","embeddable":true,"href":"https:\/\/soydeaqui.ddns.net\/pachuca\/index.php\/wp-json\/wp\/v2\/product_tag?post=101411"}],"curies":[{"name":"wp","href":"https:\/\/api.w.org\/{rel}","templated":true}]}}