{"id":101402,"date":"2026-03-20T11:59:31","date_gmt":"2026-03-20T11:59:31","guid":{"rendered":"https:\/\/soydeaqui.ddns.net\/pachuca\/index.php\/producto\/hikcentral-professional-servidor-dell-xeon-e2324g-licencia-base-de-videovigilancia-incluye-300-canales-de-video-incluye-windows-server-2019-2\/"},"modified":"2026-03-20T11:59:39","modified_gmt":"2026-03-20T11:59:39","slug":"hikcentral-professional-servidor-dell-xeon-e2324g-licencia-base-de-videovigilancia-incluye-300-canales-de-video-incluye-windows-server-2019-2","status":"publish","type":"product","link":"https:\/\/soydeaqui.ddns.net\/pachuca\/index.php\/producto\/hikcentral-professional-servidor-dell-xeon-e2324g-licencia-base-de-videovigilancia-incluye-300-canales-de-video-incluye-windows-server-2019-2\/","title":{"rendered":"HikCentral Professional \/ Servidor DELL Xeon E2324G \/ Licencia Base de Videovigilancia \/ Incluye 300 Canales de Video \/ Incluye Windows Server 2019"},"content":{"rendered":"<div style='width: 100%; max-width: 1200px; margin: 0 auto; font-family: sans-serif; line-height: 1.6; color: inherit; background-color: transparent;'>\n<p style='text-align: center;'><img style='width: 45%; height: auto; border: 1px solid rgba(150&comma;150&comma;150&comma;0.3); border-radius: 8px;' src='https:\/\/ftp3.syscom.mx\/usuarios\/jsosa\/HIKVISION\/imagenes\/logo\/hikvision%20see%20far.png' alt=''><\/p>\n<div style='display: flex; flex-wrap: wrap; gap: 30px; margin-bottom: 30px;'>\n<div style='flex: 1 1 300px; min-width: 280px;'>\n<h3 style='font-size: 22px; border-bottom: 2px solid currentColor; padding-bottom: 5px; margin-top: 0; color: inherit; opacity: 0.8;'>Caracter\u00edsticas Destacadas<\/h3>\n<ul style='padding-left: 20px; font-size: 15px; color: inherit;'>\n<li style='margin-bottom: 5px;'><strong style='color: inherit;'>Servidor:<\/strong> DELL con CPU Xeon E2324<\/li>\n<li style='margin-bottom: 5px;'><strong style='color: inherit;'>Licencia base:<\/strong> Para videovigilancia<\/li>\n<li style='margin-bottom: 5px;'><strong style='color: inherit;'>Canales de video:<\/strong> 300 (ampliables con licencias adicionales)<\/li>\n<li style='margin-bottom: 5px;'><strong style='color: inherit;'>Sistema operativo:<\/strong> Windows Server 2019<\/li>\n<li style='margin-bottom: 5px;'><strong style='color: inherit;'>Nota:<\/strong> No hay devoluciones en licencias<\/li>\n<\/ul><\/div>\n<\/p><\/div>\n<div style='display: flex; flex-wrap: wrap; gap: 20px; margin-bottom: 30px;'>\n<div style='flex: 1 1 250px; border: 1px solid rgba(150&comma; 150&comma; 150&comma; 0.4); border-radius: 8px; overflow: hidden; display: flex; flex-direction: column;'>\n<div style='padding: 15px; border-bottom: 1px solid rgba(150&comma; 150&comma; 150&comma; 0.2); font-weight: bold; font-size: 18px; color: inherit;'>HikCentral Professional<\/div>\n<div style='padding: 15px; color: inherit;'>\n<p style='margin: 0 0 15px 0;'>Es el software de Hikvision para integrar sistemas de seguridad&comma; est\u00e1 dise\u00f1ado para afrontar los diferentes retos de seguridad en una plataforma intuitiva. Desde la gesti\u00f3n de sistemas individuales&comma; como la videovigilancia&comma; el control de accesos&comma; las alarmas de seguridad&comma; etc.&comma; hasta la combinaci\u00f3n de varios sistemas en una \u00fanica estructura unificada. Consigue que las operaciones diarias sean m\u00e1s eficientes sin perder de vista la protecci\u00f3n de las personas y las propiedades&comma; adem\u00e1s de ayudar a todo tipo de usuarios a tomar decisiones m\u00e1s inteligentes.<\/p>\n<\/p><\/div>\n<\/p><\/div>\n<\/p><\/div>\n<div style='display: grid; grid-template-columns: repeat(auto-fill&comma; minmax(280px&comma; 1fr)); gap: 30px; margin-bottom: 30px;'>\n<div style='border: 1px solid rgba(150&comma; 150&comma; 150&comma; 0.4); border-radius: 8px; overflow: hidden; display: flex; flex-direction: column;'>\n<div style='padding: 15px; border-bottom: 1px solid rgba(150&comma; 150&comma; 150&comma; 0.2); font-weight: bold; font-size: 18px; color: inherit;'>Sistema de seguridad unificado<\/div>\n<div style='padding: 15px; color: inherit;'>\n<ul style='padding-left: 20px; margin: 0; font-size: 14px; list-style-type: disc;'>\n<li style='margin-bottom: 5px;'>Creado sobre una estructura unificada&comma; el software proporciona aplicaciones conectadas e interactivas para mejorar su eficiencia operativa<\/li>\n<li style='margin-bottom: 5px;'>Permite alarma de intrusos y control de acceso con verificaci\u00f3n por v\u00eddeo<\/li>\n<li style='margin-bottom: 5px;'>Control de visitantes con registro previo de veh\u00edculos<\/li>\n<li style='margin-bottom: 5px;'>Acceso a m\u00faltiples subsistemas para ampliar el conocimiento de los usuarios<\/li>\n<\/ul><\/div>\n<\/p><\/div>\n<div style='border: 1px solid rgba(150&comma; 150&comma; 150&comma; 0.4); border-radius: 8px; overflow: hidden; display: flex; flex-direction: column;'>\n<div style='padding: 15px; border-bottom: 1px solid rgba(150&comma; 150&comma; 150&comma; 0.2); font-weight: bold; font-size: 18px; color: inherit;'>Personalizaci\u00f3n del sistema<\/div>\n<div style='padding: 15px; color: inherit;'>\n<ul style='padding-left: 20px; margin: 0; font-size: 14px; list-style-type: disc;'>\n<li style='margin-bottom: 5px;'>Permite crear modos configurados previamente seg\u00fan la funci\u00f3n del usuario<\/li>\n<li style='margin-bottom: 5px;'>Posibilidad de personalizar el sistema con aplicaciones espec\u00edficas seg\u00fan los escenarios<\/li>\n<li style='margin-bottom: 5px;'>Los usuarios pueden crear su propio panel de control seg\u00fan sus necesidades<\/li>\n<\/ul><\/div>\n<\/p><\/div>\n<div style='border: 1px solid rgba(150&comma; 150&comma; 150&comma; 0.4); border-radius: 8px; overflow: hidden; display: flex; flex-direction: column;'>\n<div style='padding: 15px; border-bottom: 1px solid rgba(150&comma; 150&comma; 150&comma; 0.2); font-weight: bold; font-size: 18px; color: inherit;'>Visualizaci\u00f3n de sistemas y datos<\/div>\n<div style='padding: 15px; color: inherit;'>\n<ul style='padding-left: 20px; margin: 0; font-size: 14px; list-style-type: disc;'>\n<li style='margin-bottom: 5px;'>Recopilaci\u00f3n de datos de varias aplicaciones en informes din\u00e1micos y tableros intuitivos<\/li>\n<li style='margin-bottom: 5px;'>Tablero de operaciones personalizado con informaci\u00f3n relevante<\/li>\n<li style='margin-bottom: 5px;'>Mapa electr\u00f3nico interactivo para localizaci\u00f3n y gesti\u00f3n r\u00e1pida de incidentes<\/li>\n<\/ul><\/div>\n<\/p><\/div>\n<div style='border: 1px solid rgba(150&comma; 150&comma; 150&comma; 0.4); border-radius: 8px; overflow: hidden; display: flex; flex-direction: column;'>\n<div style='padding: 15px; border-bottom: 1px solid rgba(150&comma; 150&comma; 150&comma; 0.2); font-weight: bold; font-size: 18px; color: inherit;'>Facilidad de instalaci\u00f3n y uso<\/div>\n<div style='padding: 15px; color: inherit;'>\n<ul style='padding-left: 20px; margin: 0; font-size: 14px; list-style-type: disc;'>\n<li style='margin-bottom: 5px;'>Requisitos m\u00ednimos del sistema: i3&comma; 8 GB RAM<\/li>\n<li style='margin-bottom: 5px;'>Buen funcionamiento incluso en entornos con mala conexi\u00f3n<\/li>\n<li style='margin-bottom: 5px;'>Asistencia a la gu\u00eda de funcionamiento<\/li>\n<li style='margin-bottom: 5px;'>Integraci\u00f3n f\u00e1cil con otros dispositivos Hikvision<\/li>\n<\/ul><\/div>\n<\/p><\/div>\n<\/p><\/div>\n<div style='margin: 40px 0;'> <img style='width: 100%; height: auto; border: 1px solid rgba(150&comma;150&comma;150&comma;0.3); border-radius: 8px;' src='http:\/\/ftp3.syscom.mx\/usuarios\/yalvarado\/hikvision\/HCP\/fotos\/HikCentral-professional-license.jpg' alt=''> <\/div>\n<div style='display: grid; grid-template-columns: repeat(auto-fill&comma; minmax(280px&comma; 1fr)); gap: 30px; margin-bottom: 30px;'>\n<div style='border: 1px solid rgba(150&comma; 150&comma; 150&comma; 0.4); border-radius: 8px; overflow: hidden; display: flex; flex-direction: column;'>\n<div style='padding: 15px; border-bottom: 1px solid rgba(150&comma; 150&comma; 150&comma; 0.2); font-weight: bold; font-size: 18px; color: inherit; background-color: #05948c; color: #ffffff; text-align: center;'>B\u00fasqueda de Atributos &#038; ANPR<\/div>\n<div style='padding: 15px; color: inherit;'>\n<p style='margin: 0 0 15px 0;'>Basados en algoritmos DeepLearning&comma; los NVR DeepinMind pueden detectar cuerpo humano y veh\u00edculos a partir de im\u00e1genes y videos capturados&comma; analizar sus caracter\u00edsticas y crear modelos de datos para ellos&comma; lo que permite un seguimiento y una b\u00fasqueda r\u00e1pidos.<\/p>\n<\/p><\/div>\n<\/p><\/div>\n<\/p><\/div>\n<div style='display: grid; grid-template-columns: repeat(auto-fill&comma; minmax(280px&comma; 1fr)); gap: 30px; margin-bottom: 30px;'>\n<div style='border: 1px solid rgba(150&comma; 150&comma; 150&comma; 0.4); border-radius: 8px; overflow: hidden; display: flex; flex-direction: column;'>\n<div style='padding: 15px; border-bottom: 1px solid rgba(150&comma; 150&comma; 150&comma; 0.2); font-weight: bold; font-size: 18px; color: inherit; background-color: #05948c; color: #ffffff; text-align: center;'>Reconocimiento Facial<\/div>\n<div style='padding: 15px; color: inherit;'>\n<p style='margin: 0 0 15px 0;'>DeepLearning es intr\u00edsecamente diferente de otros algoritmos. Este gr\u00e1fico ilustra la forma en que resuelve algunos problemas que otros algoritmos tiene dificultades para abordar.<\/p>\n<\/p><\/div>\n<\/p><\/div>\n<\/p><\/div>\n<div style='display: grid; grid-template-columns: repeat(auto-fill&comma; minmax(280px&comma; 1fr)); gap: 30px; margin-bottom: 30px;'>\n<div style='border: 1px solid rgba(150&comma; 150&comma; 150&comma; 0.4); border-radius: 8px; overflow: hidden; display: flex; flex-direction: column;'>\n<div style='padding: 15px; color: inherit;'> <img style='width: 100%; height: auto; border: 1px solid rgba(150&comma;150&comma;150&comma;0.3); border-radius: 8px;' src='http:\/\/ftp3.syscom.mx\/usuarios\/yalvarado\/hikvision\/HCP\/fotos\/ANPR%26Atributos.png' alt=''> <\/div>\n<\/p><\/div>\n<div style='border: 1px solid rgba(150&comma; 150&comma; 150&comma; 0.4); border-radius: 8px; overflow: hidden; display: flex; flex-direction: column;'>\n<div style='padding: 15px; color: inherit;'> <img style='width: 100%; height: auto; border: 1px solid rgba(150&comma;150&comma;150&comma;0.3); border-radius: 8px;' src='http:\/\/ftp3.syscom.mx\/usuarios\/yalvarado\/hikvision\/HCP\/fotos\/comparacion.png' alt=''> <\/div>\n<\/p><\/div>\n<div style='border: 1px solid rgba(150&comma; 150&comma; 150&comma; 0.4); border-radius: 8px; overflow: hidden; display: flex; flex-direction: column;'>\n<div style='padding: 15px; color: inherit;'> <img style='width: 100%; height: auto; border: 1px solid rgba(150&comma;150&comma;150&comma;0.3); border-radius: 8px;' src='http:\/\/ftp3.syscom.mx\/usuarios\/yalvarado\/hikvision\/HCP\/fotos\/comparacion2.png' alt=''> <\/div>\n<\/p><\/div>\n<div style='border: 1px solid rgba(150&comma; 150&comma; 150&comma; 0.4); border-radius: 8px; overflow: hidden; display: flex; flex-direction: column;'>\n<div style='padding: 15px; color: inherit;'> <img style='width: 100%; height: auto; border: 1px solid rgba(150&comma;150&comma;150&comma;0.3); border-radius: 8px;' src='https:\/\/ftp3.syscom.mx\/usuarios\/fcarrillo\/Hikvision\/Imagenes\/solution-banner-2021.png' alt=''> <\/div>\n<\/p><\/div>\n<\/p><\/div>\n<div style='display: grid; grid-template-columns: repeat(auto-fill&comma; minmax(280px&comma; 1fr)); gap: 30px; margin-bottom: 30px;'>\n<div style='border: 1px solid rgba(150&comma; 150&comma; 150&comma; 0.4); border-radius: 8px; overflow: hidden; display: flex; flex-direction: column;'>\n<div style='padding: 15px; color: inherit;'> <img style='width: 100%; height: auto; border: 1px solid rgba(150&comma;150&comma;150&comma;0.3); border-radius: 8px;' src='http:\/\/ftp3.syscom.mx\/usuarios\/yalvarado\/hikvision\/HCP\/fotos\/HikCentral-Professional-Overview.png' alt=''> <\/div>\n<\/p><\/div>\n<div style='border: 1px solid rgba(150&comma; 150&comma; 150&comma; 0.4); border-radius: 8px; overflow: hidden; display: flex; flex-direction: column;'>\n<div style='padding: 15px; color: inherit;'> <img style='width: 100%; height: auto; border: 1px solid rgba(150&comma;150&comma;150&comma;0.3); border-radius: 8px;' src='https:\/\/ftp3.syscom.mx\/usuarios\/fotos\/HCVSSB\/4C\/160061-personalizado650x365.gif' alt=''> <\/div>\n<\/p><\/div>\n<div style='border: 1px solid rgba(150&comma; 150&comma; 150&comma; 0.4); border-radius: 8px; overflow: hidden; display: flex; flex-direction: column;'>\n<div style='padding: 15px; color: inherit;'> <img style='width: 100%; height: auto; border: 1px solid rgba(150&comma;150&comma;150&comma;0.3); border-radius: 8px;' src='http:\/\/ftp3.syscom.mx\/usuarios\/yalvarado\/hikvision\/HCP\/fotos\/Visualized-systems%2C-data%2C-and-maintenance.png' alt=''> <\/div>\n<\/p><\/div>\n<div style='border: 1px solid rgba(150&comma; 150&comma; 150&comma; 0.4); border-radius: 8px; overflow: hidden; display: flex; flex-direction: column;'>\n<div style='padding: 15px; color: inherit;'> <img style='width: 100%; height: auto; border: 1px solid rgba(150&comma;150&comma;150&comma;0.3); border-radius: 8px;' src='http:\/\/ftp3.syscom.mx\/usuarios\/yalvarado\/hikvision\/HCP\/fotos\/Easy-to-deploy-and-use.png' alt=''> <\/div>\n<\/p><\/div>\n<\/p><\/div>\n<\/p><\/div>\n","protected":false},"excerpt":{"rendered":"<p>HikCentral Professional \/ Servidor DELL Xeon E2324G \/ Licencia Base de Videovigilancia \/ Incluye 300 Canales de Video \/ Incluye Windows Server 2019<\/p>\n","protected":false},"featured_media":101401,"comment_status":"open","ping_status":"closed","template":"","meta":[],"product_brand":[],"product_cat":[2236],"product_tag":[54,2065,2237],"class_list":{"0":"post-101402","1":"product","2":"type-product","3":"status-publish","4":"has-post-thumbnail","6":"product_cat-servidores-de-aplicacion","7":"product_tag-hikvision","8":"product_tag-servidores-almacenamiento","9":"product_tag-servidores-de-aplicacion","11":"first","12":"outofstock","13":"sale","14":"shipping-taxable","15":"purchasable","16":"product-type-simple"},"_links":{"self":[{"href":"https:\/\/soydeaqui.ddns.net\/pachuca\/index.php\/wp-json\/wp\/v2\/product\/101402","targetHints":{"allow":["GET"]}}],"collection":[{"href":"https:\/\/soydeaqui.ddns.net\/pachuca\/index.php\/wp-json\/wp\/v2\/product"}],"about":[{"href":"https:\/\/soydeaqui.ddns.net\/pachuca\/index.php\/wp-json\/wp\/v2\/types\/product"}],"replies":[{"embeddable":true,"href":"https:\/\/soydeaqui.ddns.net\/pachuca\/index.php\/wp-json\/wp\/v2\/comments?post=101402"}],"wp:featuredmedia":[{"embeddable":true,"href":"https:\/\/soydeaqui.ddns.net\/pachuca\/index.php\/wp-json\/wp\/v2\/media\/101401"}],"wp:attachment":[{"href":"https:\/\/soydeaqui.ddns.net\/pachuca\/index.php\/wp-json\/wp\/v2\/media?parent=101402"}],"wp:term":[{"taxonomy":"product_brand","embeddable":true,"href":"https:\/\/soydeaqui.ddns.net\/pachuca\/index.php\/wp-json\/wp\/v2\/product_brand?post=101402"},{"taxonomy":"product_cat","embeddable":true,"href":"https:\/\/soydeaqui.ddns.net\/pachuca\/index.php\/wp-json\/wp\/v2\/product_cat?post=101402"},{"taxonomy":"product_tag","embeddable":true,"href":"https:\/\/soydeaqui.ddns.net\/pachuca\/index.php\/wp-json\/wp\/v2\/product_tag?post=101402"}],"curies":[{"name":"wp","href":"https:\/\/api.w.org\/{rel}","templated":true}]}}