{"id":101379,"date":"2026-03-20T11:58:20","date_gmt":"2026-03-20T11:58:20","guid":{"rendered":"https:\/\/soydeaqui.ddns.net\/pachuca\/index.php\/producto\/camara-ptz-de-trafico-inteligente-4-mp-35x-zoom-optico-darkfighter-x-300-m-ir-deteccion-de-infracciones-de-trafico-ip67\/"},"modified":"2026-03-20T11:58:21","modified_gmt":"2026-03-20T11:58:21","slug":"camara-ptz-de-trafico-inteligente-4-mp-35x-zoom-optico-darkfighter-x-300-m-ir-deteccion-de-infracciones-de-trafico-ip67","status":"publish","type":"product","link":"https:\/\/soydeaqui.ddns.net\/pachuca\/index.php\/producto\/camara-ptz-de-trafico-inteligente-4-mp-35x-zoom-optico-darkfighter-x-300-m-ir-deteccion-de-infracciones-de-trafico-ip67\/","title":{"rendered":"C\u00e1mara PTZ de Tr\u00e1fico Inteligente \/ 4 MP \/ 35\u00d7 Zoom \u00d3ptico \/ DarkFighter X \/ 300 m IR \/ Detecci\u00f3n de Infracciones de Tr\u00e1fico \/ IP67"},"content":{"rendered":"<div style='width: 100%; max-width: 1200px; margin: 0 auto; font-family: sans-serif; line-height: 1.6; color: inherit; background-color: transparent;'>\n<div style='display: flex; flex-wrap: wrap; gap: 30px; margin-bottom: 30px;'>\n<div style='flex: 1 1 300px; min-width: 280px;'>\n<div style='text-align: center; margin-bottom: 20px;'> <img style='width: 100%; max-width: 583.203px; height: auto; border: 1px solid rgba(150&comma;150&comma;150&comma;0.3); border-radius: 8px;' src='https:\/\/ftp3.syscom.mx\/usuarios\/jsosa\/HIKVISION\/imagenes\/logo\/hikvision%20see%20far.png' alt='Logo Hikvision'> <\/div>\n<\/p><\/div>\n<\/p><\/div>\n<div style='display: flex; flex-wrap: wrap; gap: 30px; margin-bottom: 30px;'>\n<div style='flex: 1 1 300px; min-width: 280px;'>\n<div style='border: 1px solid rgba(150&comma; 150&comma; 150&comma; 0.4); border-radius: 8px; overflow: hidden; display: flex; flex-direction: column;'>\n<div style='padding: 15px; background: #df001e; border-bottom: 1px solid #a80000; font-weight: bold; font-size: 18px; color: #fff;'>Caracter\u00edsticas Principales:<\/div>\n<div style='padding: 15px; color: inherit;'>\n<ul style='padding-left: 20px; margin: 0; font-size: 14px; list-style-type: disc;'>\n<li style='margin-bottom: 5px;'>Sensor CMOS 1\/1.8\u201d scan progresivo (High performance).<\/li>\n<li style='margin-bottom: 5px;'>Resoluci\u00f3n 4 Megapixel (2560 x 1440).<\/li>\n<li style='margin-bottom: 5px;'>Funci\u00f3n D\u00eda\/Noche Real.<\/li>\n<li style='margin-bottom: 5px;'>Distancia del IR: 150 mts con Smart IR<\/li>\n<li style='margin-bottom: 5px;'>Iluminaci\u00f3n m\u00ednima a color 0.005 Lux (F1.6&comma; AGC ON).<\/li>\n<li style='margin-bottom: 5px;'>Distancia focal de 5.9 a 206.5 mm (35 X zoom optico \/ 16X digital).<\/li>\n<\/ul><\/div>\n<\/p><\/div>\n<div style='border: 1px solid rgba(150&comma; 150&comma; 150&comma; 0.4); border-radius: 8px; overflow: hidden; display: flex; flex-direction: column; margin-top: 20px;'>\n<div style='padding: 15px; background: #df001e; border-bottom: 1px solid #a80000; font-weight: bold; font-size: 18px; color: #fff;'>Entradas y Salidas de Audio \/ Alarmas \/ Red \/ Almacenamiento:<\/div>\n<div style='padding: 15px; color: inherit;'>\n<ul style='padding-left: 20px; margin: 0; font-size: 14px; list-style-type: disc;'>\n<li style='margin-bottom: 5px;'>Entrada de alarmas: 7.<\/li>\n<li style='margin-bottom: 5px;'>Salida de alarmas: 2.<\/li>\n<li style='margin-bottom: 5px;'>Entrada de audio: 1.<\/li>\n<li style='margin-bottom: 5px;'>Salida de audio: 1.<\/li>\n<li style='margin-bottom: 5px;'>Soporta memoria micro SD de hasta 256 GB (no incluido).<\/li>\n<\/ul><\/div>\n<\/p><\/div>\n<\/p><\/div>\n<div style='flex: 1 1 300px; min-width: 280px;'>\n<div style='border: 1px solid rgba(150&comma; 150&comma; 150&comma; 0.4); border-radius: 8px; overflow: hidden; display: flex; flex-direction: column;'>\n<div style='padding: 15px; background: #df001e; border-bottom: 1px solid #a80000; font-weight: bold; font-size: 18px; color: #fff;'>Caracter\u00edsticas F\u00edsicas y El\u00e9ctricas:<\/div>\n<div style='padding: 15px; color: inherit;'>\n<ul style='padding-left: 20px; margin: 0; font-size: 14px; list-style-type: disc;'>\n<li style='margin-bottom: 5px;'>Temperatura de Operaci\u00f3n: -40 ~ 70\u00baC.<\/li>\n<li style='margin-bottom: 5px;'>Alimentaci\u00f3n: 24 VCD (Fuente no incluida) 62 W\/ HI POE<\/li>\n<li style='margin-bottom: 5px;'>Dimensiones: 210 x 344.7 mm.<\/li>\n<li style='margin-bottom: 5px;'>Peso: 10 Kg.<\/li>\n<\/ul><\/div>\n<\/p><\/div>\n<div style='border: 1px solid rgba(150&comma; 150&comma; 150&comma; 0.4); border-radius: 8px; overflow: hidden; display: flex; flex-direction: column; margin-top: 20px;'>\n<div style='padding: 15px; background: #df001e; border-bottom: 1px solid #a80000; font-weight: bold; font-size: 18px; color: #fff;'>Accesorios Opcionales:<\/div>\n<div style='padding: 15px; color: inherit;'>\n<ul style='padding-left: 20px; margin: 0; font-size: 14px; list-style-type: disc;'>\n<li style='margin-bottom: 5px;'>Montaje de poste&comma; modelo: <a style='color: inherit; text-decoration: underline;' href='https:\/\/syscom.pro\/products\/175436\/1603' target='_blank' rel='noopener'>DS-1603ZJ-Pole-P<\/a><\/li>\n<li style='margin-bottom: 5px;'>Montaje de pared para exterior&comma; modelo: <a style='color: inherit; text-decoration: underline;' href='https:\/\/syscom.pro\/products\/184691\/1603' target='_blank' rel='noopener'>DS-1603ZJ-P<\/a><\/li>\n<li style='margin-bottom: 5px;'>Montaje de techo tipo tubo&comma; modelo: <a style='color: inherit; text-decoration: underline;' href='https:\/\/syscom.pro\/products\/205927\/1661' target='_blank' rel='noopener'>DS-1661ZJ-P<\/a><\/li>\n<\/ul><\/div>\n<\/p><\/div>\n<\/p><\/div>\n<\/p><\/div>\n<div style='display: flex; flex-wrap: wrap; gap: 30px; margin-bottom: 30px;'>\n<div style='flex: 1 1 300px; min-width: 280px;'>\n<div style='border: 1px solid rgba(150&comma; 150&comma; 150&comma; 0.4); border-radius: 8px; overflow: hidden; display: flex; flex-direction: column;'>\n<div style='padding: 15px; background: #df001e; border-bottom: 1px solid #a80000; font-weight: bold; font-size: 18px; color: #fff;'>Funciones de Trafico Inteligente<\/div>\n<div style='padding: 15px; color: inherit;'>\n<ul style='padding-left: 20px; margin: 0; font-size: 14px; list-style-type: disc;'>\n<li style='margin-bottom: 5px;'>Detecci\u00f3n de estacionamiento ilegal<\/li>\n<li style='margin-bottom: 5px;'>Detecci\u00f3n de giro en U ilegal<\/li>\n<li style='margin-bottom: 5px;'>Detecci\u00f3n de invasi\u00f3n de carril<\/li>\n<li style='margin-bottom: 5px;'>Detecci\u00f3n de cambio de carril ilegal<\/li>\n<li style='margin-bottom: 5px;'>Detecci\u00f3n de veh\u00edculo en carril para no motorizados (ciclov\u00eda\/carril bici)<\/li>\n<li style='margin-bottom: 5px;'>Detecci\u00f3n de marcha atr\u00e1s<\/li>\n<\/ul><\/div>\n<\/p><\/div>\n<\/p><\/div>\n<\/p><\/div>\n<div style='display: flex; flex-wrap: wrap; gap: 30px; margin-bottom: 30px;'>\n<div style='flex: 1 1 300px; min-width: 280px;'>\n<div style='text-align: center; margin: 30px 0;'> <img style='width: 100%; height: auto; border: 1px solid rgba(150&comma;150&comma;150&comma;0.3); border-radius: 8px;' src='https:\/\/ftp3.syscom.mx\/usuarios\/jsosa\/HIKVISION\/imagenes\/banners\/solution%20complete.png' alt='Soluci\u00f3n completa'> <\/div>\n<\/p><\/div>\n<\/p><\/div>\n<\/p><\/div>\n","protected":false},"excerpt":{"rendered":"<p>C\u00e1mara PTZ de Tr\u00e1fico Inteligente \/ 4 MP \/ 35\u00d7 Zoom \u00d3ptico \/ DarkFighter X \/ 300 m IR \/ Detecci\u00f3n de Infracciones de Tr\u00e1fico \/ IP67<\/p>\n","protected":false},"featured_media":101378,"comment_status":"open","ping_status":"closed","template":"","meta":[],"product_brand":[],"product_cat":[1224],"product_tag":[122,54,1225],"class_list":{"0":"post-101379","1":"product","2":"type-product","3":"status-publish","4":"has-post-thumbnail","6":"product_cat-ptz","7":"product_tag-camaras-ip-y-nvrs","8":"product_tag-hikvision","9":"product_tag-ptz","11":"first","12":"outofstock","13":"sale","14":"shipping-taxable","15":"purchasable","16":"product-type-simple"},"_links":{"self":[{"href":"https:\/\/soydeaqui.ddns.net\/pachuca\/index.php\/wp-json\/wp\/v2\/product\/101379","targetHints":{"allow":["GET"]}}],"collection":[{"href":"https:\/\/soydeaqui.ddns.net\/pachuca\/index.php\/wp-json\/wp\/v2\/product"}],"about":[{"href":"https:\/\/soydeaqui.ddns.net\/pachuca\/index.php\/wp-json\/wp\/v2\/types\/product"}],"replies":[{"embeddable":true,"href":"https:\/\/soydeaqui.ddns.net\/pachuca\/index.php\/wp-json\/wp\/v2\/comments?post=101379"}],"wp:featuredmedia":[{"embeddable":true,"href":"https:\/\/soydeaqui.ddns.net\/pachuca\/index.php\/wp-json\/wp\/v2\/media\/101378"}],"wp:attachment":[{"href":"https:\/\/soydeaqui.ddns.net\/pachuca\/index.php\/wp-json\/wp\/v2\/media?parent=101379"}],"wp:term":[{"taxonomy":"product_brand","embeddable":true,"href":"https:\/\/soydeaqui.ddns.net\/pachuca\/index.php\/wp-json\/wp\/v2\/product_brand?post=101379"},{"taxonomy":"product_cat","embeddable":true,"href":"https:\/\/soydeaqui.ddns.net\/pachuca\/index.php\/wp-json\/wp\/v2\/product_cat?post=101379"},{"taxonomy":"product_tag","embeddable":true,"href":"https:\/\/soydeaqui.ddns.net\/pachuca\/index.php\/wp-json\/wp\/v2\/product_tag?post=101379"}],"curies":[{"name":"wp","href":"https:\/\/api.w.org\/{rel}","templated":true}]}}