{"id":101375,"date":"2026-03-20T11:58:11","date_gmt":"2026-03-20T11:58:11","guid":{"rendered":"https:\/\/soydeaqui.ddns.net\/pachuca\/index.php\/producto\/acusearch-nvr-12-megapixel-4k-32-canales-ip-16-puertos-poe-recocimiento-facial-acusense-evita-falsas-alarmas-2-bahias-de-disco-duro-hdmi-en-4k-alarmas-i-o-300-metros-poe-modo-ex-2\/"},"modified":"2026-03-20T11:58:13","modified_gmt":"2026-03-20T11:58:13","slug":"acusearch-nvr-12-megapixel-4k-32-canales-ip-16-puertos-poe-recocimiento-facial-acusense-evita-falsas-alarmas-2-bahias-de-disco-duro-hdmi-en-4k-alarmas-i-o-300-metros-poe-modo-ex-2","status":"publish","type":"product","link":"https:\/\/soydeaqui.ddns.net\/pachuca\/index.php\/producto\/acusearch-nvr-12-megapixel-4k-32-canales-ip-16-puertos-poe-recocimiento-facial-acusense-evita-falsas-alarmas-2-bahias-de-disco-duro-hdmi-en-4k-alarmas-i-o-300-metros-poe-modo-ex-2\/","title":{"rendered":"[Acusearch] NVR 12 Megapixel (4K) \/ 32 canales IP \/ 16 Puertos PoE+ \/ Recocimiento Facial \/ AcuSense (Evita Falsas Alarmas) \/ 2 Bah\u00edas de Disco Duro \/ HDMI en 4K \/ Alarmas I\/O \/ 300 Metros PoE Modo Extendido"},"content":{"rendered":"<div style=\"width: 100%; max-width: 1200px; margin: 0 auto; font-family: sans-serif; line-height: 1.6; color: inherit; background-color: transparent;\"><!-- Banner inicial --><\/p>\n<p style=\"text-align: center; margin: 30px 0;\"><img decoding=\"async\" style=\"width: 100%; max-width: 500px; height: auto; border: 1px solid rgba(150&comma; 150&comma; 150&comma; 0.3); border-radius: 8px;\" src=\"https:\/\/ftp3.syscom.mx\/usuarios\/jsosa\/HIKVISION\/imagenes\/logo\/hikvision%20see%20far.png\" alt=\"Banner Inicial\" class=\"fr-fic fr-dii\"><\/p>\n<p><!-- Videos --><\/p>\n<div style=\"display: flex; flex-wrap: wrap; gap: 30px; margin-bottom: 30px;\">\n<div style=\"flex: 1 1 45%; min-width: 300px;\">\n<h3 style=\"font-size: 20px; border-bottom: 2px solid currentColor; padding-bottom: 5px; margin-top: 0; color: inherit; opacity: 0.8; text-align: center;\">Smart Search + AcuSearch<\/h3>\n<div style=\"position: relative; padding-bottom: 56.25%; height: 0; overflow: hidden; margin-bottom: 30px;\"> <\/div>\n<\/div>\n<div style=\"flex: 1 1 45%; min-width: 300px;\">\n<h3 style=\"font-size: 20px; border-bottom: 2px solid currentColor; padding-bottom: 5px; margin-top: 0; color: inherit; opacity: 0.8; text-align: center;\">Compatibilidad AcuSearch <a href=\"https:\/\/ftp3.syscom.mx\/usuarios\/fcarrillo\/Hikvision\/Specs\/Compatibilidad%20Acusearch.pdf\" target=\"_blank\" rel=\"noopener\" style=\"color: inherit; text-decoration: underline;\">click aqui para ver lista<\/a><\/h3>\n<p><img decoding=\"async\" style=\"width: 100%; height: auto; border: 1px solid rgba(150&comma; 150&comma; 150&comma; 0.3); border-radius: 8px;\" src=\"https:\/\/ftp3.syscom.mx\/usuarios\/fcarrillo\/Hikvision\/GIF\/Acusearch2.gif\" alt=\"Compatibilidad AcuSearch\" class=\"fr-fic fr-dii\"><\/div>\n<\/div>\n<p><!-- Secci\u00f3n principal --><\/p>\n<div style=\"display: flex; flex-wrap: wrap; gap: 30px; margin-bottom: 30px;\"><!-- Columna izquierda --><\/p>\n<div style=\"flex: 1 1 45%; min-width: 300px;\"><!-- Caracter\u00edsticas Principales --><\/p>\n<div style=\"border: 1px solid rgba(150&comma; 150&comma; 150&comma; 0.4); border-radius: 8px; overflow: hidden; margin-bottom: 20px;\">\n<div style=\"padding: 15px; background: #df001e; border-bottom: 1px solid rgba(150&comma;150&comma;150&comma;0.2); font-weight: bold; font-size: 18px; color: #ffffff;\">Caracter&iacute;sticas Principales<\/div>\n<div style=\"padding: 15px;\">\n<ul style=\"padding-left: 20px; margin: 0; font-size: 14px; list-style-type: disc;\">\n<li style=\"margin-bottom: 5px;\">Compresi&oacute;n de video: H.265+ \/ H.265 \/ H.264+ \/ H.264<\/li>\n<li style=\"margin-bottom: 5px;\">16 Puertos PoE Interconstruidos 802.3 af\/at<\/li>\n<li style=\"margin-bottom: 5px;\">200 watts total en sus puertos PoE+<\/li>\n<li style=\"margin-bottom: 5px;\">Soporta mouse USB para operar (incluido)<\/li>\n<li style=\"margin-bottom: 5px;\">Soporta 2 HDD&#39;s de hasta 16 TB (no incluido)<\/li>\n<li style=\"margin-bottom: 5px;\">Soporta DDNS (Hik-Connect&comma; DynDNS&comma; No-IP&comma; etc)<\/li>\n<li style=\"margin-bottom: 5px;\">Soporta Hik-Connect (P2P) <a href=\"https:\/\/appstore.hikvision.com\/\" target=\"_blank\" rel=\"noopener\" style=\"color: inherit; text-decoration: underline;\">https:\/\/appstore.hikvision.com\/<\/a><\/li>\n<li style=\"margin-bottom: 5px;\">Acceso remoto v&iacute;a tel&eacute;fono: Android&comma; iPhone&comma; iPad (Hik-Connect)<\/li>\n<li style=\"margin-bottom: 5px;\">Software cliente IVMS-4200 (gratuito)<\/li>\n<\/ul>\n<\/div>\n<\/div>\n<p><!-- Interfaces Entradas y Salidas --><\/p>\n<div style=\"border: 1px solid rgba(150&comma; 150&comma; 150&comma; 0.4); border-radius: 8px; overflow: hidden; margin-bottom: 20px;\">\n<div style=\"padding: 15px; background: #df001e; border-bottom: 1px solid rgba(150&comma;150&comma;150&comma;0.2); font-weight: bold; font-size: 18px; color: #ffffff;\">Interfaces Entradas y Salidas<\/div>\n<div style=\"padding: 15px;\">\n<ul style=\"padding-left: 20px; margin: 0; font-size: 14px; list-style-type: disc;\">\n<li style=\"margin-bottom: 5px;\"><strong>Salida independiente HDMI y VGA<\/strong><\/li>\n<li style=\"margin-bottom: 5px;\">Resoluci&oacute;n HDMI: 4K \/ 1080p \/ 720p<\/li>\n<li style=\"margin-bottom: 5px;\">Resoluci&oacute;n VGA: 1080p&comma; 720p<\/li>\n<li style=\"margin-bottom: 5px;\">Entrada de Audio: 1<\/li>\n<li style=\"margin-bottom: 5px;\">Salida de Audio: 1<\/li>\n<li style=\"margin-bottom: 5px;\">Entrada de Alarma: 4<\/li>\n<li style=\"margin-bottom: 5px;\">Salida de Alarma: 1<\/li>\n<li style=\"margin-bottom: 5px;\">Soporta audio bidireccional (audio de dos v&iacute;as)<\/li>\n<\/ul>\n<\/div>\n<\/div>\n<p><!-- Capacidad de procesamiento y funciones de red --><\/p>\n<div style=\"border: 1px solid rgba(150&comma; 150&comma; 150&comma; 0.4); border-radius: 8px; overflow: hidden; margin-bottom: 20px;\">\n<div style=\"padding: 15px; background: #df001e; border-bottom: 1px solid rgba(150&comma;150&comma;150&comma;0.2); font-weight: bold; font-size: 18px; color: #ffffff;\">Capacidad de procesamiento y funciones de red<\/div>\n<div style=\"padding: 15px;\">\n<ul style=\"padding-left: 20px; margin: 0; font-size: 14px; list-style-type: disc;\">\n<li style=\"margin-bottom: 5px;\">Throughput entrada: 256 Mbps<\/li>\n<li style=\"margin-bottom: 5px;\">Throughput salida: 160 Mbps<\/li>\n<li style=\"margin-bottom: 5px;\">1 puerto red RJ-45: 10 \/ 100 \/ 1000 Mbps (LAN)<\/li>\n<\/ul>\n<\/div>\n<\/div>\n<\/div>\n<p><!-- Columna derecha --><\/p>\n<div style=\"flex: 1 1 45%; min-width: 300px;\"><!-- Caracter\u00edsticas F\u00edsicas y El\u00e9ctricas --><\/p>\n<div style=\"border: 1px solid rgba(150&comma; 150&comma; 150&comma; 0.4); border-radius: 8px; overflow: hidden; margin-bottom: 20px;\">\n<div style=\"padding: 15px; background: #df001e; border-bottom: 1px solid rgba(150&comma;150&comma;150&comma;0.2); font-weight: bold; font-size: 18px; color: #ffffff;\">Caracter&iacute;sticas F&iacute;sicas y El&eacute;ctricas<\/div>\n<div style=\"padding: 15px;\">\n<ul style=\"padding-left: 20px; margin: 0; font-size: 14px; list-style-type: disc;\">\n<li style=\"margin-bottom: 5px;\">Dimensiones: 385 x 315 x 52mm<\/li>\n<li style=\"margin-bottom: 5px;\">Alimentaci&oacute;n: 100 a 240 Vca \/ 15 W<\/li>\n<li style=\"margin-bottom: 5px;\">Temperatura de operaci&oacute;n: -10&deg;C a 55&deg;C<\/li>\n<li style=\"margin-bottom: 5px;\">Peso: 3 Kg sin HDD<\/li>\n<li style=\"margin-bottom: 5px;\">Compatible con gabinete met&aacute;lico <a href=\"https:\/\/www.syscom.mx\/principal\/searchcont?route=GABVID2R3-EPCOM-INDUSTRIAL-207362&#038;autodetect=GABVID2R3\" target=\"_blank\" rel=\"noopener\" style=\"color: inherit; text-decoration: underline;\">GABVID2R3<\/a><\/li>\n<\/ul>\n<\/div>\n<\/div>\n<p><!-- Funci\u00f3n de Grabaci\u00f3n y Visualizaci\u00f3n --><\/p>\n<div style=\"border: 1px solid rgba(150&comma; 150&comma; 150&comma; 0.4); border-radius: 8px; overflow: hidden; margin-bottom: 20px;\">\n<div style=\"padding: 15px; background: #df001e; border-bottom: 1px solid rgba(150&comma;150&comma;150&comma;0.2); font-weight: bold; font-size: 18px; color: #ffffff;\">Funci&oacute;n de Grabaci&oacute;n y Visualizaci&oacute;n<\/div>\n<div style=\"padding: 15px;\">\n<ul style=\"padding-left: 20px; margin: 0; font-size: 14px; list-style-type: disc;\">\n<li style=\"margin-bottom: 5px;\">Detecci&oacute;n de movimiento multizona<\/li>\n<li style=\"margin-bottom: 5px;\">Zoom digital en visualizaci&oacute;n y grabaci&oacute;n<\/li>\n<li style=\"margin-bottom: 5px;\">Dual stream (main stream y sub stream)<\/li>\n<li style=\"margin-bottom: 5px;\">Soporta avance r&aacute;pido&comma; lento&comma; cuadro a cuadro&comma; etc<\/li>\n<li style=\"margin-bottom: 5px;\">Soporta tecnolog&iacute;a de discos duros S.M.A.R.T.<\/li>\n<li style=\"margin-bottom: 5px;\">Soporta m&uacute;ltiples tipos de grabaci&oacute;n&comma; incluyendo tiempo real&comma; grabaci&oacute;n manual&comma; videosensor&comma; videosensor y alarma&comma; videosensor o alarma<\/li>\n<li style=\"margin-bottom: 5px;\">Soporta grabaci&oacute;n c&iacute;clica (sobreescritura) y no c&iacute;clica<\/li>\n<\/ul>\n<\/div>\n<\/div>\n<p><!-- Resoluci\u00f3n de Grabaci\u00f3n por Canal --><\/p>\n<div style=\"border: 1px solid rgba(150&comma; 150&comma; 150&comma; 0.4); border-radius: 8px; overflow: hidden; margin-bottom: 20px;\">\n<div style=\"padding: 15px; background: #df001e; border-bottom: 1px solid rgba(150&comma;150&comma;150&comma;0.2); font-weight: bold; font-size: 18px; color: #ffffff;\">Resoluci&oacute;n de Grabaci&oacute;n por Canal (recomendado con H.265)<\/div>\n<div style=\"padding: 15px;\">\n<ul style=\"padding-left: 20px; margin: 0; font-size: 14px; list-style-type: disc;\">\n<li style=\"margin-bottom: 5px;\">2 MP (1080P): 32 Canales &#8211; 30 IPS<\/li>\n<li style=\"margin-bottom: 5px;\">4 MP: 32 Canales &#8211; 30 IPS<\/li>\n<li style=\"margin-bottom: 5px;\">5 MP: 32 Canales &#8211; 30 IPS<\/li>\n<li style=\"margin-bottom: 5px;\">6 MP: 32 Canales &#8211; 30 IPS<\/li>\n<li style=\"margin-bottom: 5px;\">4K (8 MP): 32 Canales &#8211; 22 IPS<\/li>\n<li style=\"margin-bottom: 5px;\">4K (12 MP): 32 Canales &#8211; 18 IPS<\/li>\n<li style=\"margin-bottom: 5px;\">Reproducci&oacute;n s&iacute;ncrona en canales: 16 Canales<\/li>\n<\/ul>\n<\/div>\n<\/div>\n<\/div>\n<\/div>\n<p><!-- Caracter\u00edsticas destacadas --><\/p>\n<div style=\"border: 1px solid rgba(150&comma; 150&comma; 150&comma; 0.4); border-radius: 8px; overflow: hidden; margin-bottom: 30px;\">\n<div style=\"padding: 15px; background: #df001e; border-bottom: 1px solid rgba(150&comma;150&comma;150&comma;0.2); font-weight: bold; font-size: 18px; color: #ffffff;\">Caracter&iacute;sticas destacadas<\/div>\n<div style=\"padding: 15px;\"><!-- Reconocimiento Facial --><\/p>\n<div style=\"margin-bottom: 20px;\">\n<h4 style=\"margin-top: 0; margin-bottom: 10px; font-size: 16px; color: inherit;\"><strong>Reconocimiento Facial<\/strong><\/h4>\n<ul style=\"padding-left: 20px; margin: 0; font-size: 14px; list-style-type: disc;\">\n<li style=\"margin-bottom: 5px;\">Hasta 16 librer&iacute;as con un m&aacute;ximo de 20&comma;000 rostros en total<\/li>\n<li style=\"margin-bottom: 5px;\">Cada fotograf&iacute;a debe de pesar m&aacute;ximo 1 GB<\/li>\n<li style=\"margin-bottom: 5px;\">Cuando la c&aacute;mara detecta un rostro y coincidente con la base de datos&comma; se puede: activar la grabaci&oacute;n&comma; notificar al software remoto (iVMS-4200)&comma; enviar un email&comma; activar una salida de alarma&comma; etc<\/li>\n<li style=\"margin-bottom: 5px;\">Soporta 1 canal de video con reconocimiento facial&comma; podemos usar c&aacute;maras: IDS-2CD7 \/ DS-2CD3XXG2 \/ DS-2CD3XX7G2 (que soporte captura facial)<\/li>\n<\/ul>\n<\/div>\n<p><!-- ACUSENSE (Filtro de Falsas Alarmas) --><\/p>\n<div style=\"margin-bottom: 20px;\">\n<h4 style=\"margin-top: 0; margin-bottom: 10px; font-size: 16px; color: inherit;\"><strong>ACUSENSE (Filtro de Falsas Alarmas)<\/strong><\/h4>\n<ul style=\"padding-left: 20px; margin: 0; font-size: 14px; list-style-type: disc;\">\n<li style=\"margin-bottom: 5px;\">Con tecnolog&iacute;a ACUSENSE podemos evitar falsas alarmas como movimiento de arboles&comma; animales&comma; etc<\/li>\n<li style=\"margin-bottom: 5px;\">Al activar la tecnolog&iacute;a ACUSENSE solo detecta cuerpo humano y veh&iacute;culos para detectar realmente eventos importantes y as&iacute; eliminar falsas alarmas<\/li>\n<li style=\"margin-bottom: 5px;\">Soporta hasta 32 canales con ACUSENSE utilizando c&aacute;maras: DS-2CD2XX7G2 \/ DS-2CD2XX3G2 \/ IDS-2CD7 \/ DS-2CD3XXG2 \/ DS-2CD3XX7G2 (que soporte ACUSENSE)<\/li>\n<li style=\"margin-bottom: 5px;\">Soporta hasta 32 canales con la tecnolog&iacute;a ACUSENSE Lite (humano y veh&iacute;culo con detecci&oacute;n de movimiento&comma; no anal&iacute;ticos) usando c&aacute;maras DS-2CD1XX3G2 y DS-2CD1XX3G7G2 (que soporte ACUSENSE Lite)<\/li>\n<\/ul>\n<p style=\"margin-top: 15px; margin-bottom: 5px; font-size: 14px;\"><strong>Nota:<\/strong> Solo es posible habilitar reconocimiento facial o ACUSENSE (no se puede tener ambos al mismo tiempo)<\/p>\n<\/div>\n<p><!-- PoE con modo Extendido --><\/p>\n<div style=\"margin-bottom: 20px;\">\n<h4 style=\"margin-top: 0; margin-bottom: 10px; font-size: 16px; color: inherit;\"><strong>PoE con modo Extendido<\/strong><\/h4>\n<ul style=\"padding-left: 20px; margin: 0; font-size: 14px; list-style-type: disc;\">\n<li style=\"margin-bottom: 5px;\">200 metros: serie 1 (DS-2CD1XX3G0&comma; DS-2CD1XX3G2&comma; DS-2CD1XXX7G2)<\/li>\n<li style=\"margin-bottom: 5px;\">250 metros: serie 2 en 2 Megapixel (DS-2CD2X23G2)<\/li>\n<li style=\"margin-bottom: 5px;\">300 metros: serie 2&comma; serie3 y serie 7 (DS-2CD2XX3G2&comma; DS-2CD2XX7G2&comma; DS-2CD3XX3G2&comma; DS-2CD3XX7G2&comma; IDS-7XX7&comma; IDS-2CD7XX5&comma; IDS-2CD7XX6)<\/li>\n<\/ul>\n<\/div>\n<\/div>\n<\/div>\n<p><!-- Videos adicionales --><\/p>\n<div style=\"display: flex; flex-wrap: wrap; gap: 30px; margin-bottom: 30px;\">\n<div style=\"flex: 1 1 45%; min-width: 300px;\">\n<h3 style=\"font-size: 20px; border-bottom: 2px solid currentColor; padding-bottom: 5px; margin-top: 0; color: inherit; opacity: 0.8; text-align: center;\">AcuSense vs Anal&iacute;ticos Tradicionales<\/h3>\n<div style=\"position: relative; padding-bottom: 56.25%; height: 0; overflow: hidden; margin-bottom: 30px;\"> <\/div>\n<\/div>\n<div style=\"flex: 1 1 45%; min-width: 300px;\">\n<h3 style=\"font-size: 20px; border-bottom: 2px solid currentColor; padding-bottom: 5px; margin-top: 0; color: inherit; opacity: 0.8; text-align: center;\">Inteligencia Artificial con AcuSense<\/h3>\n<div style=\"position: relative; padding-bottom: 56.25%; height: 0; overflow: hidden; margin-bottom: 30px;\"> <\/div>\n<\/div>\n<\/div>\n<div style=\"display: flex; flex-wrap: wrap; gap: 30px; margin-bottom: 30px;\">\n<div style=\"flex: 1 1 45%; min-width: 300px;\">\n<h3 style=\"font-size: 20px; border-bottom: 2px solid currentColor; padding-bottom: 5px; margin-top: 0; color: inherit; opacity: 0.8; text-align: center;\">AcuSense &Aacute;reas Restringidas<\/h3>\n<div style=\"position: relative; padding-bottom: 56.25%; height: 0; overflow: hidden; margin-bottom: 30px;\"> <\/div>\n<\/div>\n<div style=\"flex: 1 1 45%; min-width: 300px;\">\n<h3 style=\"font-size: 20px; border-bottom: 2px solid currentColor; padding-bottom: 5px; margin-top: 0; color: inherit; opacity: 0.8; text-align: center;\">AcuSense Almacenes<\/h3>\n<div style=\"position: relative; padding-bottom: 56.25%; height: 0; overflow: hidden; margin-bottom: 30px;\"> <\/div>\n<\/div>\n<\/div>\n<p><!-- Banner final --><\/p>\n<p style=\"margin: 30px 0; text-align: center;\"><img decoding=\"async\" style=\"width: 100%; max-width: 1200px; height: auto; border: 1px solid rgba(150&comma; 150&comma; 150&comma; 0.3); border-radius: 8px;\" src=\"https:\/\/ftp3.syscom.mx\/usuarios\/jsosa\/HIKVISION\/imagenes\/banners\/solution%20complete.png\" alt=\"Banner Final\" class=\"fr-fic fr-dii\"><\/p>\n<\/div>\n","protected":false},"excerpt":{"rendered":"<p>[Acusearch] NVR 12 Megapixel (4K) \/ 32 canales IP \/ 16 Puertos PoE+ \/ Recocimiento Facial \/ AcuSense (Evita Falsas Alarmas) \/ 2 Bah\u00edas de Disco Duro \/ HDMI en 4K \/ Alarmas I\/O \/ 300 Metros PoE Modo Extendido<\/p>\n","protected":false},"featured_media":101374,"comment_status":"open","ping_status":"closed","template":"","meta":[],"product_brand":[],"product_cat":[2234],"product_tag":[122,54,2235],"class_list":{"0":"post-101375","1":"product","2":"type-product","3":"status-publish","4":"has-post-thumbnail","6":"product_cat-nvrs-network-video-recorders","7":"product_tag-camaras-ip-y-nvrs","8":"product_tag-hikvision","9":"product_tag-nvrs-network-video-recorders","11":"first","12":"instock","13":"sale","14":"shipping-taxable","15":"purchasable","16":"product-type-simple"},"_links":{"self":[{"href":"https:\/\/soydeaqui.ddns.net\/pachuca\/index.php\/wp-json\/wp\/v2\/product\/101375","targetHints":{"allow":["GET"]}}],"collection":[{"href":"https:\/\/soydeaqui.ddns.net\/pachuca\/index.php\/wp-json\/wp\/v2\/product"}],"about":[{"href":"https:\/\/soydeaqui.ddns.net\/pachuca\/index.php\/wp-json\/wp\/v2\/types\/product"}],"replies":[{"embeddable":true,"href":"https:\/\/soydeaqui.ddns.net\/pachuca\/index.php\/wp-json\/wp\/v2\/comments?post=101375"}],"wp:featuredmedia":[{"embeddable":true,"href":"https:\/\/soydeaqui.ddns.net\/pachuca\/index.php\/wp-json\/wp\/v2\/media\/101374"}],"wp:attachment":[{"href":"https:\/\/soydeaqui.ddns.net\/pachuca\/index.php\/wp-json\/wp\/v2\/media?parent=101375"}],"wp:term":[{"taxonomy":"product_brand","embeddable":true,"href":"https:\/\/soydeaqui.ddns.net\/pachuca\/index.php\/wp-json\/wp\/v2\/product_brand?post=101375"},{"taxonomy":"product_cat","embeddable":true,"href":"https:\/\/soydeaqui.ddns.net\/pachuca\/index.php\/wp-json\/wp\/v2\/product_cat?post=101375"},{"taxonomy":"product_tag","embeddable":true,"href":"https:\/\/soydeaqui.ddns.net\/pachuca\/index.php\/wp-json\/wp\/v2\/product_tag?post=101375"}],"curies":[{"name":"wp","href":"https:\/\/api.w.org\/{rel}","templated":true}]}}