{"id":101363,"date":"2026-03-20T11:57:40","date_gmt":"2026-03-20T11:57:40","guid":{"rendered":"https:\/\/soydeaqui.ddns.net\/pachuca\/index.php\/producto\/estacion-de-trabajo-cliente-wave-hasta-3-salidas-de-video-intel-core-i5-13th-gen-8gb-ram-256-ssd-windows-10-iot-enterprise-nvidia-a400-gpu\/"},"modified":"2026-03-20T11:57:45","modified_gmt":"2026-03-20T11:57:45","slug":"estacion-de-trabajo-cliente-wave-hasta-3-salidas-de-video-intel-core-i5-13th-gen-8gb-ram-256-ssd-windows-10-iot-enterprise-nvidia-a400-gpu","status":"publish","type":"product","link":"https:\/\/soydeaqui.ddns.net\/pachuca\/index.php\/producto\/estacion-de-trabajo-cliente-wave-hasta-3-salidas-de-video-intel-core-i5-13th-gen-8gb-ram-256-ssd-windows-10-iot-enterprise-nvidia-a400-gpu\/","title":{"rendered":"Estaci\u00f3n de trabajo cliente Wave hasta 3 salidas de v\u00eddeo, Intel Core i5 (13th Gen), 8GB RAM, 256 SSD, Windows 10 IoT Enterprise, Nvidia A400 GPU"},"content":{"rendered":"<div style='width: 100%; max-width: 1200px; margin: 0 auto; font-family: sans-serif; line-height: 1.6; color: inherit; background-color: transparent;'> <!-- Secci\u00f3n de caracter\u00edsticas --> <\/p>\n<h3 style='font-size: 22px; border-bottom: 2px solid currentColor; padding-bottom: 5px; margin-top: 0; color: inherit; opacity: 0.8; text-align: center;'>Caracter\u00edsticas t\u00e9cnicas<\/h3>\n<p> <!-- Grid de secciones --> <\/p>\n<div style='display: flex; flex-wrap: wrap; gap: 30px; margin-top: 30px;'> <!-- Secci\u00f3n Sistema --> <\/p>\n<div style='flex: 1 1 300px; min-width: 280px;'>\n<div style='border: 1px solid rgba(150&comma; 150&comma; 150&comma; 0.4); border-radius: 8px; padding: 15px;'>\n<h4 style='margin-top: 0; margin-bottom: 15px; font-size: 18px; color: inherit; border-left: 4px solid #f37324; padding-left: 10px;'>Sistema<\/h4>\n<ul style='padding-left: 20px; font-size: 15px; color: inherit; list-style-type: disc;'>\n<li style='margin-bottom: 5px;'><strong>Software VMS:<\/strong> Wisenet WAVE<\/li>\n<li style='margin-bottom: 5px;'><strong>Disco duro sistema operativo:<\/strong> 1 x 256GB SSD<\/li>\n<li style='margin-bottom: 5px;'><strong>Procesador:<\/strong> 1 x Intel\u00ae Core\u2122 i5 14th generaci\u00f3n<\/li>\n<li style='margin-bottom: 5px;'><strong>Memoria:<\/strong> 8GB DDR4<\/li>\n<li style='margin-bottom: 5px;'><strong>Sistema operativo:<\/strong> Windows 10 IoT Enterprise<\/li>\n<\/ul><\/div>\n<\/p><\/div>\n<p> <!-- Secci\u00f3n Interfaces --> <\/p>\n<div style='flex: 1 1 300px; min-width: 280px;'>\n<div style='border: 1px solid rgba(150&comma; 150&comma; 150&comma; 0.4); border-radius: 8px; padding: 15px;'>\n<h4 style='margin-top: 0; margin-bottom: 15px; font-size: 18px; color: inherit; border-left: 4px solid #f37324; padding-left: 10px;'>Interfaces<\/h4>\n<ul style='padding-left: 20px; font-size: 15px; color: inherit; list-style-type: disc;'>\n<li style='margin-bottom: 5px;'><strong>Interfaces de red:<\/strong> 1 x RJ45&comma; Gigabit Ethernet<\/li>\n<li style='margin-bottom: 5px;'><strong>Salidas de video:<\/strong> 3 mDP<\/li>\n<li style='margin-bottom: 5px;'><strong>Puertos USB:<\/strong> 2 USB frontales&comma; 4 USB posteriores<\/li>\n<li style='margin-bottom: 5px;'><strong>Otros puertos:<\/strong> 1 puerto de audio 3.5mm<\/li>\n<\/ul>\n<h5 style='margin-top: 20px; margin-bottom: 10px; font-size: 16px; color: inherit; opacity: 0.8;'>Caracter\u00edsticas F\u00edsicas y El\u00e9ctricas<\/h5>\n<ul style='padding-left: 20px; font-size: 15px; color: inherit; list-style-type: disc;'>\n<li style='margin-bottom: 5px;'><strong>Fuente de poder:<\/strong> 80 Plus Bronce<\/li>\n<li style='margin-bottom: 5px;'><strong>Entrada de voltaje:<\/strong> 100 &#8211; 240 VCA<\/li>\n<li style='margin-bottom: 5px;'><strong>Consumo m\u00e1ximo:<\/strong> 180W<\/li>\n<\/ul><\/div>\n<\/p><\/div>\n<p> <!-- Secci\u00f3n Caracter\u00edsticas F\u00edsicas --> <\/p>\n<div style='flex: 1 1 300px; min-width: 280px;'>\n<div style='border: 1px solid rgba(150&comma; 150&comma; 150&comma; 0.4); border-radius: 8px; padding: 15px;'>\n<h4 style='margin-top: 0; margin-bottom: 15px; font-size: 18px; color: inherit; border-left: 4px solid #f37324; padding-left: 10px;'>Caracter\u00edsticas F\u00edsicas<\/h4>\n<h5 style='margin-top: 20px; margin-bottom: 10px; font-size: 16px; color: inherit; opacity: 0.8;'>Mec\u00e1nicas<\/h5>\n<ul style='padding-left: 20px; font-size: 15px; color: inherit; list-style-type: disc;'>\n<li style='margin-bottom: 5px;'><strong>Forma del equipo:<\/strong> Tipo Mini Torre<\/li>\n<li style='margin-bottom: 5px;'><strong>Color \/ Material:<\/strong> Negro \/ Metal y pl\u00e1stico<\/li>\n<li style='margin-bottom: 5px;'><strong>Dimensiones:<\/strong> 92.6mm x 292.8mm x 290mm<\/li>\n<li style='margin-bottom: 5px;'><strong>Peso:<\/strong> 5.16 Kg<\/li>\n<\/ul>\n<h5 style='margin-top: 20px; margin-bottom: 10px; font-size: 16px; color: inherit; opacity: 0.8;'>Ambientales<\/h5>\n<ul style='padding-left: 20px; font-size: 15px; color: inherit; list-style-type: disc;'>\n<li style='margin-bottom: 5px;'><strong>Temperatura de operaci\u00f3n:<\/strong> 5 a 35 \u00baC<\/li>\n<li style='margin-bottom: 5px;'><strong>Temperatura de almacenamiento:<\/strong> -40 a 65 \u00baC<\/li>\n<li style='margin-bottom: 5px;'><strong>Humedad de operaci\u00f3n:<\/strong> 20% a 80% RH sin condensaci\u00f3n<\/li>\n<\/ul>\n<h5 style='margin-top: 20px; margin-bottom: 10px; font-size: 16px; color: inherit; opacity: 0.8;'>Certificaciones<\/h5>\n<ul style='padding-left: 20px; font-size: 15px; color: inherit; list-style-type: disc;'>\n<li style='margin-bottom: 5px;'>UL&comma; cUL&comma; CB&comma; FCC<\/li>\n<\/ul><\/div>\n<\/p><\/div>\n<\/p><\/div>\n<p> <!-- Secci\u00f3n de garant\u00eda --> <\/p>\n<div style='margin-top: 30px; padding: 15px; border-left: 4px solid #f37324;'>\n<p style='margin: 0; font-size: 15px; color: inherit;'><strong>Garant\u00eda:<\/strong> 3 a\u00f1os<\/p>\n<\/p><\/div>\n<p> <!-- Separador final --> <\/p>\n<hr style='border: 0; border-top: 1px solid rgba(150&comma; 150&comma; 150&comma; 0.3); margin: 30px 0;'> <\/div>\n","protected":false},"excerpt":{"rendered":"<p>Estaci\u00f3n de trabajo cliente Wave hasta 3 salidas de v\u00eddeo, Intel Core i5 (13th Gen), 8GB RAM, 256 SSD, Windows 10 IoT Enterprise, Nvidia A400 GPU<\/p>\n","protected":false},"featured_media":101362,"comment_status":"open","ping_status":"closed","template":"","meta":[],"product_brand":[],"product_cat":[2181],"product_tag":[2182,1055,2065],"class_list":{"0":"post-101363","1":"product","2":"type-product","3":"status-publish","4":"has-post-thumbnail","6":"product_cat-estaciones-de-trabajo-workstation","7":"product_tag-estaciones-de-trabajo-workstation","8":"product_tag-hanwha-vision","9":"product_tag-servidores-almacenamiento","11":"first","12":"outofstock","13":"sale","14":"shipping-taxable","15":"purchasable","16":"product-type-simple"},"_links":{"self":[{"href":"https:\/\/soydeaqui.ddns.net\/pachuca\/index.php\/wp-json\/wp\/v2\/product\/101363","targetHints":{"allow":["GET"]}}],"collection":[{"href":"https:\/\/soydeaqui.ddns.net\/pachuca\/index.php\/wp-json\/wp\/v2\/product"}],"about":[{"href":"https:\/\/soydeaqui.ddns.net\/pachuca\/index.php\/wp-json\/wp\/v2\/types\/product"}],"replies":[{"embeddable":true,"href":"https:\/\/soydeaqui.ddns.net\/pachuca\/index.php\/wp-json\/wp\/v2\/comments?post=101363"}],"wp:featuredmedia":[{"embeddable":true,"href":"https:\/\/soydeaqui.ddns.net\/pachuca\/index.php\/wp-json\/wp\/v2\/media\/101362"}],"wp:attachment":[{"href":"https:\/\/soydeaqui.ddns.net\/pachuca\/index.php\/wp-json\/wp\/v2\/media?parent=101363"}],"wp:term":[{"taxonomy":"product_brand","embeddable":true,"href":"https:\/\/soydeaqui.ddns.net\/pachuca\/index.php\/wp-json\/wp\/v2\/product_brand?post=101363"},{"taxonomy":"product_cat","embeddable":true,"href":"https:\/\/soydeaqui.ddns.net\/pachuca\/index.php\/wp-json\/wp\/v2\/product_cat?post=101363"},{"taxonomy":"product_tag","embeddable":true,"href":"https:\/\/soydeaqui.ddns.net\/pachuca\/index.php\/wp-json\/wp\/v2\/product_tag?post=101363"}],"curies":[{"name":"wp","href":"https:\/\/api.w.org\/{rel}","templated":true}]}}