{"id":101343,"date":"2026-03-20T11:56:45","date_gmt":"2026-03-20T11:56:45","guid":{"rendered":"https:\/\/soydeaqui.ddns.net\/pachuca\/index.php\/producto\/kit-solar-ip-all-in-one-aov-bala-ip-4-megapixel-lente-2-8-mm-panel-solar-bateria-de-respaldo-de-litio-9000-mah-conexion-4g-audio-de-dos-vias-ip65-micro-sd\/"},"modified":"2026-03-20T11:56:49","modified_gmt":"2026-03-20T11:56:49","slug":"kit-solar-ip-all-in-one-aov-bala-ip-4-megapixel-lente-2-8-mm-panel-solar-bateria-de-respaldo-de-litio-9000-mah-conexion-4g-audio-de-dos-vias-ip65-micro-sd","status":"publish","type":"product","link":"https:\/\/soydeaqui.ddns.net\/pachuca\/index.php\/producto\/kit-solar-ip-all-in-one-aov-bala-ip-4-megapixel-lente-2-8-mm-panel-solar-bateria-de-respaldo-de-litio-9000-mah-conexion-4g-audio-de-dos-vias-ip65-micro-sd\/","title":{"rendered":"Kit Solar IP All in One \/ AOV \/ Bala IP 4 Megapixel \/ Lente 2.8 mm \/ Panel Solar + Bater\u00eda de Respaldo de Litio (9000 mAh) \/ Conexi\u00f3n 4G \/ Audio de Dos V\u00edas \/ IP65 \/ Micro SD"},"content":{"rendered":"<div style=\"width: 100%; max-width: 1200px; margin: 0 auto; font-family: sans-serif; line-height: 1.6; color: inherit; background-color: transparent;\"><!-- Imagen principal --> <img decoding=\"async\" style=\"width: 100%; height: auto; border: 1px solid rgba(150&comma;150&comma;150&comma;0.3); border-radius: 8px; margin: 30px 0;\" src=\"https:\/\/ftp3.syscom.mx\/usuarios\/alexh\/Hikvision\/imagen\/AOV1.png\" alt=\"\" \/> <!-- Secci\u00f3n de caracter\u00edsticas principales --> <\/p>\n<div style=\"display: flex; flex-wrap: wrap; gap: 30px; margin-bottom: 30px;\">\n<div style=\"flex: 1 1 300px; min-width: 280px;\">\n<h3 style=\"font-size: 22px; border-bottom: 2px solid currentColor; padding-bottom: 5px; margin-top: 0; color: inherit; opacity: 0.8;\">Caracter&iacute;sticas Principales<\/h3>\n<ul style=\"padding-left: 20px; font-size: 15px; color: inherit;\">\n<li style=\"margin-bottom: 5px;\">Resoluci&oacute;n m&aacute;xima: 4 Megapixel (2560 X 1440)<\/li>\n<li style=\"margin-bottom: 5px;\">Sensor: CMOS 1\/3&#8242; Progressive Scan<\/li>\n<li style=\"margin-bottom: 5px;\">Iluminaci&oacute;n m&iacute;nima: 0.005 Lux (color&comma; con AGC ON)<\/li>\n<li style=\"margin-bottom: 5px;\">Lente fijo: 2.8 mm (&aacute;ngulo de apertura 98.5&deg;)<\/li>\n<li style=\"margin-bottom: 5px;\">30 mts IR EXIR (visi&oacute;n nocturna)<\/li>\n<li style=\"margin-bottom: 5px;\">30 mts de luz blanca (ayuda a iluminar el sitio para mantener la imagen siempre a color)<\/li>\n<li style=\"margin-bottom: 5px;\">Compresi&oacute;n: H.265 \/ H.264<\/li>\n<li style=\"margin-bottom: 5px;\">dWDR \/ 3D DNR \/ BLC<\/li>\n<li style=\"margin-bottom: 5px; font-weight: bold;\">Soporta Micr&oacute;fono integrado y audio bidireccional<\/li>\n<li style=\"margin-bottom: 5px;\">Compatible con plataforma Hik-Connect (P2P) <a style=\"color: #0d6efd; text-decoration: none;\" href=\"https:\/\/appstore.hikvision.com\/\">https:\/\/appstore.hikvision.com\/<\/a><\/li>\n<\/ul><\/div>\n<p> <!-- Secci\u00f3n de caracter\u00edsticas f\u00edsicas --> <\/p>\n<div style=\"flex: 1 1 300px; min-width: 280px;\">\n<h3 style=\"font-size: 22px; border-bottom: 2px solid currentColor; padding-bottom: 5px; margin-top: 0; color: inherit; opacity: 0.8;\">Caracter&iacute;sticas F&iacute;sicas y El&eacute;ctricas<\/h3>\n<ul style=\"padding-left: 20px; font-size: 15px; color: inherit;\">\n<li style=\"margin-bottom: 5px;\">Alimentaci&oacute;n: 5 Vcc&comma; 2 A<\/li>\n<li style=\"margin-bottom: 5px;\">Protecci&oacute;n: IP65 (interior \/ exterior)<\/li>\n<li style=\"margin-bottom: 5px;\">Material: pl&aacute;stico<\/li>\n<li style=\"margin-bottom: 5px;\">Dimensiones: 320 mm x 228 x 148 mm<\/li>\n<li style=\"margin-bottom: 5px;\">Peso: 480 g<\/li>\n<li style=\"margin-top: 15px;\"><span style=\"font-weight: bold;\"><a style=\"color: #0d6efd; text-decoration: none;\" href=\"https:\/\/ftp3.syscom.mx\/usuarios\/ftp\/2025\/09\/12\/1006\/DS2CFS04_4G_Datasheet_20250718.pdf\" target=\"_blank\" rel=\"noopener\">Consulte la ficha t&eacute;cnica para validar los accesorios compatibles<\/a><\/span><\/li>\n<\/ul><\/div>\n<\/p><\/div>\n<p> <!-- Secci\u00f3n de interfaces y caracter\u00edsticas generales --> <\/p>\n<div style=\"display: flex; flex-wrap: wrap; gap: 30px; margin-bottom: 30px;\">\n<div style=\"flex: 1 1 300px; min-width: 280px;\">\n<h3 style=\"font-size: 22px; border-bottom: 2px solid currentColor; padding-bottom: 5px; margin-top: 0; color: inherit; opacity: 0.8;\">Interfaces Entradas y Salidas<\/h3>\n<ul style=\"padding-left: 20px; font-size: 15px; color: inherit;\">\n<li style=\"margin-bottom: 5px;\">Entradas de alarma: NA<\/li>\n<li style=\"margin-bottom: 5px;\">Salidas de alarma: NA<\/li>\n<li style=\"margin-bottom: 5px;\">Entradas de audio: NA<\/li>\n<li style=\"margin-bottom: 5px;\">Salidas de audio: NA<\/li>\n<li style=\"margin-bottom: 5px;\">Soporta memoria micro SD de hasta 512 GB (no incluida)<\/li>\n<li style=\"margin-bottom: 5px;\">Transmisi&oacute;n de datos m&oacute;viles: Funciona con tarjeta SIM Nano<\/li>\n<\/ul><\/div>\n<div style=\"flex: 1 1 300px; min-width: 280px;\">\n<h3 style=\"font-size: 22px; border-bottom: 2px solid currentColor; padding-bottom: 5px; margin-top: 0; color: inherit; opacity: 0.8;\">Caracter&iacute;sticas Generales<\/h3>\n<ul style=\"padding-left: 20px; font-size: 15px; color: inherit;\">\n<li style=\"margin-bottom: 5px;\">Panel solar incorporado: 8 W de potencia<\/li>\n<li style=\"margin-bottom: 5px;\">Bater&iacute;a de alta capacidad: 9000 mAh (litio)<\/li>\n<li style=\"margin-bottom: 5px;\">Totalmente inal&aacute;mbrica: No requiere cables de red NI cables de alimentaci&oacute;n el&eacute;ctrica<\/li>\n<li style=\"margin-bottom: 5px;\">Funcionamiento continuo: Garantiza la vigilancia 24\/7 sin interrupciones<\/li>\n<\/ul><\/div>\n<\/p><\/div>\n<p> <!-- Secci\u00f3n de caracter\u00edsticas destacadas --> <\/p>\n<div style=\"display: flex; flex-wrap: wrap; gap: 30px; margin-bottom: 30px;\">\n<div style=\"flex: 1 1 300px; min-width: 280px;\">\n<h3 style=\"font-size: 22px; border-bottom: 2px solid currentColor; padding-bottom: 5px; margin-top: 0; color: inherit; opacity: 0.8;\">Caracter&iacute;sticas Destacadas<\/h3>\n<div style=\"margin-top: 15px;\">\n<h4 style=\"font-size: 18px; margin-top: 0; margin-bottom: 8px; color: inherit; opacity: 0.9;\">Tecnolog&iacute;a AOV (Always On Video)<\/h4>\n<ul style=\"padding-left: 20px; font-size: 15px; color: inherit;\">\n<li style=\"margin-bottom: 5px;\">Grabaci&oacute;n continua 24\/7: Video siempre activo<\/li>\n<li style=\"margin-bottom: 5px;\">Bajo consumo energ&eacute;tico: Optimiza el uso de la bater&iacute;a manteniendo la grabaci&oacute;n constante<\/li>\n<li style=\"margin-bottom: 5px;\">Vigilancia ininterrumpida: No depende de detecci&oacute;n de movimiento para grabar<\/li>\n<\/ul><\/div>\n<div style=\"margin-top: 15px;\">\n<h4 style=\"font-size: 18px; margin-top: 0; margin-bottom: 8px; color: inherit; opacity: 0.9;\">Iluminaci&oacute;n H&iacute;brida Inteligente<\/h4>\n<ul style=\"padding-left: 20px; font-size: 15px; color: inherit;\">\n<li style=\"margin-bottom: 5px;\">Doble fuente de luz: IR para visi&oacute;n nocturna + Luz blanca para disuasi&oacute;n<\/li>\n<li style=\"margin-bottom: 5px;\">Alcance de 30 metros: Cobertura efectiva d&iacute;a y noche<\/li>\n<li style=\"margin-bottom: 5px;\">Funci&oacute;n disuasoria: La luz blanca puede activarse para alertar intrusos<\/li>\n<\/ul><\/div>\n<div style=\"margin-top: 15px;\">\n<p style=\"font-size: 15px; color: inherit;\">Este kit solar es aut&oacute;nomo&comma; se puede conectar directo a la App de Hik-Connect (escaneando el c&oacute;digo QR)&comma; s&oacute;lo es necesario agregar el SIM de datos para que consuma internet y visualizarlo de manera remota.<\/p>\n<\/p><\/div>\n<\/p><\/div>\n<\/p><\/div>\n<p> <!-- Video de demostraci\u00f3n --> <\/p>\n<div style=\"margin: 30px 0;\">\n<h3 style=\"font-size: 20px; text-align: center; margin-bottom: 20px; color: inherit; opacity: 0.8;\">Demo de Instalaci&oacute;n<\/h3>\n<div style=\"position: relative; padding-bottom: 56.25%; height: 0; overflow: hidden; margin-bottom: 30px;\"> <\/div>\n<\/p><\/div>\n<p> <!-- Imagen final --> <img decoding=\"async\" style=\"width: 100%; height: auto; border: 1px solid rgba(150&comma;150&comma;150&comma;0.3); border-radius: 8px; margin: 30px 0;\" src=\"https:\/\/ftp3.syscom.mx\/usuarios\/jsosa\/HIKVISION\/imagenes\/banners\/solution%20complete.png\" alt=\"\" \/><\/div>\n","protected":false},"excerpt":{"rendered":"<p>Kit Solar IP All in One \/ AOV \/ Bala IP 4 Megapixel \/ Lente 2.8 mm \/ Panel Solar + Bater\u00eda de Respaldo de Litio (9000 mAh) \/ Conexi\u00f3n 4G \/ Audio de Dos V\u00edas \/ IP65 \/ Micro SD<\/p>\n","protected":false},"featured_media":101342,"comment_status":"open","ping_status":"closed","template":"","meta":[],"product_brand":[],"product_cat":[438],"product_tag":[439,122,54],"class_list":{"0":"post-101343","1":"product","2":"type-product","3":"status-publish","4":"has-post-thumbnail","6":"product_cat-bala","7":"product_tag-bala","8":"product_tag-camaras-ip-y-nvrs","9":"product_tag-hikvision","11":"first","12":"instock","13":"sale","14":"shipping-taxable","15":"purchasable","16":"product-type-simple"},"_links":{"self":[{"href":"https:\/\/soydeaqui.ddns.net\/pachuca\/index.php\/wp-json\/wp\/v2\/product\/101343","targetHints":{"allow":["GET"]}}],"collection":[{"href":"https:\/\/soydeaqui.ddns.net\/pachuca\/index.php\/wp-json\/wp\/v2\/product"}],"about":[{"href":"https:\/\/soydeaqui.ddns.net\/pachuca\/index.php\/wp-json\/wp\/v2\/types\/product"}],"replies":[{"embeddable":true,"href":"https:\/\/soydeaqui.ddns.net\/pachuca\/index.php\/wp-json\/wp\/v2\/comments?post=101343"}],"wp:featuredmedia":[{"embeddable":true,"href":"https:\/\/soydeaqui.ddns.net\/pachuca\/index.php\/wp-json\/wp\/v2\/media\/101342"}],"wp:attachment":[{"href":"https:\/\/soydeaqui.ddns.net\/pachuca\/index.php\/wp-json\/wp\/v2\/media?parent=101343"}],"wp:term":[{"taxonomy":"product_brand","embeddable":true,"href":"https:\/\/soydeaqui.ddns.net\/pachuca\/index.php\/wp-json\/wp\/v2\/product_brand?post=101343"},{"taxonomy":"product_cat","embeddable":true,"href":"https:\/\/soydeaqui.ddns.net\/pachuca\/index.php\/wp-json\/wp\/v2\/product_cat?post=101343"},{"taxonomy":"product_tag","embeddable":true,"href":"https:\/\/soydeaqui.ddns.net\/pachuca\/index.php\/wp-json\/wp\/v2\/product_tag?post=101343"}],"curies":[{"name":"wp","href":"https:\/\/api.w.org\/{rel}","templated":true}]}}