{"id":101326,"date":"2026-03-20T11:55:58","date_gmt":"2026-03-20T11:55:58","guid":{"rendered":"https:\/\/soydeaqui.ddns.net\/pachuca\/index.php\/producto\/bateria-tb100c-para-uso-con-matrice400-con-conector-para-uso-con-carga-alambrica\/"},"modified":"2026-03-20T11:56:01","modified_gmt":"2026-03-20T11:56:01","slug":"bateria-tb100c-para-uso-con-matrice400-con-conector-para-uso-con-carga-alambrica","status":"publish","type":"product","link":"https:\/\/soydeaqui.ddns.net\/pachuca\/index.php\/producto\/bateria-tb100c-para-uso-con-matrice400-con-conector-para-uso-con-carga-alambrica\/","title":{"rendered":"Bater\u00eda TB100C Para Uso con MATRICE400 \/ Con conector para uso con carga Al\u00e1mbrica"},"content":{"rendered":"<div style='width: 100%; max-width: 1200px; margin: 0 auto; font-family: sans-serif; line-height: 1.6; color: inherit; background-color: transparent;'>\n<div style='display: flex; flex-wrap: wrap; gap: 30px; margin-bottom: 30px;'>\n<div style='flex: 1 1 300px; min-width: 280px;'>\n<h3 style='font-size: 22px; border-bottom: 2px solid currentColor; padding-bottom: 5px; margin-top: 0; color: inherit; opacity: 0.8;'>Especificaciones<\/h3>\n<ul style='padding-left: 20px; font-size: 15px; color: inherit;'>\n<li style='margin-bottom: 5px;'><strong>Modelo:<\/strong> TB100C<\/li>\n<li style='margin-bottom: 5px;'><strong>Compatible con:<\/strong> Drones MATRICE400<\/li>\n<li style='margin-bottom: 5px;'><strong>Ciclos de carga:<\/strong> 400<\/li>\n<li style='margin-bottom: 5px;'><strong>GARANTIA:<\/strong> 1 A\u00d1O CONTRA DEFECTOS DE FABRICACI\u00d3N<\/li>\n<\/ul><\/div>\n<div style='flex: 1 1 300px; min-width: 280px;'>\n<h3 style='font-size: 22px; border-bottom: 2px solid currentColor; padding-bottom: 5px; margin-top: 0; color: inherit; opacity: 0.8;'>Caracter\u00edsticas F\u00edsicas y El\u00e9ctricas<\/h3>\n<ul style='padding-left: 20px; font-size: 15px; color: inherit;'>\n<li style='margin-bottom: 5px;'><strong>Voltaje Est\u00e1ndar:<\/strong> 48.23 V<\/li>\n<li style='margin-bottom: 5px;'><strong>Voltaje M\u00e1x de Carga:<\/strong> 54.6 V<\/li>\n<li style='margin-bottom: 5px;'><strong>Temperatura:<\/strong> 5 a 45 \u00b0C<\/li>\n<li style='margin-bottom: 5px;'><strong>Capacidad:<\/strong> 20254 mAh<\/li>\n<li style='margin-bottom: 5px;'><strong>Energ\u00eda:<\/strong> 977 Wh<\/li>\n<\/ul><\/div>\n<\/p><\/div>\n<div style='margin-bottom: 30px;'>\n<p style='font-size: 15px; color: inherit; margin: 0 0 15px 0;'>La bater\u00eda de vuelo inteligente TB100C adopta celdas de alta energ\u00eda y alto rendimiento y adminite 400 ciclos de carga&comma; lo que reduce el costo de vuelo. Adem\u00e1s&comma; cuenta con un mejor rendimiento de disipaci\u00f3n y un sistema de autocalentamiento.<\/p>\n<\/p><\/div>\n<hr style='border: 0; border-top: 1px solid rgba(150&comma; 150&comma; 150&comma; 0.3); margin: 30px 0;'> <\/div>\n","protected":false},"excerpt":{"rendered":"<p>Bater\u00eda TB100C Para Uso con MATRICE400 \/ Con conector para uso con carga Al\u00e1mbrica<\/p>\n","protected":false},"featured_media":101325,"comment_status":"open","ping_status":"closed","template":"","meta":[],"product_brand":[],"product_cat":[2223,2225],"product_tag":[2228,2226,2227],"class_list":{"0":"post-101326","1":"product","2":"type-product","3":"status-publish","4":"has-post-thumbnail","6":"product_cat-drones","7":"product_cat-drones-robots-e-industrial","8":"product_tag-dji","9":"product_tag-drones","10":"product_tag-robots-e-industrial","12":"first","13":"instock","14":"sale","15":"shipping-taxable","16":"purchasable","17":"product-type-simple"},"_links":{"self":[{"href":"https:\/\/soydeaqui.ddns.net\/pachuca\/index.php\/wp-json\/wp\/v2\/product\/101326","targetHints":{"allow":["GET"]}}],"collection":[{"href":"https:\/\/soydeaqui.ddns.net\/pachuca\/index.php\/wp-json\/wp\/v2\/product"}],"about":[{"href":"https:\/\/soydeaqui.ddns.net\/pachuca\/index.php\/wp-json\/wp\/v2\/types\/product"}],"replies":[{"embeddable":true,"href":"https:\/\/soydeaqui.ddns.net\/pachuca\/index.php\/wp-json\/wp\/v2\/comments?post=101326"}],"wp:featuredmedia":[{"embeddable":true,"href":"https:\/\/soydeaqui.ddns.net\/pachuca\/index.php\/wp-json\/wp\/v2\/media\/101325"}],"wp:attachment":[{"href":"https:\/\/soydeaqui.ddns.net\/pachuca\/index.php\/wp-json\/wp\/v2\/media?parent=101326"}],"wp:term":[{"taxonomy":"product_brand","embeddable":true,"href":"https:\/\/soydeaqui.ddns.net\/pachuca\/index.php\/wp-json\/wp\/v2\/product_brand?post=101326"},{"taxonomy":"product_cat","embeddable":true,"href":"https:\/\/soydeaqui.ddns.net\/pachuca\/index.php\/wp-json\/wp\/v2\/product_cat?post=101326"},{"taxonomy":"product_tag","embeddable":true,"href":"https:\/\/soydeaqui.ddns.net\/pachuca\/index.php\/wp-json\/wp\/v2\/product_tag?post=101326"}],"curies":[{"name":"wp","href":"https:\/\/api.w.org\/{rel}","templated":true}]}}