{"id":101313,"date":"2026-03-20T11:55:25","date_gmt":"2026-03-20T11:55:25","guid":{"rendered":"https:\/\/soydeaqui.ddns.net\/pachuca\/index.php\/producto\/modulo-de-memoria-ram-ddr4-de-16-gb-3200-mhz-para-equipo-de-rack-o-escritorio-udimm\/"},"modified":"2026-03-20T11:55:35","modified_gmt":"2026-03-20T11:55:35","slug":"modulo-de-memoria-ram-ddr4-de-16-gb-3200-mhz-para-equipo-de-rack-o-escritorio-udimm","status":"publish","type":"product","link":"https:\/\/soydeaqui.ddns.net\/pachuca\/index.php\/producto\/modulo-de-memoria-ram-ddr4-de-16-gb-3200-mhz-para-equipo-de-rack-o-escritorio-udimm\/","title":{"rendered":"M\u00f3dulo de Memoria RAM DDR4 de 16 GB \/ 3200 MHz \/ Para Equipo de Rack o Escritorio \/ UDIMM"},"content":{"rendered":"<div style='width: 100%; max-width: 1200px; margin: 0 auto; font-family: sans-serif; line-height: 1.6; color: inherit; background-color: transparent;'> <!-- Banner principal --> <\/p>\n<div style='width: 100%; margin-bottom: 30px;'> <img style='width: 100%; height: auto; border: 1px solid rgba(150&comma;150&comma;150&comma;0.3); border-radius: 8px;' src='https:\/\/ftp3.syscom.mx\/usuarios\/gmagos\/HIK\/storage\/Vaners\/hiksemi.png' alt='Banner Hiksemi'> <\/div>\n<p> <!-- Caracter\u00edsticas principales --> <\/p>\n<div style='display: flex; flex-wrap: wrap; gap: 30px; margin-bottom: 30px;'>\n<div style='flex: 1 1 300px; min-width: 280px;'>\n<h3 style='font-size: 22px; border-bottom: 2px solid currentColor; padding-bottom: 5px; margin-top: 0; color: inherit; opacity: 0.8;'>Caracter\u00edsticas principales:<\/h3>\n<ul style='padding-left: 20px; font-size: 15px; color: inherit;'>\n<li style='margin-bottom: 5px;'><strong>Capacidad:<\/strong> 16 GB<\/li>\n<li style='margin-bottom: 5px;'><strong>Interfaz:<\/strong> DDR4 U-DIMM 3200MHz<\/li>\n<li style='margin-bottom: 5px;'><strong>Pin:<\/strong> 288<\/li>\n<li style='margin-bottom: 5px;'><strong>Latencia CAS:<\/strong> CL19<\/li>\n<li style='margin-bottom: 5px;'><strong>Temperatura de operaci\u00f3n:<\/strong> 0 \u00b0C a 85 \u00b0C<\/li>\n<li style='margin-bottom: 5px;'><strong>Tama\u00f1o:<\/strong> 133.35 mm x 31.25 mm x 1.4 mm<\/li>\n<li style='margin-bottom: 5px;'><strong>Garant\u00eda:<\/strong> 3 a\u00f1os<\/li>\n<\/ul><\/div>\n<\/p><\/div>\n<p> <!-- Secci\u00f3n de im\u00e1genes destacadas --> <\/p>\n<div style='display: flex; flex-wrap: wrap; gap: 30px; margin-bottom: 30px;'>\n<div style='position: relative; flex: 1 1 300px; min-width: 280px; text-align: center;'> <img style='width: 100%; height: auto; border: 1px solid rgba(150&comma;150&comma;150&comma;0.3); border-radius: 8px;' src='https:\/\/ftp3.syscom.mx\/usuarios\/gmagos\/HIK\/storage\/Pagina%20WEB\/RAM%20UDIMM\/1.jpg' alt='Memoria UDIMM'> <\/p>\n<div style='position: absolute; top: 0; left: 50%; transform: translate(-50%&comma; 20px); color: inherit; text-align: center; width: 100%; display: flex; flex-direction: column; align-items: center;'>\n<h1 style='font-size: 1.8vw; font-weight: bold; margin-bottom: 10px;'>Memoria UDIMM<\/h1>\n<h2 style='font-size: 1vw;'>Misma PC&comma; Nueva Eficiencia<\/h2>\n<\/p><\/div>\n<\/p><\/div>\n<div style='position: relative; flex: 1 1 300px; min-width: 280px; text-align: center;'> <img style='width: 100%; height: auto; border: 1px solid rgba(150&comma;150&comma;150&comma;0.3); border-radius: 8px;' src='https:\/\/ftp3.syscom.mx\/usuarios\/gmagos\/HIK\/storage\/Pagina%20WEB\/RAM%20UDIMM\/3.jpg' alt='Actualice su Escritorio'> <\/p>\n<div style='position: absolute; top: 50%; left: 50%; transform: translate(-50%&comma; -50%); color: inherit; text-align: center; display: flex; flex-direction: column; align-items: center;'>\n<h1 style='font-size: 1.5vw; font-weight: bold; margin-bottom: 10px;'>Actualice su Escritorio de Manera Eficiente<\/h1>\n<h2 style='font-size: 1.2vw;'>Juegos | Reproducci\u00f3n de v\u00eddeo | Dise\u00f1o<\/h2>\n<\/p><\/div>\n<\/p><\/div>\n<\/p><\/div>\n<p> <!-- Secci\u00f3n de contenido con imagen y texto --> <\/p>\n<div style='display: flex; flex-wrap: wrap; gap: 30px; margin-bottom: 30px;'>\n<div style='flex: 1 1 300px; min-width: 280px;'> <img style='width: 100%; height: auto; border: 1px solid rgba(150&comma;150&comma;150&comma;0.3); border-radius: 8px;' src='https:\/\/ftp3.syscom.mx\/usuarios\/gmagos\/HIK\/storage\/Pagina%20WEB\/RAM%20UDIMM\/4.jpg' alt='Estable y Confiable'> <\/div>\n<div style='flex: 2 1 500px; min-width: 280px;'>\n<h3 style='font-size: 22px; border-bottom: 2px solid currentColor; padding-bottom: 5px; margin-top: 0; color: inherit; opacity: 0.8;'>Estable y Confiable<\/h3>\n<p style='font-size: 15px; color: inherit;'>Nuestras memorias RAM DDR4 UDIMM est\u00e1n dise\u00f1adas para ofrecer estabilidad y confiabilidad excepcionales. Con rigurosas pruebas y controles de calidad en cada etapa de la fabricaci\u00f3n&comma; garantizamos que nuestras memorias RAM cumplan con los m\u00e1s altos est\u00e1ndares de fiabilidad. Ya sea que est\u00e9s trabajando en proyectos importantes&comma; jugando a tus videojuegos favoritos o ejecutando aplicaciones de dise\u00f1o intensivas&comma; nuestras memorias RAM mantendr\u00e1n un rendimiento estable en todo momento.<\/p>\n<\/p><\/div>\n<\/p><\/div>\n<p> <!-- Secci\u00f3n de contenido con texto e imagen invertida --> <\/p>\n<div style='display: flex; flex-wrap: wrap; gap: 30px; margin-bottom: 30px;'>\n<div style='flex: 2 1 500px; min-width: 280px;'>\n<h3 style='font-size: 22px; border-bottom: 2px solid currentColor; padding-bottom: 5px; margin-top: 0; color: inherit; opacity: 0.8;'>Haslo Tu Mismo<\/h3>\n<p style='font-size: 15px; color: inherit;'>Las memorias DDR4 UDIMM de Hik Semi est\u00e1n dise\u00f1adas para los entusiastas de la inform\u00e1tica que se inclinan hacia el enfoque &#8216;hazlo t\u00fa mismo&#8217; (Do It Yourself o DIY). Este tipo de memoria utiliza el formato UDIMM (Unbuffered Dual In-Line Memory Module)&comma; que se caracteriza por su facilidad de instalaci\u00f3n y su capacidad de operar sin un controlador adicional (unbuffered). Al dirigirse a los amantes de DIY&comma; estas memorias ofrecen la flexibilidad y la libertad para construir&comma; personalizar y mejorar sus sistemas inform\u00e1ticos seg\u00fan sus necesidades y preferencias. Adem\u00e1s de su sencilla instalaci\u00f3n&comma; las memorias DDR4 UDIMM de Hik Semi ofrecen altos niveles de rendimiento y eficiencia energ\u00e9tica&comma; lo que las convierte en una elecci\u00f3n excelente para aquellos que desean maximizar el rendimiento de sus sistemas mientras disfrutan de la satisfacci\u00f3n de ensamblar sus propias configuraciones.<\/p>\n<\/p><\/div>\n<div style='flex: 1 1 300px; min-width: 280px;'> <img style='width: 100%; height: auto; border: 1px solid rgba(150&comma;150&comma;150&comma;0.3); border-radius: 8px;' src='https:\/\/ftp3.syscom.mx\/usuarios\/gmagos\/HIK\/storage\/Pagina%20WEB\/RAM%20UDIMM\/2.jpg' alt='Haslo Tu Mismo'> <\/div>\n<\/p><\/div>\n<p> <!-- Videos de YouTube --> <\/p>\n<div style='display: flex; flex-wrap: wrap; gap: 30px; margin-bottom: 30px;'>\n<div style='flex: 1 1 400px; min-width: 300px;'>\n<h3 style='font-size: 20px; text-align: center; margin-top: 0; color: inherit; opacity: 0.8;'>\u00bfQuien es HIKSEMI?<\/h3>\n<div style='position: relative; padding-bottom: 56.25%; height: 0; overflow: hidden; margin-bottom: 30px;'>   <\/div>\n<\/p><\/div>\n<div style='flex: 1 1 400px; min-width: 300px;'>\n<h3 style='font-size: 20px; text-align: center; margin-top: 0; color: inherit; opacity: 0.8;'>Unidades de Estado S\u00f3lido<\/h3>\n<div style='position: relative; padding-bottom: 56.25%; height: 0; overflow: hidden; margin-bottom: 30px;'>   <\/div>\n<\/p><\/div>\n<\/p><\/div>\n<p> <!-- Banner final --> <\/p>\n<div style='width: 100%; margin-bottom: 30px;'> <img style='width: 100%; height: auto; border: 1px solid rgba(150&comma;150&comma;150&comma;0.3); border-radius: 8px;' src='https:\/\/ftp3.syscom.mx\/usuarios\/gmagos\/HIK\/storage\/Vaners\/HIKSEMI-banner1.jpg' alt='Banner Final'> <\/div>\n<\/p><\/div>\n","protected":false},"excerpt":{"rendered":"<p>M\u00f3dulo de Memoria RAM DDR4 de 16 GB \/ 3200 MHz \/ Para Equipo de Rack o Escritorio \/ UDIMM<\/p>\n","protected":false},"featured_media":101312,"comment_status":"open","ping_status":"closed","template":"","meta":[],"product_brand":[],"product_cat":[1235],"product_tag":[417,1236,2129],"class_list":{"0":"post-101313","1":"product","2":"type-product","3":"status-publish","4":"has-post-thumbnail","6":"product_cat-accesorios-para-computadora-y-smartphones","7":"product_tag-accesorios-generales","8":"product_tag-accesorios-para-computadora-y-smartphones","9":"product_tag-hiksemi-by-hikvision","11":"first","12":"instock","13":"sale","14":"shipping-taxable","15":"purchasable","16":"product-type-simple"},"_links":{"self":[{"href":"https:\/\/soydeaqui.ddns.net\/pachuca\/index.php\/wp-json\/wp\/v2\/product\/101313","targetHints":{"allow":["GET"]}}],"collection":[{"href":"https:\/\/soydeaqui.ddns.net\/pachuca\/index.php\/wp-json\/wp\/v2\/product"}],"about":[{"href":"https:\/\/soydeaqui.ddns.net\/pachuca\/index.php\/wp-json\/wp\/v2\/types\/product"}],"replies":[{"embeddable":true,"href":"https:\/\/soydeaqui.ddns.net\/pachuca\/index.php\/wp-json\/wp\/v2\/comments?post=101313"}],"wp:featuredmedia":[{"embeddable":true,"href":"https:\/\/soydeaqui.ddns.net\/pachuca\/index.php\/wp-json\/wp\/v2\/media\/101312"}],"wp:attachment":[{"href":"https:\/\/soydeaqui.ddns.net\/pachuca\/index.php\/wp-json\/wp\/v2\/media?parent=101313"}],"wp:term":[{"taxonomy":"product_brand","embeddable":true,"href":"https:\/\/soydeaqui.ddns.net\/pachuca\/index.php\/wp-json\/wp\/v2\/product_brand?post=101313"},{"taxonomy":"product_cat","embeddable":true,"href":"https:\/\/soydeaqui.ddns.net\/pachuca\/index.php\/wp-json\/wp\/v2\/product_cat?post=101313"},{"taxonomy":"product_tag","embeddable":true,"href":"https:\/\/soydeaqui.ddns.net\/pachuca\/index.php\/wp-json\/wp\/v2\/product_tag?post=101313"}],"curies":[{"name":"wp","href":"https:\/\/api.w.org\/{rel}","templated":true}]}}