{"id":101295,"date":"2026-03-20T11:54:36","date_gmt":"2026-03-20T11:54:36","guid":{"rendered":"https:\/\/soydeaqui.ddns.net\/pachuca\/index.php\/producto\/bateria-marina-de-ciclo-profundo-6v225ah-agm-vrla-terminal-f22m8-f14-1035a-cca-montacargas-plataformas-genie-maquina-jenny-carritos-de-golf\/"},"modified":"2026-03-20T11:54:37","modified_gmt":"2026-03-20T11:54:37","slug":"bateria-marina-de-ciclo-profundo-6v225ah-agm-vrla-terminal-f22m8-f14-1035a-cca-montacargas-plataformas-genie-maquina-jenny-carritos-de-golf","status":"publish","type":"product","link":"https:\/\/soydeaqui.ddns.net\/pachuca\/index.php\/producto\/bateria-marina-de-ciclo-profundo-6v225ah-agm-vrla-terminal-f22m8-f14-1035a-cca-montacargas-plataformas-genie-maquina-jenny-carritos-de-golf\/","title":{"rendered":"Bater\u00eda Marina de  Ciclo Profundo 6V@225Ah, AGM-VRLA Terminal F22(m8), F14, 1035A CCA\/  Montacargas. \/ Plataformas Genie \/Maquina Jenny, Carritos de Golf"},"content":{"rendered":"<div style='width: 100%; max-width: 1200px; margin: 0 auto; font-family: sans-serif; line-height: 1.6; color: inherit; background-color: transparent;'> <!-- Galer\u00eda de im\u00e1genes --> <\/p>\n<div style='display: flex; flex-wrap: wrap; gap: 15px; margin-bottom: 30px;'>\n<div style='flex: 1 1 300px; min-width: 280px;'> <img style='width: 100%; height: auto; border: 1px solid rgba(150&comma;150&comma;150&comma;0.3); border-radius: 8px;' src='https:\/\/ftp3.syscom.mx\/usuarios\/ftp\/web_img\/bateria_PL100D12EV_aplicacion.png' alt=''> <\/div>\n<div style='flex: 1 1 300px; min-width: 280px;'> <img style='width: 100%; height: auto; border: 1px solid rgba(150&comma;150&comma;150&comma;0.3); border-radius: 8px;' src='https:\/\/ftp3.syscom.mx\/usuarios\/ftp\/web_img\/Imagejj\/bateria%202.jpg' alt=''> <\/div>\n<div style='flex: 1 1 300px; min-width: 280px;'> <img style='width: 100%; height: auto; border: 1px solid rgba(150&comma;150&comma;150&comma;0.3); border-radius: 8px;' src='https:\/\/ftp3.syscom.mx\/usuarios\/ftp\/web_img\/Imagejj\/Bateria%203.jpg' alt=''> <\/div>\n<div style='flex: 1 1 300px; min-width: 280px;'> <img style='width: 100%; height: auto; border: 1px solid rgba(150&comma;150&comma;150&comma;0.3); border-radius: 8px;' src='https:\/\/ftp3.syscom.mx\/usuarios\/ftp\/web_img\/Imagejj\/Bateria%204.jpg' alt=''> <\/div>\n<div style='flex: 1 1 300px; min-width: 280px;'> <img style='width: 100%; height: auto; border: 1px solid rgba(150&comma;150&comma;150&comma;0.3); border-radius: 8px;' src='https:\/\/ftp3.syscom.mx\/usuarios\/ftp\/web_img\/Imagejj\/BATERIA%205_.jpg' alt=''> <\/div>\n<\/p><\/div>\n<p> <!-- Secci\u00f3n de especificaciones --> <\/p>\n<div style='margin-bottom: 30px;'>\n<h3 style='font-size: 22px; border-bottom: 2px solid currentColor; padding-bottom: 5px; margin-top: 0; color: inherit; opacity: 0.8;'>Especificaci\u00f3n<\/h3>\n<ul style='padding-left: 20px; font-size: 15px; color: inherit;'>\n<li style='margin-bottom: 5px;'><strong>Capacidad en Ah:<\/strong> 100 Ah (20 hrs)<\/li>\n<li style='margin-bottom: 5px;'><strong>Arranque en fr\u00edo (CCA):<\/strong> 620 A<\/li>\n<li style='margin-bottom: 5px;'><strong>Voltaje (Vcc):<\/strong> 12<\/li>\n<li style='margin-bottom: 5px;'><strong>Tipo:<\/strong> Para Veh\u00edculos El\u00e9ctricos&comma; Marina&comma; Montacargas&comma; etc.<\/li>\n<li style='margin-bottom: 5px;'><strong>Ancho:<\/strong> 330 \u00b1 3 mm<\/li>\n<li style='margin-bottom: 5px;'><strong>Altura:<\/strong> 232 \u00b1 3 mm<\/li>\n<li style='margin-bottom: 5px;'><strong>Profundidad:<\/strong> 172 \u00b1 2 mm<\/li>\n<li style='margin-bottom: 5px;'><strong>Terminal:<\/strong> F22 (\u00d819.5 or M8)<\/li>\n<li style='margin-bottom: 5px;'><strong>Peso:<\/strong> 28 Kg<\/li>\n<li style='margin-bottom: 5px;'><strong>Ciclos:<\/strong> 500-600 Ciclos al 80%<\/li>\n<li style='margin-bottom: 5px;'><strong>Capacidad de Reserva CR:<\/strong> 170 minutos a 26.7 Grados Cent\u00edgrados en 25 A<\/li>\n<li style='margin-bottom: 5px; font-size: 14px;'><strong>Nota:<\/strong> La capacidad de reserva es el n\u00famero de minutos que una bater\u00eda nueva completamente cargada&comma; y a una temperatura de 26&comma;7 \u00b0C&comma; puede descargarse continuamente a 25 amperios y mantener un voltaje terminal igual o superior a 10&comma;5 voltios. (170 minutos).<\/li>\n<\/ul><\/div>\n<p> <!-- Secci\u00f3n de protecci\u00f3n --> <\/p>\n<div style='margin-bottom: 30px;'>\n<h3 style='font-size: 22px; border-bottom: 2px solid currentColor; padding-bottom: 5px; margin-top: 0; color: inherit; opacity: 0.8;'>Protecci\u00f3n de las bater\u00edas<\/h3>\n<p style='margin-bottom: 15px;'>Entre el controlador de carga\/cargador de bater\u00edas recomendamos instalar una protecci\u00f3n termo magn\u00e9tica con un supresor de descargas atmosf\u00e9ricas LA302DC&comma; que protege a la bater\u00eda de un corto circuito a una inducci\u00f3n de alguna descarga atmosf\u00e9rica<\/p>\n<p style='margin-bottom: 15px;'>Entre la bater\u00eda y los equipos conectado\/inversor recomendamos otra pastilla t\u00e9rmica con otro supresor de descargas atmosf\u00e9rica&comma; <a href='https:\/\/www.syscom.mx\/principal\/consultarproductosazul?global_search=fpv&#038;ordenar=Relevancia&#038;pag=1' style='color: inherit; text-decoration: underline;'>Da clic aqu\u00ed para ir a las pastillas t\u00e9rmicas<\/a><\/p>\n<\/p><\/div>\n<p> <!-- Secci\u00f3n de caracter\u00edsticas --> <\/p>\n<div style='margin-bottom: 30px;'>\n<h3 style='font-size: 22px; border-bottom: 2px solid currentColor; padding-bottom: 5px; margin-top: 0; color: inherit; opacity: 0.8;'>Bater\u00edas de S\u00faper Alto Rendimiento<\/h3>\n<ul style='padding-left: 20px; font-size: 15px; color: inherit;'>\n<li style='margin-bottom: 5px;'>Dise\u00f1adas para aplicaciones de alta confiabilidad.<\/li>\n<li style='margin-bottom: 5px;'>Fabricadas bajo los m\u00e1s altos est\u00e1ndares de calidad.<\/li>\n<li style='margin-bottom: 5px;'>Probadas 24\/7 sin disminuci\u00f3n de su rendimiento.<\/li>\n<\/ul><\/div>\n<p> <!-- Secci\u00f3n de ventajas tecnol\u00f3gicas --> <\/p>\n<div style='margin-bottom: 30px;'>\n<h3 style='font-size: 22px; border-bottom: 2px solid currentColor; padding-bottom: 5px; margin-top: 0; color: inherit; opacity: 0.8;'>Ventajas Tecnolog\u00eda AGM<\/h3>\n<ul style='padding-left: 20px; font-size: 15px; color: inherit;'>\n<li style='margin-bottom: 5px;'>Libres de Mantenimiento&comma; selladas<\/li>\n<li style='margin-bottom: 5px;'>No tienen derrames de \u00e1cido durante la transportaci\u00f3n.<\/li>\n<li style='margin-bottom: 5px;'>No requieren agregar agua durante su vida \u00fatil<\/li>\n<li style='margin-bottom: 5px;'>M\u00e1s cantidad de plomo en sus placas para una mayor duraci\u00f3n<\/li>\n<li style='margin-bottom: 5px;'>Mayor resistencia a la vibraci\u00f3n<\/li>\n<\/ul><\/div>\n<p> <!-- Secci\u00f3n de comparativo --> <\/p>\n<div style='margin-bottom: 30px;'>\n<h3 style='font-size: 22px; border-bottom: 2px solid currentColor; padding-bottom: 5px; margin-top: 0; color: inherit; opacity: 0.8;'>Comparativo de Bater\u00edas<\/h3>\n<ul style='padding-left: 20px; font-size: 15px; color: inherit;'>\n<li style='margin-bottom: 5px;'><a href='https:\/\/www.syscomblog.com\/2018\/12\/comparativo-baterias-ciclo-profundo.html' style='color: inherit; text-decoration: underline;'>Comparativo de Bater\u00edas de Ciclo Profundo<\/a><\/li>\n<\/ul><\/div>\n<p> <!-- Imagen adicional --> <\/p>\n<div style='margin-bottom: 30px;'> <img style='width: 100%; height: auto; border: 1px solid rgba(150&comma;150&comma;150&comma;0.3); border-radius: 8px;' src='https:\/\/4.bp.blogspot.com\/-wycOvEJax6M\/XCO20eMRwzI\/AAAAAAAAbN4\/FEOoYScy_pYQdXF1vnPBAO3NkiwIlAglQCLcBGAs\/s400\/Untitled%2Bdrawing%2B%252813%2529.jpg' alt=''> <\/div>\n<p> <!-- Separador final --> <\/p>\n<hr style='border: 0; border-top: 1px solid rgba(150&comma; 150&comma; 150&comma; 0.3); margin: 30px 0;'> <\/div>\n","protected":false},"excerpt":{"rendered":"<p>Bater\u00eda Marina de  Ciclo Profundo 6V@225Ah, AGM-VRLA Terminal F22(m8), F14, 1035A CCA\/  Montacargas. \/ Plataformas Genie \/Maquina Jenny, Carritos de Golf<\/p>\n","protected":false},"featured_media":101294,"comment_status":"open","ping_status":"closed","template":"","meta":[],"product_brand":[],"product_cat":[1160],"product_tag":[143,142,454],"class_list":{"0":"post-101295","1":"product","2":"type-product","3":"status-publish","4":"has-post-thumbnail","6":"product_cat-baterias-energia-videovigilancia","7":"product_tag-baterias","8":"product_tag-energia","9":"product_tag-epcom-powerline","11":"first","12":"instock","13":"sale","14":"shipping-taxable","15":"purchasable","16":"product-type-simple"},"_links":{"self":[{"href":"https:\/\/soydeaqui.ddns.net\/pachuca\/index.php\/wp-json\/wp\/v2\/product\/101295","targetHints":{"allow":["GET"]}}],"collection":[{"href":"https:\/\/soydeaqui.ddns.net\/pachuca\/index.php\/wp-json\/wp\/v2\/product"}],"about":[{"href":"https:\/\/soydeaqui.ddns.net\/pachuca\/index.php\/wp-json\/wp\/v2\/types\/product"}],"replies":[{"embeddable":true,"href":"https:\/\/soydeaqui.ddns.net\/pachuca\/index.php\/wp-json\/wp\/v2\/comments?post=101295"}],"wp:featuredmedia":[{"embeddable":true,"href":"https:\/\/soydeaqui.ddns.net\/pachuca\/index.php\/wp-json\/wp\/v2\/media\/101294"}],"wp:attachment":[{"href":"https:\/\/soydeaqui.ddns.net\/pachuca\/index.php\/wp-json\/wp\/v2\/media?parent=101295"}],"wp:term":[{"taxonomy":"product_brand","embeddable":true,"href":"https:\/\/soydeaqui.ddns.net\/pachuca\/index.php\/wp-json\/wp\/v2\/product_brand?post=101295"},{"taxonomy":"product_cat","embeddable":true,"href":"https:\/\/soydeaqui.ddns.net\/pachuca\/index.php\/wp-json\/wp\/v2\/product_cat?post=101295"},{"taxonomy":"product_tag","embeddable":true,"href":"https:\/\/soydeaqui.ddns.net\/pachuca\/index.php\/wp-json\/wp\/v2\/product_tag?post=101295"}],"curies":[{"name":"wp","href":"https:\/\/api.w.org\/{rel}","templated":true}]}}