{"id":101247,"date":"2026-03-20T11:52:20","date_gmt":"2026-03-20T11:52:20","guid":{"rendered":"https:\/\/soydeaqui.ddns.net\/pachuca\/index.php\/producto\/soporte-para-poste-f2xx-pm-para-camaras-fijas-tno-x-acero-inoxidable-304l-resistente-a-la-corrosion-aplicaciones-marinas-e-industriales-peso-3-9-kg\/"},"modified":"2026-03-20T11:52:21","modified_gmt":"2026-03-20T11:52:21","slug":"soporte-para-poste-f2xx-pm-para-camaras-fijas-tno-x-acero-inoxidable-304l-resistente-a-la-corrosion-aplicaciones-marinas-e-industriales-peso-3-9-kg","status":"publish","type":"product","link":"https:\/\/soydeaqui.ddns.net\/pachuca\/index.php\/producto\/soporte-para-poste-f2xx-pm-para-camaras-fijas-tno-x-acero-inoxidable-304l-resistente-a-la-corrosion-aplicaciones-marinas-e-industriales-peso-3-9-kg\/","title":{"rendered":"Soporte para Poste F2XX-PM para C\u00e1maras Fijas TNO-X \/ Acero Inoxidable 304L \/ Resistente a la Corrosi\u00f3n \/ Aplicaciones Marinas e Industriales \/ Peso 3.9 kg"},"content":{"rendered":"<div style='width: 100%; max-width: 1200px; margin: 0 auto; font-family: sans-serif; line-height: 1.6; color: inherit; background-color: transparent;'>\n<div style='margin-bottom: 30px;'>\n<p style='font-size: 17px; line-height: 1.6; margin: 0 0 15px;'>El Soporte para Poste F2XX-PM de Hanwha est\u00e1 dise\u00f1ado espec\u00edficamente para la l\u00ednea de c\u00e1maras de la Serie F200. Fabricado en acero inoxidable 304L&comma; este soporte ofrece resistencia a la corrosi\u00f3n y es ideal para aplicaciones en entornos marinos&comma; industriales pesados&comma; y tanto en tierra como en alta mar. Adem\u00e1s&comma; permite redirigir la c\u00e1mara a varias posiciones&comma; asegurando una instalaci\u00f3n robusta y segura.<\/p>\n<\/p><\/div>\n<div style='margin-bottom: 30px;'>\n<h3 style='font-size: 22px; border-bottom: 2px solid currentColor; padding-bottom: 5px; margin-top: 0; margin-bottom: 20px; color: inherit; opacity: 0.8;'>Caracter\u00edsticas Principales<\/h3>\n<ul style='padding-left: 20px; font-size: 15px; color: inherit;'>\n<li style='margin-bottom: 8px;'>Fabricado en acero inoxidable 304L para m\u00e1xima durabilidad<\/li>\n<li style='margin-bottom: 8px;'>Resistente a la corrosi\u00f3n&comma; ideal para entornos marinos e industriales<\/li>\n<li style='margin-bottom: 8px;'>Permite redirigir la c\u00e1mara a varias posiciones<\/li>\n<li style='margin-bottom: 8px;'>Dise\u00f1o robusto y seguro para instalaciones fijas<\/li>\n<li style='margin-bottom: 8px;'>Compatibilidad exclusiva con c\u00e1maras de la Serie F200<\/li>\n<\/ul><\/div>\n<div style='margin-bottom: 30px;'>\n<h3 style='font-size: 22px; border-bottom: 2px solid currentColor; padding-bottom: 5px; margin-top: 0; margin-bottom: 20px; color: inherit; opacity: 0.8;'>Detalles T\u00e9cnicos<\/h3>\n<div style='display: flex; flex-wrap: wrap; gap: 20px;'>\n<div style='flex: 1 1 250px; border: 1px solid rgba(150&comma; 150&comma; 150&comma; 0.4); border-radius: 8px; overflow: hidden; display: flex; flex-direction: column;'>\n<div style='padding: 15px; border-bottom: 1px solid rgba(150&comma; 150&comma; 150&comma; 0.2); font-weight: bold; font-size: 18px; color: inherit;'>Especificaciones<\/div>\n<div style='padding: 15px; color: inherit;'>\n<ul style='padding-left: 20px; margin: 0; font-size: 14px; list-style-type: disc;'>\n<li style='margin-bottom: 5px;'>Dimensiones: 19.485 x 4.081 x 9.0 pulgadas (495 x 104 x 228.6 mm)<\/li>\n<li style='margin-bottom: 5px;'>Peso: 8.5 libras (3.9 kg)<\/li>\n<li style='margin-bottom: 5px;'>Material: Acero inoxidable 304L<\/li>\n<\/ul><\/div>\n<\/p><\/div>\n<div style='flex: 1 1 250px; border: 1px solid rgba(150&comma; 150&comma; 150&comma; 0.4); border-radius: 8px; overflow: hidden; display: flex; flex-direction: column;'>\n<div style='padding: 15px; border-bottom: 1px solid rgba(150&comma; 150&comma; 150&comma; 0.2); font-weight: bold; font-size: 18px; color: inherit;'>Compatibilidad<\/div>\n<div style='padding: 15px; color: inherit;'>\n<ul style='padding-left: 20px; margin: 0; font-size: 14px; list-style-type: disc;'>\n<li style='margin-bottom: 5px;'>Compatible con c\u00e1maras de la Serie F200<\/li>\n<\/ul><\/div>\n<\/p><\/div>\n<\/p><\/div>\n<\/p><\/div>\n<div style='margin-bottom: 30px;'>\n<h3 style='font-size: 22px; border-bottom: 2px solid currentColor; padding-bottom: 5px; margin-top: 0; margin-bottom: 20px; color: inherit; opacity: 0.8;'>Aplicaciones y Casos de Uso<\/h3>\n<div style='display: grid; grid-template-columns: repeat(auto-fill&comma; minmax(250px&comma; 1fr)); gap: 20px;'>\n<div style='border: 1px solid rgba(150&comma; 150&comma; 150&comma; 0.4); border-radius: 8px; overflow: hidden; display: flex; flex-direction: column;'>\n<div style='padding: 15px; border-bottom: 1px solid rgba(150&comma; 150&comma; 150&comma; 0.2); font-weight: bold; font-size: 16px; color: inherit;'>Aplicaciones Marinas<\/div>\n<div style='padding: 15px; color: inherit; font-size: 14px;'> Ideal para instalaciones en barcos&comma; plataformas petroleras y otros entornos marinos. <\/div>\n<\/p><\/div>\n<div style='border: 1px solid rgba(150&comma; 150&comma; 150&comma; 0.4); border-radius: 8px; overflow: hidden; display: flex; flex-direction: column;'>\n<div style='padding: 15px; border-bottom: 1px solid rgba(150&comma; 150&comma; 150&comma; 0.2); font-weight: bold; font-size: 16px; color: inherit;'>Aplicaciones Industriales<\/div>\n<div style='padding: 15px; color: inherit; font-size: 14px;'> Perfecto para plantas industriales&comma; f\u00e1bricas y \u00e1reas con condiciones extremas. <\/div>\n<\/p><\/div>\n<div style='border: 1px solid rgba(150&comma; 150&comma; 150&comma; 0.4); border-radius: 8px; overflow: hidden; display: flex; flex-direction: column;'>\n<div style='padding: 15px; border-bottom: 1px solid rgba(150&comma; 150&comma; 150&comma; 0.2); font-weight: bold; font-size: 16px; color: inherit;'>Aplicaciones en Tierra<\/div>\n<div style='padding: 15px; color: inherit; font-size: 14px;'> Adecuado para instalaciones en tierra firme donde se requiere resistencia a la corrosi\u00f3n. <\/div>\n<\/p><\/div>\n<\/p><\/div>\n<\/p><\/div>\n<hr style='border: 0; border-top: 1px solid rgba(150&comma; 150&comma; 150&comma; 0.3); margin: 30px 0;'> <\/div>\n","protected":false},"excerpt":{"rendered":"<p>Soporte para Poste F2XX-PM para C\u00e1maras Fijas TNO-X \/ Acero Inoxidable 304L \/ Resistente a la Corrosi\u00f3n \/ Aplicaciones Marinas e Industriales \/ Peso 3.9 kg<\/p>\n","protected":false},"featured_media":101246,"comment_status":"open","ping_status":"closed","template":"","meta":[],"product_brand":[],"product_cat":[416],"product_tag":[417,1055,418],"class_list":{"0":"post-101247","1":"product","2":"type-product","3":"status-publish","4":"has-post-thumbnail","6":"product_cat-montajes-y-brackets-para-camaras","7":"product_tag-accesorios-generales","8":"product_tag-hanwha-vision","9":"product_tag-montajes-y-brackets-para-camaras","11":"first","12":"outofstock","13":"sale","14":"shipping-taxable","15":"purchasable","16":"product-type-simple"},"_links":{"self":[{"href":"https:\/\/soydeaqui.ddns.net\/pachuca\/index.php\/wp-json\/wp\/v2\/product\/101247","targetHints":{"allow":["GET"]}}],"collection":[{"href":"https:\/\/soydeaqui.ddns.net\/pachuca\/index.php\/wp-json\/wp\/v2\/product"}],"about":[{"href":"https:\/\/soydeaqui.ddns.net\/pachuca\/index.php\/wp-json\/wp\/v2\/types\/product"}],"replies":[{"embeddable":true,"href":"https:\/\/soydeaqui.ddns.net\/pachuca\/index.php\/wp-json\/wp\/v2\/comments?post=101247"}],"wp:featuredmedia":[{"embeddable":true,"href":"https:\/\/soydeaqui.ddns.net\/pachuca\/index.php\/wp-json\/wp\/v2\/media\/101246"}],"wp:attachment":[{"href":"https:\/\/soydeaqui.ddns.net\/pachuca\/index.php\/wp-json\/wp\/v2\/media?parent=101247"}],"wp:term":[{"taxonomy":"product_brand","embeddable":true,"href":"https:\/\/soydeaqui.ddns.net\/pachuca\/index.php\/wp-json\/wp\/v2\/product_brand?post=101247"},{"taxonomy":"product_cat","embeddable":true,"href":"https:\/\/soydeaqui.ddns.net\/pachuca\/index.php\/wp-json\/wp\/v2\/product_cat?post=101247"},{"taxonomy":"product_tag","embeddable":true,"href":"https:\/\/soydeaqui.ddns.net\/pachuca\/index.php\/wp-json\/wp\/v2\/product_tag?post=101247"}],"curies":[{"name":"wp","href":"https:\/\/api.w.org\/{rel}","templated":true}]}}